{"id":10780,"date":"2025-09-13T17:03:30","date_gmt":"2025-09-13T17:03:30","guid":{"rendered":"https:\/\/redsea-dream-tours.com\/?post_type=product&#038;p=10780"},"modified":"2025-12-17T17:07:59","modified_gmt":"2025-12-17T17:07:59","slug":"sataya-dolphin-house","status":"publish","type":"product","link":"https:\/\/redsea-dream-tours.com\/de\/produkt\/sataya-dolphin-house\/","title":{"rendered":"Sataya Delfinhaus: Schnorcheln mit Delfinen"},"content":{"rendered":"<p data-start=\"169\" data-end=\"526\">Erleben Sie die Magie des Schwimmens an der Seite von verspielten Delfinen im Sataya, das auch als \"Dolphin House\" bekannt ist. \ud83c\udf0a<br data-start=\"297\" data-end=\"300\" \/>Dieses atemberaubende Meeresschutzgebiet geh\u00f6rt zu den gesch\u00fctzten Riffen des Roten Meeres und bietet kristallklares Wasser, lebhafte Koralleng\u00e4rten \ud83d\udc20 und eine reiche Unterwasserwelt. Es ist ein Traumziel f\u00fcr Schnorchler und Naturliebhaber gleicherma\u00dfen. \ud83c\udf34<\/p>\n<hr data-start=\"528\" data-end=\"531\" \/>\n<p data-start=\"533\" data-end=\"562\"><strong data-start=\"533\" data-end=\"560\">H\u00f6hepunkte der Reise:<\/strong><\/p>\n<ul data-start=\"564\" data-end=\"1217\">\n<li data-start=\"564\" data-end=\"758\">\n<p data-start=\"566\" data-end=\"758\"><strong data-start=\"566\" data-end=\"598\">Schnorcheln mit Delfinen \ud83e\udd3f:<\/strong><br data-start=\"598\" data-end=\"601\" \/>Schwimmen oder treiben Sie in der N\u00e4he von Scharen wilder Spinnerdelfine \ud83d\udc2c in ihrem nat\u00fcrlichen Lebensraum. Das Riff ist voll von bunten Fischen, Weichkorallen und kleinen H\u00f6hlen, die es zu erkunden gilt.<\/p>\n<\/li>\n<li data-start=\"760\" data-end=\"900\">\n<p data-start=\"762\" data-end=\"900\"><strong data-start=\"762\" data-end=\"795\">Korallenriffe und Meeresleben \ud83d\udc20:<\/strong><br data-start=\"795\" data-end=\"798\" \/>Entdecken Sie lebhafte Korallen, Rifffische und gelegentlich Schildkr\u00f6ten \ud83d\udc22, die in der N\u00e4he der Seegraswiesen grasen.<\/p>\n<\/li>\n<li data-start=\"902\" data-end=\"1060\">\n<p data-start=\"904\" data-end=\"1060\"><strong data-start=\"904\" data-end=\"928\">Bootstour mit Aussicht \ud83d\udea4:<\/strong><br data-start=\"928\" data-end=\"931\" \/>Genie\u00dfen Sie die Fahrt von Hamata oder Marsa Alam aus, bewundern Sie die atemberaubende K\u00fcstenlinie und beobachten Sie unterwegs andere Meeresbewohner.<\/p>\n<\/li>\n<li data-start=\"1062\" data-end=\"1217\">\n<p data-start=\"1064\" data-end=\"1217\"><strong data-start=\"1064\" data-end=\"1096\">Fotografie und Entspannung \ud83d\udcf8:<\/strong><br data-start=\"1096\" data-end=\"1099\" \/>Halten Sie unvergessliche Momente mit Delfinen fest und entspannen Sie sich auf dem Deck, w\u00e4hrend das Boot an ruhigen Schnorchelpl\u00e4tzen vor Anker geht.<\/p>\n<\/li>\n<\/ul>\n<hr data-start=\"1219\" data-end=\"1222\" \/>\n<p data-start=\"1224\" data-end=\"1251\"><strong data-start=\"1224\" data-end=\"1249\">Vorschlag f\u00fcr die Reiseroute:<\/strong><\/p>\n<ul data-start=\"1253\" data-end=\"1624\">\n<li data-start=\"1253\" data-end=\"1318\">\n<p data-start=\"1255\" data-end=\"1318\"><strong data-start=\"1255\" data-end=\"1276\">Morgenabholung \u23f0:<\/strong> Transfer von Ihrem Hotel zum Yachthafen.<\/p>\n<ul>\n<li>Abfahrt gegen 5:30 Uhr morgens (ungef\u00e4hr)<\/li>\n<li>R\u00fcckkehr gegen 16:30 Uhr (ungef\u00e4hr)<\/li>\n<\/ul>\n<\/li>\n<li data-start=\"1319\" data-end=\"1381\">\n<p data-start=\"1321\" data-end=\"1381\"><strong data-start=\"1321\" data-end=\"1343\">Bootsabfahrt \ud83d\udea4:<\/strong> Machen Sie sich auf den Weg zum Riff des Dolphin House.<\/p>\n<\/li>\n<li data-start=\"1382\" data-end=\"1473\">\n<p data-start=\"1384\" data-end=\"1473\"><strong data-start=\"1384\" data-end=\"1410\">Schnorchelkurs \ud83e\udd3f:<\/strong> Schwimmen Sie mit Delfinen und erkunden Sie das Riff (ca. 2-3 Stunden).<\/p>\n<\/li>\n<li data-start=\"1474\" data-end=\"1558\">\n<p data-start=\"1476\" data-end=\"1558\"><strong data-start=\"1476\" data-end=\"1498\">Mittagessen an Bord \ud83e\udd57:<\/strong> Genie\u00dfen Sie eine leichte Mahlzeit und ein Getr\u00e4nk, w\u00e4hrend Sie die Aussicht auf sich wirken lassen.<\/p>\n<\/li>\n<li data-start=\"1559\" data-end=\"1624\">\n<p data-start=\"1561\" data-end=\"1624\"><strong data-start=\"1561\" data-end=\"1575\">R\u00fcckgabe \ud83d\udea4:<\/strong> Zur\u00fcck zum Yachthafen und Transfer zu Ihrem Hotel.<\/p>\n<\/li>\n<\/ul>\n<hr data-start=\"1626\" data-end=\"1629\" \/>\n<h5><img decoding=\"async\" class=\"emoji\" role=\"img\" draggable=\"false\" src=\"https:\/\/s.w.org\/images\/core\/emoji\/16.0.1\/svg\/1f4dd.svg\" alt=\"\ud83d\udcdd\" \/>\u00a0Bewertung<\/h5>\n<ul>\n<li><img decoding=\"async\" class=\"emoji\" role=\"img\" draggable=\"false\" src=\"https:\/\/s.w.org\/images\/core\/emoji\/16.0.1\/svg\/26a0.svg\" alt=\"\u26a0\ufe0f\" \/>\u00a0Der Preis gilt ab Marsa Alam. Von Hurghada aus ist ein Transferzuschlag zu entrichten.<\/li>\n<\/ul>\n<hr data-start=\"1626\" data-end=\"1629\" \/>\n<p data-start=\"1631\" data-end=\"1658\"><strong data-start=\"1631\" data-end=\"1656\">Tipps f\u00fcr die Reise \ud83d\udcdd:<\/strong><\/p>\n<ul data-start=\"1660\" data-end=\"1907\">\n<li data-start=\"1660\" data-end=\"1716\">\n<p data-start=\"1662\" data-end=\"1716\">Tragen Sie Sonnenschutzmittel \ud83e\uddf4 und einen Hut, um sich vor der Sonne zu sch\u00fctzen.<\/p>\n<\/li>\n<li data-start=\"1717\" data-end=\"1783\">\n<p data-start=\"1719\" data-end=\"1783\">Bringen Sie eine wasserdichte Kamera mit \ud83d\udcf7, um Delfinbegegnungen festzuhalten.<\/p>\n<\/li>\n<li data-start=\"1784\" data-end=\"1835\">\n<p data-start=\"1786\" data-end=\"1835\">Verwenden Sie riffsichere Sonnenschutzmittel, um die Meeresbewohner zu sch\u00fctzen.<\/p>\n<\/li>\n<li data-start=\"1836\" data-end=\"1907\">\n<p data-start=\"1838\" data-end=\"1907\">Befolgen Sie immer die Anweisungen des F\u00fchrers, wenn Sie in der N\u00e4he von Delfinen schwimmen.<\/p>\n<hr data-start=\"1626\" data-end=\"1629\" \/>\n<h3 data-start=\"54\" data-end=\"78\">\ud83e\udd11 Exkursionspreis<\/h3>\n<ul data-start=\"79\" data-end=\"219\">\n<li data-start=\"79\" data-end=\"126\">\n<p data-start=\"81\" data-end=\"126\">\ud83d\ude4e\ud83c\udffb\u200d\u2642\ufe0f Erwachsene (12 Jahre und \u00e4lter): <strong data-start=\"117\" data-end=\"124\">70\u20ac<\/strong><\/p>\n<\/li>\n<li data-start=\"127\" data-end=\"177\">\n<p data-start=\"129\" data-end=\"177\">\ud83e\uddcd\ud83c\udffb\u200d\u2640\ufe0f Kinder (bis zu 12 Jahren): 40 <strong data-start=\"168\" data-end=\"175\">\u20ac<\/strong><\/p>\n<\/li>\n<li data-start=\"178\" data-end=\"219\">\n<p data-start=\"180\" data-end=\"219\">\ud83d\udc7c\ud83c\udffc Kinder unter 5 Jahren: <strong data-start=\"209\" data-end=\"217\">Kostenlos<\/strong><\/p>\n<\/li>\n<\/ul>\n<\/li>\n<\/ul>\n<h3 data-start=\"2198\" data-end=\"2225\"><strong data-start=\"2205\" data-end=\"2223\">Die Zahlung in USD ($ \ud83c\uddfa\ud83c\uddf8) anstelle von EUR (\ud83c\uddea\ud83c\uddfa) ist je nach Tageskurs der Bank m\u00f6glich.<\/strong><\/h3>\n<p><strong>Buchen Sie \u00fcber WhatsApp:<\/strong><\/p>\n<p><a href=\"https:\/\/wa.me\/201021058859\" target=\"_blank\" rel=\"noopener\"><img decoding=\"async\" class=\"alignnone wp-image-2058\" src=\"https:\/\/poehalisnamiegypt.com\/wp-content\/uploads\/2024\/02\/pngwing.com_-300x300.png\" sizes=\"auto, (max-width: 35px) 100vw, 35px\" srcset=\"https:\/\/poehalisnamiegypt.com\/wp-content\/uploads\/2024\/02\/pngwing.com_-300x300.png 300w, https:\/\/poehalisnamiegypt.com\/wp-content\/uploads\/2024\/02\/pngwing.com_-150x150.png 150w, https:\/\/poehalisnamiegypt.com\/wp-content\/uploads\/2024\/02\/pngwing.com_.png 584w\" alt=\"\" width=\"53\" height=\"53\" \/><\/a><\/p>","protected":false},"excerpt":{"rendered":"<p>Experience the magic of swimming alongside playful dolphins at Sataya, famously known as the &#8220;Dolphin House.&#8221; \ud83c\udf0aThis stunning marine sanctuary is part of the Red Sea\u2019s protected reefs, featuring crystal-clear waters, vibrant coral gardens \ud83d\udc20, and abundant marine life. It\u2019s a dream destination for snorkelers and nature lovers alike. \ud83c\udf34 Highlights of the Trip: Snorkeling [&hellip;]<\/p>","protected":false},"featured_media":10781,"comment_status":"open","ping_status":"closed","template":"","meta":{"_monsterinsights_skip_tracking":false,"_monsterinsights_sitenote_active":false,"_monsterinsights_sitenote_note":"","_monsterinsights_sitenote_category":0},"product_brand":[],"product_cat":[66],"product_tag":[],"class_list":{"0":"post-10780","1":"product","2":"type-product","3":"status-publish","4":"has-post-thumbnail","6":"product_cat-marsa-alam","8":"first","9":"instock","10":"shipping-taxable","11":"purchasable","12":"product-type-ovabrw_car_rental"},"_links":{"self":[{"href":"https:\/\/redsea-dream-tours.com\/de\/wp-json\/wp\/v2\/product\/10780","targetHints":{"allow":["GET"]}}],"collection":[{"href":"https:\/\/redsea-dream-tours.com\/de\/wp-json\/wp\/v2\/product"}],"about":[{"href":"https:\/\/redsea-dream-tours.com\/de\/wp-json\/wp\/v2\/types\/product"}],"replies":[{"embeddable":true,"href":"https:\/\/redsea-dream-tours.com\/de\/wp-json\/wp\/v2\/comments?post=10780"}],"wp:featuredmedia":[{"embeddable":true,"href":"https:\/\/redsea-dream-tours.com\/de\/wp-json\/wp\/v2\/media\/10781"}],"wp:attachment":[{"href":"https:\/\/redsea-dream-tours.com\/de\/wp-json\/wp\/v2\/media?parent=10780"}],"wp:term":[{"taxonomy":"product_brand","embeddable":true,"href":"https:\/\/redsea-dream-tours.com\/de\/wp-json\/wp\/v2\/product_brand?post=10780"},{"taxonomy":"product_cat","embeddable":true,"href":"https:\/\/redsea-dream-tours.com\/de\/wp-json\/wp\/v2\/product_cat?post=10780"},{"taxonomy":"product_tag","embeddable":true,"href":"https:\/\/redsea-dream-tours.com\/de\/wp-json\/wp\/v2\/product_tag?post=10780"}],"curies":[{"name":"wp","href":"https:\/\/api.w.org\/{rel}","templated":true}]}}