{"id":10767,"date":"2025-09-13T16:50:15","date_gmt":"2025-09-13T16:50:15","guid":{"rendered":"https:\/\/redsea-dream-tours.com\/?post_type=product&#038;p=10767"},"modified":"2025-12-03T17:49:02","modified_gmt":"2025-12-03T17:49:02","slug":"royal-sea-scope","status":"publish","type":"product","link":"https:\/\/redsea-dream-tours.com\/de\/produkt\/royal-sea-scope\/","title":{"rendered":"Royal Sea Scope: Unterwasser-Ansichten"},"content":{"rendered":"<p data-start=\"56\" data-end=\"116\">\ud83c\udf0a\u2728 <strong data-start=\"60\" data-end=\"110\">Eine unverge\u00dfliche Reise mit Royal Sea Scope!<\/strong> \u2728\ud83c\udf0a<\/p>\n<p data-start=\"126\" data-end=\"602\">Erleben Sie die faszinierende Unterwasserwelt des Roten Meeres, ohne nass zu werden, an Bord des Halb-U-Boots Royal Sea Scope. \ud83c\udf0a<br data-start=\"266\" data-end=\"269\" \/>Dieses einzigartige Schiff verf\u00fcgt \u00fcber eine klimatisierte, gl\u00e4serne Kabine, die etwa 4 Meter unter der Wasseroberfl\u00e4che liegt und einen Panoramablick auf die lebhaften Korallenriffe \ud83d\udc20 und das vielf\u00e4ltige Meeresleben \ud83d\udc22 bietet.<br data-start=\"466\" data-end=\"469\" \/>Es ist ein ideales Abenteuer f\u00fcr Familien \ud83d\udc68\u200d\ud83d\udc69\u200d\ud83d\udc67\u200d\ud83d\udc66, Nichtschwimmer und alle, die ein komfortables und doch aufregendes Meereserlebnis suchen. \u2693<\/p>\n<hr data-start=\"604\" data-end=\"607\" \/>\n<p data-start=\"609\" data-end=\"628\"><strong data-start=\"609\" data-end=\"626\">Wesentliche Merkmale:<\/strong><\/p>\n<ul data-start=\"630\" data-end=\"1128\">\n<li data-start=\"630\" data-end=\"767\">\n<p data-start=\"632\" data-end=\"767\"><strong data-start=\"632\" data-end=\"658\">Unterwasserbeobachtung \ud83e\udd3f:<\/strong><br data-start=\"658\" data-end=\"661\" \/>Genie\u00dfen Sie 45 Minuten lang ununterbrochene Ausblicke auf die Meereswunder des Roten Meeres, bequem von Ihrem Sitz aus.<\/p>\n<\/li>\n<li data-start=\"769\" data-end=\"887\">\n<p data-start=\"771\" data-end=\"887\"><strong data-start=\"771\" data-end=\"794\">Familienfreundlich \ud83d\udc76:<\/strong><br data-start=\"794\" data-end=\"797\" \/>Kinder unter 5 Jahren k\u00f6nnen kostenlos teilnehmen, w\u00e4hrend Kinder zwischen 6 und 11 Jahren einen 50%-Rabatt erhalten.<\/p>\n<\/li>\n<li data-start=\"889\" data-end=\"1002\">\n<p data-start=\"891\" data-end=\"1002\"><strong data-start=\"891\" data-end=\"919\">Bequeme Reise \ud83d\udecb\ufe0f:<\/strong><br data-start=\"919\" data-end=\"922\" \/>Klimatisierte und ger\u00e4umige Sitzpl\u00e4tze sorgen f\u00fcr eine angenehme und entspannte Reise.<\/p>\n<\/li>\n<li data-start=\"1004\" data-end=\"1128\">\n<p data-start=\"1006\" data-end=\"1128\"><strong data-start=\"1006\" data-end=\"1031\">Gef\u00fchrte Erfahrung \ud83d\udc21:<\/strong><br data-start=\"1031\" data-end=\"1034\" \/>Fachkundige Meeresf\u00fchrer geben interessante Kommentare \u00fcber das \u00d6kosystem unter Wasser.<\/p>\n<\/li>\n<\/ul>\n<div class=\"st-highlight\">\n<h2 class=\"st-heading-section\">Programm Optionen enthalten<\/h2>\n<ul>\n<li>Dauer: 1h30<\/li>\n<li>Vormittag oder Nachmittag<\/li>\n<\/ul>\n<\/div>\n<div class=\"st-hr large\">\n<h2 class=\"st-heading-section\">Inklusive Optionen<\/h2>\n<\/div>\n<div class=\"accordion-item\">\n<div id=\"collapseInExClude\" class=\"accordion-collapse collapse show\" aria-labelledby=\"headingInExClude\" data-bs-parent=\"#headingInExClude\">\n<div class=\"accordion-body\">\n<div class=\"row\">\n<div class=\"col-lg-6\">\n<ul class=\"include\">\n<li><i class=\"input-icon st-border-radius field-icon fa\"><\/i>Hoteltransfer (Hin- und R\u00fcckfahrt)<\/li>\n<li><i class=\"input-icon st-border-radius field-icon fa\"><\/i>Seascope Ticket<i class=\"input-icon st-border-radius field-icon fa\"><\/i><\/li>\n<\/ul>\n<h5><img decoding=\"async\" class=\"emoji\" role=\"img\" draggable=\"false\" src=\"https:\/\/s.w.org\/images\/core\/emoji\/16.0.1\/svg\/1f4dd.svg\" alt=\"\ud83d\udcdd\" \/>\u00a0Bewertung<\/h5>\n<ul>\n<li><img decoding=\"async\" class=\"emoji\" role=\"img\" draggable=\"false\" src=\"https:\/\/s.w.org\/images\/core\/emoji\/16.0.1\/svg\/26a0.svg\" alt=\"\u26a0\ufe0f\" \/>\u00a0Der Preis gilt ab Marsa Alam. Von Hurghada aus ist ein Transferzuschlag zu entrichten.<\/li>\n<\/ul>\n<p data-start=\"41\" data-end=\"199\">\ud83e\udd11 <strong data-start=\"44\" data-end=\"63\">Aktivit\u00e4t Preise<\/strong><br data-start=\"63\" data-end=\"66\" \/>\ud83d\udc68\ud83c\udffb\u200d\ud83e\uddb1 Erwachsene (11 Jahre und \u00e4lter): <strong data-start=\"103\" data-end=\"110\">55 \u20ac<\/strong><br data-start=\"110\" data-end=\"113\" \/>\ud83e\uddcd\ud83c\udffb\u200d\u2640\ufe0f Kinder (bis zu -11 Jahren): <strong data-start=\"148\" data-end=\"155\">30\u20ac<\/strong><br data-start=\"155\" data-end=\"158\" \/>\ud83d\udc7c\ud83c\udffc Kinder (bis zu -5 Jahren): <strong data-start=\"189\" data-end=\"197\">Kostenlos<\/strong><\/p>\n<h3 data-start=\"2198\" data-end=\"2225\"><strong data-start=\"2205\" data-end=\"2223\">Die Zahlung in USD ($ \ud83c\uddfa\ud83c\uddf8) anstelle von EUR (\ud83c\uddea\ud83c\uddfa) ist je nach Tageskurs der Bank m\u00f6glich.<\/strong><\/h3>\n<\/div>\n<\/div>\n<\/div>\n<\/div>\n<\/div>\n<p><strong>Buchen Sie \u00fcber WhatsApp:<\/strong><\/p>\n<p><a href=\"https:\/\/wa.me\/201021058859\" target=\"_blank\" rel=\"noopener\">\u00a0<img decoding=\"async\" class=\"alignnone wp-image-2058\" src=\"https:\/\/poehalisnamiegypt.com\/wp-content\/uploads\/2024\/02\/pngwing.com_-300x300.png\" sizes=\"auto, (max-width: 35px) 100vw, 35px\" srcset=\"https:\/\/poehalisnamiegypt.com\/wp-content\/uploads\/2024\/02\/pngwing.com_-300x300.png 300w, https:\/\/poehalisnamiegypt.com\/wp-content\/uploads\/2024\/02\/pngwing.com_-150x150.png 150w, https:\/\/poehalisnamiegypt.com\/wp-content\/uploads\/2024\/02\/pngwing.com_.png 584w\" alt=\"\" width=\"53\" height=\"53\" \/><\/a><\/p>\n<div id=\"gtx-trans\" style=\"position: absolute; left: 131px; top: 1.2px;\">\n<div class=\"gtx-trans-icon\"><\/div>\n<\/div>\n<div id=\"gtx-trans\" style=\"position: absolute; left: 131px; top: 1.2px;\">\n<div class=\"gtx-trans-icon\"><\/div>\n<\/div>","protected":false},"excerpt":{"rendered":"<p>\ud83c\udf0a\u2728 An Unforgettable Journey with Royal Sea Scope! \u2728\ud83c\udf0a Experience the mesmerizing underwater world of the Red Sea without getting wet aboard the Royal Sea Scope semi-submarine. \ud83c\udf0aThis unique vessel features an air-conditioned, glass-walled cabin submerged approximately 4 meters below the surface, offering panoramic views of vibrant coral reefs \ud83d\udc20 and diverse marine life \ud83d\udc22.It&#8217;s [&hellip;]<\/p>","protected":false},"featured_media":10768,"comment_status":"open","ping_status":"closed","template":"","meta":{"_monsterinsights_skip_tracking":false,"_monsterinsights_sitenote_active":false,"_monsterinsights_sitenote_note":"","_monsterinsights_sitenote_category":0},"product_brand":[],"product_cat":[66],"product_tag":[],"class_list":{"0":"post-10767","1":"product","2":"type-product","3":"status-publish","4":"has-post-thumbnail","6":"product_cat-marsa-alam","8":"first","9":"instock","10":"shipping-taxable","11":"purchasable","12":"product-type-ovabrw_car_rental"},"_links":{"self":[{"href":"https:\/\/redsea-dream-tours.com\/de\/wp-json\/wp\/v2\/product\/10767","targetHints":{"allow":["GET"]}}],"collection":[{"href":"https:\/\/redsea-dream-tours.com\/de\/wp-json\/wp\/v2\/product"}],"about":[{"href":"https:\/\/redsea-dream-tours.com\/de\/wp-json\/wp\/v2\/types\/product"}],"replies":[{"embeddable":true,"href":"https:\/\/redsea-dream-tours.com\/de\/wp-json\/wp\/v2\/comments?post=10767"}],"wp:featuredmedia":[{"embeddable":true,"href":"https:\/\/redsea-dream-tours.com\/de\/wp-json\/wp\/v2\/media\/10768"}],"wp:attachment":[{"href":"https:\/\/redsea-dream-tours.com\/de\/wp-json\/wp\/v2\/media?parent=10767"}],"wp:term":[{"taxonomy":"product_brand","embeddable":true,"href":"https:\/\/redsea-dream-tours.com\/de\/wp-json\/wp\/v2\/product_brand?post=10767"},{"taxonomy":"product_cat","embeddable":true,"href":"https:\/\/redsea-dream-tours.com\/de\/wp-json\/wp\/v2\/product_cat?post=10767"},{"taxonomy":"product_tag","embeddable":true,"href":"https:\/\/redsea-dream-tours.com\/de\/wp-json\/wp\/v2\/product_tag?post=10767"}],"curies":[{"name":"wp","href":"https:\/\/api.w.org\/{rel}","templated":true}]}}