{"id":10761,"date":"2025-09-13T16:37:26","date_gmt":"2025-09-13T16:37:26","guid":{"rendered":"https:\/\/redsea-dream-tours.com\/?post_type=product&#038;p=10761"},"modified":"2025-12-20T15:41:01","modified_gmt":"2025-12-20T15:41:01","slug":"abu-dabbab-beach","status":"publish","type":"product","link":"https:\/\/redsea-dream-tours.com\/de\/produkt\/abu-dabbab-beach\/","title":{"rendered":"Abu Dabbab Beach Adventure - Ein Paradies in Marsa Alam"},"content":{"rendered":"<p data-start=\"87\" data-end=\"157\">\ud83c\udfd6\ufe0f\u2728 <strong data-start=\"92\" data-end=\"150\">Abu Dabbab Beach Adventure - Ein Paradies in Marsa Alam!<\/strong> \u2728\ud83c\udfd6\ufe0f<\/p>\n<p data-start=\"193\" data-end=\"603\">Abu Dabbab Beach ist einer der ber\u00fchmtesten Schnorchel- und Tauchspots im Roten Meer und liegt in der N\u00e4he von Marsa Alam. Mit seinem weichen wei\u00dfen Sand und dem kristallklaren t\u00fcrkisfarbenen Wasser ist er ein Paradies f\u00fcr Wasserratten. Der Strand ist bekannt f\u00fcr seine Unterwasser-Seegraswiesen, die gr\u00fcne Schildkr\u00f6ten anziehen \ud83d\udc22, und manchmal kann man sogar den seltenen Dugong (Seekuh) sehen, der anmutig in der N\u00e4he schwimmt. \ud83d\udc0b<\/p>\n<hr data-start=\"605\" data-end=\"608\" \/>\n<p data-start=\"610\" data-end=\"637\"><strong data-start=\"610\" data-end=\"635\">Verf\u00fcgbare Aktivit\u00e4ten:<\/strong><\/p>\n<ul data-start=\"639\" data-end=\"1240\">\n<li data-start=\"639\" data-end=\"803\">\n<p data-start=\"641\" data-end=\"803\"><strong data-start=\"641\" data-end=\"659\">Schnorcheln \ud83e\udd3f:<\/strong><br data-start=\"659\" data-end=\"662\" \/>Tauchen Sie direkt vom Strand aus in flache Gew\u00e4sser voller bunter Fische \ud83d\udc20 und nahe gelegene Korallenriffe. Perfekt f\u00fcr Anf\u00e4nger und Familien!<\/p>\n<\/li>\n<li data-start=\"805\" data-end=\"976\">\n<p data-start=\"807\" data-end=\"976\"><strong data-start=\"807\" data-end=\"821\">Tauchen \ud83e\udd3f:<\/strong><br data-start=\"821\" data-end=\"824\" \/>Abu Dabbab ist ein idealer Ort f\u00fcr Taucher, um die Unterwasserwelt zu erkunden, darunter Dugongs \ud83d\udc0b und Meeresschildkr\u00f6ten \ud83d\udc22. Die Korallenriffe sind pulsierend und voll von Leben.<\/p>\n<\/li>\n<li data-start=\"978\" data-end=\"1106\">\n<p data-start=\"980\" data-end=\"1106\"><strong data-start=\"980\" data-end=\"1009\">Entspannen am Strand \ud83c\udf1e:<\/strong><br data-start=\"1009\" data-end=\"1012\" \/>Nehmen Sie ein Sonnenbad auf dem weichen Sand, genie\u00dfen Sie die sanften Wellen und lassen Sie sich von der atemberaubenden Aussicht auf die K\u00fcste verzaubern.<\/p>\n<\/li>\n<li data-start=\"1108\" data-end=\"1240\">\n<p data-start=\"1110\" data-end=\"1240\"><strong data-start=\"1110\" data-end=\"1141\">Glasbodenboot-Touren \ud83d\udea4:<\/strong><br data-start=\"1141\" data-end=\"1144\" \/>Wer lieber im Trockenen bleibt, kann die Unterwasserwelt bei einer Fahrt mit einem Glasbodenboot genie\u00dfen.<\/p>\n<\/li>\n<\/ul>\n<hr data-start=\"1242\" data-end=\"1245\" \/>\n<p data-start=\"1247\" data-end=\"1270\"><strong data-start=\"1247\" data-end=\"1268\">Wie man dorthin kommt:<\/strong><\/p>\n<ul data-start=\"1272\" data-end=\"1503\">\n<li data-start=\"1272\" data-end=\"1380\">\n<p data-start=\"1274\" data-end=\"1380\"><strong data-start=\"1274\" data-end=\"1288\">Mit dem Auto \ud83d\ude97:<\/strong><br data-start=\"1288\" data-end=\"1291\" \/>Abu Dabbab Beach liegt etwa 30 km n\u00f6rdlich von Marsa Alam und ist mit dem Auto leicht zu erreichen.<\/p>\n<\/li>\n<li data-start=\"1382\" data-end=\"1503\">\n<p data-start=\"1384\" data-end=\"1503\"><strong data-start=\"1384\" data-end=\"1407\">Organisierte Touren \ud83d\ude8c:<\/strong><br data-start=\"1407\" data-end=\"1410\" \/>Viele Tagestouren starten von Marsa Alam aus und beinhalten Transport, Mittagessen und Schnorchelausr\u00fcstung.<\/p>\n<\/li>\n<\/ul>\n<hr data-start=\"1624\" data-end=\"1627\" \/>\n<p data-start=\"1629\" data-end=\"1651\"><strong data-start=\"1629\" data-end=\"1649\">Tipps und Hinweise \ud83d\udcdd:<\/strong><\/p>\n<ul data-start=\"1653\" data-end=\"1885\">\n<li data-start=\"1653\" data-end=\"1721\">\n<p data-start=\"1655\" data-end=\"1721\">Verwenden Sie Sonnenschutzmittel \ud83e\uddf4 und tragen Sie eine Sonnenbrille \ud83d\ude0e, um sich vor der Sonne zu sch\u00fctzen.<\/p>\n<\/li>\n<li data-start=\"1722\" data-end=\"1809\">\n<p data-start=\"1724\" data-end=\"1809\">Wasserschuhe \ud83d\udc63 werden empfohlen, um die F\u00fc\u00dfe vor Felsen oder Meerestieren zu sch\u00fctzen.<\/p>\n<\/li>\n<li data-start=\"1810\" data-end=\"1885\">\n<p data-start=\"1812\" data-end=\"1885\">Vermeiden Sie es, Seegras zu ber\u00fchren \ud83c\udf3f, um das Meeresleben zu respektieren und Schaden zu vermeiden.<\/p>\n<\/li>\n<\/ul>\n<hr data-start=\"1887\" data-end=\"1890\" \/>\n<p data-start=\"1892\" data-end=\"1905\"><strong data-start=\"1892\" data-end=\"1903\">Extras:<\/strong><\/p>\n<ul data-start=\"1907\" data-end=\"2140\">\n<li data-start=\"1907\" data-end=\"2002\">\n<p data-start=\"1909\" data-end=\"2002\"><strong data-start=\"1909\" data-end=\"1947\">Aktuelles Wetter in Marsa Alam \ud83c\udf21\ufe0f:<\/strong><br data-start=\"1947\" data-end=\"1950\" \/>Teilweise bew\u00f6lkt mit einer Temperatur von etwa 32\u00b0C.<\/p>\n<\/li>\n<li data-start=\"2004\" data-end=\"2140\">\n<p data-start=\"2006\" data-end=\"2140\"><strong data-start=\"2006\" data-end=\"2036\">Tierwelt und Meeresleben \ud83d\udc20:<\/strong><br data-start=\"2036\" data-end=\"2039\" \/>Gr\u00fcne Schildkr\u00f6ten, Dugongs und bunte Rifffische machen Abu Dabbab zu einem magischen Erlebnis f\u00fcr alle Altersgruppen.<\/p>\n<\/li>\n<\/ul>\n<div class=\"st-highlight\">\n<h2 class=\"st-heading-section\"><strong data-start=\"0\" data-end=\"50\" data-is-only-node=\"\">Programmoptionen ab Hurghada Hotels inbegriffen:<\/strong><\/h2>\n<ul>\n<li>Abreise gegen 5.30 Uhr<\/li>\n<li>R\u00fcckfahrt gegen 18.30 Uhr<\/li>\n<li>Recherche der Torturen<\/li>\n<li>Erforschung von Korallenst\u00f6cken<\/li>\n<\/ul>\n<h2 class=\"st-heading-section\"><strong data-start=\"0\" data-end=\"50\" data-is-only-node=\"\">Programmoptionen von Hotels in Marsa Alam inbegriffen:<\/strong><\/h2>\n<ul>\n<li>Abreise um 8.30 Uhr<\/li>\n<li>R\u00fcckfahrt gegen 16.30 Uhr<\/li>\n<li>Recherche der Torturen<\/li>\n<li>Erforschung von Korallenst\u00f6cken<\/li>\n<\/ul>\n<\/div>\n<div class=\"st-hr large\">\n<h2 class=\"st-heading-section\">Die Optionen umfassen<\/h2>\n<\/div>\n<div class=\"accordion-item\">\n<div id=\"collapseInExClude\" class=\"accordion-collapse collapse show\" aria-labelledby=\"headingInExClude\" data-bs-parent=\"#headingInExClude\">\n<div class=\"accordion-body\">\n<div class=\"row\">\n<div class=\"col-lg-6\">\n<ul class=\"include\">\n<li><i class=\"input-icon st-border-radius field-icon fa\"><\/i>D\u00e9jeuner inbegriffen<\/li>\n<li><i class=\"input-icon st-border-radius field-icon fa\"><\/i>Inklusive Schnorchelausr\u00fcstung<\/li>\n<li><i class=\"input-icon st-border-radius field-icon fa\"><\/i>Freie Zeit am Strand<\/li>\n<\/ul>\n<h5><img decoding=\"async\" class=\"emoji\" role=\"img\" draggable=\"false\" src=\"https:\/\/s.w.org\/images\/core\/emoji\/16.0.1\/svg\/1f4dd.svg\" alt=\"\ud83d\udcdd\" \/>\u00a0Hinweis<\/h5>\n<ul>\n<li>3\u20ac Standort-Kombination<\/li>\n<li>3\u20ac Standort gilet de sauvetage<\/li>\n<\/ul>\n<p data-start=\"41\" data-end=\"199\">\ud83e\udd11 <strong data-start=\"44\" data-end=\"63\">Aktivit\u00e4t Preise ( <\/strong><strong data-start=\"28\" data-end=\"70\">Preise f\u00fcr G\u00e4ste mit Wohnsitz in Hurghada )<\/strong><\/p>\n<p data-start=\"28\" data-end=\"72\">\ud83d\ude4e\ud83c\udffb\u200d\u2642\ufe0f Erwachsene (12 Jahre und \u00e4lter): 90 \u20ac<br data-start=\"101\" data-end=\"104\" \/>\ud83e\uddcd\ud83c\udffb\u200d\u2640\ufe0f Kinder (bis zu 12 Jahren): 50 \u20ac<br data-start=\"156\" data-end=\"159\" \/>\ud83d\udc7c\ud83c\udffc Unter 5 Jahre alt: 20 \u20ac<\/p>\n<p data-start=\"41\" data-end=\"199\">\ud83e\udd11 <strong data-start=\"44\" data-end=\"63\">Aktivit\u00e4t Preise ( <\/strong><strong data-start=\"28\" data-end=\"70\">Preise f\u00fcr G\u00e4ste mit Wohnsitz in Marsa Alam )<\/strong><\/p>\n<p data-start=\"28\" data-end=\"72\">\u00a0 \u00a0 \u00a0 \u00a0\ud83d\udc68\ud83c\udffb\u200d\ud83e\uddb1 Erwachsene (12 Jahre und \u00e4lter): <strong data-start=\"103\" data-end=\"110\">70 \u20ac<\/strong><br data-start=\"110\" data-end=\"113\" \/>\u00a0 \u00a0 \u00a0 \u00a0\ud83e\uddcd\ud83c\udffb\u200d\u2640\ufe0f Kinder (bis zu 12 Jahren): <strong data-start=\"148\" data-end=\"155\">40 \u20ac<\/strong><\/p>\n<h3 data-start=\"2198\" data-end=\"2225\"><strong data-start=\"2205\" data-end=\"2223\">Die Zahlung in USD ($ \ud83c\uddfa\ud83c\uddf8) anstelle von EUR (\ud83c\uddea\ud83c\uddfa) ist je nach Tageskurs der Bank m\u00f6glich.<\/strong><\/h3>\n<\/div>\n<\/div>\n<\/div>\n<\/div>\n<\/div>\n<ul data-start=\"1907\" data-end=\"2140\">\n<li data-start=\"2004\" data-end=\"2140\"><strong>Buchen Sie \u00fcber WhatsApp:<\/strong><\/li>\n<li data-start=\"2004\" data-end=\"2140\"><a href=\"https:\/\/wa.me\/201021058859\" target=\"_blank\" rel=\"noopener\"><img decoding=\"async\" class=\"alignnone wp-image-2058\" src=\"https:\/\/poehalisnamiegypt.com\/wp-content\/uploads\/2024\/02\/pngwing.com_-300x300.png\" sizes=\"auto, (max-width: 35px) 100vw, 35px\" srcset=\"https:\/\/poehalisnamiegypt.com\/wp-content\/uploads\/2024\/02\/pngwing.com_-300x300.png 300w, https:\/\/poehalisnamiegypt.com\/wp-content\/uploads\/2024\/02\/pngwing.com_-150x150.png 150w, https:\/\/poehalisnamiegypt.com\/wp-content\/uploads\/2024\/02\/pngwing.com_.png 584w\" alt=\"\" width=\"53\" height=\"53\" \/><\/a><\/li>\n<\/ul>\n<div id=\"gtx-trans\" style=\"position: absolute; left: 517px; top: 1.2px;\">\n<div class=\"gtx-trans-icon\"><\/div>\n<\/div>","protected":false},"excerpt":{"rendered":"<p>\ud83c\udfd6\ufe0f\u2728 Abu Dabbab Beach Adventure \u2013 A Paradise in Marsa Alam! \u2728\ud83c\udfd6\ufe0f Abu Dabbab Beach is one of the most famous snorkeling and diving spots in the Red Sea, located near Marsa Alam. \ud83c\udf0a With its soft white sands and crystal-clear turquoise waters, it\u2019s a paradise for water lovers. The beach is known for its [&hellip;]<\/p>","protected":false},"featured_media":10762,"comment_status":"open","ping_status":"closed","template":"","meta":{"_monsterinsights_skip_tracking":false,"_monsterinsights_sitenote_active":false,"_monsterinsights_sitenote_note":"","_monsterinsights_sitenote_category":0},"product_brand":[],"product_cat":[66,68],"product_tag":[],"class_list":{"0":"post-10761","1":"product","2":"type-product","3":"status-publish","4":"has-post-thumbnail","6":"product_cat-marsa-alam","7":"product_cat-sea","9":"first","10":"instock","11":"shipping-taxable","12":"purchasable","13":"product-type-ovabrw_car_rental"},"_links":{"self":[{"href":"https:\/\/redsea-dream-tours.com\/de\/wp-json\/wp\/v2\/product\/10761","targetHints":{"allow":["GET"]}}],"collection":[{"href":"https:\/\/redsea-dream-tours.com\/de\/wp-json\/wp\/v2\/product"}],"about":[{"href":"https:\/\/redsea-dream-tours.com\/de\/wp-json\/wp\/v2\/types\/product"}],"replies":[{"embeddable":true,"href":"https:\/\/redsea-dream-tours.com\/de\/wp-json\/wp\/v2\/comments?post=10761"}],"wp:featuredmedia":[{"embeddable":true,"href":"https:\/\/redsea-dream-tours.com\/de\/wp-json\/wp\/v2\/media\/10762"}],"wp:attachment":[{"href":"https:\/\/redsea-dream-tours.com\/de\/wp-json\/wp\/v2\/media?parent=10761"}],"wp:term":[{"taxonomy":"product_brand","embeddable":true,"href":"https:\/\/redsea-dream-tours.com\/de\/wp-json\/wp\/v2\/product_brand?post=10761"},{"taxonomy":"product_cat","embeddable":true,"href":"https:\/\/redsea-dream-tours.com\/de\/wp-json\/wp\/v2\/product_cat?post=10761"},{"taxonomy":"product_tag","embeddable":true,"href":"https:\/\/redsea-dream-tours.com\/de\/wp-json\/wp\/v2\/product_tag?post=10761"}],"curies":[{"name":"wp","href":"https:\/\/api.w.org\/{rel}","templated":true}]}}