{"id":10237,"date":"2025-09-09T11:09:40","date_gmt":"2025-09-09T11:09:40","guid":{"rendered":"https:\/\/redsea-dream-tours.com\/?post_type=product&#038;p=10237"},"modified":"2025-10-20T21:37:08","modified_gmt":"2025-10-20T21:37:08","slug":"safaga-airport-transfer-by-hiace-car","status":"publish","type":"product","link":"https:\/\/redsea-dream-tours.com\/de\/produkt\/safaga-airport-transfer-by-hiace-car\/","title":{"rendered":"Safaga Flughafentransfer mit dem Hiace Auto"},"content":{"rendered":"<h3 data-start=\"110\" data-end=\"155\">\u2708\ufe0f Safaga Flughafen Transfer mit dem Hiace Auto<\/h3>\n<p data-start=\"157\" data-end=\"447\">Genie\u00dfen Sie eine <strong data-start=\"165\" data-end=\"218\">komfortabler und zuverl\u00e4ssiger Flughafentransferdienst<\/strong> zwischen <strong data-start=\"227\" data-end=\"272\">Internationaler Flughafen Hurghada und Safaga<\/strong> mit unserem ger\u00e4umigen <strong data-start=\"291\" data-end=\"311\">Toyota Hiace Lieferwagen<\/strong>. Dieser Service ist ideal f\u00fcr Familien, Gruppen und Reisende mit zus\u00e4tzlichem Gep\u00e4ck und gew\u00e4hrleistet einen <strong data-start=\"400\" data-end=\"423\">stressfreie Reise<\/strong> von Anfang bis Ende.<\/p>\n<h4 data-start=\"449\" data-end=\"489\">\ud83c\udfc1 Problemlose Abholung und R\u00fcckgabe<\/h4>\n<ul data-start=\"490\" data-end=\"700\">\n<li data-start=\"490\" data-end=\"569\">\n<p data-start=\"492\" data-end=\"569\">\ud83c\udfe8 <strong data-start=\"495\" data-end=\"519\">Haus-zu-Haus-Dienst<\/strong> von Ihrem Hotel, Resort oder Wohnsitz in Safaga<\/p>\n<\/li>\n<li data-start=\"570\" data-end=\"635\">\n<p data-start=\"572\" data-end=\"635\">\u2708\ufe0f <strong data-start=\"575\" data-end=\"633\">Direkter Transfer zum\/vom internationalen Flughafen Hurghada<\/strong><\/p>\n<\/li>\n<li data-start=\"636\" data-end=\"700\">\n<p data-start=\"638\" data-end=\"700\">\u23f0 <strong data-start=\"640\" data-end=\"668\">Flexible Abfahrtszeiten<\/strong> an Ihren Flugplan anzupassen<\/p>\n<\/li>\n<\/ul>\n<h4 data-start=\"702\" data-end=\"742\">\ud83d\ude90 Ger\u00e4umiges und komfortables Fahrzeug<\/h4>\n<ul data-start=\"743\" data-end=\"926\">\n<li data-start=\"743\" data-end=\"809\">\n<p data-start=\"745\" data-end=\"809\">\ud83e\ude91 <strong data-start=\"748\" data-end=\"777\">Sitzpl\u00e4tze f\u00fcr bis zu 10 Passagiere<\/strong> - ideal f\u00fcr Familien und Gruppen<\/p>\n<\/li>\n<li data-start=\"810\" data-end=\"871\">\n<p data-start=\"812\" data-end=\"871\">\u2744\ufe0f <strong data-start=\"815\" data-end=\"849\">Vollst\u00e4ndig klimatisierter Innenraum<\/strong> f\u00fcr eine angenehme Fahrt<\/p>\n<\/li>\n<li data-start=\"872\" data-end=\"926\">\n<p data-start=\"874\" data-end=\"926\">\ud83d\udcbc <strong data-start=\"877\" data-end=\"903\">Gro\u00dfes Gep\u00e4ckvolumen<\/strong> f\u00fcr Ihre Reisetaschen<\/p>\n<\/li>\n<\/ul>\n<h4 data-start=\"928\" data-end=\"967\">\ud83d\udee3\ufe0f Perfekt f\u00fcr alle Reisebed\u00fcrfnisse<\/h4>\n<ul data-start=\"968\" data-end=\"1126\">\n<li data-start=\"968\" data-end=\"1022\">\n<p data-start=\"970\" data-end=\"1022\">\ud83d\udeec <strong data-start=\"973\" data-end=\"1020\">Ankunftstransfers mit Meet &amp; Greet Service<\/strong><\/p>\n<\/li>\n<li data-start=\"1023\" data-end=\"1084\">\n<p data-start=\"1025\" data-end=\"1084\">\ud83d\udeeb <strong data-start=\"1028\" data-end=\"1082\">Abreisetransfers mit P\u00fcnktlichkeitsgarantie<\/strong><\/p>\n<\/li>\n<li data-start=\"1085\" data-end=\"1126\">\n<p data-start=\"1087\" data-end=\"1126\">\ud83d\udd04 <strong data-start=\"1090\" data-end=\"1124\">Hin- und R\u00fccktransfer verf\u00fcgbar<\/strong><\/p>\n<\/li>\n<\/ul>\n<h4 data-start=\"1128\" data-end=\"1168\">\ud83e\uddd1\u200d\u2708\ufe0f Professioneller und sicherer Service<\/h4>\n<ul data-start=\"1169\" data-end=\"1271\">\n<li data-start=\"1169\" data-end=\"1215\">\n<p data-start=\"1171\" data-end=\"1215\">\ud83d\udc68\u200d\u2708\ufe0f <strong data-start=\"1177\" data-end=\"1213\">Erfahrene und lizenzierte Fahrer<\/strong><\/p>\n<\/li>\n<li data-start=\"1216\" data-end=\"1271\">\n<p data-start=\"1218\" data-end=\"1271\">\ud83d\udee1\ufe0f Fokussiert auf <strong data-start=\"1233\" data-end=\"1269\">P\u00fcnktlichkeit, Komfort und Sicherheit<\/strong><\/p>\n<\/li>\n<\/ul>\n<h4 data-start=\"1273\" data-end=\"1317\">\ud83c\udfc1 Beginnen oder beenden Sie Ihre Reise reibungslos<\/h4>\n<p data-start=\"1318\" data-end=\"1431\">Entspannen Sie sich und genie\u00dfen Sie Ihre Reise nach oder von Safaga mit einem <strong data-start=\"1369\" data-end=\"1428\">schneller, zuverl\u00e4ssiger und sorgenfreier Flughafentransfer-Service<\/strong>.<\/p>\n<h3 data-start=\"2198\" data-end=\"2225\"><strong data-start=\"2205\" data-end=\"2223\">Die Zahlung in USD ($ \ud83c\uddfa\ud83c\uddf8) anstelle von EUR (\ud83c\uddea\ud83c\uddfa) ist je nach Tageskurs der Bank m\u00f6glich.<\/strong><\/h3>\n<p><strong>Buchen Sie \u00fcber WhatsApp:<\/strong><\/p>\n<p><a href=\"https:\/\/wa.me\/201021058859\" target=\"_blank\" rel=\"noopener\">\u00a0<img decoding=\"async\" class=\"alignnone wp-image-2058\" src=\"https:\/\/poehalisnamiegypt.com\/wp-content\/uploads\/2024\/02\/pngwing.com_-300x300.png\" sizes=\"auto, (max-width: 35px) 100vw, 35px\" srcset=\"https:\/\/poehalisnamiegypt.com\/wp-content\/uploads\/2024\/02\/pngwing.com_-300x300.png 300w, https:\/\/poehalisnamiegypt.com\/wp-content\/uploads\/2024\/02\/pngwing.com_-150x150.png 150w, https:\/\/poehalisnamiegypt.com\/wp-content\/uploads\/2024\/02\/pngwing.com_.png 584w\" alt=\"\" width=\"53\" height=\"53\" \/><\/a><\/p>\n<p>&nbsp;<\/p>","protected":false},"excerpt":{"rendered":"<p>\u2708\ufe0f Safaga Airport Transfer by Hiace Car Enjoy a comfortable and reliable airport transfer service between Hurghada International Airport and Safaga with our spacious Toyota Hiace van. Perfect for families, groups, and travelers with extra luggage, this service ensures a stress-free journey from start to finish. \ud83c\udfc1 Hassle-Free Pick-Up &amp; Drop-Off \ud83c\udfe8 Door-to-door service from [&hellip;]<\/p>","protected":false},"featured_media":10909,"comment_status":"open","ping_status":"closed","template":"","meta":{"_monsterinsights_skip_tracking":false,"_monsterinsights_sitenote_active":false,"_monsterinsights_sitenote_note":"","_monsterinsights_sitenote_category":0},"product_brand":[],"product_cat":[69],"product_tag":[],"class_list":{"0":"post-10237","1":"product","2":"type-product","3":"status-publish","4":"has-post-thumbnail","6":"product_cat-transfer","8":"first","9":"instock","10":"shipping-taxable","11":"purchasable","12":"product-type-ovabrw_car_rental"},"_links":{"self":[{"href":"https:\/\/redsea-dream-tours.com\/de\/wp-json\/wp\/v2\/product\/10237","targetHints":{"allow":["GET"]}}],"collection":[{"href":"https:\/\/redsea-dream-tours.com\/de\/wp-json\/wp\/v2\/product"}],"about":[{"href":"https:\/\/redsea-dream-tours.com\/de\/wp-json\/wp\/v2\/types\/product"}],"replies":[{"embeddable":true,"href":"https:\/\/redsea-dream-tours.com\/de\/wp-json\/wp\/v2\/comments?post=10237"}],"wp:featuredmedia":[{"embeddable":true,"href":"https:\/\/redsea-dream-tours.com\/de\/wp-json\/wp\/v2\/media\/10909"}],"wp:attachment":[{"href":"https:\/\/redsea-dream-tours.com\/de\/wp-json\/wp\/v2\/media?parent=10237"}],"wp:term":[{"taxonomy":"product_brand","embeddable":true,"href":"https:\/\/redsea-dream-tours.com\/de\/wp-json\/wp\/v2\/product_brand?post=10237"},{"taxonomy":"product_cat","embeddable":true,"href":"https:\/\/redsea-dream-tours.com\/de\/wp-json\/wp\/v2\/product_cat?post=10237"},{"taxonomy":"product_tag","embeddable":true,"href":"https:\/\/redsea-dream-tours.com\/de\/wp-json\/wp\/v2\/product_tag?post=10237"}],"curies":[{"name":"wp","href":"https:\/\/api.w.org\/{rel}","templated":true}]}}