{"id":10234,"date":"2025-09-09T10:58:47","date_gmt":"2025-09-09T10:58:47","guid":{"rendered":"https:\/\/redsea-dream-tours.com\/?post_type=product&#038;p=10234"},"modified":"2025-10-20T21:38:15","modified_gmt":"2025-10-20T21:38:15","slug":"hurghada-airport-transfer-limousine","status":"publish","type":"product","link":"https:\/\/redsea-dream-tours.com\/de\/produkt\/hurghada-airport-transfer-limousine\/","title":{"rendered":"Hurghada Flughafen Transfer Limousine"},"content":{"rendered":"<h3 data-start=\"118\" data-end=\"165\">\ud83d\ude96 Hurghada Flughafen Transfer mit Limousine<\/h3>\n<p data-start=\"167\" data-end=\"384\">Reisen in <strong data-start=\"177\" data-end=\"207\">Luxus, Komfort und Stil<\/strong> mit unserem Premium <strong data-start=\"225\" data-end=\"272\">Hurghada Flughafen Limousine Transfer Service<\/strong>. Ob Sie ankommen oder abreisen, wir sorgen f\u00fcr einen <strong data-start=\"324\" data-end=\"358\">reibungslose und stressfreie Reise<\/strong> zugeschnitten auf Ihre Bed\u00fcrfnisse.<\/p>\n<h4 data-start=\"386\" data-end=\"423\">\ud83c\udfc1 Nahtlose Abholung und R\u00fcckgabe<\/h4>\n<ul data-start=\"424\" data-end=\"615\">\n<li data-start=\"424\" data-end=\"493\">\n<p data-start=\"426\" data-end=\"493\">\ud83c\udfe8 <strong data-start=\"429\" data-end=\"453\">Haus-zu-Haus-Dienst<\/strong> von Ihrem Hotel, Urlaubsort oder Wohnsitz aus<\/p>\n<\/li>\n<li data-start=\"494\" data-end=\"559\">\n<p data-start=\"496\" data-end=\"559\">\u2708\ufe0f <strong data-start=\"499\" data-end=\"557\">Direkter Transfer zum\/vom internationalen Flughafen Hurghada<\/strong><\/p>\n<\/li>\n<li data-start=\"560\" data-end=\"615\">\n<p data-start=\"562\" data-end=\"615\">\u23f0 <strong data-start=\"564\" data-end=\"587\">Flexible Terminplanung<\/strong> zur Anpassung an Ihre Flugzeit<\/p>\n<\/li>\n<\/ul>\n<h4 data-start=\"617\" data-end=\"651\">\ud83d\ude98 Luxus-Limousine Komfort<\/h4>\n<p data-start=\"652\" data-end=\"691\">Genie\u00dfen Sie das ultimative Reiseerlebnis:<\/p>\n<ul data-start=\"692\" data-end=\"836\">\n<li data-start=\"692\" data-end=\"745\">\n<p data-start=\"694\" data-end=\"745\">\ud83e\ude91 <strong data-start=\"697\" data-end=\"743\">Premium-Ledersitze mit zus\u00e4tzlicher Beinfreiheit<\/strong><\/p>\n<\/li>\n<li data-start=\"746\" data-end=\"784\">\n<p data-start=\"748\" data-end=\"784\">\u2744\ufe0f <strong data-start=\"751\" data-end=\"782\">Vollst\u00e4ndig klimatisierte Kabine<\/strong><\/p>\n<\/li>\n<li data-start=\"785\" data-end=\"836\">\n<p data-start=\"787\" data-end=\"836\">\ud83d\udcbc <strong data-start=\"790\" data-end=\"816\">Gro\u00dfes Gep\u00e4ckvolumen<\/strong> f\u00fcr alle Ihre Taschen<\/p>\n<\/li>\n<\/ul>\n<h4 data-start=\"838\" data-end=\"878\">\ud83d\udee3\ufe0f Perfekt f\u00fcr jede Art von \u00dcbertragung<\/h4>\n<ul data-start=\"879\" data-end=\"1034\">\n<li data-start=\"879\" data-end=\"931\">\n<p data-start=\"881\" data-end=\"931\">\ud83d\udeec <strong data-start=\"884\" data-end=\"929\">Abholung bei Ankunft mit Meet &amp; Greet Service<\/strong><\/p>\n<\/li>\n<li data-start=\"932\" data-end=\"992\">\n<p data-start=\"934\" data-end=\"992\">\ud83d\udeeb <strong data-start=\"937\" data-end=\"990\">Abfahrtsort mit P\u00fcnktlichkeitsgarantie<\/strong><\/p>\n<\/li>\n<li data-start=\"993\" data-end=\"1034\">\n<p data-start=\"995\" data-end=\"1034\">\ud83d\udd04 <strong data-start=\"998\" data-end=\"1032\">Hin- und R\u00fccktransfer verf\u00fcgbar<\/strong><\/p>\n<\/li>\n<\/ul>\n<h4 data-start=\"1036\" data-end=\"1079\">\ud83e\uddd1\u200d\u2708\ufe0f Professioneller Chauffeurdienst<\/h4>\n<ul data-start=\"1080\" data-end=\"1198\">\n<li data-start=\"1080\" data-end=\"1139\">\n<p data-start=\"1082\" data-end=\"1139\">\ud83d\udc68\u200d\u2708\ufe0f <strong data-start=\"1088\" data-end=\"1137\">Gut ausgebildete, lizenzierte und zuvorkommende Fahrer<\/strong><\/p>\n<\/li>\n<li data-start=\"1140\" data-end=\"1198\">\n<p data-start=\"1142\" data-end=\"1198\">\ud83d\udee1\ufe0f Fokussiert auf <strong data-start=\"1157\" data-end=\"1196\">P\u00fcnktlichkeit, Sicherheit und Diskretion<\/strong><\/p>\n<\/li>\n<\/ul>\n<h4 data-start=\"1200\" data-end=\"1244\">\ud83c\udfc1 Beginnen oder beenden Sie Ihre Reise mit Stil<\/h4>\n<p data-start=\"1245\" data-end=\"1353\">\u00dcberspringen Sie den \u00c4rger mit gew\u00f6hnlichen Transfers und <strong data-start=\"1287\" data-end=\"1350\">kommen Sie erfrischt, entspannt und stilvoll an Ihrem Reiseziel an<\/strong>.<\/p>\n<h3 data-start=\"2198\" data-end=\"2225\"><strong data-start=\"2205\" data-end=\"2223\">Die Zahlung in USD ($ \ud83c\uddfa\ud83c\uddf8) anstelle von EUR (\ud83c\uddea\ud83c\uddfa) ist je nach Tageskurs der Bank m\u00f6glich.<\/strong><\/h3>\n<p><strong>Buchen Sie \u00fcber WhatsApp:<\/strong><\/p>\n<p><a href=\"https:\/\/wa.me\/201021058859\" target=\"_blank\" rel=\"noopener\">\u00a0<img decoding=\"async\" class=\"alignnone wp-image-2058\" src=\"https:\/\/poehalisnamiegypt.com\/wp-content\/uploads\/2024\/02\/pngwing.com_-300x300.png\" sizes=\"auto, (max-width: 35px) 100vw, 35px\" srcset=\"https:\/\/poehalisnamiegypt.com\/wp-content\/uploads\/2024\/02\/pngwing.com_-300x300.png 300w, https:\/\/poehalisnamiegypt.com\/wp-content\/uploads\/2024\/02\/pngwing.com_-150x150.png 150w, https:\/\/poehalisnamiegypt.com\/wp-content\/uploads\/2024\/02\/pngwing.com_.png 584w\" alt=\"\" width=\"53\" height=\"53\" \/><\/a><\/p>","protected":false},"excerpt":{"rendered":"<p>\ud83d\ude96 Hurghada Airport Transfer by Limousine Travel in luxury, comfort, and style with our premium Hurghada Airport limousine transfer service. Whether you&#8217;re arriving or departing, we ensure a smooth and stress-free journey tailored to your needs. \ud83c\udfc1 Seamless Pick-Up &amp; Drop-Off \ud83c\udfe8 Door-to-door service from your hotel, resort, or residence \u2708\ufe0f Direct transfer to\/from Hurghada [&hellip;]<\/p>","protected":false},"featured_media":10911,"comment_status":"open","ping_status":"closed","template":"","meta":{"_monsterinsights_skip_tracking":false,"_monsterinsights_sitenote_active":false,"_monsterinsights_sitenote_note":"","_monsterinsights_sitenote_category":0},"product_brand":[],"product_cat":[69],"product_tag":[],"class_list":{"0":"post-10234","1":"product","2":"type-product","3":"status-publish","4":"has-post-thumbnail","6":"product_cat-transfer","8":"first","9":"instock","10":"shipping-taxable","11":"purchasable","12":"product-type-ovabrw_car_rental"},"_links":{"self":[{"href":"https:\/\/redsea-dream-tours.com\/de\/wp-json\/wp\/v2\/product\/10234","targetHints":{"allow":["GET"]}}],"collection":[{"href":"https:\/\/redsea-dream-tours.com\/de\/wp-json\/wp\/v2\/product"}],"about":[{"href":"https:\/\/redsea-dream-tours.com\/de\/wp-json\/wp\/v2\/types\/product"}],"replies":[{"embeddable":true,"href":"https:\/\/redsea-dream-tours.com\/de\/wp-json\/wp\/v2\/comments?post=10234"}],"wp:featuredmedia":[{"embeddable":true,"href":"https:\/\/redsea-dream-tours.com\/de\/wp-json\/wp\/v2\/media\/10911"}],"wp:attachment":[{"href":"https:\/\/redsea-dream-tours.com\/de\/wp-json\/wp\/v2\/media?parent=10234"}],"wp:term":[{"taxonomy":"product_brand","embeddable":true,"href":"https:\/\/redsea-dream-tours.com\/de\/wp-json\/wp\/v2\/product_brand?post=10234"},{"taxonomy":"product_cat","embeddable":true,"href":"https:\/\/redsea-dream-tours.com\/de\/wp-json\/wp\/v2\/product_cat?post=10234"},{"taxonomy":"product_tag","embeddable":true,"href":"https:\/\/redsea-dream-tours.com\/de\/wp-json\/wp\/v2\/product_tag?post=10234"}],"curies":[{"name":"wp","href":"https:\/\/api.w.org\/{rel}","templated":true}]}}