{"id":10232,"date":"2025-09-09T10:50:36","date_gmt":"2025-09-09T10:50:36","guid":{"rendered":"https:\/\/redsea-dream-tours.com\/?post_type=product&#038;p=10232"},"modified":"2025-10-20T21:40:08","modified_gmt":"2025-10-20T21:40:08","slug":"marsa-alam-transfer-overnight-limousine","status":"publish","type":"product","link":"https:\/\/redsea-dream-tours.com\/de\/produkt\/marsa-alam-transfer-overnight-limousine\/","title":{"rendered":"Marsa Alam Transfer, Limousine \u00fcber Nacht"},"content":{"rendered":"<h3 data-start=\"129\" data-end=\"190\">\ud83d\ude96 Marsa Alam Transfer mit \u00dcbernachtung in der Limousine<\/h3>\n<p data-start=\"192\" data-end=\"503\">Reisen nach Marsa Alam in <strong data-start=\"216\" data-end=\"246\">Luxus, Komfort und Stil<\/strong> mit unserem exklusiven <strong data-start=\"266\" data-end=\"296\">Limousinen-Transfer-Service<\/strong>, speziell f\u00fcr lange Fahrten mit einem <strong data-start=\"351\" data-end=\"369\">Zwischen\u00fcbernachtung<\/strong>. Ob Sie nun von <strong data-start=\"398\" data-end=\"441\">Kairo, Luxor, Hurghada oder eine andere Stadt<\/strong>, gew\u00e4hrleisten wir eine <strong data-start=\"455\" data-end=\"500\">stressfreies und elegantes Reiseerlebnis<\/strong>.<\/p>\n<h4 data-start=\"505\" data-end=\"538\">\ud83c\udfc1 Premium-Abholservice<\/h4>\n<ul data-start=\"539\" data-end=\"668\">\n<li data-start=\"539\" data-end=\"607\">\n<p data-start=\"541\" data-end=\"607\">\ud83c\udfe8 <strong data-start=\"544\" data-end=\"571\">Sammlung von T\u00fcr zu T\u00fcr<\/strong> von Ihrer Stadt, Ihrem Hotel oder Ihrem Flughafen<\/p>\n<\/li>\n<li data-start=\"608\" data-end=\"668\">\n<p data-start=\"610\" data-end=\"668\">\u23f0 <strong data-start=\"612\" data-end=\"640\">Flexible Abfahrtszeiten<\/strong> f\u00fcr Ihre Reisepl\u00e4ne<\/p>\n<\/li>\n<\/ul>\n<h4 data-start=\"670\" data-end=\"708\">\ud83d\ude98 Luxuri\u00f6se Limousine Merkmale<\/h4>\n<p data-start=\"709\" data-end=\"741\">Genie\u00dfen Sie eine erstklassige Fahrt mit:<\/p>\n<ul data-start=\"742\" data-end=\"911\">\n<li data-start=\"742\" data-end=\"796\">\n<p data-start=\"744\" data-end=\"796\">\ud83e\ude91 <strong data-start=\"747\" data-end=\"794\">Hochwertige Ledersitze und ger\u00e4umiger Innenraum<\/strong><\/p>\n<\/li>\n<li data-start=\"797\" data-end=\"854\">\n<p data-start=\"799\" data-end=\"854\">\u2744\ufe0f <strong data-start=\"802\" data-end=\"831\">Fortschrittliche Klimatisierung<\/strong> f\u00fcr ultimativen Komfort<\/p>\n<\/li>\n<li data-start=\"855\" data-end=\"911\">\n<p data-start=\"857\" data-end=\"911\">\ud83d\udcbc <strong data-start=\"860\" data-end=\"889\">Gro\u00dfz\u00fcgige Gep\u00e4ckkapazit\u00e4t<\/strong> f\u00fcr Ihr Hab und Gut<\/p>\n<\/li>\n<\/ul>\n<h4 data-start=\"913\" data-end=\"947\">\ud83d\udee3\ufe0f \u00dcbernachtung inbegriffen<\/h4>\n<ul data-start=\"948\" data-end=\"1124\">\n<li data-start=\"948\" data-end=\"1011\">\n<p data-start=\"950\" data-end=\"1011\">\ud83c\udfe8 <strong data-start=\"953\" data-end=\"993\">Vorbestellte \u00dcbernachtungsm\u00f6glichkeiten<\/strong> entlang der Strecke<\/p>\n<\/li>\n<li data-start=\"1012\" data-end=\"1060\">\n<p data-start=\"1014\" data-end=\"1060\">\ud83c\udf7d\ufe0f <strong data-start=\"1018\" data-end=\"1058\">Optionale Pakete f\u00fcr Abendessen und Fr\u00fchst\u00fcck<\/strong><\/p>\n<\/li>\n<li data-start=\"1061\" data-end=\"1124\">\n<p data-start=\"1063\" data-end=\"1124\">\u23f3 Ideal f\u00fcr <strong data-start=\"1075\" data-end=\"1122\">Fernreisende, die Ruhepausen ben\u00f6tigen<\/strong><\/p>\n<\/li>\n<\/ul>\n<h4 data-start=\"1126\" data-end=\"1163\">\ud83e\uddd1\u200d\u2708\ufe0f Chauffeur-Service<\/h4>\n<ul data-start=\"1164\" data-end=\"1290\">\n<li data-start=\"1164\" data-end=\"1226\">\n<p data-start=\"1166\" data-end=\"1226\">\ud83d\udc68\u200d\u2708\ufe0f <strong data-start=\"1172\" data-end=\"1224\">Professionelle, lizenzierte und zuvorkommende Chauffeure<\/strong><\/p>\n<\/li>\n<li data-start=\"1227\" data-end=\"1290\">\n<p data-start=\"1229\" data-end=\"1290\">\ud83d\udee1\ufe0f Fokussiert auf <strong data-start=\"1244\" data-end=\"1288\">Sicherheit, P\u00fcnktlichkeit und erstklassiger Service<\/strong><\/p>\n<\/li>\n<\/ul>\n<h4 data-start=\"1292\" data-end=\"1331\">\ud83c\udfc1 Elegante Ankunft in Marsa Alam<\/h4>\n<p data-start=\"1332\" data-end=\"1491\">Nach dem Aufwachen setzen Sie Ihre Reise nach Marsa Alam fort, wo Sie <strong data-start=\"1409\" data-end=\"1471\">Abholung in Ihrem Hotel, am Urlaubsort oder an einem anderen gew\u00fcnschten Ort<\/strong> in v\u00f6lligem Komfort.<\/p>\n<h3 data-start=\"2198\" data-end=\"2225\"><strong data-start=\"2205\" data-end=\"2223\">Die Zahlung in USD ($ \ud83c\uddfa\ud83c\uddf8) anstelle von EUR (\ud83c\uddea\ud83c\uddfa) ist je nach Tageskurs der Bank m\u00f6glich.<\/strong><\/h3>\n<p><strong>Buchen Sie \u00fcber WhatsApp:<\/strong><\/p>\n<p><a href=\"https:\/\/wa.me\/201021058859\" target=\"_blank\" rel=\"noopener\">\u00a0<img decoding=\"async\" class=\"alignnone wp-image-2058\" src=\"https:\/\/poehalisnamiegypt.com\/wp-content\/uploads\/2024\/02\/pngwing.com_-300x300.png\" sizes=\"auto, (max-width: 35px) 100vw, 35px\" srcset=\"https:\/\/poehalisnamiegypt.com\/wp-content\/uploads\/2024\/02\/pngwing.com_-300x300.png 300w, https:\/\/poehalisnamiegypt.com\/wp-content\/uploads\/2024\/02\/pngwing.com_-150x150.png 150w, https:\/\/poehalisnamiegypt.com\/wp-content\/uploads\/2024\/02\/pngwing.com_.png 584w\" alt=\"\" width=\"53\" height=\"53\" \/><\/a><\/p>\n<p>&nbsp;<\/p>","protected":false},"excerpt":{"rendered":"<p>\ud83d\ude96 Marsa Alam Transfer with Overnight Stay by Limousine Travel to Marsa Alam in luxury, comfort, and style with our exclusive limousine transfer service, specially designed for long journeys that include an overnight stop. Whether you&#8217;re coming from Cairo, Luxor, Hurghada, or another city, we ensure a stress-free and elegant travel experience. \ud83c\udfc1 Premium Pick-Up [&hellip;]<\/p>","protected":false},"featured_media":10907,"comment_status":"open","ping_status":"closed","template":"","meta":{"_monsterinsights_skip_tracking":false,"_monsterinsights_sitenote_active":false,"_monsterinsights_sitenote_note":"","_monsterinsights_sitenote_category":0},"product_brand":[],"product_cat":[69],"product_tag":[],"class_list":{"0":"post-10232","1":"product","2":"type-product","3":"status-publish","4":"has-post-thumbnail","6":"product_cat-transfer","8":"first","9":"instock","10":"shipping-taxable","11":"purchasable","12":"product-type-ovabrw_car_rental"},"_links":{"self":[{"href":"https:\/\/redsea-dream-tours.com\/de\/wp-json\/wp\/v2\/product\/10232","targetHints":{"allow":["GET"]}}],"collection":[{"href":"https:\/\/redsea-dream-tours.com\/de\/wp-json\/wp\/v2\/product"}],"about":[{"href":"https:\/\/redsea-dream-tours.com\/de\/wp-json\/wp\/v2\/types\/product"}],"replies":[{"embeddable":true,"href":"https:\/\/redsea-dream-tours.com\/de\/wp-json\/wp\/v2\/comments?post=10232"}],"wp:featuredmedia":[{"embeddable":true,"href":"https:\/\/redsea-dream-tours.com\/de\/wp-json\/wp\/v2\/media\/10907"}],"wp:attachment":[{"href":"https:\/\/redsea-dream-tours.com\/de\/wp-json\/wp\/v2\/media?parent=10232"}],"wp:term":[{"taxonomy":"product_brand","embeddable":true,"href":"https:\/\/redsea-dream-tours.com\/de\/wp-json\/wp\/v2\/product_brand?post=10232"},{"taxonomy":"product_cat","embeddable":true,"href":"https:\/\/redsea-dream-tours.com\/de\/wp-json\/wp\/v2\/product_cat?post=10232"},{"taxonomy":"product_tag","embeddable":true,"href":"https:\/\/redsea-dream-tours.com\/de\/wp-json\/wp\/v2\/product_tag?post=10232"}],"curies":[{"name":"wp","href":"https:\/\/api.w.org\/{rel}","templated":true}]}}