{"id":10224,"date":"2025-09-09T10:33:06","date_gmt":"2025-09-09T10:33:06","guid":{"rendered":"https:\/\/redsea-dream-tours.com\/?post_type=product&#038;p=10224"},"modified":"2025-10-20T21:42:15","modified_gmt":"2025-10-20T21:42:15","slug":"marsa-alam-internal-transfer-by-limousine-car","status":"publish","type":"product","link":"https:\/\/redsea-dream-tours.com\/de\/produkt\/marsa-alam-internal-transfer-by-limousine-car\/","title":{"rendered":"Marsa Alam interner Transfer mit Limousine"},"content":{"rendered":"<h3 data-start=\"133\" data-end=\"183\">\ud83d\ude96 Marsa Alam Interner Transfer mit Limousine<\/h3>\n<p data-start=\"185\" data-end=\"462\">Reisen in <strong data-start=\"195\" data-end=\"225\">Stil, Komfort und Luxus<\/strong> mit unserem exklusiven <strong data-start=\"245\" data-end=\"293\">Limousinen-Transferdienst innerhalb von Marsa Alam<\/strong>. Ob Sie eine sanfte Fahrt zwischen <strong data-start=\"334\" data-end=\"385\">Hotels, Ferienorte, Flugh\u00e4fen oder lokale Sehensw\u00fcrdigkeiten<\/strong>, bieten wir eine <strong data-start=\"400\" data-end=\"429\">Premium-Reiseerlebnis<\/strong> f\u00fcr Ihren Komfort entwickelt.<\/p>\n<h4 data-start=\"464\" data-end=\"490\">\ud83c\udfc1 Nahtlose Abholung<\/h4>\n<ul data-start=\"491\" data-end=\"627\">\n<li data-start=\"491\" data-end=\"569\">\n<p data-start=\"493\" data-end=\"569\">\ud83c\udfe8 <strong data-start=\"496\" data-end=\"520\">Haus-zu-Haus-Dienst<\/strong> von Ihrem Hotel, Resort oder dem Flughafen Marsa Alam<\/p>\n<\/li>\n<li data-start=\"570\" data-end=\"627\">\n<p data-start=\"572\" data-end=\"627\">\u23f0 <strong data-start=\"574\" data-end=\"602\">Flexible Abfahrtszeiten<\/strong> f\u00fcr Ihre Reiseroute<\/p>\n<\/li>\n<\/ul>\n<h4 data-start=\"629\" data-end=\"667\">\ud83d\ude98 Luxuri\u00f6ses und komfortables Fahren<\/h4>\n<p data-start=\"668\" data-end=\"719\">Erleben Sie die Eleganz unseres Limousinen-Service:<\/p>\n<ul data-start=\"720\" data-end=\"862\">\n<li data-start=\"720\" data-end=\"775\">\n<p data-start=\"722\" data-end=\"775\">\ud83e\ude91 <strong data-start=\"725\" data-end=\"752\">Premium-Ledersitze<\/strong> f\u00fcr ultimativen Komfort<\/p>\n<\/li>\n<li data-start=\"776\" data-end=\"814\">\n<p data-start=\"778\" data-end=\"814\">\u2744\ufe0f <strong data-start=\"781\" data-end=\"812\">Vollst\u00e4ndig klimatisierte Kabine<\/strong><\/p>\n<\/li>\n<li data-start=\"815\" data-end=\"862\">\n<p data-start=\"817\" data-end=\"862\">\ud83d\udcbc <strong data-start=\"820\" data-end=\"846\">Gro\u00dfz\u00fcgiger Gep\u00e4ckraum<\/strong> f\u00fcr Ihre Taschen<\/p>\n<\/li>\n<\/ul>\n<h4 data-start=\"864\" data-end=\"909\">\ud83d\udee3\ufe0f Perfekt f\u00fcr alle internen \u00dcberweisungen<\/h4>\n<p data-start=\"910\" data-end=\"922\">Ideal f\u00fcr:<\/p>\n<ul data-start=\"923\" data-end=\"1059\">\n<li data-start=\"923\" data-end=\"959\">\n<p data-start=\"925\" data-end=\"959\">\ud83c\udfd6\ufe0f <strong data-start=\"929\" data-end=\"957\">Hotel-zu-Hotel-Transfers<\/strong><\/p>\n<\/li>\n<li data-start=\"960\" data-end=\"1001\">\n<p data-start=\"962\" data-end=\"1001\">\u2708\ufe0f <strong data-start=\"965\" data-end=\"999\">Abholungen und Ablieferungen am Flughafen<\/strong><\/p>\n<\/li>\n<li data-start=\"1002\" data-end=\"1059\">\n<p data-start=\"1004\" data-end=\"1059\">\ud83c\udfdd\ufe0f <strong data-start=\"1008\" data-end=\"1057\">Private Fahrten zu lokalen Attraktionen oder Str\u00e4nden<\/strong><\/p>\n<\/li>\n<\/ul>\n<h4 data-start=\"1061\" data-end=\"1104\">\ud83e\uddd1\u200d\u2708\ufe0f Professioneller Chauffeurdienst<\/h4>\n<ul data-start=\"1105\" data-end=\"1225\">\n<li data-start=\"1105\" data-end=\"1166\">\n<p data-start=\"1107\" data-end=\"1166\">\ud83d\udc68\u200d\u2708\ufe0f <strong data-start=\"1113\" data-end=\"1164\">Erfahrene, zuvorkommende und lizenzierte Chauffeure<\/strong><\/p>\n<\/li>\n<li data-start=\"1167\" data-end=\"1225\">\n<p data-start=\"1169\" data-end=\"1225\">\ud83d\udee1\ufe0f Fokussiert auf <strong data-start=\"1184\" data-end=\"1223\">P\u00fcnktlichkeit, Sicherheit und Diskretion<\/strong><\/p>\n<\/li>\n<\/ul>\n<h4 data-start=\"1227\" data-end=\"1251\">\ud83c\udfc1 Reibungslose Ankunft<\/h4>\n<p data-start=\"1252\" data-end=\"1362\">Erreichen Sie Ihr Ziel in <strong data-start=\"1282\" data-end=\"1303\">Komfort und Stil<\/strong>, bereit, Ihre Pl\u00e4ne in Marsa Alam ohne Stress zu genie\u00dfen.<\/p>\n<h3 data-start=\"2198\" data-end=\"2225\"><strong data-start=\"2205\" data-end=\"2223\">Die Zahlung in USD ($ \ud83c\uddfa\ud83c\uddf8) anstelle von EUR (\ud83c\uddea\ud83c\uddfa) ist je nach Tageskurs der Bank m\u00f6glich.<\/strong><\/h3>\n<p><strong>Buchen Sie \u00fcber WhatsApp:<\/strong><\/p>\n<p><a href=\"https:\/\/wa.me\/201021058859\" target=\"_blank\" rel=\"noopener\">\u00a0<img decoding=\"async\" class=\"alignnone wp-image-2058\" src=\"https:\/\/poehalisnamiegypt.com\/wp-content\/uploads\/2024\/02\/pngwing.com_-300x300.png\" sizes=\"auto, (max-width: 35px) 100vw, 35px\" srcset=\"https:\/\/poehalisnamiegypt.com\/wp-content\/uploads\/2024\/02\/pngwing.com_-300x300.png 300w, https:\/\/poehalisnamiegypt.com\/wp-content\/uploads\/2024\/02\/pngwing.com_-150x150.png 150w, https:\/\/poehalisnamiegypt.com\/wp-content\/uploads\/2024\/02\/pngwing.com_.png 584w\" alt=\"\" width=\"53\" height=\"53\" \/><\/a><\/p>\n<p>&nbsp;<\/p>","protected":false},"excerpt":{"rendered":"<p>\ud83d\ude96 Marsa Alam Internal Transfer by Limousine Travel in style, comfort, and luxury with our exclusive limousine transfer service within Marsa Alam. Whether you need a smooth ride between hotels, resorts, airports, or local attractions, we provide a premium travel experience designed for your convenience. \ud83c\udfc1 Seamless Pick-Up \ud83c\udfe8 Door-to-door service from your hotel, resort, [&hellip;]<\/p>","protected":false},"featured_media":10911,"comment_status":"open","ping_status":"closed","template":"","meta":{"_monsterinsights_skip_tracking":false,"_monsterinsights_sitenote_active":false,"_monsterinsights_sitenote_note":"","_monsterinsights_sitenote_category":0},"product_brand":[],"product_cat":[69],"product_tag":[],"class_list":{"0":"post-10224","1":"product","2":"type-product","3":"status-publish","4":"has-post-thumbnail","6":"product_cat-transfer","8":"first","9":"instock","10":"shipping-taxable","11":"purchasable","12":"product-type-ovabrw_car_rental"},"_links":{"self":[{"href":"https:\/\/redsea-dream-tours.com\/de\/wp-json\/wp\/v2\/product\/10224","targetHints":{"allow":["GET"]}}],"collection":[{"href":"https:\/\/redsea-dream-tours.com\/de\/wp-json\/wp\/v2\/product"}],"about":[{"href":"https:\/\/redsea-dream-tours.com\/de\/wp-json\/wp\/v2\/types\/product"}],"replies":[{"embeddable":true,"href":"https:\/\/redsea-dream-tours.com\/de\/wp-json\/wp\/v2\/comments?post=10224"}],"wp:featuredmedia":[{"embeddable":true,"href":"https:\/\/redsea-dream-tours.com\/de\/wp-json\/wp\/v2\/media\/10911"}],"wp:attachment":[{"href":"https:\/\/redsea-dream-tours.com\/de\/wp-json\/wp\/v2\/media?parent=10224"}],"wp:term":[{"taxonomy":"product_brand","embeddable":true,"href":"https:\/\/redsea-dream-tours.com\/de\/wp-json\/wp\/v2\/product_brand?post=10224"},{"taxonomy":"product_cat","embeddable":true,"href":"https:\/\/redsea-dream-tours.com\/de\/wp-json\/wp\/v2\/product_cat?post=10224"},{"taxonomy":"product_tag","embeddable":true,"href":"https:\/\/redsea-dream-tours.com\/de\/wp-json\/wp\/v2\/product_tag?post=10224"}],"curies":[{"name":"wp","href":"https:\/\/api.w.org\/{rel}","templated":true}]}}