{"id":10219,"date":"2025-09-09T10:19:52","date_gmt":"2025-09-09T10:19:52","guid":{"rendered":"https:\/\/redsea-dream-tours.com\/?post_type=product&#038;p=10219"},"modified":"2025-10-20T21:44:10","modified_gmt":"2025-10-20T21:44:10","slug":"transfer-to-hurghada-luxor-hiace-car","status":"publish","type":"product","link":"https:\/\/redsea-dream-tours.com\/de\/produkt\/transfer-to-hurghada-luxor-hiace-car\/","title":{"rendered":"Transfer nach Hurghada Luxor Hiace Auto"},"content":{"rendered":"<h3 data-start=\"151\" data-end=\"212\">\ud83d\ude90 Privater Transfer von Hurghada nach Luxor mit dem Hiace Auto<\/h3>\n<p data-start=\"214\" data-end=\"518\">Reisen in <strong data-start=\"224\" data-end=\"260\">Komfort, Sicherheit und Bequemlichkeit<\/strong> von <strong data-start=\"266\" data-end=\"287\">Hurghada nach Luxor<\/strong> mit unserem privaten <strong data-start=\"305\" data-end=\"338\">Toyota Hiace \u00dcberf\u00fchrungsdienst<\/strong>. Ob Sie nun auf dem Weg sind, die <strong data-start=\"378\" data-end=\"401\">Tal der K\u00f6nige<\/strong>, auf den Weg machen <strong data-start=\"415\" data-end=\"430\">Nilkreuzfahrt<\/strong>, oder die weltber\u00fchmten Tempel von Luxor besuchen, sorgen wir f\u00fcr einen <strong data-start=\"483\" data-end=\"515\">reibungslose und angenehme Reise<\/strong>.<\/p>\n<h4 data-start=\"520\" data-end=\"553\">\ud83c\udfc1 Einfache und flexible Abholung<\/h4>\n<ul data-start=\"554\" data-end=\"701\">\n<li data-start=\"554\" data-end=\"635\">\n<p data-start=\"556\" data-end=\"635\">\ud83c\udfe8 <strong data-start=\"559\" data-end=\"583\">Haus-zu-Haus-Dienst<\/strong> von Ihrem Hotel, Resort oder Wohnort in Hurghada<\/p>\n<\/li>\n<li data-start=\"636\" data-end=\"701\">\n<p data-start=\"638\" data-end=\"701\">\u23f0 <strong data-start=\"640\" data-end=\"668\">Flexible Abfahrtszeiten<\/strong> entsprechend Ihren Reisepl\u00e4nen<\/p>\n<\/li>\n<\/ul>\n<h4 data-start=\"703\" data-end=\"740\">\ud83d\ude98 Komfortable und ger\u00e4umige Fahrt<\/h4>\n<p data-start=\"741\" data-end=\"807\">Unser Hiace-Van ist ideal f\u00fcr Familien, Gruppen oder kleine Gesellschaften:<\/p>\n<ul data-start=\"808\" data-end=\"978\">\n<li data-start=\"808\" data-end=\"859\">\n<p data-start=\"810\" data-end=\"859\">\ud83e\ude91 <strong data-start=\"813\" data-end=\"857\">Ger\u00e4umige Sitzpl\u00e4tze f\u00fcr bis zu 10 Passagiere<\/strong><\/p>\n<\/li>\n<li data-start=\"860\" data-end=\"924\">\n<p data-start=\"862\" data-end=\"924\">\u2744\ufe0f <strong data-start=\"865\" data-end=\"893\">Klimatisierter Innenraum<\/strong> f\u00fcr eine k\u00fchle und angenehme Reise<\/p>\n<\/li>\n<li data-start=\"925\" data-end=\"978\">\n<p data-start=\"927\" data-end=\"978\">\ud83d\udcbc <strong data-start=\"930\" data-end=\"956\">Gro\u00dfes Gep\u00e4ckvolumen<\/strong> f\u00fcr Ihr Hab und Gut<\/p>\n<\/li>\n<\/ul>\n<h4 data-start=\"980\" data-end=\"1018\">\ud83d\udee3\ufe0f Landschaftliches Road Trip Erlebnis<\/h4>\n<p data-start=\"1019\" data-end=\"1119\">Reisen durch <strong data-start=\"1034\" data-end=\"1087\">Die Landschaften der \u00f6stlichen W\u00fcste und des Niltals in \u00c4gypten<\/strong>, mit der M\u00f6glichkeit zum Anhalten f\u00fcr:<\/p>\n<ul data-start=\"1120\" data-end=\"1205\">\n<li data-start=\"1120\" data-end=\"1155\">\n<p data-start=\"1122\" data-end=\"1155\">\u2615 Erfrischungen und kurze Pausen<\/p>\n<\/li>\n<li data-start=\"1156\" data-end=\"1205\">\n<p data-start=\"1158\" data-end=\"1205\">\ud83d\udcf8 Landschaftlich reizvolle Fotomotive entlang der Strecke<\/p>\n<\/li>\n<\/ul>\n<h4 data-start=\"1207\" data-end=\"1251\">\ud83e\uddd1\u200d\u2708\ufe0f Zuverl\u00e4ssiger und professioneller Service<\/h4>\n<ul data-start=\"1252\" data-end=\"1369\">\n<li data-start=\"1252\" data-end=\"1316\">\n<p data-start=\"1254\" data-end=\"1316\">\ud83d\udc68\u200d\u2708\ufe0f <strong data-start=\"1260\" data-end=\"1293\">Zugelassene, erfahrene Fahrer<\/strong> Gew\u00e4hrleistung einer sicheren Reise<\/p>\n<\/li>\n<li data-start=\"1317\" data-end=\"1369\">\n<p data-start=\"1319\" data-end=\"1369\">\ud83d\udee1\ufe0f P\u00fcnktliche, private und problemlose Transfers<\/p>\n<\/li>\n<\/ul>\n<h4 data-start=\"1371\" data-end=\"1404\">\ud83c\udfc1 Reibungslose Ankunft in Luxor<\/h4>\n<p data-start=\"1405\" data-end=\"1529\">Kommen Sie direkt zu Ihrem <strong data-start=\"1429\" data-end=\"1486\">Hotel, Kreuzfahrtschiff oder bevorzugtes Reiseziel in Luxor<\/strong>, entspannt und bereit f\u00fcr Ihre Erkundung.<\/p>\n<h3 data-start=\"2198\" data-end=\"2225\"><strong data-start=\"2205\" data-end=\"2223\">Die Zahlung in USD ($ \ud83c\uddfa\ud83c\uddf8) anstelle von EUR (\ud83c\uddea\ud83c\uddfa) ist je nach Tageskurs der Bank m\u00f6glich.<\/strong><\/h3>\n<p><strong>Buchen Sie \u00fcber WhatsApp:<\/strong><\/p>\n<p><a href=\"https:\/\/wa.me\/201021058859\" target=\"_blank\" rel=\"noopener\">\u00a0<img decoding=\"async\" class=\"alignnone wp-image-2058\" src=\"https:\/\/poehalisnamiegypt.com\/wp-content\/uploads\/2024\/02\/pngwing.com_-300x300.png\" sizes=\"auto, (max-width: 35px) 100vw, 35px\" srcset=\"https:\/\/poehalisnamiegypt.com\/wp-content\/uploads\/2024\/02\/pngwing.com_-300x300.png 300w, https:\/\/poehalisnamiegypt.com\/wp-content\/uploads\/2024\/02\/pngwing.com_-150x150.png 150w, https:\/\/poehalisnamiegypt.com\/wp-content\/uploads\/2024\/02\/pngwing.com_.png 584w\" alt=\"\" width=\"53\" height=\"53\" \/><\/a><\/p>\n<p>&nbsp;<\/p>","protected":false},"excerpt":{"rendered":"<p>\ud83d\ude90 Private Transfer from Hurghada to Luxor by Hiace Car Travel in comfort, safety, and convenience from Hurghada to Luxor with our private Toyota Hiace transfer service. Whether you\u2019re heading to explore the Valley of the Kings, embark on a Nile cruise, or visit Luxor\u2019s world-famous temples, we ensure a smooth and enjoyable journey. \ud83c\udfc1 [&hellip;]<\/p>","protected":false},"featured_media":10905,"comment_status":"open","ping_status":"closed","template":"","meta":{"_monsterinsights_skip_tracking":false,"_monsterinsights_sitenote_active":false,"_monsterinsights_sitenote_note":"","_monsterinsights_sitenote_category":0},"product_brand":[],"product_cat":[69],"product_tag":[],"class_list":{"0":"post-10219","1":"product","2":"type-product","3":"status-publish","4":"has-post-thumbnail","6":"product_cat-transfer","8":"first","9":"instock","10":"shipping-taxable","11":"purchasable","12":"product-type-ovabrw_car_rental"},"_links":{"self":[{"href":"https:\/\/redsea-dream-tours.com\/de\/wp-json\/wp\/v2\/product\/10219","targetHints":{"allow":["GET"]}}],"collection":[{"href":"https:\/\/redsea-dream-tours.com\/de\/wp-json\/wp\/v2\/product"}],"about":[{"href":"https:\/\/redsea-dream-tours.com\/de\/wp-json\/wp\/v2\/types\/product"}],"replies":[{"embeddable":true,"href":"https:\/\/redsea-dream-tours.com\/de\/wp-json\/wp\/v2\/comments?post=10219"}],"wp:featuredmedia":[{"embeddable":true,"href":"https:\/\/redsea-dream-tours.com\/de\/wp-json\/wp\/v2\/media\/10905"}],"wp:attachment":[{"href":"https:\/\/redsea-dream-tours.com\/de\/wp-json\/wp\/v2\/media?parent=10219"}],"wp:term":[{"taxonomy":"product_brand","embeddable":true,"href":"https:\/\/redsea-dream-tours.com\/de\/wp-json\/wp\/v2\/product_brand?post=10219"},{"taxonomy":"product_cat","embeddable":true,"href":"https:\/\/redsea-dream-tours.com\/de\/wp-json\/wp\/v2\/product_cat?post=10219"},{"taxonomy":"product_tag","embeddable":true,"href":"https:\/\/redsea-dream-tours.com\/de\/wp-json\/wp\/v2\/product_tag?post=10219"}],"curies":[{"name":"wp","href":"https:\/\/api.w.org\/{rel}","templated":true}]}}