{"id":10217,"date":"2025-09-09T10:09:13","date_gmt":"2025-09-09T10:09:13","guid":{"rendered":"https:\/\/redsea-dream-tours.com\/?post_type=product&#038;p=10217"},"modified":"2025-10-20T21:45:13","modified_gmt":"2025-10-20T21:45:13","slug":"transfer-hurghada-to-cairo-haas-s-car","status":"publish","type":"product","link":"https:\/\/redsea-dream-tours.com\/de\/produkt\/transfer-hurghada-to-cairo-haas-s-car\/","title":{"rendered":"Transfer Hurghada nach Kairo Hiace Auto"},"content":{"rendered":"<h3 data-start=\"139\" data-end=\"200\">\ud83d\ude90 Privater Transfer von Hurghada nach Kairo mit dem Hiace Auto<\/h3>\n<p data-start=\"202\" data-end=\"480\">Reisen Sie bequem und einfach von <strong data-start=\"234\" data-end=\"255\">Hurghada nach Kairo<\/strong> mit unserem privaten <strong data-start=\"273\" data-end=\"306\">Toyota Hiace \u00dcberf\u00fchrungsdienst<\/strong>. Ob Sie nun auf dem Weg zu <strong data-start=\"334\" data-end=\"358\">die Pyramiden erkunden<\/strong>, oder Ihre Familie besuchen oder Ihre Reise in \u00c4gyptens pulsierender Hauptstadt fortsetzen m\u00f6chten, sorgen wir f\u00fcr einen <strong data-start=\"440\" data-end=\"477\">reibungslose, sichere und bequeme Fahrt<\/strong>.<\/p>\n<h4 data-start=\"482\" data-end=\"511\">\ud83c\udfc1 Problemlose Abholung<\/h4>\n<ul data-start=\"512\" data-end=\"645\">\n<li data-start=\"512\" data-end=\"584\">\n<p data-start=\"514\" data-end=\"584\">\ud83c\udfe8 <strong data-start=\"517\" data-end=\"541\">Haus-zu-Haus-Dienst<\/strong> von Ihrem Hotel oder Wohnort in Hurghada<\/p>\n<\/li>\n<li data-start=\"585\" data-end=\"645\">\n<p data-start=\"587\" data-end=\"645\">\u23f0 <strong data-start=\"589\" data-end=\"617\">Flexible Abfahrtszeiten<\/strong> zugeschnitten auf Ihren Zeitplan<\/p>\n<\/li>\n<\/ul>\n<h4 data-start=\"647\" data-end=\"687\">\ud83d\ude98 Ger\u00e4umiges und komfortables Fahrzeug<\/h4>\n<p data-start=\"688\" data-end=\"734\">Unser Hiace Transporter ist f\u00fcr lange Fahrten konzipiert:<\/p>\n<ul data-start=\"735\" data-end=\"911\">\n<li data-start=\"735\" data-end=\"786\">\n<p data-start=\"737\" data-end=\"786\">\ud83e\ude91 <strong data-start=\"740\" data-end=\"784\">Ger\u00e4umige Sitzpl\u00e4tze f\u00fcr bis zu 10 Passagiere<\/strong><\/p>\n<\/li>\n<li data-start=\"787\" data-end=\"848\">\n<p data-start=\"789\" data-end=\"848\">\u2744\ufe0f <strong data-start=\"792\" data-end=\"826\">Vollst\u00e4ndig klimatisierter Innenraum<\/strong> f\u00fcr maximalen Komfort<\/p>\n<\/li>\n<li data-start=\"849\" data-end=\"911\">\n<p data-start=\"851\" data-end=\"911\">\ud83d\udcbc <strong data-start=\"854\" data-end=\"880\">Gro\u00dfes Gep\u00e4ckvolumen<\/strong> f\u00fcr Ihr Gep\u00e4ck und Ihre Habseligkeiten<\/p>\n<\/li>\n<\/ul>\n<h4 data-start=\"913\" data-end=\"943\">\ud83d\udee3\ufe0f Reise \u00fcber die Panoramastra\u00dfe<\/h4>\n<p data-start=\"944\" data-end=\"1068\">Genie\u00dfen Sie die wechselnden Aussichten auf Ihrer Reise durch <strong data-start=\"990\" data-end=\"1039\">\u00c4gyptens W\u00fcstenautobahnen und Niltalstra\u00dfen<\/strong>, mit Haltestellen f\u00fcr:<\/p>\n<ul data-start=\"1069\" data-end=\"1137\">\n<li data-start=\"1069\" data-end=\"1104\">\n<p data-start=\"1071\" data-end=\"1104\">\u2615 Kurze Pausen und Erfrischungen<\/p>\n<\/li>\n<li data-start=\"1105\" data-end=\"1137\">\n<p data-start=\"1107\" data-end=\"1137\">\ud83d\udcf8 Schnelle Fotom\u00f6glichkeiten<\/p>\n<\/li>\n<\/ul>\n<h4 data-start=\"1139\" data-end=\"1172\">\ud83e\uddd1\u200d\u2708\ufe0f Professioneller Service<\/h4>\n<ul data-start=\"1173\" data-end=\"1275\">\n<li data-start=\"1173\" data-end=\"1219\">\n<p data-start=\"1175\" data-end=\"1219\">\ud83d\udc68\u200d\u2708\ufe0f Erfahrene und <strong data-start=\"1197\" data-end=\"1217\">lizenzierte Fahrer<\/strong><\/p>\n<\/li>\n<li data-start=\"1220\" data-end=\"1275\">\n<p data-start=\"1222\" data-end=\"1275\">\ud83d\udee1\ufe0f Fokussiert auf <strong data-start=\"1237\" data-end=\"1273\">Sicherheit, P\u00fcnktlichkeit und Komfort<\/strong><\/p>\n<\/li>\n<\/ul>\n<h4 data-start=\"1277\" data-end=\"1310\">\ud83c\udfc1 Reibungslose Ankunft in Kairo<\/h4>\n<p data-start=\"1311\" data-end=\"1435\">Wir setzen Sie direkt an Ihrem Wohnort ab <strong data-start=\"1344\" data-end=\"1401\">Hotel, Flughafen oder jedes beliebige Ziel in Kairo<\/strong>, bereit f\u00fcr Ihr Stadtabenteuer.<\/p>\n<h3 data-start=\"2198\" data-end=\"2225\"><strong data-start=\"2205\" data-end=\"2223\">Die Zahlung in USD ($ \ud83c\uddfa\ud83c\uddf8) anstelle von EUR (\ud83c\uddea\ud83c\uddfa) ist je nach Tageskurs der Bank m\u00f6glich.<\/strong><\/h3>\n<p><strong>Buchen Sie \u00fcber WhatsApp:<\/strong><\/p>\n<p><a href=\"https:\/\/wa.me\/201021058859\" target=\"_blank\" rel=\"noopener\">\u00a0<img decoding=\"async\" class=\"alignnone wp-image-2058\" src=\"https:\/\/poehalisnamiegypt.com\/wp-content\/uploads\/2024\/02\/pngwing.com_-300x300.png\" sizes=\"auto, (max-width: 35px) 100vw, 35px\" srcset=\"https:\/\/poehalisnamiegypt.com\/wp-content\/uploads\/2024\/02\/pngwing.com_-300x300.png 300w, https:\/\/poehalisnamiegypt.com\/wp-content\/uploads\/2024\/02\/pngwing.com_-150x150.png 150w, https:\/\/poehalisnamiegypt.com\/wp-content\/uploads\/2024\/02\/pngwing.com_.png 584w\" alt=\"\" width=\"53\" height=\"53\" \/><\/a><\/p>\n<p>&nbsp;<\/p>","protected":false},"excerpt":{"rendered":"<p>\ud83d\ude90 Private Transfer from Hurghada to Cairo by Hiace Car Travel in comfort and ease from Hurghada to Cairo with our private Toyota Hiace transfer service. Whether you\u2019re heading to explore the Pyramids, visit family, or continue your journey in Egypt\u2019s bustling capital, we ensure a smooth, safe, and convenient ride. \ud83c\udfc1 Hassle-Free Pick-Up \ud83c\udfe8 [&hellip;]<\/p>","protected":false},"featured_media":10908,"comment_status":"open","ping_status":"closed","template":"","meta":{"_monsterinsights_skip_tracking":false,"_monsterinsights_sitenote_active":false,"_monsterinsights_sitenote_note":"","_monsterinsights_sitenote_category":0},"product_brand":[],"product_cat":[69],"product_tag":[],"class_list":{"0":"post-10217","1":"product","2":"type-product","3":"status-publish","4":"has-post-thumbnail","6":"product_cat-transfer","8":"first","9":"instock","10":"shipping-taxable","11":"purchasable","12":"product-type-ovabrw_car_rental"},"_links":{"self":[{"href":"https:\/\/redsea-dream-tours.com\/de\/wp-json\/wp\/v2\/product\/10217","targetHints":{"allow":["GET"]}}],"collection":[{"href":"https:\/\/redsea-dream-tours.com\/de\/wp-json\/wp\/v2\/product"}],"about":[{"href":"https:\/\/redsea-dream-tours.com\/de\/wp-json\/wp\/v2\/types\/product"}],"replies":[{"embeddable":true,"href":"https:\/\/redsea-dream-tours.com\/de\/wp-json\/wp\/v2\/comments?post=10217"}],"wp:featuredmedia":[{"embeddable":true,"href":"https:\/\/redsea-dream-tours.com\/de\/wp-json\/wp\/v2\/media\/10908"}],"wp:attachment":[{"href":"https:\/\/redsea-dream-tours.com\/de\/wp-json\/wp\/v2\/media?parent=10217"}],"wp:term":[{"taxonomy":"product_brand","embeddable":true,"href":"https:\/\/redsea-dream-tours.com\/de\/wp-json\/wp\/v2\/product_brand?post=10217"},{"taxonomy":"product_cat","embeddable":true,"href":"https:\/\/redsea-dream-tours.com\/de\/wp-json\/wp\/v2\/product_cat?post=10217"},{"taxonomy":"product_tag","embeddable":true,"href":"https:\/\/redsea-dream-tours.com\/de\/wp-json\/wp\/v2\/product_tag?post=10217"}],"curies":[{"name":"wp","href":"https:\/\/api.w.org\/{rel}","templated":true}]}}