{"id":10210,"date":"2025-09-09T09:56:06","date_gmt":"2025-09-09T09:56:06","guid":{"rendered":"https:\/\/redsea-dream-tours.com\/?post_type=product&#038;p=10210"},"modified":"2025-10-20T21:46:16","modified_gmt":"2025-10-20T21:46:16","slug":"transfer-hurghada-to-aswan-hiace-car","status":"publish","type":"product","link":"https:\/\/redsea-dream-tours.com\/de\/produkt\/transfer-hurghada-to-aswan-hiace-car\/","title":{"rendered":"Transfer Hurghada nach Assuan Hiace Auto"},"content":{"rendered":"<h3 data-start=\"148\" data-end=\"209\">\ud83d\ude90 Privater Transfer von Hurghada nach Assuan mit dem Hiace Auto<\/h3>\n<p data-start=\"211\" data-end=\"470\">Reisen Sie bequem und stressfrei von <strong data-start=\"251\" data-end=\"272\">Hurghada nach Assuan<\/strong> mit unserem zuverl\u00e4ssigen <strong data-start=\"291\" data-end=\"329\">Privater Hiace Auto-Transfer-Service<\/strong>. Ob Sie nun auf dem Weg zu einer <strong data-start=\"360\" data-end=\"419\">eine Gesch\u00e4ftsreise, eine Nilkreuzfahrt oder ein historisches Abenteuer<\/strong>Wir sorgen daf\u00fcr, dass Ihre Reise reibungslos und angenehm verl\u00e4uft.<\/p>\n<h4 data-start=\"472\" data-end=\"500\">\ud83c\udfc1 Bequeme Abholung<\/h4>\n<ul data-start=\"501\" data-end=\"647\">\n<li data-start=\"501\" data-end=\"590\">\n<p data-start=\"503\" data-end=\"590\">\ud83c\udfe8 <strong data-start=\"506\" data-end=\"530\">Haus-zu-Haus-Dienst<\/strong> - Abholung von Ihrem Hotel oder dem gew\u00fcnschten Ort in Hurghada<\/p>\n<\/li>\n<li data-start=\"591\" data-end=\"647\">\n<p data-start=\"593\" data-end=\"647\">\u23f0 <strong data-start=\"595\" data-end=\"623\">Flexible Abfahrtszeiten<\/strong> f\u00fcr Ihren Zeitplan<\/p>\n<\/li>\n<\/ul>\n<h4 data-start=\"649\" data-end=\"686\">\ud83d\ude98 Komfortable und ger\u00e4umige Fahrt<\/h4>\n<p data-start=\"687\" data-end=\"728\">Unser modernes <strong data-start=\"698\" data-end=\"718\">Toyota Hiace Lieferwagen<\/strong> Angebote:<\/p>\n<ul data-start=\"729\" data-end=\"885\">\n<li data-start=\"729\" data-end=\"780\">\n<p data-start=\"731\" data-end=\"780\">\ud83e\ude91 <strong data-start=\"734\" data-end=\"778\">Ger\u00e4umige Sitzpl\u00e4tze f\u00fcr bis zu 10 Passagiere<\/strong><\/p>\n<\/li>\n<li data-start=\"781\" data-end=\"836\">\n<p data-start=\"783\" data-end=\"836\">\u2744\ufe0f <strong data-start=\"786\" data-end=\"814\">Klimatisierter Innenraum<\/strong> f\u00fcr eine entspannende Reise<\/p>\n<\/li>\n<li data-start=\"837\" data-end=\"885\">\n<p data-start=\"839\" data-end=\"885\">\ud83d\udcbc Jede Menge <strong data-start=\"852\" data-end=\"869\">Gep\u00e4ckraum<\/strong> f\u00fcr Ihre Taschen<\/p>\n<\/li>\n<\/ul>\n<h4 data-start=\"887\" data-end=\"912\">\ud83d\udee3\ufe0f Landschaftliche Reise<\/h4>\n<p data-start=\"913\" data-end=\"1041\">Genie\u00dfen Sie die Fahrt durch die <strong data-start=\"954\" data-end=\"1006\">atemberaubende W\u00fcstenlandschaften und Ausblicke auf das Niltal<\/strong>mit Gelegenheiten zum Anhalten:<\/p>\n<ul data-start=\"1042\" data-end=\"1098\">\n<li data-start=\"1042\" data-end=\"1065\">\n<p data-start=\"1044\" data-end=\"1065\">\u2615 Kurze Ruhepausen<\/p>\n<\/li>\n<li data-start=\"1066\" data-end=\"1098\">\n<p data-start=\"1068\" data-end=\"1098\">\ud83d\udcf8 Schnelle Fotom\u00f6glichkeiten<\/p>\n<\/li>\n<\/ul>\n<h4 data-start=\"1100\" data-end=\"1133\">\ud83e\uddd1\u200d\u2708\ufe0f Professioneller Service<\/h4>\n<ul data-start=\"1134\" data-end=\"1230\">\n<li data-start=\"1134\" data-end=\"1180\">\n<p data-start=\"1136\" data-end=\"1180\">\ud83d\udc68\u200d\u2708\ufe0f Erfahrene und <strong data-start=\"1158\" data-end=\"1178\">freundliche Fahrer<\/strong><\/p>\n<\/li>\n<li data-start=\"1181\" data-end=\"1230\">\n<p data-start=\"1183\" data-end=\"1230\">\ud83d\udea6 Sicher, <strong data-start=\"1192\" data-end=\"1228\">lizenzierte und p\u00fcnktliche Transfers<\/strong><\/p>\n<\/li>\n<\/ul>\n<h4 data-start=\"1232\" data-end=\"1257\">\ud83c\udfc1 Sanftes Abfallen<\/h4>\n<p data-start=\"1258\" data-end=\"1368\">Kommen Sie bequem zu Ihrem <strong data-start=\"1285\" data-end=\"1334\">Hotel, Kreuzfahrt oder ausgew\u00e4hltes Reiseziel in Assuan<\/strong>und bereit, Ihr Abenteuer zu beginnen.<\/p>\n<h3 data-start=\"2198\" data-end=\"2225\"><strong data-start=\"2205\" data-end=\"2223\">Die Zahlung in USD ($ \ud83c\uddfa\ud83c\uddf8) anstelle von EUR (\ud83c\uddea\ud83c\uddfa) ist je nach Tageskurs der Bank m\u00f6glich.<\/strong><\/h3>\n<p><strong>Buchen Sie \u00fcber WhatsApp:<\/strong><\/p>\n<p><a href=\"https:\/\/wa.me\/201021058859\" target=\"_blank\" rel=\"noopener\">\u00a0<img decoding=\"async\" class=\"alignnone wp-image-2058\" src=\"https:\/\/poehalisnamiegypt.com\/wp-content\/uploads\/2024\/02\/pngwing.com_-300x300.png\" sizes=\"auto, (max-width: 35px) 100vw, 35px\" srcset=\"https:\/\/poehalisnamiegypt.com\/wp-content\/uploads\/2024\/02\/pngwing.com_-300x300.png 300w, https:\/\/poehalisnamiegypt.com\/wp-content\/uploads\/2024\/02\/pngwing.com_-150x150.png 150w, https:\/\/poehalisnamiegypt.com\/wp-content\/uploads\/2024\/02\/pngwing.com_.png 584w\" alt=\"\" width=\"53\" height=\"53\" \/><\/a><\/p>\n<p>&nbsp;<\/p>","protected":false},"excerpt":{"rendered":"<p>\ud83d\ude90 Private Transfer from Hurghada to Aswan by Hiace Car Travel comfortably and stress-free from Hurghada to Aswan with our reliable private Hiace car transfer service. Whether you\u2019re heading for a business trip, a Nile cruise, or a historical adventure, we ensure your journey is smooth and enjoyable. \ud83c\udfc1 Convenient Pick-Up \ud83c\udfe8 Door-to-door service \u2013 [&hellip;]<\/p>","protected":false},"featured_media":10910,"comment_status":"open","ping_status":"closed","template":"","meta":{"_monsterinsights_skip_tracking":false,"_monsterinsights_sitenote_active":false,"_monsterinsights_sitenote_note":"","_monsterinsights_sitenote_category":0},"product_brand":[],"product_cat":[69],"product_tag":[],"class_list":{"0":"post-10210","1":"product","2":"type-product","3":"status-publish","4":"has-post-thumbnail","6":"product_cat-transfer","8":"first","9":"instock","10":"shipping-taxable","11":"purchasable","12":"product-type-ovabrw_car_rental"},"_links":{"self":[{"href":"https:\/\/redsea-dream-tours.com\/de\/wp-json\/wp\/v2\/product\/10210","targetHints":{"allow":["GET"]}}],"collection":[{"href":"https:\/\/redsea-dream-tours.com\/de\/wp-json\/wp\/v2\/product"}],"about":[{"href":"https:\/\/redsea-dream-tours.com\/de\/wp-json\/wp\/v2\/types\/product"}],"replies":[{"embeddable":true,"href":"https:\/\/redsea-dream-tours.com\/de\/wp-json\/wp\/v2\/comments?post=10210"}],"wp:featuredmedia":[{"embeddable":true,"href":"https:\/\/redsea-dream-tours.com\/de\/wp-json\/wp\/v2\/media\/10910"}],"wp:attachment":[{"href":"https:\/\/redsea-dream-tours.com\/de\/wp-json\/wp\/v2\/media?parent=10210"}],"wp:term":[{"taxonomy":"product_brand","embeddable":true,"href":"https:\/\/redsea-dream-tours.com\/de\/wp-json\/wp\/v2\/product_brand?post=10210"},{"taxonomy":"product_cat","embeddable":true,"href":"https:\/\/redsea-dream-tours.com\/de\/wp-json\/wp\/v2\/product_cat?post=10210"},{"taxonomy":"product_tag","embeddable":true,"href":"https:\/\/redsea-dream-tours.com\/de\/wp-json\/wp\/v2\/product_tag?post=10210"}],"curies":[{"name":"wp","href":"https:\/\/api.w.org\/{rel}","templated":true}]}}