{"id":10182,"date":"2025-09-09T09:21:40","date_gmt":"2025-09-09T09:21:40","guid":{"rendered":"https:\/\/redsea-dream-tours.com\/?post_type=product&#038;p=10182"},"modified":"2025-11-28T14:34:57","modified_gmt":"2025-11-28T14:34:57","slug":"buggy-2-h-trip","status":"publish","type":"product","link":"https:\/\/redsea-dream-tours.com\/de\/produkt\/buggy-2-h-trip\/","title":{"rendered":"Buggy-Doppel-Abenteuer: W\u00fcstenspa\u00df &amp; Beduinen"},"content":{"rendered":"<h3 data-start=\"100\" data-end=\"164\">\ud83c\udfdc\ufe0f Buggy Double Desert Adventure - Spa\u00df, Kultur und Erinnerungen<\/h3>\n<p data-start=\"159\" data-end=\"398\">Sie suchen nach der perfekten Familienaktivit\u00e4t, die <strong data-start=\"213\" data-end=\"266\">Abenteuer, Kultur und atemberaubende W\u00fcstenansichten<\/strong>? A <strong data-start=\"270\" data-end=\"291\">Familienausflug mit dem Buggy<\/strong> ist die ultimative M\u00f6glichkeit, den goldenen Sand zu erkunden und gleichzeitig das traditionelle Leben der Beduinen kennenzulernen.<\/p>\n<h4 data-start=\"400\" data-end=\"441\">\ud83d\ude90 Leichter Einstieg f\u00fcr die ganze Familie<\/h4>\n<p data-start=\"442\" data-end=\"588\">Beginnen Sie mit einer <strong data-start=\"455\" data-end=\"484\">bequeme Abholung vom Hotel<\/strong>gefolgt von einer herzlichen Begr\u00fc\u00dfung und einer kurzen Einf\u00fchrung in Ihr <strong data-start=\"546\" data-end=\"585\">sicherer und leicht zu fahrender Familienbuggy<\/strong>.<\/p>\n<ul data-start=\"589\" data-end=\"691\">\n<li data-start=\"589\" data-end=\"646\">\n<p data-start=\"591\" data-end=\"646\">\ud83e\uddd1\u200d\ud83c\udfeb <strong data-start=\"597\" data-end=\"619\">Kurzanleitung<\/strong> von professionellen F\u00fchrern<\/p>\n<\/li>\n<li data-start=\"647\" data-end=\"691\">\n<p data-start=\"649\" data-end=\"691\">\ud83e\uddba <strong data-start=\"652\" data-end=\"676\">Bereitgestellte Schutzausr\u00fcstung<\/strong> f\u00fcr alle<\/p>\n<\/li>\n<\/ul>\n<h4 data-start=\"693\" data-end=\"730\">\ud83c\udf35 Entdecken Sie die Sch\u00f6nheit der W\u00fcste<\/h4>\n<p data-start=\"731\" data-end=\"769\">Begeben Sie sich auf eine aufregende Fahrt durch:<\/p>\n<ul data-start=\"770\" data-end=\"926\">\n<li data-start=\"770\" data-end=\"811\">\n<p data-start=\"772\" data-end=\"811\">\ud83c\udfdc\ufe0f <strong data-start=\"776\" data-end=\"809\">Goldene D\u00fcnen und felsige Pfade<\/strong><\/p>\n<\/li>\n<li data-start=\"812\" data-end=\"869\">\n<p data-start=\"814\" data-end=\"869\">\ud83c\udf04 Atemberaubender Panoramablick - perfekt f\u00fcr Familienfotos<\/p>\n<\/li>\n<li data-start=\"870\" data-end=\"926\">\n<p data-start=\"872\" data-end=\"926\">\ud83c\udf34 Versteckte W\u00fcstenpfade, die nur wenige Reisende zu sehen bekommen<\/p>\n<\/li>\n<\/ul>\n<h4 data-start=\"928\" data-end=\"963\">\ud83c\udfd5\ufe0f Beduinische Kultur entdecken<\/h4>\n<p data-start=\"964\" data-end=\"1041\">Ihre Reise f\u00fchrt Sie zu einem traditionellen <strong data-start=\"1004\" data-end=\"1023\">Beduinendorf<\/strong>wo Sie das k\u00f6nnen:<\/p>\n<ul data-start=\"1042\" data-end=\"1195\">\n<li data-start=\"1042\" data-end=\"1102\">\n<p data-start=\"1044\" data-end=\"1102\">\ud83d\udc2a Treffen Sie die Einheimischen und erfahren Sie mehr \u00fcber ihre <strong data-start=\"1085\" data-end=\"1100\">Lebensweise<\/strong><\/p>\n<\/li>\n<li data-start=\"1103\" data-end=\"1141\">\n<p data-start=\"1105\" data-end=\"1141\">\ud83c\udf75 Authentisch genie\u00dfen <strong data-start=\"1124\" data-end=\"1139\">Beduinentee<\/strong><\/p>\n<\/li>\n<li data-start=\"1142\" data-end=\"1195\">\n<p data-start=\"1144\" data-end=\"1195\">\ud83c\udfda\ufe0f Erkunden Sie ihre Br\u00e4uche, ihr Handwerk und ihre Traditionen<\/p>\n<\/li>\n<\/ul>\n<h4 data-start=\"1197\" data-end=\"1233\">\ud83d\udc68\u200d\ud83d\udc69\u200d\ud83d\udc67 Perfekt f\u00fcr Familien<\/h4>\n<p data-start=\"1234\" data-end=\"1273\">Dieser Halbtagesausflug ist so konzipiert, dass er:<\/p>\n<ul data-start=\"1274\" data-end=\"1422\">\n<li data-start=\"1274\" data-end=\"1306\">\n<p data-start=\"1276\" data-end=\"1306\">\ud83d\udeb8 <strong data-start=\"1279\" data-end=\"1304\">Sicherheit und Spa\u00df f\u00fcr Kinder<\/strong><\/p>\n<\/li>\n<li data-start=\"1307\" data-end=\"1360\">\n<p data-start=\"1309\" data-end=\"1360\">\ud83c\udf1f Ein Bildungserlebnis f\u00fcr die ganze Familie<\/p>\n<\/li>\n<li data-start=\"1361\" data-end=\"1422\">\n<p data-start=\"1363\" data-end=\"1422\">\ud83d\udcf8 Eine Chance zu schaffen <strong data-start=\"1385\" data-end=\"1420\">gemeinsame unvergessliche Erinnerungen<\/strong><\/p>\n<\/li>\n<\/ul>\n<p data-start=\"61\" data-end=\"95\">\ud83d\udcdd <strong data-start=\"64\" data-end=\"93\">Bewertung \/ Altersanforderungen<\/strong><\/p>\n<ul data-start=\"97\" data-end=\"197\">\n<li data-start=\"97\" data-end=\"146\">\n<p data-start=\"99\" data-end=\"146\">\ud83d\ude97 <strong data-start=\"102\" data-end=\"113\">Fahren<\/strong>: Erlaubt von <strong data-start=\"128\" data-end=\"144\">16 Jahre alt<\/strong><\/p>\n<\/li>\n<li data-start=\"147\" data-end=\"197\">\n<p data-start=\"149\" data-end=\"197\">\ud83d\udc64 <strong data-start=\"152\" data-end=\"165\">Passagier<\/strong>: Erlaubt von <strong data-start=\"180\" data-end=\"195\">6 Jahre alt<\/strong><\/p>\n<\/li>\n<\/ul>\n<p data-start=\"58\" data-end=\"88\">\ud83e\udd11 <strong data-start=\"61\" data-end=\"86\">Preis der Aktivit\u00e4t<\/strong><\/p>\n<p data-start=\"90\" data-end=\"110\"><strong data-start=\"90\" data-end=\"108\">Morgen-Safari<\/strong><\/p>\n<ul data-start=\"111\" data-end=\"156\">\n<li data-start=\"111\" data-end=\"133\">\n<p data-start=\"113\" data-end=\"133\">95 \u20ac (1-2 Personen)<\/p>\n<\/li>\n<\/ul>\n<p data-start=\"158\" data-end=\"187\"><strong data-start=\"158\" data-end=\"185\">Nachmittags-Safari + Show<\/strong><\/p>\n<ul data-start=\"188\" data-end=\"233\">\n<li data-start=\"188\" data-end=\"210\">\n<p data-start=\"190\" data-end=\"210\">100 \u20ac (1-2 Personen)<\/p>\n<\/li>\n<\/ul>\n<p data-start=\"235\" data-end=\"280\">\ud83d\udc7c\ud83c\udffc <strong data-start=\"240\" data-end=\"263\">Kinder 0-5 Jahre:<\/strong> \ud83d\udeab Nicht erlaubt<\/p>\n<h3 data-start=\"2198\" data-end=\"2225\"><strong data-start=\"2205\" data-end=\"2223\">Die Zahlung in USD ($ \ud83c\uddfa\ud83c\uddf8) anstelle von EUR (\ud83c\uddea\ud83c\uddfa) ist je nach Tageskurs der Bank m\u00f6glich.<\/strong><\/h3>\n<p><strong>Buchen Sie \u00fcber WhatsApp:<\/strong><\/p>\n<p><a href=\"https:\/\/wa.me\/201021058859\" target=\"_blank\" rel=\"noopener\">\u00a0<img decoding=\"async\" class=\"alignnone wp-image-2058\" src=\"https:\/\/poehalisnamiegypt.com\/wp-content\/uploads\/2024\/02\/pngwing.com_-300x300.png\" sizes=\"auto, (max-width: 35px) 100vw, 35px\" srcset=\"https:\/\/poehalisnamiegypt.com\/wp-content\/uploads\/2024\/02\/pngwing.com_-300x300.png 300w, https:\/\/poehalisnamiegypt.com\/wp-content\/uploads\/2024\/02\/pngwing.com_-150x150.png 150w, https:\/\/poehalisnamiegypt.com\/wp-content\/uploads\/2024\/02\/pngwing.com_.png 584w\" alt=\"\" width=\"53\" height=\"53\" \/><\/a><\/p>","protected":false},"excerpt":{"rendered":"<p>\ud83c\udfdc\ufe0f Buggy Double Desert Adventure \u2013 Fun, Culture &amp; Memories Looking for the perfect family activity that combines adventure, culture, and breathtaking desert views? A family buggy trip is the ultimate way to explore the golden sands while experiencing the traditional life of the Bedouins. \ud83d\ude90 Easy Start for the Whole Family Begin with a [&hellip;]<\/p>","protected":false},"featured_media":10187,"comment_status":"open","ping_status":"closed","template":"","meta":{"_monsterinsights_skip_tracking":false,"_monsterinsights_sitenote_active":false,"_monsterinsights_sitenote_note":"","_monsterinsights_sitenote_category":0},"product_brand":[],"product_cat":[67],"product_tag":[],"class_list":{"0":"post-10182","1":"product","2":"type-product","3":"status-publish","4":"has-post-thumbnail","6":"product_cat-safari","8":"first","9":"instock","10":"shipping-taxable","11":"purchasable","12":"product-type-ovabrw_car_rental"},"_links":{"self":[{"href":"https:\/\/redsea-dream-tours.com\/de\/wp-json\/wp\/v2\/product\/10182","targetHints":{"allow":["GET"]}}],"collection":[{"href":"https:\/\/redsea-dream-tours.com\/de\/wp-json\/wp\/v2\/product"}],"about":[{"href":"https:\/\/redsea-dream-tours.com\/de\/wp-json\/wp\/v2\/types\/product"}],"replies":[{"embeddable":true,"href":"https:\/\/redsea-dream-tours.com\/de\/wp-json\/wp\/v2\/comments?post=10182"}],"wp:featuredmedia":[{"embeddable":true,"href":"https:\/\/redsea-dream-tours.com\/de\/wp-json\/wp\/v2\/media\/10187"}],"wp:attachment":[{"href":"https:\/\/redsea-dream-tours.com\/de\/wp-json\/wp\/v2\/media?parent=10182"}],"wp:term":[{"taxonomy":"product_brand","embeddable":true,"href":"https:\/\/redsea-dream-tours.com\/de\/wp-json\/wp\/v2\/product_brand?post=10182"},{"taxonomy":"product_cat","embeddable":true,"href":"https:\/\/redsea-dream-tours.com\/de\/wp-json\/wp\/v2\/product_cat?post=10182"},{"taxonomy":"product_tag","embeddable":true,"href":"https:\/\/redsea-dream-tours.com\/de\/wp-json\/wp\/v2\/product_tag?post=10182"}],"curies":[{"name":"wp","href":"https:\/\/api.w.org\/{rel}","templated":true}]}}