{"id":10131,"date":"2025-09-09T08:08:06","date_gmt":"2025-09-09T08:08:06","guid":{"rendered":"https:\/\/redsea-dream-tours.com\/?post_type=product&#038;p=10131"},"modified":"2025-11-28T14:38:03","modified_gmt":"2025-11-28T14:38:03","slug":"super-safari-trip","status":"publish","type":"product","link":"https:\/\/redsea-dream-tours.com\/de\/produkt\/super-safari-trip\/","title":{"rendered":"Super-Safari: Quads, Beduinenleben &amp; Sonnenuntergang"},"content":{"rendered":"<blockquote data-start=\"1175\" data-end=\"1285\"><p>\ud83c\udfdc\ufe0f Super Safari Hurghada<\/p>\n<p>Begeben Sie sich auf ein unvergessliches Abenteuer durch den goldenen Sand der \u00f6stlichen W\u00fcste und erleben Sie den wahren Geist des Beduinenlebens in Kombination mit Spannung, Kultur und atemberaubenden Aussichten \ud83c\udf05.<\/p>\n<p>\ud83d\ude99 Programmdetails:<\/p>\n<p>Abholung nach dem Mittag von Ihrem Hotel mit modernen Toyota Land Cruiser 4\u00d74 Fahrzeugen.<\/p>\n<p>Ankunft auf dem Kamelhof - Ihr Ausgangspunkt f\u00fcr ein aufregendes W\u00fcstenabenteuer.<\/p>\n<p>Beginnen Sie Ihren Tag mit einer 30-min\u00fctigen, adrenalingeladenen Quad-Bike-Fahrt \u00fcber die Sandd\u00fcnen und W\u00fcstent\u00e4ler.<\/p>\n<p>Genie\u00dfen Sie eine einzigartige Fahrt mit dem Spider Car \ud83d\udd77\ufe0f\ud83d\ude97 und erleben Sie den Nervenkitzel einer Fahrt durch die offene W\u00fcste.<\/p>\n<p>Setzen Sie Ihre Reise durch die W\u00fcste f\u00fcr etwa 22 km fort, bis Sie das Beduinendorf erreichen, mit einem Panoramastopp, um einen atemberaubenden Blick auf die W\u00fcste von der Spitze eines H\u00fcgels zu genie\u00dfen.<\/p>\n<p>Ein herzlicher Beduinenempfang mit Kr\u00e4utertee und einer Einf\u00fchrung in die Traditionen und den Lebensstil der Beduinen.<\/p>\n<p>Nehmen Sie an einer gef\u00fchrten Tour durch das Beduinendorf teil:<br \/>\n\ud83c\udfe1 Traditionelle H\u00fctten - Brotbacken - Kunsthandwerk - Einblicke in das t\u00e4gliche Leben der Beduinen.<\/p>\n<p>Genie\u00dfen Sie einen Kamelritt \ud83d\udc2a durch das Dorf, um die Gegend zu erkunden und unvergessliche Fotos zu machen.<\/p>\n<p>Erleben Sie einen herrlichen Sonnenuntergang \u00fcber den Bergen und sp\u00fcren Sie die friedliche Stille der W\u00fcste.<\/p>\n<p>Nach der R\u00fcckkehr ins Camp erwartet Sie ein k\u00f6stliches offenes Buffet mit einer Vielzahl orientalischer Gerichte.<\/p>\n<p>Genie\u00dfen Sie unterhaltsame Shows, darunter eine Baucht\u00e4nzerin \ud83d\udc83 und eine Tanoura-Vorf\u00fchrung \ud83c\udf00.<\/p>\n<p>Beenden Sie Ihren Abend mit einem magischen Moment der Sternenbeobachtung \u2728 unter dem klaren W\u00fcstenhimmel.<\/p>\n<p>Kehren Sie gegen 19.30 Uhr in Ihr Hotel zur\u00fcck - mit Erinnerungen, die ein Leben lang halten.<\/p>\n<p>\ud83d\udca7 Enth\u00e4lt:<\/p>\n<p>2 Flaschen Mineralwasser + unbegrenzt Hibiskussaft<\/p>\n<p>\ud83d\udcc5 T\u00e4glich verf\u00fcgbar - keine Mindestanzahl von Teilnehmern erforderlich<\/p>\n<article class=\"text-token-text-primary w-full focus:outline-none scroll-mt-[calc(var(--header-height)+min(200px,max(70px,20svh)))]\" dir=\"auto\" tabindex=\"-1\" data-turn-id=\"request-WEB:03ee36ad-4c16-45a2-a255-2a64e427af84-40\" data-testid=\"conversation-turn-82\" data-scroll-anchor=\"false\" data-turn=\"assistant\">\n<div class=\"text-base my-auto mx-auto [--thread-content-margin:--spacing(4)] thread-sm:[--thread-content-margin:--spacing(6)] thread-lg:[--thread-content-margin:--spacing(16)] px-(--thread-content-margin)\">\n<div class=\"[--thread-content-max-width:40rem] thread-lg:[--thread-content-max-width:48rem] mx-auto max-w-(--thread-content-max-width) flex-1 group\/turn-messages focus-visible:outline-hidden relative flex w-full min-w-0 flex-col agent-turn\" tabindex=\"-1\">\n<div class=\"flex max-w-full flex-col grow\">\n<div class=\"min-h-8 text-message relative flex w-full flex-col items-end gap-2 text-start break-words whitespace-normal [.text-message+&amp;]:mt-5\" dir=\"auto\" data-message-author-role=\"assistant\" data-message-id=\"394ef291-a29c-4b50-aed9-f0ade82908c0\" data-message-model-slug=\"gpt-5-mini\">\n<div class=\"flex w-full flex-col gap-1 empty:hidden first:pt-[3px]\">\n<div class=\"markdown prose dark:prose-invert w-full break-words light markdown-new-styling\">\n<h3 data-start=\"157\" data-end=\"176\">\ud83e\udd11 Reisepreis<\/h3>\n<p data-start=\"177\" data-end=\"281\" data-is-last-node=\"\" data-is-only-node=\"\">\ud83d\ude4e\ud83c\udffb\u200d\u2642\ufe0f <strong data-start=\"185\" data-end=\"206\">16 Jahre und \u00e4lter:<\/strong> \u20ac 30<br data-start=\"210\" data-end=\"213\" \/>\ud83e\uddcd\ud83c\udffb\u200d\u2640\ufe0f <strong data-start=\"221\" data-end=\"236\">6-15 Jahre:<\/strong> \u20ac 15<br data-start=\"240\" data-end=\"243\" \/>\ud83d\udc7c\ud83c\udffc <strong data-start=\"248\" data-end=\"266\">Unter 6 Jahren:<\/strong> \ud83d\udeab Nicht erlaubt<\/p>\n<\/div>\n<\/div>\n<\/div>\n<\/div>\n<h3 data-start=\"2198\" data-end=\"2225\"><strong data-start=\"2205\" data-end=\"2223\">Die Zahlung in USD ($ \ud83c\uddfa\ud83c\uddf8) anstelle von EUR (\ud83c\uddea\ud83c\uddfa) ist je nach Tageskurs der Bank m\u00f6glich.<\/strong><\/h3>\n<\/div>\n<\/div>\n<\/article>\n<p><strong>Buchen Sie \u00fcber WhatsApp:<\/strong><\/p>\n<p><a href=\"https:\/\/wa.me\/201021058859\" target=\"_blank\" rel=\"noopener\">\u00a0<img decoding=\"async\" class=\"alignnone wp-image-2058\" src=\"https:\/\/poehalisnamiegypt.com\/wp-content\/uploads\/2024\/02\/pngwing.com_-300x300.png\" sizes=\"auto, (max-width: 35px) 100vw, 35px\" srcset=\"https:\/\/poehalisnamiegypt.com\/wp-content\/uploads\/2024\/02\/pngwing.com_-300x300.png 300w, https:\/\/poehalisnamiegypt.com\/wp-content\/uploads\/2024\/02\/pngwing.com_-150x150.png 150w, https:\/\/poehalisnamiegypt.com\/wp-content\/uploads\/2024\/02\/pngwing.com_.png 584w\" alt=\"\" width=\"53\" height=\"53\" \/><\/a><\/p><\/blockquote>\n<div id=\"gtx-trans\" style=\"position: absolute; left: 183px; top: 47.8px;\">\n<div class=\"gtx-trans-icon\"><\/div>\n<\/div>\n<div id=\"gtx-trans\" style=\"position: absolute; left: 183px; top: 47.8px;\">\n<div class=\"gtx-trans-icon\"><\/div>\n<\/div>","protected":false},"excerpt":{"rendered":"<p>\ud83c\udfdc\ufe0f Super Safari Hurghada Embark on an unforgettable adventure through the golden sands of the Eastern Desert and experience the true spirit of Bedouin life combined with excitement, culture, and breathtaking views \ud83c\udf05 \ud83d\ude99 Program Details: Pick up after noon from your hotel by modern Toyota Land Cruiser 4\u00d74 vehicles. Arrival at the Camel Yard [&hellip;]<\/p>","protected":false},"featured_media":10134,"comment_status":"open","ping_status":"closed","template":"","meta":{"_monsterinsights_skip_tracking":false,"_monsterinsights_sitenote_active":false,"_monsterinsights_sitenote_note":"","_monsterinsights_sitenote_category":0},"product_brand":[],"product_cat":[67],"product_tag":[],"class_list":{"0":"post-10131","1":"product","2":"type-product","3":"status-publish","4":"has-post-thumbnail","6":"product_cat-safari","8":"first","9":"instock","10":"shipping-taxable","11":"purchasable","12":"product-type-ovabrw_car_rental"},"_links":{"self":[{"href":"https:\/\/redsea-dream-tours.com\/de\/wp-json\/wp\/v2\/product\/10131","targetHints":{"allow":["GET"]}}],"collection":[{"href":"https:\/\/redsea-dream-tours.com\/de\/wp-json\/wp\/v2\/product"}],"about":[{"href":"https:\/\/redsea-dream-tours.com\/de\/wp-json\/wp\/v2\/types\/product"}],"replies":[{"embeddable":true,"href":"https:\/\/redsea-dream-tours.com\/de\/wp-json\/wp\/v2\/comments?post=10131"}],"wp:featuredmedia":[{"embeddable":true,"href":"https:\/\/redsea-dream-tours.com\/de\/wp-json\/wp\/v2\/media\/10134"}],"wp:attachment":[{"href":"https:\/\/redsea-dream-tours.com\/de\/wp-json\/wp\/v2\/media?parent=10131"}],"wp:term":[{"taxonomy":"product_brand","embeddable":true,"href":"https:\/\/redsea-dream-tours.com\/de\/wp-json\/wp\/v2\/product_brand?post=10131"},{"taxonomy":"product_cat","embeddable":true,"href":"https:\/\/redsea-dream-tours.com\/de\/wp-json\/wp\/v2\/product_cat?post=10131"},{"taxonomy":"product_tag","embeddable":true,"href":"https:\/\/redsea-dream-tours.com\/de\/wp-json\/wp\/v2\/product_tag?post=10131"}],"curies":[{"name":"wp","href":"https:\/\/api.w.org\/{rel}","templated":true}]}}