{"id":10099,"date":"2025-09-08T11:02:07","date_gmt":"2025-09-08T11:02:07","guid":{"rendered":"https:\/\/redsea-dream-tours.com\/?post_type=product&#038;p=10099"},"modified":"2025-11-28T15:00:47","modified_gmt":"2025-11-28T15:00:47","slug":"gouna-karting-trip","status":"publish","type":"product","link":"https:\/\/redsea-dream-tours.com\/de\/produkt\/gouna-karting-trip\/","title":{"rendered":"Gouna Karting: Hochgeschwindigkeits-Spa\u00df &amp; Rennsport Nervenkitzel"},"content":{"rendered":"<p data-start=\"110\" data-end=\"186\"><strong data-start=\"110\" data-end=\"184\">\ud83c\udfce\ufe0f Sp\u00fcren Sie den Rausch mit Gouna Karting - das ultimative Rennerlebnis!<\/strong><\/p>\n<p data-start=\"188\" data-end=\"449\">Sind Sie bereit, Ihr Bed\u00fcrfnis nach Geschwindigkeit zu befriedigen? <strong data-start=\"226\" data-end=\"243\">Gouna Karting<\/strong> bietet eine der aufregendsten Aktivit\u00e4ten in <strong data-start=\"291\" data-end=\"303\">El Gouna<\/strong>, wo Abenteuer auf Adrenalin trifft! Egal, ob Sie ein Anf\u00e4nger oder ein erfahrener Rennfahrer sind, dieses Erlebnis ist darauf ausgelegt, den Champion in Ihnen hervorzubringen.<\/p>\n<p data-start=\"451\" data-end=\"492\"><strong data-start=\"451\" data-end=\"490\">\u2728 Was erwartet Sie bei Gouna Karting?<\/strong><\/p>\n<ul data-start=\"493\" data-end=\"907\">\n<li data-start=\"493\" data-end=\"618\">\n<p data-start=\"495\" data-end=\"618\"><strong data-start=\"495\" data-end=\"527\">Professionelle Rennstrecke \ud83c\udfc1<\/strong> - Eine der gr\u00f6\u00dften und sichersten Kartbahnen in \u00c4gypten, perfekt f\u00fcr alle K\u00f6nnerstufen.<\/p>\n<\/li>\n<li data-start=\"619\" data-end=\"714\">\n<p data-start=\"621\" data-end=\"714\"><strong data-start=\"621\" data-end=\"647\">Hochgeschwindigkeits-Go-Karts \ud83d\udea6<\/strong> - Moderne, gut gewartete Karts, die f\u00fcr Fahrspa\u00df und Sicherheit sorgen.<\/p>\n<\/li>\n<li data-start=\"715\" data-end=\"795\">\n<p data-start=\"717\" data-end=\"795\"><strong data-start=\"717\" data-end=\"736\">Sicherheit geht vor \ud83e\uddba<\/strong> - Helme, Ausr\u00fcstung und eine umfassende Sicherheitseinweisung werden zur Verf\u00fcgung gestellt.<\/p>\n<\/li>\n<li data-start=\"796\" data-end=\"907\">\n<p data-start=\"798\" data-end=\"907\"><strong data-start=\"798\" data-end=\"826\">Zeit-Wettrennen \u23f1\ufe0f<\/strong> - Treten Sie gegen Ihre Freunde, Ihre Familie oder andere Rennfahrer an, um die beste Rundenzeit zu erzielen!<\/p>\n<\/li>\n<\/ul>\n<p data-start=\"909\" data-end=\"934\"><strong data-start=\"909\" data-end=\"932\">\ud83d\udd52 H\u00f6hepunkte der Reise:<\/strong><\/p>\n<ul data-start=\"935\" data-end=\"1223\">\n<li data-start=\"935\" data-end=\"987\">\n<p data-start=\"937\" data-end=\"987\">G\u00fcnstige Lage im Herzen von El Gouna \ud83c\udf34.<\/p>\n<\/li>\n<li data-start=\"988\" data-end=\"1066\">\n<p data-start=\"990\" data-end=\"1066\">Geeignet f\u00fcr Erwachsene und junge Rennfahrer (mit Alters-\/H\u00f6henbegrenzung) \ud83d\udc68\u200d\ud83d\udc69\u200d\ud83d\udc67\u200d\ud83d\udc66.<\/p>\n<\/li>\n<li data-start=\"1067\" data-end=\"1162\">\n<p data-start=\"1069\" data-end=\"1162\">Flexible Zeitfenster - genie\u00dfen Sie es als eigenst\u00e4ndiges Abenteuer oder f\u00fcgen Sie es zu Ihrem Tagesausflug nach Gouna hinzu.<\/p>\n<\/li>\n<li data-start=\"1163\" data-end=\"1223\">\n<p data-start=\"1165\" data-end=\"1223\">M\u00f6glichkeit, Ihre Momente mit Fotos oder Videos festzuhalten \ud83d\udcf8.<\/p>\n<\/li>\n<\/ul>\n<p data-start=\"1225\" data-end=\"1246\"><strong data-start=\"1225\" data-end=\"1244\">\ud83d\udcbc Perfekt f\u00fcr:<\/strong><\/p>\n<ul data-start=\"1247\" data-end=\"1394\">\n<li data-start=\"1247\" data-end=\"1298\">\n<p data-start=\"1249\" data-end=\"1298\">Familien auf der Suche nach Spa\u00df und Action \ud83d\udc68\u200d\ud83d\udc69\u200d\ud83d\udc67\u200d\ud83d\udc66<\/p>\n<\/li>\n<li data-start=\"1299\" data-end=\"1345\">\n<p data-start=\"1301\" data-end=\"1345\">Gruppen von Freunden, die f\u00fcr eine Herausforderung bereit sind \ud83c\udf89<\/p>\n<\/li>\n<li data-start=\"1346\" data-end=\"1394\">\n<p data-start=\"1348\" data-end=\"1394\">Teambildung in Unternehmen oder besondere Veranstaltungen \ud83c\udfc6<\/p>\n<\/li>\n<\/ul>\n<p data-start=\"1396\" data-end=\"1701\"><strong data-start=\"1396\" data-end=\"1428\">\ud83c\udf1f Warum Gouna Karting w\u00e4hlen?<\/strong><br data-start=\"1428\" data-end=\"1431\" \/>Denn es ist nicht nur eine Fahrt - es ist eine <strong data-start=\"1470\" data-end=\"1502\">adrenalingeladenes Abenteuer<\/strong>, und kombiniert <strong data-start=\"1514\" data-end=\"1544\">Geschwindigkeit, Geschicklichkeit und purer Spa\u00df<\/strong>. Egal, ob Sie den Nervenkitzel des Rennens suchen oder einfach eine einzigartige Aktivit\u00e4t in El Gouna erleben m\u00f6chten, dieses Erlebnis garantiert <strong data-start=\"1672\" data-end=\"1699\">unvergessliche Erinnerungen!<\/strong><\/p>\n<h5><img decoding=\"async\" class=\"emoji\" role=\"img\" draggable=\"false\" src=\"https:\/\/s.w.org\/images\/core\/emoji\/16.0.1\/svg\/1f4dd.svg\" alt=\"\ud83d\udcdd\" \/>\u00a0Bewertung<\/h5>\n<ul>\n<li>Fahren ab 16 Jahren<\/li>\n<li>Sitzung von 10 oder 15 Minuten Dauer Ihrer Wahl<\/li>\n<\/ul>\n<p><strong data-start=\"1253\" data-end=\"1276\">\ud83e\udd11 Preise f\u00fcr Aktivit\u00e4ten:<\/strong><\/p>\n<table style=\"height: 97px;\" width=\"737\">\n<tbody>\n<tr>\n<td width=\"126\"><strong>\u00a0\u20ac\u00a0\u00a0\u00a0 35.00<\/strong><\/td>\n<td width=\"307\"><strong>Elgouna Karting 15 M<\/strong><\/td>\n<\/tr>\n<tr>\n<td><strong>\u00a0\u20ac\u00a0\u00a0\u00a0 30.00<\/strong><\/td>\n<td width=\"307\"><strong>Elgouna Karting 10 M<\/strong><\/td>\n<\/tr>\n<\/tbody>\n<\/table>\n<h3 data-start=\"2198\" data-end=\"2225\"><strong data-start=\"2205\" data-end=\"2223\">Die Zahlung in USD ($ \ud83c\uddfa\ud83c\uddf8) anstelle von EUR (\ud83c\uddea\ud83c\uddfa) ist je nach Tageskurs der Bank m\u00f6glich.<\/strong><\/h3>\n<p><strong>Buchen Sie \u00fcber WhatsApp:<\/strong><\/p>\n<p><a href=\"https:\/\/wa.me\/201021058859\" target=\"_blank\" rel=\"noopener\">\u00a0<img decoding=\"async\" class=\"alignnone wp-image-2058\" src=\"https:\/\/poehalisnamiegypt.com\/wp-content\/uploads\/2024\/02\/pngwing.com_-300x300.png\" sizes=\"auto, (max-width: 35px) 100vw, 35px\" srcset=\"https:\/\/poehalisnamiegypt.com\/wp-content\/uploads\/2024\/02\/pngwing.com_-300x300.png 300w, https:\/\/poehalisnamiegypt.com\/wp-content\/uploads\/2024\/02\/pngwing.com_-150x150.png 150w, https:\/\/poehalisnamiegypt.com\/wp-content\/uploads\/2024\/02\/pngwing.com_.png 584w\" alt=\"\" width=\"53\" height=\"53\" \/><\/a><\/p>\n<p>&nbsp;<\/p>\n<div id=\"gtx-trans\" style=\"position: absolute; left: 158px; top: 1.2px;\">\n<div class=\"gtx-trans-icon\"><\/div>\n<\/div>","protected":false},"excerpt":{"rendered":"<p>\ud83c\udfce\ufe0f Feel the Rush with Gouna Karting \u2013 The Ultimate Racing Experience! Ready to satisfy your need for speed? Gouna Karting offers one of the most thrilling activities in El Gouna, where adventure meets adrenaline! Whether you\u2019re a beginner or a seasoned racer, this experience is designed to bring out the champion in you. \u2728 [&hellip;]<\/p>","protected":false},"featured_media":10103,"comment_status":"open","ping_status":"closed","template":"","meta":{"_monsterinsights_skip_tracking":false,"_monsterinsights_sitenote_active":false,"_monsterinsights_sitenote_note":"","_monsterinsights_sitenote_category":0},"product_brand":[],"product_cat":[64],"product_tag":[],"class_list":{"0":"post-10099","1":"product","2":"type-product","3":"status-publish","4":"has-post-thumbnail","6":"product_cat-entertaining","8":"first","9":"instock","10":"shipping-taxable","11":"purchasable","12":"product-type-ovabrw_car_rental"},"_links":{"self":[{"href":"https:\/\/redsea-dream-tours.com\/de\/wp-json\/wp\/v2\/product\/10099","targetHints":{"allow":["GET"]}}],"collection":[{"href":"https:\/\/redsea-dream-tours.com\/de\/wp-json\/wp\/v2\/product"}],"about":[{"href":"https:\/\/redsea-dream-tours.com\/de\/wp-json\/wp\/v2\/types\/product"}],"replies":[{"embeddable":true,"href":"https:\/\/redsea-dream-tours.com\/de\/wp-json\/wp\/v2\/comments?post=10099"}],"wp:featuredmedia":[{"embeddable":true,"href":"https:\/\/redsea-dream-tours.com\/de\/wp-json\/wp\/v2\/media\/10103"}],"wp:attachment":[{"href":"https:\/\/redsea-dream-tours.com\/de\/wp-json\/wp\/v2\/media?parent=10099"}],"wp:term":[{"taxonomy":"product_brand","embeddable":true,"href":"https:\/\/redsea-dream-tours.com\/de\/wp-json\/wp\/v2\/product_brand?post=10099"},{"taxonomy":"product_cat","embeddable":true,"href":"https:\/\/redsea-dream-tours.com\/de\/wp-json\/wp\/v2\/product_cat?post=10099"},{"taxonomy":"product_tag","embeddable":true,"href":"https:\/\/redsea-dream-tours.com\/de\/wp-json\/wp\/v2\/product_tag?post=10099"}],"curies":[{"name":"wp","href":"https:\/\/api.w.org\/{rel}","templated":true}]}}