{"id":10080,"date":"2025-09-08T10:36:30","date_gmt":"2025-09-08T10:36:30","guid":{"rendered":"https:\/\/redsea-dream-tours.com\/?post_type=product&#038;p=10080"},"modified":"2025-11-28T15:02:02","modified_gmt":"2025-11-28T15:02:02","slug":"city-tours-trip","status":"publish","type":"product","link":"https:\/\/redsea-dream-tours.com\/de\/produkt\/city-tours-trip\/","title":{"rendered":"Stadtrundfahrt: Wahrzeichen, Kultur und lokales Leben"},"content":{"rendered":"<p data-start=\"99\" data-end=\"169\"><strong data-start=\"99\" data-end=\"167\">\ud83c\udfd9\ufe0f Entdecken Sie das Herz der Stadt mit unseren aufregenden Stadtf\u00fchrungen!<\/strong><\/p>\n<p data-start=\"171\" data-end=\"492\">Machen Sie sich bereit f\u00fcr <strong data-start=\"184\" data-end=\"240\">Entdecken Sie die Geheimnisse, die Kultur und die Sch\u00f6nheit der Stadt<\/strong> mit unserem fachkundig gef\u00fchrten <strong data-start=\"266\" data-end=\"280\">Stadtf\u00fchrungen<\/strong>. Egal, ob Sie ein Geschichts- oder Kulturliebhaber sind oder einfach nur das Beste, was die Stadt zu bieten hat, erleben m\u00f6chten, diese Reise ist so konzipiert, dass Sie einen <strong data-start=\"437\" data-end=\"489\">eine unvergessliche Reise durch Zeit und Tradition<\/strong>.<\/p>\n<p data-start=\"494\" data-end=\"536\"><strong data-start=\"494\" data-end=\"534\">\u2728 Was ist das Besondere an unseren Stadtrundfahrten?<\/strong><\/p>\n<ul data-start=\"537\" data-end=\"1101\">\n<li data-start=\"537\" data-end=\"667\">\n<p data-start=\"539\" data-end=\"667\"><strong data-start=\"539\" data-end=\"575\">Ikonische Wahrzeichen und Denkm\u00e4ler \ud83c\udfdb\ufe0f<\/strong> - Erkunden Sie die ber\u00fchmtesten Sehensw\u00fcrdigkeiten der Stadt, von historischen Geb\u00e4uden bis hin zu architektonischen Wundern.<\/p>\n<\/li>\n<li data-start=\"668\" data-end=\"794\">\n<p data-start=\"670\" data-end=\"794\"><strong data-start=\"670\" data-end=\"699\">Reiches Kulturerbe \ud83c\udfad<\/strong> - Tauchen Sie ein in lokale Traditionen, faszinierende Geschichten und versteckte Sch\u00e4tze, die viele Reisende \u00fcbersehen.<\/p>\n<\/li>\n<li data-start=\"795\" data-end=\"917\">\n<p data-start=\"797\" data-end=\"917\"><strong data-start=\"797\" data-end=\"826\">Fachkundige \u00f6rtliche Reisef\u00fchrer \ud83d\udc68\u200d\ud83c\udfeb<\/strong> - Unsere sachkundigen Reiseleiter erwecken Geschichte und Kultur mit fesselnden Erz\u00e4hlungen zum Leben.<\/p>\n<\/li>\n<li data-start=\"918\" data-end=\"1009\">\n<p data-start=\"920\" data-end=\"1009\"><strong data-start=\"920\" data-end=\"953\">Bequemer Transport \ud83d\ude90<\/strong> - Genie\u00dfen Sie eine ruhige und entspannte Fahrt zwischen den einzelnen Haltestellen.<\/p>\n<\/li>\n<li data-start=\"1010\" data-end=\"1101\">\n<p data-start=\"1012\" data-end=\"1101\"><strong data-start=\"1012\" data-end=\"1048\">Jede Menge Fotom\u00f6glichkeiten \ud83d\udcf8<\/strong> - Halten Sie unvergessliche Momente an jeder Sehensw\u00fcrdigkeit fest.<\/p>\n<\/li>\n<\/ul>\n<p data-start=\"1103\" data-end=\"1128\"><strong data-start=\"1103\" data-end=\"1126\">\ud83d\udd52 H\u00f6hepunkte der Reise:<\/strong><\/p>\n<ul data-start=\"1129\" data-end=\"1330\">\n<li data-start=\"1129\" data-end=\"1176\">\n<p data-start=\"1131\" data-end=\"1176\">Abfahrten am Morgen und am Nachmittag m\u00f6glich.<\/p>\n<\/li>\n<li data-start=\"1177\" data-end=\"1265\">\n<p data-start=\"1179\" data-end=\"1265\">Stopps an Museen, alten M\u00e4rkten \ud83d\udecd\ufe0f, religi\u00f6sen Sehensw\u00fcrdigkeiten \u26ea, und modernen Attraktionen \ud83c\udf07.<\/p>\n<\/li>\n<li data-start=\"1266\" data-end=\"1330\">\n<p data-start=\"1268\" data-end=\"1330\">Freie Zeit zum Bummeln, Einkaufen oder f\u00fcr einen Kaffee \u2615 in den \u00f6rtlichen Caf\u00e9s.<\/p>\n<\/li>\n<\/ul>\n<p data-start=\"1332\" data-end=\"1353\"><strong data-start=\"1332\" data-end=\"1351\">\ud83d\udcbc Perfekt f\u00fcr:<\/strong><\/p>\n<ul data-start=\"1354\" data-end=\"1438\">\n<li data-start=\"1354\" data-end=\"1378\">\n<p data-start=\"1356\" data-end=\"1378\">Familien \ud83d\udc68\u200d\ud83d\udc69\u200d\ud83d\udc67\u200d\ud83d\udc66<\/p>\n<\/li>\n<li data-start=\"1379\" data-end=\"1393\">\n<p data-start=\"1381\" data-end=\"1393\">Paare \u2764\ufe0f<\/p>\n<\/li>\n<li data-start=\"1394\" data-end=\"1415\">\n<p data-start=\"1396\" data-end=\"1415\">Alleinreisende \ud83c\udf0d.<\/p>\n<\/li>\n<li data-start=\"1416\" data-end=\"1438\">\n<p data-start=\"1418\" data-end=\"1438\">Gruppen von Freunden \ud83c\udf89<\/p>\n<\/li>\n<\/ul>\n<p data-start=\"1440\" data-end=\"1711\"><strong data-start=\"1440\" data-end=\"1468\">\ud83c\udf1f Warum diese Reise w\u00e4hlen?<\/strong><br data-start=\"1468\" data-end=\"1471\" \/>Denn eine Stadt ist mehr als nur Stra\u00dfen und Geb\u00e4ude - sie ist eine lebendige Geschichte, die darauf wartet, erkundet zu werden. Von <strong data-start=\"1577\" data-end=\"1597\">altes Erbe<\/strong> zu <strong data-start=\"1601\" data-end=\"1621\">moderne Schwingungen<\/strong>, Diese Tour verbindet Bildung, Unterhaltung und Erkundung in einem nahtlosen Erlebnis.<\/p>\n<p data-start=\"1713\" data-end=\"1790\">Begleiten Sie uns zu einer <strong data-start=\"1727\" data-end=\"1788\">Ein Tag voller Kultur, Spa\u00df und unvergesslicher Erinnerungen!<\/strong><\/p>\n<table style=\"height: 79px;\" width=\"758\">\n<tbody>\n<tr>\n<td width=\"126\"><strong>\u00a0\u20ac\u00a0\u00a0\u00a0 25.00<\/strong><\/td>\n<td width=\"307\"><strong>Stadtrundfahrt 2 pax<\/strong><\/td>\n<\/tr>\n<tr>\n<td><strong>\u00a0\u20ac\u00a0\u00a0\u00a0 20.00<\/strong><\/td>\n<td width=\"307\"><strong>Stadtrundfahrt 3 pax<\/strong><\/td>\n<\/tr>\n<\/tbody>\n<\/table>\n<h3 data-start=\"2198\" data-end=\"2225\"><strong data-start=\"2205\" data-end=\"2223\">Die Zahlung in USD ($ \ud83c\uddfa\ud83c\uddf8) anstelle von EUR (\ud83c\uddea\ud83c\uddfa) ist je nach Tageskurs der Bank m\u00f6glich.<\/strong><\/h3>\n<p><strong>Buchen Sie \u00fcber WhatsApp:<\/strong><\/p>\n<p><a href=\"https:\/\/wa.me\/201021058859\" target=\"_blank\" rel=\"noopener\">\u00a0<img decoding=\"async\" class=\"alignnone wp-image-2058\" src=\"https:\/\/poehalisnamiegypt.com\/wp-content\/uploads\/2024\/02\/pngwing.com_-300x300.png\" sizes=\"auto, (max-width: 35px) 100vw, 35px\" srcset=\"https:\/\/poehalisnamiegypt.com\/wp-content\/uploads\/2024\/02\/pngwing.com_-300x300.png 300w, https:\/\/poehalisnamiegypt.com\/wp-content\/uploads\/2024\/02\/pngwing.com_-150x150.png 150w, https:\/\/poehalisnamiegypt.com\/wp-content\/uploads\/2024\/02\/pngwing.com_.png 584w\" alt=\"\" width=\"53\" height=\"53\" \/><\/a><\/p>\n<p>&nbsp;<\/p>\n<div id=\"gtx-trans\" style=\"position: absolute; left: 244px; top: 1.2px;\">\n<div class=\"gtx-trans-icon\"><\/div>\n<\/div>","protected":false},"excerpt":{"rendered":"<p>\ud83c\udfd9\ufe0f Discover the Heart of the City with Our Exciting City Tours! Get ready to uncover the secrets, culture, and beauty of the city with our expertly guided City Tours. Whether you&#8217;re a history enthusiast, a culture lover, or simply looking to experience the best the city has to offer, this trip is designed to [&hellip;]<\/p>","protected":false},"featured_media":10081,"comment_status":"open","ping_status":"closed","template":"","meta":{"_monsterinsights_skip_tracking":false,"_monsterinsights_sitenote_active":false,"_monsterinsights_sitenote_note":"","_monsterinsights_sitenote_category":0},"product_brand":[],"product_cat":[64],"product_tag":[],"class_list":{"0":"post-10080","1":"product","2":"type-product","3":"status-publish","4":"has-post-thumbnail","6":"product_cat-entertaining","8":"first","9":"instock","10":"shipping-taxable","11":"purchasable","12":"product-type-ovabrw_car_rental"},"_links":{"self":[{"href":"https:\/\/redsea-dream-tours.com\/de\/wp-json\/wp\/v2\/product\/10080","targetHints":{"allow":["GET"]}}],"collection":[{"href":"https:\/\/redsea-dream-tours.com\/de\/wp-json\/wp\/v2\/product"}],"about":[{"href":"https:\/\/redsea-dream-tours.com\/de\/wp-json\/wp\/v2\/types\/product"}],"replies":[{"embeddable":true,"href":"https:\/\/redsea-dream-tours.com\/de\/wp-json\/wp\/v2\/comments?post=10080"}],"wp:featuredmedia":[{"embeddable":true,"href":"https:\/\/redsea-dream-tours.com\/de\/wp-json\/wp\/v2\/media\/10081"}],"wp:attachment":[{"href":"https:\/\/redsea-dream-tours.com\/de\/wp-json\/wp\/v2\/media?parent=10080"}],"wp:term":[{"taxonomy":"product_brand","embeddable":true,"href":"https:\/\/redsea-dream-tours.com\/de\/wp-json\/wp\/v2\/product_brand?post=10080"},{"taxonomy":"product_cat","embeddable":true,"href":"https:\/\/redsea-dream-tours.com\/de\/wp-json\/wp\/v2\/product_cat?post=10080"},{"taxonomy":"product_tag","embeddable":true,"href":"https:\/\/redsea-dream-tours.com\/de\/wp-json\/wp\/v2\/product_tag?post=10080"}],"curies":[{"name":"wp","href":"https:\/\/api.w.org\/{rel}","templated":true}]}}