{"id":10069,"date":"2025-09-08T10:23:43","date_gmt":"2025-09-08T10:23:43","guid":{"rendered":"https:\/\/redsea-dream-tours.com\/?post_type=product&#038;p=10069"},"modified":"2025-12-28T18:02:35","modified_gmt":"2025-12-28T18:02:35","slug":"water-world-trip","status":"publish","type":"product","link":"https:\/\/redsea-dream-tours.com\/de\/produkt\/water-world-trip\/","title":{"rendered":"Makadi Wasserwelt: Rutschen, Spa\u00df und Familienabenteuer"},"content":{"rendered":"<p data-start=\"78\" data-end=\"131\"><strong data-start=\"78\" data-end=\"129\">\ud83d\udca6 Tauchen Sie ein in endlosen Spa\u00df in der Makadi Water World!<\/strong><\/p>\n<p data-start=\"133\" data-end=\"397\">Willkommen bei <strong data-start=\"144\" data-end=\"176\">\u00c4gyptens gr\u00f6\u00dfter Aquapark \ud83c\udf34<\/strong>, wo Abenteuer und Aufregung auf die ganze Familie warten! <strong data-start=\"233\" data-end=\"255\">Makadi Wasserwelt<\/strong> ist ein wahres Paradies f\u00fcr Wasserliebhaber, mit einem unglaublichen <strong data-start=\"317\" data-end=\"343\">50 spannende Dias \ud83c\udfa2<\/strong> entwickelt, um alle den ganzen Tag lang zu unterhalten.<\/p>\n<p data-start=\"399\" data-end=\"440\"><strong data-start=\"399\" data-end=\"438\">\u2728 H\u00f6hepunkte der Makadi Water World:<\/strong><\/p>\n<ul data-start=\"441\" data-end=\"686\">\n<li data-start=\"441\" data-end=\"537\">\n<p data-start=\"443\" data-end=\"537\"><strong data-start=\"443\" data-end=\"482\">25 spannende Rutschen f\u00fcr Erwachsene \ud83c\udfc4\u200d\u2642\ufe0f<\/strong> - von rasanten Fahrten bis hin zu adrenalingeladenen Drehungen!<\/p>\n<\/li>\n<li data-start=\"538\" data-end=\"619\">\n<p data-start=\"540\" data-end=\"619\"><strong data-start=\"540\" data-end=\"582\">25 lustige Rutschen f\u00fcr Kinder \ud83d\udc67\ud83e\uddd2<\/strong> - sicher, bunt und voller Freude!<\/p>\n<\/li>\n<li data-start=\"620\" data-end=\"686\">\n<p data-start=\"622\" data-end=\"686\">Eine perfekte Mischung aus <strong data-start=\"639\" data-end=\"683\">Familienspa\u00df, Entspannung und Abenteuer \ud83c\udf1e<\/strong>.<\/p>\n<\/li>\n<\/ul>\n<div class=\"st-highlight\">\n<h2 class=\"st-heading-section\">Programm<\/h2>\n<ul>\n<li><img decoding=\"async\" class=\"emoji\" role=\"img\" draggable=\"false\" src=\"https:\/\/s.w.org\/images\/core\/emoji\/16.0.1\/svg\/1f559.svg\" alt=\"\ud83d\udd59\" \/>\u00a0Abfahrt: gegen 10.00 Uhr (ungef\u00e4hr)<\/li>\n<li><img decoding=\"async\" class=\"emoji\" role=\"img\" draggable=\"false\" src=\"https:\/\/s.w.org\/images\/core\/emoji\/16.0.1\/svg\/1f55f.svg\" alt=\"\ud83d\udd5f\" \/>\u00a0R\u00fcckfahrt: gegen 16.30 Uhr (ungef\u00e4hr)<\/li>\n<\/ul>\n<\/div>\n<div class=\"accordion-item\">\n<h2 class=\"st-heading-section\">Inklusive Optionen<\/h2>\n<div id=\"collapseInExClude\" class=\"accordion-collapse collapse show\" aria-labelledby=\"headingInExClude\" data-bs-parent=\"#headingInExClude\">\n<div class=\"accordion-body\">\n<div class=\"row\">\n<div class=\"col-lg-6\">\n<ul class=\"include\">\n<li><i class=\"input-icon st-border-radius field-icon fa\"><\/i>Uneingeschr\u00e4nkter Zugang zu allen Rodelbahnen und Parkzonen<\/li>\n<li><i class=\"input-icon st-border-radius field-icon fa\"><\/i>D\u00e9jeuner-Snack\u00a0<img decoding=\"async\" class=\"emoji\" role=\"img\" draggable=\"false\" src=\"https:\/\/s.w.org\/images\/core\/emoji\/16.0.1\/svg\/1f354.svg\" alt=\"\ud83c\udf54\" \/><\/li>\n<li><i class=\"input-icon st-border-radius field-icon fa\"><\/i>Boissons weich\u00a0<img decoding=\"async\" class=\"emoji\" role=\"img\" draggable=\"false\" src=\"https:\/\/s.w.org\/images\/core\/emoji\/16.0.1\/svg\/1f964.svg\" alt=\"\ud83e\udd64\" \/><\/li>\n<li><i class=\"input-icon st-border-radius field-icon fa\"><\/i>Transfer Hotel Aller-Retour\u00a0<img decoding=\"async\" class=\"emoji\" role=\"img\" draggable=\"false\" src=\"https:\/\/s.w.org\/images\/core\/emoji\/16.0.1\/svg\/1f690.svg\" alt=\"\ud83d\ude90\" \/><\/li>\n<\/ul>\n<\/div>\n<\/div>\n<\/div>\n<\/div>\n<\/div>\n<p data-start=\"688\" data-end=\"889\">Ob Sie nun auf der Suche sind nach <strong data-start=\"715\" data-end=\"741\">rasanter Nervenkitzel<\/strong>, <strong data-start=\"743\" data-end=\"772\">sanfte Fahrten f\u00fcr die Kinder<\/strong>, oder eine <strong data-start=\"779\" data-end=\"814\">Ein sonniger Tag an den Pools \ud83c\udfd6\ufe0f<\/strong>, Makadi Water World garantiert ein unvergessliches Erlebnis f\u00fcr alle!<\/p>\n<h3 data-start=\"2198\" data-end=\"2225\"><strong data-start=\"2205\" data-end=\"2223\">\ud83e\udd11 Preis der Exkursion<\/strong><\/h3>\n<p data-start=\"2228\" data-end=\"2260\"><strong data-start=\"2233\" data-end=\"2258\">\u00a0 \u00a0<img decoding=\"async\" class=\"emoji\" role=\"img\" draggable=\"false\" src=\"https:\/\/s.w.org\/images\/core\/emoji\/16.0.1\/svg\/1f64e-1f3fb-200d-2642-fe0f.svg\" alt=\"\ud83d\ude4e\ud83c\udffb\u200d\u2642\ufe0f\" \/> 12 Jahre und \u00fcber 65 \u20ac<\/strong><\/p>\n<p data-start=\"2228\" data-end=\"2260\"><strong data-start=\"2263\" data-end=\"2280\">\u00a0 \u00a0<img decoding=\"async\" class=\"emoji\" role=\"img\" draggable=\"false\" src=\"https:\/\/s.w.org\/images\/core\/emoji\/16.0.1\/svg\/1f9cd-1f3fb-200d-2640-fe0f.svg\" alt=\"\ud83e\uddcd\ud83c\udffb\u200d\u2640\ufe0f\" \/> 5\/11 Jahre alt 35 \u20ac<\/strong><\/p>\n<p data-start=\"2228\" data-end=\"2260\"><strong data-start=\"2327\" data-end=\"2355\">\u00a0 \u00a0<img decoding=\"async\" class=\"emoji\" role=\"img\" draggable=\"false\" src=\"https:\/\/s.w.org\/images\/core\/emoji\/16.0.1\/svg\/1f47c-1f3fc.svg\" alt=\"\ud83d\udc7c\ud83c\udffc\" \/> -5 Jahre alt Frei<\/strong><\/p>\n<h3 data-start=\"2198\" data-end=\"2225\"><strong data-start=\"2205\" data-end=\"2223\">Die Zahlung in USD ($ \ud83c\uddfa\ud83c\uddf8) anstelle von EUR (\ud83c\uddea\ud83c\uddfa) ist je nach Tageskurs der Bank m\u00f6glich.<\/strong><\/h3>\n<p><strong>Buchen Sie \u00fcber WhatsApp:<\/strong><\/p>\n<p><a href=\"https:\/\/wa.me\/201021058859\" target=\"_blank\" rel=\"noopener\">\u00a0<img decoding=\"async\" class=\"alignnone wp-image-2058\" src=\"https:\/\/poehalisnamiegypt.com\/wp-content\/uploads\/2024\/02\/pngwing.com_-300x300.png\" sizes=\"auto, (max-width: 35px) 100vw, 35px\" srcset=\"https:\/\/poehalisnamiegypt.com\/wp-content\/uploads\/2024\/02\/pngwing.com_-300x300.png 300w, https:\/\/poehalisnamiegypt.com\/wp-content\/uploads\/2024\/02\/pngwing.com_-150x150.png 150w, https:\/\/poehalisnamiegypt.com\/wp-content\/uploads\/2024\/02\/pngwing.com_.png 584w\" alt=\"\" width=\"53\" height=\"53\" \/><\/a><\/p>\n<p>&nbsp;<\/p>\n<div id=\"gtx-trans\" style=\"position: absolute; left: 251px; top: 1.2px;\">\n<div class=\"gtx-trans-icon\"><\/div>\n<\/div>","protected":false},"excerpt":{"rendered":"<p>\ud83d\udca6 Dive into Endless Fun at Makadi Water World! Welcome to Egypt\u2019s largest aqua park \ud83c\udf34, where adventure and excitement await the whole family! Makadi Water World is a true paradise for water lovers, featuring an incredible 50 thrilling slides \ud83c\udfa2 designed to keep everyone entertained all day long. \u2728 Highlights of Makadi Water World: [&hellip;]<\/p>","protected":false},"featured_media":10071,"comment_status":"open","ping_status":"closed","template":"","meta":{"_monsterinsights_skip_tracking":false,"_monsterinsights_sitenote_active":false,"_monsterinsights_sitenote_note":"","_monsterinsights_sitenote_category":0},"product_brand":[],"product_cat":[64],"product_tag":[],"class_list":{"0":"post-10069","1":"product","2":"type-product","3":"status-publish","4":"has-post-thumbnail","6":"product_cat-entertaining","8":"first","9":"instock","10":"shipping-taxable","11":"purchasable","12":"product-type-ovabrw_car_rental"},"_links":{"self":[{"href":"https:\/\/redsea-dream-tours.com\/de\/wp-json\/wp\/v2\/product\/10069","targetHints":{"allow":["GET"]}}],"collection":[{"href":"https:\/\/redsea-dream-tours.com\/de\/wp-json\/wp\/v2\/product"}],"about":[{"href":"https:\/\/redsea-dream-tours.com\/de\/wp-json\/wp\/v2\/types\/product"}],"replies":[{"embeddable":true,"href":"https:\/\/redsea-dream-tours.com\/de\/wp-json\/wp\/v2\/comments?post=10069"}],"wp:featuredmedia":[{"embeddable":true,"href":"https:\/\/redsea-dream-tours.com\/de\/wp-json\/wp\/v2\/media\/10071"}],"wp:attachment":[{"href":"https:\/\/redsea-dream-tours.com\/de\/wp-json\/wp\/v2\/media?parent=10069"}],"wp:term":[{"taxonomy":"product_brand","embeddable":true,"href":"https:\/\/redsea-dream-tours.com\/de\/wp-json\/wp\/v2\/product_brand?post=10069"},{"taxonomy":"product_cat","embeddable":true,"href":"https:\/\/redsea-dream-tours.com\/de\/wp-json\/wp\/v2\/product_cat?post=10069"},{"taxonomy":"product_tag","embeddable":true,"href":"https:\/\/redsea-dream-tours.com\/de\/wp-json\/wp\/v2\/product_tag?post=10069"}],"curies":[{"name":"wp","href":"https:\/\/api.w.org\/{rel}","templated":true}]}}