{"id":10033,"date":"2025-09-08T10:02:43","date_gmt":"2025-09-08T10:02:43","guid":{"rendered":"https:\/\/redsea-dream-tours.com\/?post_type=product&#038;p=10033"},"modified":"2025-11-28T15:03:32","modified_gmt":"2025-11-28T15:03:32","slug":"aquarium-trip","status":"publish","type":"product","link":"https:\/\/redsea-dream-tours.com\/de\/produkt\/aquarium-trip\/","title":{"rendered":"Gro\u00dfes Aquarium: Meeresleben und Meereswunder"},"content":{"rendered":"<p data-start=\"78\" data-end=\"136\"><strong data-start=\"78\" data-end=\"134\">\ud83d\udc20 Tauchen Sie ein in die Wunder des Hurghada Grand Aquarium!<\/strong><\/p>\n<p data-start=\"138\" data-end=\"483\">Treten Sie ein in eine <strong data-start=\"151\" data-end=\"188\">Unterwasserwelt wie keine andere \ud83c\udf0a<\/strong>, wo Sie die unglaubliche Sch\u00f6nheit und die Geheimnisse des Roten Meeres und dar\u00fcber hinaus entdecken k\u00f6nnen. Die <strong data-start=\"277\" data-end=\"304\">Hurghada Gro\u00dfes Aquarium<\/strong> ist die Heimat von <strong data-start=\"316\" data-end=\"348\">\u00fcber 500 Meerestiere \ud83d\udc22\ud83d\udc1f<\/strong>, stellvertretend f\u00fcr <strong data-start=\"363\" data-end=\"388\">mehr als 200 Arten<\/strong> \u00fcber <strong data-start=\"396\" data-end=\"428\">22 atemberaubende Exponate \ud83c\udfdd\ufe0f<\/strong> - Jede einzelne bietet eine neue und faszinierende Entdeckung.<\/p>\n<p data-start=\"485\" data-end=\"516\"><strong data-start=\"485\" data-end=\"514\">\u2728 Was erwartet Sie darin?<\/strong><\/p>\n<ul data-start=\"517\" data-end=\"854\">\n<li data-start=\"517\" data-end=\"612\">\n<p data-start=\"519\" data-end=\"612\"><strong data-start=\"519\" data-end=\"546\">Faszinierendes Meeresleben<\/strong> - von farbenfrohen Korallenriff-Fischen bis hin zu majest\u00e4tischen Rochen und Haien \ud83e\udd88.<\/p>\n<\/li>\n<li data-start=\"613\" data-end=\"686\">\n<p data-start=\"615\" data-end=\"686\"><strong data-start=\"615\" data-end=\"637\">Immersive Exponate<\/strong> die Sie durch die Wunder des Ozeans wandern lassen.<\/p>\n<\/li>\n<li data-start=\"687\" data-end=\"768\">\n<p data-start=\"689\" data-end=\"768\"><strong data-start=\"689\" data-end=\"728\">Zucht- und Erhaltungsprogramme \ud83c\udf31<\/strong> Schutz bedrohter Meeresarten.<\/p>\n<\/li>\n<li data-start=\"769\" data-end=\"854\">\n<p data-start=\"771\" data-end=\"854\"><strong data-start=\"771\" data-end=\"801\">Bildungserfahrungen \ud83c\udf93<\/strong> die Liebe zum Meer und seinen Lebewesen zu wecken.<\/p>\n<\/li>\n<\/ul>\n<p data-start=\"179\" data-end=\"193\"><strong data-start=\"179\" data-end=\"191\">Programm:<\/strong><\/p>\n<ul data-start=\"194\" data-end=\"414\">\n<li data-start=\"194\" data-end=\"247\">\n<p data-start=\"196\" data-end=\"247\">Abfahrt gegen 10:00 Uhr, R\u00fcckkehr gegen 12:00 Uhr<\/p>\n<\/li>\n<li data-start=\"248\" data-end=\"275\">\n<p data-start=\"250\" data-end=\"275\">Gesamtdauer: 2 Stunden<\/p>\n<\/li>\n<li data-start=\"276\" data-end=\"312\">\n<p data-start=\"278\" data-end=\"312\">Hai-Show f\u00fcr 1 Stunde (optional)<\/p>\n<\/li>\n<li data-start=\"313\" data-end=\"369\">\n<p data-start=\"315\" data-end=\"369\">Zeit zur freien Verf\u00fcgung, um die Gegend zu erkunden und die Exponate zu genie\u00dfen<\/p>\n<\/li>\n<li data-start=\"370\" data-end=\"414\">\n<p data-start=\"372\" data-end=\"414\">R\u00fccktransfer vor dem Aquarium<\/p>\n<\/li>\n<\/ul>\n<p data-start=\"416\" data-end=\"439\"><strong data-start=\"416\" data-end=\"437\">Enthaltene Optionen:<\/strong><\/p>\n<ul data-start=\"440\" data-end=\"495\">\n<li data-start=\"440\" data-end=\"469\">\n<p data-start=\"442\" data-end=\"469\">Hoteltransfer (Hin- und R\u00fcckfahrt)<\/p>\n<\/li>\n<li data-start=\"470\" data-end=\"495\">\n<p data-start=\"472\" data-end=\"495\">Eintrittskarte f\u00fcr das Aquarium<\/p>\n<\/li>\n<\/ul>\n<p data-start=\"856\" data-end=\"1070\">Ob Sie ein <strong data-start=\"873\" data-end=\"905\">Familie mit Kindern \ud83d\udc68\u200d\ud83d\udc69\u200d\ud83d\udc67\u200d\ud83d\udc66<\/strong>, Liebhaber von Meereslebewesen, oder einfach nur auf der Suche nach einem <strong data-start=\"955\" data-end=\"982\">ein unterhaltsamer und lehrreicher Tag<\/strong>, verspricht das Hurghada Grand Aquarium <strong data-start=\"1021\" data-end=\"1067\">eine unvergessliche Reise unter die Wellen<\/strong>.<\/p>\n<p data-start=\"71\" data-end=\"95\">\ud83e\udd11 <strong data-start=\"74\" data-end=\"93\">Aktivit\u00e4t Preis:<\/strong><\/p>\n<ul data-start=\"96\" data-end=\"177\">\n<li data-start=\"96\" data-end=\"122\">\n<p data-start=\"98\" data-end=\"122\">Ab 10 Jahren: 45 \u20ac<\/p>\n<\/li>\n<li data-start=\"123\" data-end=\"143\">\n<p data-start=\"125\" data-end=\"143\">Alter 4 bis 9 Jahre: 25 \u20ac<\/p>\n<\/li>\n<li data-start=\"144\" data-end=\"177\">\n<p data-start=\"146\" data-end=\"177\">Unter 4 Jahren: Nicht erlaubt \ud83d\udeab.<\/p>\n<\/li>\n<\/ul>\n<h3 data-start=\"2198\" data-end=\"2225\"><strong data-start=\"2205\" data-end=\"2223\">Die Zahlung in USD ($ \ud83c\uddfa\ud83c\uddf8) anstelle von EUR (\ud83c\uddea\ud83c\uddfa) ist je nach Tageskurs der Bank m\u00f6glich.<\/strong><\/h3>\n<p><strong>Buchen Sie \u00fcber WhatsApp:<\/strong><\/p>\n<p><a href=\"https:\/\/wa.me\/201021058859\" target=\"_blank\" rel=\"noopener\">\u00a0<img decoding=\"async\" class=\"alignnone wp-image-2058\" src=\"https:\/\/poehalisnamiegypt.com\/wp-content\/uploads\/2024\/02\/pngwing.com_-300x300.png\" sizes=\"auto, (max-width: 35px) 100vw, 35px\" srcset=\"https:\/\/poehalisnamiegypt.com\/wp-content\/uploads\/2024\/02\/pngwing.com_-300x300.png 300w, https:\/\/poehalisnamiegypt.com\/wp-content\/uploads\/2024\/02\/pngwing.com_-150x150.png 150w, https:\/\/poehalisnamiegypt.com\/wp-content\/uploads\/2024\/02\/pngwing.com_.png 584w\" alt=\"\" width=\"53\" height=\"53\" \/><\/a><\/p>\n<p>&nbsp;<\/p>\n<div id=\"gtx-trans\" style=\"position: absolute; left: 290px; top: 1.2px;\">\n<div class=\"gtx-trans-icon\"><\/div>\n<\/div>","protected":false},"excerpt":{"rendered":"<p>\ud83d\udc20 Dive into the Wonders of Hurghada Grand Aquarium! Step into an underwater world like no other \ud83c\udf0a, where you can explore the incredible beauty and mystery of the Red Sea and beyond. The Hurghada Grand Aquarium is home to over 500 marine animals \ud83d\udc22\ud83d\udc1f, representing more than 200 species across 22 breathtaking exhibits \ud83c\udfdd\ufe0f [&hellip;]<\/p>","protected":false},"featured_media":10040,"comment_status":"open","ping_status":"closed","template":"","meta":{"_monsterinsights_skip_tracking":false,"_monsterinsights_sitenote_active":false,"_monsterinsights_sitenote_note":"","_monsterinsights_sitenote_category":0},"product_brand":[],"product_cat":[64],"product_tag":[],"class_list":{"0":"post-10033","1":"product","2":"type-product","3":"status-publish","4":"has-post-thumbnail","6":"product_cat-entertaining","8":"first","9":"instock","10":"shipping-taxable","11":"purchasable","12":"product-type-ovabrw_car_rental"},"_links":{"self":[{"href":"https:\/\/redsea-dream-tours.com\/de\/wp-json\/wp\/v2\/product\/10033","targetHints":{"allow":["GET"]}}],"collection":[{"href":"https:\/\/redsea-dream-tours.com\/de\/wp-json\/wp\/v2\/product"}],"about":[{"href":"https:\/\/redsea-dream-tours.com\/de\/wp-json\/wp\/v2\/types\/product"}],"replies":[{"embeddable":true,"href":"https:\/\/redsea-dream-tours.com\/de\/wp-json\/wp\/v2\/comments?post=10033"}],"wp:featuredmedia":[{"embeddable":true,"href":"https:\/\/redsea-dream-tours.com\/de\/wp-json\/wp\/v2\/media\/10040"}],"wp:attachment":[{"href":"https:\/\/redsea-dream-tours.com\/de\/wp-json\/wp\/v2\/media?parent=10033"}],"wp:term":[{"taxonomy":"product_brand","embeddable":true,"href":"https:\/\/redsea-dream-tours.com\/de\/wp-json\/wp\/v2\/product_brand?post=10033"},{"taxonomy":"product_cat","embeddable":true,"href":"https:\/\/redsea-dream-tours.com\/de\/wp-json\/wp\/v2\/product_cat?post=10033"},{"taxonomy":"product_tag","embeddable":true,"href":"https:\/\/redsea-dream-tours.com\/de\/wp-json\/wp\/v2\/product_tag?post=10033"}],"curies":[{"name":"wp","href":"https:\/\/api.w.org\/{rel}","templated":true}]}}