{"id":9992,"date":"2025-09-08T09:15:51","date_gmt":"2025-09-08T09:15:51","guid":{"rendered":"https:\/\/redsea-dream-tours.com\/?post_type=product&#038;p=9992"},"modified":"2025-11-28T15:04:38","modified_gmt":"2025-11-28T15:04:38","slug":"panorama-wolf-trip","status":"publish","type":"product","link":"https:\/\/redsea-dream-tours.com\/cs\/produkt\/panorama-wolf-trip\/","title":{"rendered":"Poloponorka Sea Wolf: Podmo\u0159sk\u00fd v\u00fdhled a z\u00e1bava"},"content":{"rendered":"<p data-start=\"78\" data-end=\"145\"><strong data-start=\"78\" data-end=\"143\">\ud83c\udf0a Pono\u0159te se do kouzel Rud\u00e9ho mo\u0159e - nepot\u0159ebujete \u017e\u00e1dn\u00e9 zku\u0161enosti!<\/strong><\/p>\n<p data-start=\"147\" data-end=\"507\">Nemus\u00edte b\u00fdt profesion\u00e1ln\u00ed plavec, abyste mohli prozkoumat <strong data-start=\"206\" data-end=\"234\">\u017eiv\u00fd podmo\u0159sk\u00fd sv\u011bt<\/strong> Rud\u00e9ho mo\u0159e! <strong data-start=\"251\" data-end=\"294\">Nasko\u010dte na palubu na\u0161\u00ed modern\u00ed poloponorky \ud83d\udea2<\/strong> v Hurghad\u011b, kter\u00e1 je ur\u010dena k tomu, aby v\u00e1s vzala a\u017e do <strong data-start=\"335\" data-end=\"375\">13 stop (4 metry) pod povrchem<\/strong>, kde m\u016f\u017eete obdivovat <strong data-start=\"405\" data-end=\"474\">pestr\u00fd podmo\u0159sk\u00fd \u017eivot \ud83d\udc20, kor\u00e1lov\u00e9 \u00fatesy \ud83e\udeb8 a k\u0159i\u0161\u0165\u00e1lov\u011b \u010dist\u00e1 voda.<\/strong> - v\u0161echny <strong data-start=\"481\" data-end=\"505\">bez namo\u010den\u00ed!<\/strong><\/p>\n<p data-start=\"509\" data-end=\"551\"><strong data-start=\"509\" data-end=\"549\">\u2728 Co je sou\u010d\u00e1st\u00ed va\u0161eho dobrodru\u017estv\u00ed?<\/strong><\/p>\n<ul data-start=\"552\" data-end=\"927\">\n<li data-start=\"552\" data-end=\"627\">\n<p data-start=\"554\" data-end=\"627\"><strong data-start=\"554\" data-end=\"585\">Panoramatick\u00fd v\u00fdhled pod mo\u0159skou hladinu \ud83d\udc1f<\/strong> z pohodl\u00ed poloponorky.<\/p>\n<\/li>\n<li data-start=\"628\" data-end=\"704\">\n<p data-start=\"630\" data-end=\"704\"><strong data-start=\"630\" data-end=\"671\">Voliteln\u00e9 \u0161norchlov\u00e1n\u00ed s pr\u016fvodcem \ud83e\udd3f<\/strong> pro ty, kte\u0159\u00ed se cht\u011bj\u00ed zapojit.<\/p>\n<\/li>\n<li data-start=\"705\" data-end=\"785\">\n<p data-start=\"707\" data-end=\"785\"><strong data-start=\"707\" data-end=\"744\">Rann\u00ed nebo odpoledn\u00ed odjezdy \u23f0<\/strong> - vyberte si \u010das, kter\u00fd v\u00e1m nejl\u00e9pe vyhovuje.<\/p>\n<\/li>\n<li data-start=\"786\" data-end=\"858\">\n<p data-start=\"788\" data-end=\"858\"><strong data-start=\"788\" data-end=\"825\">Ve\u0161ker\u00e9 vybaven\u00ed pro \u0161norchlov\u00e1n\u00ed je k dispozici \ud83e\uddf0<\/strong> - bezprobl\u00e9mov\u00e9 a p\u0159ipraven\u00e9 k pou\u017eit\u00ed.<\/p>\n<\/li>\n<li data-start=\"859\" data-end=\"927\">\n<p data-start=\"861\" data-end=\"927\"><strong data-start=\"861\" data-end=\"894\">Hotelov\u00e1 doprava tam i zp\u011bt \ud83d\ude90<\/strong> pro hladkou a snadnou cestu.<\/p>\n<\/li>\n<\/ul>\n<p data-start=\"929\" data-end=\"1172\">A\u0165 u\u017e jste rodina s d\u011btmi, p\u00e1r hledaj\u00edc\u00ed z\u00e1bavu na cel\u00fd den, nebo jste prost\u011b jen zv\u011bdav\u00ed, co se d\u011bje v t\u00e9to zemi. <strong data-start=\"1024\" data-end=\"1059\">skryt\u00e9 poklady Rud\u00e9ho mo\u0159e<\/strong>, to <strong data-start=\"1066\" data-end=\"1114\">3hodinov\u00fd v\u00fdlet poloponorkou Panorama Sea Wolf<\/strong> je dokonalou kombinac\u00ed <strong data-start=\"1139\" data-end=\"1169\">relaxace a pozn\u00e1v\u00e1n\u00ed<\/strong>!<\/p>\n<p data-start=\"41\" data-end=\"65\">\ud83e\udd11 <strong data-start=\"44\" data-end=\"63\">Cena aktivity:<\/strong><\/p>\n<ul data-start=\"66\" data-end=\"137\" data-is-only-node=\"\">\n<li data-start=\"66\" data-end=\"81\">\n<p data-start=\"68\" data-end=\"81\">Dosp\u011bl\u00ed:      18 \u20ac<\/p>\n<\/li>\n<li data-start=\"82\" data-end=\"103\">\n<p data-start=\"84\" data-end=\"103\">V\u011bk 5 a\u017e 11 let: 10 \u20ac<\/p>\n<\/li>\n<li data-start=\"104\" data-end=\"137\">\n<p data-start=\"106\" data-end=\"137\">Mlad\u0161\u00ed 5 let:     zdarma<\/p>\n<\/li>\n<\/ul>\n<h3 data-start=\"2198\" data-end=\"2225\"><strong data-start=\"2205\" data-end=\"2223\">Platba v USD ($ \ud83c\uddfa\ud83c\uddf8) m\u00edsto v EUR (\u20ac \ud83c\uddea\ud83c\uddfa) je mo\u017en\u00e1 podle denn\u00edho kurzu banky.<\/strong><\/h3>\n<p><strong>Book Through WhatsApp:<\/strong><\/p>\n<p><a href=\"https:\/\/api.whatsapp.com\/send\/?phone=01024021616\" target=\"_blank\" rel=\"noopener\">\u00a0<img decoding=\"async\" class=\"alignnone wp-image-2058\" src=\"https:\/\/poehalisnamiegypt.com\/wp-content\/uploads\/2024\/02\/pngwing.com_-300x300.png\" sizes=\"auto, (max-width: 35px) 100vw, 35px\" srcset=\"https:\/\/poehalisnamiegypt.com\/wp-content\/uploads\/2024\/02\/pngwing.com_-300x300.png 300w, https:\/\/poehalisnamiegypt.com\/wp-content\/uploads\/2024\/02\/pngwing.com_-150x150.png 150w, https:\/\/poehalisnamiegypt.com\/wp-content\/uploads\/2024\/02\/pngwing.com_.png 584w\" alt=\"\" width=\"53\" height=\"53\" \/><\/a><\/p>\n<div id=\"gtx-trans\" style=\"position: absolute; left: 223px; top: 47.8px;\">\n<div class=\"gtx-trans-icon\"><\/div>\n<\/div>\n<div id=\"gtx-trans\" style=\"position: absolute; left: 223px; top: 47.8px;\">\n<div class=\"gtx-trans-icon\"><\/div>\n<\/div>","protected":false},"excerpt":{"rendered":"<p>\ud83c\udf0a Dive into the Magic of the Red Sea \u2013 No Experience Needed! You don\u2019t need to be a professional swimmer to explore the vibrant underwater world of the Red Sea! Hop aboard our modern semi-submarine \ud83d\udea2 in Hurghada, designed to take you up to 13 feet (4 meters) below the surface, where you can [&hellip;]<\/p>","protected":false},"featured_media":9995,"comment_status":"open","ping_status":"closed","template":"","meta":{"_monsterinsights_skip_tracking":false,"_monsterinsights_sitenote_active":false,"_monsterinsights_sitenote_note":"","_monsterinsights_sitenote_category":0},"product_brand":[],"product_cat":[64],"product_tag":[],"class_list":{"0":"post-9992","1":"product","2":"type-product","3":"status-publish","4":"has-post-thumbnail","6":"product_cat-entertaining","8":"first","9":"instock","10":"shipping-taxable","11":"purchasable","12":"product-type-ovabrw_car_rental"},"_links":{"self":[{"href":"https:\/\/redsea-dream-tours.com\/cs\/wp-json\/wp\/v2\/product\/9992","targetHints":{"allow":["GET"]}}],"collection":[{"href":"https:\/\/redsea-dream-tours.com\/cs\/wp-json\/wp\/v2\/product"}],"about":[{"href":"https:\/\/redsea-dream-tours.com\/cs\/wp-json\/wp\/v2\/types\/product"}],"replies":[{"embeddable":true,"href":"https:\/\/redsea-dream-tours.com\/cs\/wp-json\/wp\/v2\/comments?post=9992"}],"wp:featuredmedia":[{"embeddable":true,"href":"https:\/\/redsea-dream-tours.com\/cs\/wp-json\/wp\/v2\/media\/9995"}],"wp:attachment":[{"href":"https:\/\/redsea-dream-tours.com\/cs\/wp-json\/wp\/v2\/media?parent=9992"}],"wp:term":[{"taxonomy":"product_brand","embeddable":true,"href":"https:\/\/redsea-dream-tours.com\/cs\/wp-json\/wp\/v2\/product_brand?post=9992"},{"taxonomy":"product_cat","embeddable":true,"href":"https:\/\/redsea-dream-tours.com\/cs\/wp-json\/wp\/v2\/product_cat?post=9992"},{"taxonomy":"product_tag","embeddable":true,"href":"https:\/\/redsea-dream-tours.com\/cs\/wp-json\/wp\/v2\/product_tag?post=9992"}],"curies":[{"name":"wp","href":"https:\/\/api.w.org\/{rel}","templated":true}]}}