{"id":9982,"date":"2025-09-08T09:04:43","date_gmt":"2025-09-08T09:04:43","guid":{"rendered":"https:\/\/redsea-dream-tours.com\/?post_type=product&#038;p=9982"},"modified":"2025-11-28T15:06:05","modified_gmt":"2025-11-28T15:06:05","slug":"eden-island-trip","status":"publish","type":"product","link":"https:\/\/redsea-dream-tours.com\/cs\/produkt\/eden-island-trip\/","title":{"rendered":"Ostrov Eden: \u0160norchlov\u00e1n\u00ed, relaxace a All-Inclusive"},"content":{"rendered":"<p data-start=\"93\" data-end=\"373\">\ud83c\udfdd\ufe0f <strong data-start=\"97\" data-end=\"144\">\u00dat\u011bk na ostrov Eden - r\u00e1j v Rud\u00e9m mo\u0159i!<\/strong><br data-start=\"144\" data-end=\"147\" \/>Nach\u00e1z\u00ed se v ohromuj\u00edc\u00edm <strong data-start=\"175\" data-end=\"207\">Mo\u0159sk\u00e1 rezervace na ostrov\u011b Giftun<\/strong>, kousek od pob\u0159e\u017e\u00ed Hurghady, <strong data-start=\"241\" data-end=\"256\">Ostrov Eden<\/strong> je v\u00e1\u0161 nejlep\u0161\u00ed \u00fanik pro <strong data-start=\"286\" data-end=\"370\">slune\u010dn\u00ed svit \u2600\ufe0f, k\u0159i\u0161\u0165\u00e1lov\u011b \u010dist\u00e1 voda \ud83c\udf0a a nezapomenuteln\u00e9 z\u00e1\u017eitky p\u0159i \u0161norchlov\u00e1n\u00ed \ud83e\udd3f.<\/strong>.<\/p>\n<p data-start=\"375\" data-end=\"525\">Ostrov Eden nab\u00edz\u00ed <strong data-start=\"394\" data-end=\"472\">\u00fachvatn\u00e9 p\u0159\u00edrodn\u00ed scen\u00e9rie a odpo\u010dinkov\u00fd den na tomto klidn\u00e9m ostrov\u011b.<\/strong>, s <strong data-start=\"482\" data-end=\"507\">program all-inclusive<\/strong>, kde m\u016f\u017eete:<\/p>\n<ul data-start=\"526\" data-end=\"754\">\n<li data-start=\"526\" data-end=\"567\">\n<p data-start=\"528\" data-end=\"567\"><strong data-start=\"528\" data-end=\"562\">Neomezen\u00e9 pit\u00ed po cel\u00fd den<\/strong> \ud83c\udf79<\/p>\n<\/li>\n<li data-start=\"568\" data-end=\"611\">\n<p data-start=\"570\" data-end=\"611\"><strong data-start=\"570\" data-end=\"606\">Dopoledn\u00ed sva\u010dina a sn\u00eddan\u011b<\/strong> \ud83e\udd50<\/p>\n<\/li>\n<li data-start=\"612\" data-end=\"667\">\n<p data-start=\"614\" data-end=\"667\"><strong data-start=\"614\" data-end=\"661\">Pochutnejte si na dvouhodinov\u00e9m ob\u011bd\u011b formou bufetu, kter\u00fd si m\u016f\u017eete d\u00e1t sami<\/strong> \ud83c\udf7d\ufe0f<\/p>\n<\/li>\n<li data-start=\"668\" data-end=\"754\">\n<p data-start=\"670\" data-end=\"754\"><strong data-start=\"670\" data-end=\"749\">Z\u00fa\u010dastn\u011bte se \u0161norchlov\u00e1n\u00ed a prozkoumejte n\u00e1dhern\u00e9 dno Rud\u00e9ho mo\u0159e.<\/strong> \ud83d\udc20<\/p>\n<\/li>\n<\/ul>\n<p data-start=\"756\" data-end=\"772\">\ud83d\udd57 <strong data-start=\"759\" data-end=\"770\">Program<\/strong><\/p>\n<ul data-start=\"773\" data-end=\"901\">\n<li data-start=\"773\" data-end=\"829\">\n<p data-start=\"775\" data-end=\"829\">Odjezd kolem 8:30 - n\u00e1vrat kolem 16:30.<\/p>\n<\/li>\n<li data-start=\"830\" data-end=\"871\">\n<p data-start=\"832\" data-end=\"871\">Relaxace a koup\u00e1n\u00ed na ostrov\u011b<\/p>\n<\/li>\n<li data-start=\"872\" data-end=\"901\">\n<p data-start=\"874\" data-end=\"901\">\u0160norchlov\u00e1n\u00ed v Rud\u00e9m mo\u0159i<\/p>\n<\/li>\n<\/ul>\n<p data-start=\"903\" data-end=\"927\">\u2693 <strong data-start=\"905\" data-end=\"925\">Zahrnut\u00e9 mo\u017enosti<\/strong><\/p>\n<ul data-start=\"928\" data-end=\"1125\">\n<li data-start=\"928\" data-end=\"957\">\n<p data-start=\"930\" data-end=\"957\">Hotelov\u00fd transfer tam i zp\u011bt<\/p>\n<\/li>\n<li data-start=\"958\" data-end=\"989\">\n<p data-start=\"960\" data-end=\"989\">Vstupn\u00e9 na ostrov<\/p>\n<\/li>\n<li data-start=\"990\" data-end=\"1008\">\n<p data-start=\"992\" data-end=\"1008\">P\u0159eprava lod\u00ed<\/p>\n<\/li>\n<li data-start=\"1009\" data-end=\"1044\">\n<p data-start=\"1011\" data-end=\"1044\">Vybaven\u00ed pro \u0161norchlov\u00e1n\u00ed<\/p>\n<\/li>\n<li data-start=\"1045\" data-end=\"1062\">\n<p data-start=\"1047\" data-end=\"1062\">Dopoledn\u00ed sva\u010dina<\/p>\n<\/li>\n<li data-start=\"1063\" data-end=\"1096\">\n<p data-start=\"1065\" data-end=\"1096\">2hodinov\u00fd bufet s mo\u017enost\u00ed konzumace v\u0161eho, co si vyberete<\/p>\n<\/li>\n<li data-start=\"1097\" data-end=\"1125\">\n<p data-start=\"1099\" data-end=\"1125\">Neomezen\u00e9 mno\u017estv\u00ed n\u00e1poj\u016f po cel\u00fd den<\/p>\n<\/li>\n<\/ul>\n<p data-start=\"1127\" data-end=\"1186\"><strong data-start=\"1127\" data-end=\"1184\">Pono\u0159te se do r\u00e1je a vytvo\u0159te si nezapomenuteln\u00e9 vzpom\u00ednky!<\/strong><\/p>\n<h3 data-start=\"2198\" data-end=\"2225\"><strong data-start=\"2205\" data-end=\"2223\">\ud83e\udd11 Cena exkurze<\/strong><\/h3>\n<p data-start=\"2228\" data-end=\"2260\"><strong data-start=\"2233\" data-end=\"2258\">\u00a0 \u00a0<img decoding=\"async\" class=\"emoji\" role=\"img\" draggable=\"false\" src=\"https:\/\/s.w.org\/images\/core\/emoji\/16.0.1\/svg\/1f64e-1f3fb-200d-2642-fe0f.svg\" alt=\"\ud83d\ude4e\ud83c\udffb\u200d\u2642\ufe0f\" \/> 12 let a v\u00edce 65 \u20ac<\/strong><\/p>\n<p data-start=\"2228\" data-end=\"2260\"><strong data-start=\"2263\" data-end=\"2280\">\u00a0 \u00a0<img decoding=\"async\" class=\"emoji\" role=\"img\" draggable=\"false\" src=\"https:\/\/s.w.org\/images\/core\/emoji\/16.0.1\/svg\/1f9cd-1f3fb-200d-2640-fe0f.svg\" alt=\"\ud83e\uddcd\ud83c\udffb\u200d\u2640\ufe0f\" \/> 6\/11 let 35 \u20ac<\/strong><\/p>\n<p data-start=\"2228\" data-end=\"2260\"><strong data-start=\"2327\" data-end=\"2355\">\u00a0 \u00a0<img decoding=\"async\" class=\"emoji\" role=\"img\" draggable=\"false\" src=\"https:\/\/s.w.org\/images\/core\/emoji\/16.0.1\/svg\/1f47c-1f3fc.svg\" alt=\"\ud83d\udc7c\ud83c\udffc\" \/> - 6 let zdarma \u20ac<\/strong><\/p>\n<h3 data-start=\"2198\" data-end=\"2225\"><strong data-start=\"2205\" data-end=\"2223\">Platba v USD ($ \ud83c\uddfa\ud83c\uddf8) m\u00edsto v EUR (\u20ac \ud83c\uddea\ud83c\uddfa) je mo\u017en\u00e1 podle denn\u00edho kurzu banky.<\/strong><\/h3>\n<p><strong>Book Through WhatsApp:<\/strong><\/p>\n<p><a href=\"https:\/\/api.whatsapp.com\/send\/?phone=01024021616\" target=\"_blank\" rel=\"noopener\">\u00a0<img decoding=\"async\" class=\"alignnone wp-image-2058\" src=\"https:\/\/poehalisnamiegypt.com\/wp-content\/uploads\/2024\/02\/pngwing.com_-300x300.png\" sizes=\"auto, (max-width: 35px) 100vw, 35px\" srcset=\"https:\/\/poehalisnamiegypt.com\/wp-content\/uploads\/2024\/02\/pngwing.com_-300x300.png 300w, https:\/\/poehalisnamiegypt.com\/wp-content\/uploads\/2024\/02\/pngwing.com_-150x150.png 150w, https:\/\/poehalisnamiegypt.com\/wp-content\/uploads\/2024\/02\/pngwing.com_.png 584w\" alt=\"\" width=\"53\" height=\"53\" \/><\/a><\/p>\n<div id=\"gtx-trans\" style=\"position: absolute; left: 303px; top: 1.2px;\">\n<div class=\"gtx-trans-icon\"><\/div>\n<\/div>","protected":false},"excerpt":{"rendered":"<p>\ud83c\udfdd\ufe0f Escape to Eden Island \u2013 A Red Sea Paradise!Located within the stunning Giftun Island Marine Reserve, just off the coast of Hurghada, Eden Island is your ultimate getaway for sunshine \u2600\ufe0f, crystal-clear waters \ud83c\udf0a, and unforgettable snorkeling adventures \ud83e\udd3f. Eden Island offers breathtaking natural landscapes and a relaxing day on this peaceful island, with [&hellip;]<\/p>","protected":false},"featured_media":9986,"comment_status":"open","ping_status":"closed","template":"","meta":{"_monsterinsights_skip_tracking":false,"_monsterinsights_sitenote_active":false,"_monsterinsights_sitenote_note":"","_monsterinsights_sitenote_category":0},"product_brand":[],"product_cat":[68],"product_tag":[],"class_list":{"0":"post-9982","1":"product","2":"type-product","3":"status-publish","4":"has-post-thumbnail","6":"product_cat-sea","8":"first","9":"instock","10":"shipping-taxable","11":"purchasable","12":"product-type-ovabrw_car_rental"},"_links":{"self":[{"href":"https:\/\/redsea-dream-tours.com\/cs\/wp-json\/wp\/v2\/product\/9982","targetHints":{"allow":["GET"]}}],"collection":[{"href":"https:\/\/redsea-dream-tours.com\/cs\/wp-json\/wp\/v2\/product"}],"about":[{"href":"https:\/\/redsea-dream-tours.com\/cs\/wp-json\/wp\/v2\/types\/product"}],"replies":[{"embeddable":true,"href":"https:\/\/redsea-dream-tours.com\/cs\/wp-json\/wp\/v2\/comments?post=9982"}],"wp:featuredmedia":[{"embeddable":true,"href":"https:\/\/redsea-dream-tours.com\/cs\/wp-json\/wp\/v2\/media\/9986"}],"wp:attachment":[{"href":"https:\/\/redsea-dream-tours.com\/cs\/wp-json\/wp\/v2\/media?parent=9982"}],"wp:term":[{"taxonomy":"product_brand","embeddable":true,"href":"https:\/\/redsea-dream-tours.com\/cs\/wp-json\/wp\/v2\/product_brand?post=9982"},{"taxonomy":"product_cat","embeddable":true,"href":"https:\/\/redsea-dream-tours.com\/cs\/wp-json\/wp\/v2\/product_cat?post=9982"},{"taxonomy":"product_tag","embeddable":true,"href":"https:\/\/redsea-dream-tours.com\/cs\/wp-json\/wp\/v2\/product_tag?post=9982"}],"curies":[{"name":"wp","href":"https:\/\/api.w.org\/{rel}","templated":true}]}}