{"id":9937,"date":"2025-09-08T07:40:23","date_gmt":"2025-09-08T07:40:23","guid":{"rendered":"https:\/\/redsea-dream-tours.com\/?post_type=product&#038;p=9937"},"modified":"2026-01-02T18:09:22","modified_gmt":"2026-01-02T18:09:22","slug":"hula-hula-trip","status":"publish","type":"product","link":"https:\/\/redsea-dream-tours.com\/cs\/produkt\/hula-hula-trip\/","title":{"rendered":"Ostrov Hula Hula: Hula Hula: \u0161norchlov\u00e1n\u00ed, v\u00fdstavy"},"content":{"rendered":"<h3 data-start=\"101\" data-end=\"177\"><strong data-start=\"105\" data-end=\"175\">\ud83c\udfd6 V\u00fdlet na ostrov Hula Hula - \u0161norchlov\u00e1n\u00ed, tanec a objevov\u00e1n\u00ed r\u00e1je!<\/strong><\/h3>\n<p data-start=\"179\" data-end=\"433\">Ute\u010dte od v\u0161ednosti a vydejte se na plavbu za <strong data-start=\"218\" data-end=\"267\">celodenn\u00ed dobrodru\u017estv\u00ed u pob\u0159e\u017e\u00ed Hurghady!<\/strong> Tento jedine\u010dn\u00fd v\u00fdlet do <strong data-start=\"288\" data-end=\"308\">Ostrov Hula Hula<\/strong> sm\u011bsi <strong data-start=\"316\" data-end=\"394\">vzru\u0161uj\u00edc\u00ed vodn\u00ed sporty, \u017eiv\u00e1 kulturn\u00ed p\u0159edstaven\u00ed a relaxa\u010dn\u00ed chv\u00edle na pl\u00e1\u017ei.<\/strong>-To v\u0161e v jednom nezapomenuteln\u00e9m z\u00e1\u017eitku.<\/p>\n<h4 data-start=\"435\" data-end=\"475\"><strong data-start=\"440\" data-end=\"473\">\ud83c\udf0a Hlavn\u00ed body va\u0161eho dobrodru\u017estv\u00ed:<\/strong><\/h4>\n<ul data-start=\"476\" data-end=\"1159\">\n<li data-start=\"476\" data-end=\"638\">\n<p data-start=\"478\" data-end=\"638\"><strong data-start=\"478\" data-end=\"509\">\ud83e\udd3f \u0160norchlov\u00e1n\u00ed Extravaganza:<\/strong> Prozkoumejte fascinuj\u00edc\u00ed podmo\u0159sk\u00fd sv\u011bt Rud\u00e9ho mo\u0159e s <strong data-start=\"571\" data-end=\"596\">poskytovan\u00e9 vybaven\u00ed pro \u0161norchlov\u00e1n\u00ed<\/strong>-\u010dekaj\u00ed na v\u00e1s barevn\u00e9 ryby a z\u00e1\u0159iv\u00e9 kor\u00e1ly!<\/p>\n<\/li>\n<li data-start=\"639\" data-end=\"767\">\n<p data-start=\"641\" data-end=\"767\"><strong data-start=\"641\" data-end=\"671\">\ud83c\udfc4\u200d\u2642\ufe0f Vodn\u00ed z\u00e1bava a vzru\u0161en\u00ed:<\/strong> Za\u017eijte adrenalin s <strong data-start=\"702\" data-end=\"723\">j\u00edzda na ban\u00e1nu<\/strong> a u\u017eijte si hrav\u00fd plovouc\u00ed aquapark.<\/p>\n<\/li>\n<li data-start=\"768\" data-end=\"922\">\n<p data-start=\"770\" data-end=\"922\"><strong data-start=\"770\" data-end=\"800\">\ud83d\udc83 Kulturn\u00ed z\u00e1bava:<\/strong> Nechte se okouzlit <strong data-start=\"818\" data-end=\"867\">b\u0159i\u0161n\u00ed tance a tradi\u010dn\u00ed folklorn\u00ed vystoupen\u00ed.<\/strong>, kter\u00e9 o\u017eivuj\u00ed egyptskou kulturu p\u0159\u00edmo u mo\u0159e.<\/p>\n<\/li>\n<li data-start=\"923\" data-end=\"1047\">\n<p data-start=\"925\" data-end=\"1047\"><strong data-start=\"925\" data-end=\"956\">\ud83c\udf74 Lahodn\u00fd ob\u011bd na palub\u011b:<\/strong> Vychutnejte si <strong data-start=\"966\" data-end=\"991\">\u010derstv\u011b p\u0159ipraven\u00e9 j\u00eddlo<\/strong> s osv\u011b\u017euj\u00edc\u00edmi n\u00e1poji v cen\u011b b\u011bhem cel\u00e9 cesty.<\/p>\n<\/li>\n<li data-start=\"1048\" data-end=\"1159\">\n<p data-start=\"1050\" data-end=\"1159\"><strong data-start=\"1050\" data-end=\"1079\">\ud83d\ude90 Bezprobl\u00e9mov\u00e9 p\u0159enosy:<\/strong> Relaxujte s <strong data-start=\"1091\" data-end=\"1131\">zp\u00e1te\u010dn\u00ed klimatizovan\u00e1 doprava<\/strong> z va\u0161eho hotelu v Hurghad\u011b.<\/p>\n<\/li>\n<\/ul>\n<h4 data-start=\"1161\" data-end=\"1195\"><strong data-start=\"1166\" data-end=\"1193\">\u2728 Pro\u010d si vybrat tento v\u00fdlet?<\/strong><\/h4>\n<ul data-start=\"1196\" data-end=\"1460\">\n<li data-start=\"1196\" data-end=\"1274\">\n<p data-start=\"1198\" data-end=\"1274\">Kombinuje <strong data-start=\"1207\" data-end=\"1271\">relaxace, dobrodru\u017estv\u00ed a kultura v jednom celodenn\u00edm v\u00fdletu<\/strong>.<\/p>\n<\/li>\n<li data-start=\"1275\" data-end=\"1362\">\n<p data-start=\"1277\" data-end=\"1362\">Ide\u00e1ln\u00ed pro rodiny, p\u00e1ry a p\u0159\u00e1tele, kte\u0159\u00ed hledaj\u00ed <strong data-start=\"1330\" data-end=\"1359\">den pln\u00fd z\u00e1bavy na slunci<\/strong>.<\/p>\n<\/li>\n<li data-start=\"1363\" data-end=\"1460\">\n<p data-start=\"1365\" data-end=\"1460\">V cen\u011b je zahrnuta ve\u0161ker\u00e1 logistika, vybaven\u00ed a strava.<strong data-start=\"1414\" data-end=\"1458\">vezm\u011bte si jen plavky a \u00fasm\u011bv!<\/strong><\/p>\n<\/li>\n<\/ul>\n<p data-start=\"1462\" data-end=\"1542\"><strong data-start=\"1462\" data-end=\"1540\">Vydejte se na ostrov Hula Hula a za\u017eijte vzpom\u00ednky, kter\u00e9 v\u00e1m z\u016fstanou na cel\u00fd \u017eivot!<\/strong><\/p>\n<h3 data-start=\"2198\" data-end=\"2225\"><strong data-start=\"2205\" data-end=\"2223\">\ud83e\udd11 Cena exkurze<\/strong><\/h3>\n<p data-start=\"2228\" data-end=\"2260\"><strong data-start=\"2233\" data-end=\"2258\">\u00a0 \u00a0<img decoding=\"async\" class=\"emoji\" role=\"img\" draggable=\"false\" src=\"https:\/\/s.w.org\/images\/core\/emoji\/16.0.1\/svg\/1f64e-1f3fb-200d-2642-fe0f.svg\" alt=\"\ud83d\ude4e\ud83c\udffb\u200d\u2642\ufe0f\" \/> 11 let a v\u00edce ne\u017e 30 \u20ac<\/strong><\/p>\n<p data-start=\"2228\" data-end=\"2260\"><strong data-start=\"2263\" data-end=\"2280\">\u00a0 \u00a0<img decoding=\"async\" class=\"emoji\" role=\"img\" draggable=\"false\" src=\"https:\/\/s.w.org\/images\/core\/emoji\/16.0.1\/svg\/1f9cd-1f3fb-200d-2640-fe0f.svg\" alt=\"\ud83e\uddcd\ud83c\udffb\u200d\u2640\ufe0f\" \/> 6\/10 let 15 \u20ac<\/strong><\/p>\n<p data-start=\"2228\" data-end=\"2260\"><strong data-start=\"2327\" data-end=\"2355\">\u00a0 \u00a0<img decoding=\"async\" class=\"emoji\" role=\"img\" draggable=\"false\" src=\"https:\/\/s.w.org\/images\/core\/emoji\/16.0.1\/svg\/1f47c-1f3fc.svg\" alt=\"\ud83d\udc7c\ud83c\udffc\" \/> -6 let zdarma<\/strong><\/p>\n<h3 data-start=\"2198\" data-end=\"2225\"><strong data-start=\"2205\" data-end=\"2223\">Platba v USD ($ \ud83c\uddfa\ud83c\uddf8) m\u00edsto v EUR (\u20ac \ud83c\uddea\ud83c\uddfa) je mo\u017en\u00e1 podle denn\u00edho kurzu banky.<\/strong><\/h3>\n<p><strong>Book Through WhatsApp:<\/strong><\/p>\n<p><a href=\"https:\/\/api.whatsapp.com\/send\/?phone=01021058859\" target=\"_blank\" rel=\"noopener\">\u00a0<img decoding=\"async\" class=\"alignnone wp-image-2058\" src=\"https:\/\/poehalisnamiegypt.com\/wp-content\/uploads\/2024\/02\/pngwing.com_-300x300.png\" sizes=\"auto, (max-width: 35px) 100vw, 35px\" srcset=\"https:\/\/poehalisnamiegypt.com\/wp-content\/uploads\/2024\/02\/pngwing.com_-300x300.png 300w, https:\/\/poehalisnamiegypt.com\/wp-content\/uploads\/2024\/02\/pngwing.com_-150x150.png 150w, https:\/\/poehalisnamiegypt.com\/wp-content\/uploads\/2024\/02\/pngwing.com_.png 584w\" alt=\"\" width=\"53\" height=\"53\" \/><\/a><\/p>","protected":false},"excerpt":{"rendered":"<p>\ud83c\udfd6 Hula Hula Island Sea Trip \u2013 Snorkel, Dance &amp; Discover Paradise! Escape the ordinary and set sail for a full-day adventure off the coast of Hurghada! This unique trip to Hula Hula Island blends thrilling water sports, vibrant cultural shows, and relaxing beach moments\u2014all in one unforgettable experience. \ud83c\udf0a Your Adventure Highlights: \ud83e\udd3f Snorkeling [&hellip;]<\/p>","protected":false},"featured_media":9939,"comment_status":"open","ping_status":"closed","template":"","meta":{"_monsterinsights_skip_tracking":false,"_monsterinsights_sitenote_active":false,"_monsterinsights_sitenote_note":"","_monsterinsights_sitenote_category":0},"product_brand":[],"product_cat":[68],"product_tag":[],"class_list":{"0":"post-9937","1":"product","2":"type-product","3":"status-publish","4":"has-post-thumbnail","6":"product_cat-sea","8":"first","9":"instock","10":"shipping-taxable","11":"purchasable","12":"product-type-ovabrw_car_rental"},"_links":{"self":[{"href":"https:\/\/redsea-dream-tours.com\/cs\/wp-json\/wp\/v2\/product\/9937","targetHints":{"allow":["GET"]}}],"collection":[{"href":"https:\/\/redsea-dream-tours.com\/cs\/wp-json\/wp\/v2\/product"}],"about":[{"href":"https:\/\/redsea-dream-tours.com\/cs\/wp-json\/wp\/v2\/types\/product"}],"replies":[{"embeddable":true,"href":"https:\/\/redsea-dream-tours.com\/cs\/wp-json\/wp\/v2\/comments?post=9937"}],"wp:featuredmedia":[{"embeddable":true,"href":"https:\/\/redsea-dream-tours.com\/cs\/wp-json\/wp\/v2\/media\/9939"}],"wp:attachment":[{"href":"https:\/\/redsea-dream-tours.com\/cs\/wp-json\/wp\/v2\/media?parent=9937"}],"wp:term":[{"taxonomy":"product_brand","embeddable":true,"href":"https:\/\/redsea-dream-tours.com\/cs\/wp-json\/wp\/v2\/product_brand?post=9937"},{"taxonomy":"product_cat","embeddable":true,"href":"https:\/\/redsea-dream-tours.com\/cs\/wp-json\/wp\/v2\/product_cat?post=9937"},{"taxonomy":"product_tag","embeddable":true,"href":"https:\/\/redsea-dream-tours.com\/cs\/wp-json\/wp\/v2\/product_tag?post=9937"}],"curies":[{"name":"wp","href":"https:\/\/api.w.org\/{rel}","templated":true}]}}