{"id":9925,"date":"2025-09-08T07:28:16","date_gmt":"2025-09-08T07:28:16","guid":{"rendered":"https:\/\/redsea-dream-tours.com\/?post_type=product&#038;p=9925"},"modified":"2026-01-02T18:07:03","modified_gmt":"2026-01-02T18:07:03","slug":"orange-bay-trip","status":"publish","type":"product","link":"https:\/\/redsea-dream-tours.com\/cs\/produkt\/orange-bay-trip\/","title":{"rendered":"Orange Bay: Relax na pl\u00e1\u017ei, \u0161norchlov\u00e1n\u00ed"},"content":{"rendered":"<h3 data-start=\"98\" data-end=\"163\"><strong data-start=\"102\" data-end=\"161\">\ud83c\udfdd Dobrodru\u017estv\u00ed na ostrov\u011b Orange Bay - \u0161norchlov\u00e1n\u00ed, relaxace a hry!<\/strong><\/h3>\n<p data-start=\"165\" data-end=\"431\">Objevte \u00fachvatnou kr\u00e1su <strong data-start=\"197\" data-end=\"211\">Orange Bay<\/strong>, zasazen\u00e9 do slavn\u00e9ho <strong data-start=\"235\" data-end=\"253\">Giftunsk\u00e9 ostrovy<\/strong>, s t\u00edmto celodenn\u00edm v\u00fdletem za vodn\u00edmi sporty z Hurghady! Tento nezapomenuteln\u00fd \u00fat\u011bk kombinuje <strong data-start=\"351\" data-end=\"429\">odpo\u010dinek, dobrodru\u017estv\u00ed a z\u00e1bava v k\u0159i\u0161\u0165\u00e1lov\u011b \u010dist\u00fdch vod\u00e1ch Rud\u00e9ho mo\u0159e.<\/strong><\/p>\n<h4 data-start=\"433\" data-end=\"475\"><strong data-start=\"438\" data-end=\"473\">\ud83c\udf0a Co je sou\u010d\u00e1st\u00ed va\u0161eho dne?<\/strong><\/h4>\n<ul data-start=\"476\" data-end=\"1100\">\n<li data-start=\"476\" data-end=\"607\">\n<p data-start=\"478\" data-end=\"607\"><strong data-start=\"478\" data-end=\"507\">\ud83d\ude90 Bezprobl\u00e9mov\u00e1 p\u0159eprava:<\/strong> U\u017eijte si <strong data-start=\"514\" data-end=\"554\">klimatizovan\u00e9 transfery tam i zp\u011bt<\/strong> z va\u0161eho hotelu, abyste se c\u00edtili chladn\u011b a pohodln\u011b.<\/p>\n<\/li>\n<li data-start=\"608\" data-end=\"751\">\n<p data-start=\"610\" data-end=\"751\"><strong data-start=\"610\" data-end=\"637\">\ud83e\udd3f R\u00e1j \u0161norchlov\u00e1n\u00ed:<\/strong> Pono\u0159te se pod vlny s <strong data-start=\"666\" data-end=\"691\">poskytovan\u00e9 vybaven\u00ed pro \u0161norchlov\u00e1n\u00ed<\/strong> a prozkoumejte \u017eiv\u00e9 kor\u00e1lov\u00e9 \u00fatesy a pestr\u00fd mo\u0159sk\u00fd \u017eivot.<\/p>\n<\/li>\n<li data-start=\"752\" data-end=\"864\">\n<p data-start=\"754\" data-end=\"864\"><strong data-start=\"754\" data-end=\"779\">\ud83c\udf34 Ostrovn\u00ed relaxace:<\/strong> Odpo\u010di\u0148te si na m\u011bkk\u00e9m p\u00edsku Orange Bay s vlastn\u00edm <strong data-start=\"833\" data-end=\"861\">slune\u010dn\u00edk a stinn\u00e1 plocha<\/strong>.<\/p>\n<\/li>\n<li data-start=\"865\" data-end=\"987\">\n<p data-start=\"867\" data-end=\"987\"><strong data-start=\"867\" data-end=\"890\">\ud83c\udf7d Lahodn\u00fd ob\u011bd:<\/strong> P\u0159esko\u010dte stres spojen\u00fd s balen\u00edm potravin -<strong data-start=\"923\" data-end=\"962\">\u010derstv\u011b p\u0159ipraven\u00e9 j\u00eddlo v cen\u011b<\/strong> abyste byli pln\u00ed energie.<\/p>\n<\/li>\n<li data-start=\"988\" data-end=\"1100\">\n<p data-start=\"990\" data-end=\"1100\"><strong data-start=\"990\" data-end=\"1016\">\ud83c\udf4c Banana Boat Thrill:<\/strong> Za\u017eijte vzru\u0161en\u00ed, a\u017e se budete proh\u00e1n\u011bt po vln\u00e1ch na <strong data-start=\"1066\" data-end=\"1097\">z\u00e1bavn\u00e1 j\u00edzda na ban\u00e1nu<\/strong>!<\/p>\n<\/li>\n<\/ul>\n<h4 data-start=\"1102\" data-end=\"1137\"><strong data-start=\"1107\" data-end=\"1135\">\u2728 Pro\u010d si vybrat Orange Bay?<\/strong><\/h4>\n<ul data-start=\"1138\" data-end=\"1365\">\n<li data-start=\"1138\" data-end=\"1232\">\n<p data-start=\"1140\" data-end=\"1232\">Ide\u00e1ln\u00ed pro rodiny, p\u00e1ry a skupiny, kter\u00e9 hledaj\u00ed <strong data-start=\"1192\" data-end=\"1229\">sm\u011bs dobrodru\u017estv\u00ed a relaxace<\/strong>.<\/p>\n<\/li>\n<li data-start=\"1233\" data-end=\"1309\">\n<p data-start=\"1235\" data-end=\"1309\">Za\u017eijte jednu z <strong data-start=\"1257\" data-end=\"1306\">nejkr\u00e1sn\u011bj\u0161\u00ed mo\u0159sk\u00e9 rezervace Rud\u00e9ho mo\u0159e<\/strong>.<\/p>\n<\/li>\n<li data-start=\"1310\" data-end=\"1365\">\n<p data-start=\"1312\" data-end=\"1365\">Den pln\u00fd slunce, mo\u0159e a nezapomenuteln\u00fdch z\u00e1\u017eitk\u016f!<\/p>\n<\/li>\n<\/ul>\n<p data-start=\"1367\" data-end=\"1466\"><strong data-start=\"1367\" data-end=\"1464\">Rezervujte si dobrodru\u017estv\u00ed na ostrov\u011b Orange Bay a pro\u017eijte kouzeln\u00e9 chv\u00edle v srdci Rud\u00e9ho mo\u0159e!<\/strong><\/p>\n<h3 data-start=\"2198\" data-end=\"2225\"><strong data-start=\"2205\" data-end=\"2223\">\ud83e\udd11 Cena exkurze<\/strong><\/h3>\n<p data-start=\"2228\" data-end=\"2260\"><strong data-start=\"2233\" data-end=\"2258\">\u00a0 \u00a0<img decoding=\"async\" class=\"emoji\" role=\"img\" draggable=\"false\" src=\"https:\/\/s.w.org\/images\/core\/emoji\/16.0.1\/svg\/1f64e-1f3fb-200d-2642-fe0f.svg\" alt=\"\ud83d\ude4e\ud83c\udffb\u200d\u2642\ufe0f\" \/> 10 let a v\u00edce ne\u017e 30 \u20ac<\/strong><\/p>\n<p data-start=\"2228\" data-end=\"2260\"><strong data-start=\"2263\" data-end=\"2280\">\u00a0 \u00a0<img decoding=\"async\" class=\"emoji\" role=\"img\" draggable=\"false\" src=\"https:\/\/s.w.org\/images\/core\/emoji\/16.0.1\/svg\/1f9cd-1f3fb-200d-2640-fe0f.svg\" alt=\"\ud83e\uddcd\ud83c\udffb\u200d\u2640\ufe0f\" \/> 6\/9 let 15 \u20ac<\/strong><\/p>\n<p data-start=\"2228\" data-end=\"2260\"><strong data-start=\"2327\" data-end=\"2355\">\u00a0 \u00a0<img decoding=\"async\" class=\"emoji\" role=\"img\" draggable=\"false\" src=\"https:\/\/s.w.org\/images\/core\/emoji\/16.0.1\/svg\/1f47c-1f3fc.svg\" alt=\"\ud83d\udc7c\ud83c\udffc\" \/> -6 let zdarma<\/strong><\/p>\n<h3 data-start=\"2198\" data-end=\"2225\"><strong data-start=\"2205\" data-end=\"2223\">Platba v USD ($ \ud83c\uddfa\ud83c\uddf8) m\u00edsto v EUR (\u20ac \ud83c\uddea\ud83c\uddfa) je mo\u017en\u00e1 podle denn\u00edho kurzu banky.<\/strong><\/h3>\n<p><strong>Book Through WhatsApp:<\/strong><\/p>\n<p><a href=\"https:\/\/api.whatsapp.com\/send\/?phone=01021058859\" target=\"_blank\" rel=\"noopener\">\u00a0<img decoding=\"async\" class=\"alignnone wp-image-2058\" src=\"https:\/\/poehalisnamiegypt.com\/wp-content\/uploads\/2024\/02\/pngwing.com_-300x300.png\" sizes=\"auto, (max-width: 35px) 100vw, 35px\" srcset=\"https:\/\/poehalisnamiegypt.com\/wp-content\/uploads\/2024\/02\/pngwing.com_-300x300.png 300w, https:\/\/poehalisnamiegypt.com\/wp-content\/uploads\/2024\/02\/pngwing.com_-150x150.png 150w, https:\/\/poehalisnamiegypt.com\/wp-content\/uploads\/2024\/02\/pngwing.com_.png 584w\" alt=\"\" width=\"53\" height=\"53\" \/><\/a><\/p>\n<div id=\"gtx-trans\" style=\"position: absolute; left: 55px; top: 3.9125px;\">\n<div class=\"gtx-trans-icon\"><\/div>\n<\/div>\n<div id=\"gtx-trans\" style=\"position: absolute; left: 55px; top: 3.9125px;\">\n<div class=\"gtx-trans-icon\"><\/div>\n<\/div>","protected":false},"excerpt":{"rendered":"<p>\ud83c\udfdd Orange Bay Island Adventure \u2013 Snorkel, Relax &amp; Play! Discover the stunning beauty of Orange Bay, nestled in the famous Giftun Islands, with this all-inclusive water sports day trip from Hurghada! This unforgettable escape combines relaxation, adventure, and fun in the crystal-clear waters of the Red Sea. \ud83c\udf0a What\u2019s Included in Your Day? \ud83d\ude90 [&hellip;]<\/p>","protected":false},"featured_media":9928,"comment_status":"open","ping_status":"closed","template":"","meta":{"_monsterinsights_skip_tracking":false,"_monsterinsights_sitenote_active":false,"_monsterinsights_sitenote_note":"","_monsterinsights_sitenote_category":0},"product_brand":[],"product_cat":[68],"product_tag":[],"class_list":{"0":"post-9925","1":"product","2":"type-product","3":"status-publish","4":"has-post-thumbnail","6":"product_cat-sea","8":"first","9":"instock","10":"shipping-taxable","11":"purchasable","12":"product-type-ovabrw_car_rental"},"_links":{"self":[{"href":"https:\/\/redsea-dream-tours.com\/cs\/wp-json\/wp\/v2\/product\/9925","targetHints":{"allow":["GET"]}}],"collection":[{"href":"https:\/\/redsea-dream-tours.com\/cs\/wp-json\/wp\/v2\/product"}],"about":[{"href":"https:\/\/redsea-dream-tours.com\/cs\/wp-json\/wp\/v2\/types\/product"}],"replies":[{"embeddable":true,"href":"https:\/\/redsea-dream-tours.com\/cs\/wp-json\/wp\/v2\/comments?post=9925"}],"wp:featuredmedia":[{"embeddable":true,"href":"https:\/\/redsea-dream-tours.com\/cs\/wp-json\/wp\/v2\/media\/9928"}],"wp:attachment":[{"href":"https:\/\/redsea-dream-tours.com\/cs\/wp-json\/wp\/v2\/media?parent=9925"}],"wp:term":[{"taxonomy":"product_brand","embeddable":true,"href":"https:\/\/redsea-dream-tours.com\/cs\/wp-json\/wp\/v2\/product_brand?post=9925"},{"taxonomy":"product_cat","embeddable":true,"href":"https:\/\/redsea-dream-tours.com\/cs\/wp-json\/wp\/v2\/product_cat?post=9925"},{"taxonomy":"product_tag","embeddable":true,"href":"https:\/\/redsea-dream-tours.com\/cs\/wp-json\/wp\/v2\/product_tag?post=9925"}],"curies":[{"name":"wp","href":"https:\/\/api.w.org\/{rel}","templated":true}]}}