{"id":9895,"date":"2025-09-07T11:31:51","date_gmt":"2025-09-07T11:31:51","guid":{"rendered":"https:\/\/redsea-dream-tours.com\/?post_type=product&#038;p=9895"},"modified":"2025-11-28T15:12:08","modified_gmt":"2025-11-28T15:12:08","slug":"cairo-plane-2-pax-trip","status":"publish","type":"product","link":"https:\/\/redsea-dream-tours.com\/cs\/produkt\/cairo-plane-2-pax-trip\/","title":{"rendered":"Prohl\u00eddka letadla v K\u00e1hi\u0159e: Soukrom\u00fd luxus pro dva"},"content":{"rendered":"<h3 data-start=\"245\" data-end=\"308\">\u2708\ufe0f <strong data-start=\"252\" data-end=\"306\">V\u00fdlet letadlem do K\u00e1hiry - soukrom\u00fd z\u00e1\u017eitek pro 2 hosty<\/strong><\/h3>\n<p data-start=\"310\" data-end=\"605\">Objevte poklady K\u00e1hiry s <strong data-start=\"349\" data-end=\"381\">luxusn\u00ed v\u00fdlet soukrom\u00fdm letadlem<\/strong>, dokonale navr\u017een\u00fd pro dva lidi, kte\u0159\u00ed si cen\u00ed <strong data-start=\"427\" data-end=\"472\">pohodl\u00ed, exkluzivita a \u010dasov\u00e1 efektivita<\/strong>. P\u0159esko\u010dte dlouhou cestu autobusem a vzneste se nad egyptskou krajinou. <strong data-start=\"545\" data-end=\"602\">v\u00edce \u010dasu na pozn\u00e1v\u00e1n\u00ed div\u016f starov\u011bk\u00e9ho sv\u011bta.<\/strong>.<\/p>\n<hr data-start=\"607\" data-end=\"610\" \/>\n<h3 data-start=\"493\" data-end=\"529\">\ud83d\udde3\ufe0f <strong data-start=\"501\" data-end=\"527\">Mluv\u00edme va\u0161\u00edm jazykem<\/strong><\/h3>\n<ul data-start=\"530\" data-end=\"594\">\n<li>Polsk\u00fd<\/li>\n<li>Francouz\u0161tina<\/li>\n<li>Angli\u010dtina<\/li>\n<li>N\u011bm\u010dina<\/li>\n<li>Portugal\u0161tina<\/li>\n<li>\u0160pan\u011bl\u0161tina<\/li>\n<li>...a dal\u0161\u00ed!<\/li>\n<\/ul>\n<p data-start=\"596\" data-end=\"678\">A\u0165 u\u017e jste odkudkoli, zajist\u00edme v\u00e1m bezprobl\u00e9movou komunikaci a osobn\u00ed p\u0159\u00edstup.<\/p>\n<hr data-start=\"607\" data-end=\"610\" \/>\n<h3 data-start=\"612\" data-end=\"661\">\ud83c\udf05 <strong data-start=\"619\" data-end=\"659\">Exkluzivn\u00ed vyzvednut\u00ed a transfer z leti\u0161t\u011b<\/strong><\/h3>\n<ul data-start=\"662\" data-end=\"912\">\n<li data-start=\"662\" data-end=\"781\">\n<p data-start=\"664\" data-end=\"781\"><strong data-start=\"664\" data-end=\"683\">Soukrom\u00e9 vyzvednut\u00ed<\/strong> \ud83d\ude90: Za\u010dn\u011bte sv\u016fj den pohodln\u00fdm, klimatizovan\u00fdm transferem z hotelu na leti\u0161t\u011b.<\/p>\n<\/li>\n<li data-start=\"782\" data-end=\"912\">\n<p data-start=\"784\" data-end=\"912\"><strong data-start=\"784\" data-end=\"822\">Pomoc p\u0159i vy\u0159izov\u00e1n\u00ed letov\u00fdch formalit<\/strong> \ud83d\udeeb: N\u00e1\u0161 t\u00fdm zajist\u00ed bezprobl\u00e9mov\u00e9 odbaven\u00ed pro v\u00e1\u0161 vnitrost\u00e1tn\u00ed let do K\u00e1hiry.<\/p>\n<\/li>\n<\/ul>\n<hr data-start=\"914\" data-end=\"917\" \/>\n<h3 data-start=\"919\" data-end=\"961\">\ud83c\udfdb\ufe0f <strong data-start=\"927\" data-end=\"959\">Pyramidy v G\u00edze a Velk\u00e1 sfinga<\/strong><\/h3>\n<ul data-start=\"962\" data-end=\"1211\">\n<li data-start=\"962\" data-end=\"1065\">\n<p data-start=\"964\" data-end=\"1065\">Postavte se p\u0159ed legend\u00e1rn\u00ed <strong data-start=\"991\" data-end=\"1011\">Pyramidy v G\u00edze<\/strong>, jeden z <strong data-start=\"1024\" data-end=\"1062\">Sedm div\u016f starov\u011bk\u00e9ho sv\u011bta<\/strong>.<\/p>\n<\/li>\n<li data-start=\"1066\" data-end=\"1132\">\n<p data-start=\"1068\" data-end=\"1132\">Obdivujte <strong data-start=\"1079\" data-end=\"1095\">Velk\u00e1 sfinga<\/strong> \ud83e\udd81, symbol tajemstv\u00ed a moci.<\/p>\n<\/li>\n<li data-start=\"1133\" data-end=\"1211\">\n<p data-start=\"1135\" data-end=\"1211\">Voliteln\u011b: Vstupte do jedn\u00e9 ze starov\u011bk\u00fdch pyramid (nutn\u00e1 p\u0159\u00edplatkov\u00e1 vstupenka).<\/p>\n<\/li>\n<\/ul>\n<hr data-start=\"1213\" data-end=\"1216\" \/>\n<h3 data-start=\"1218\" data-end=\"1261\">\ud83c\udffa <strong data-start=\"1225\" data-end=\"1259\">Egyptsk\u00e9 muzeum staro\u017eitnost\u00ed<\/strong><\/h3>\n<ul data-start=\"1262\" data-end=\"1488\">\n<li data-start=\"1262\" data-end=\"1378\">\n<p data-start=\"1264\" data-end=\"1378\">Prozkoumejte muzeum <strong data-start=\"1285\" data-end=\"1313\">Tutanchamonovy poklady<\/strong>, kr\u00e1lovsk\u00e9 mumie a v\u00edce ne\u017e... <strong data-start=\"1344\" data-end=\"1375\">120 000 neoceniteln\u00fdch artefakt\u016f<\/strong>.<\/p>\n<\/li>\n<li data-start=\"1379\" data-end=\"1488\">\n<p data-start=\"1381\" data-end=\"1488\">V\u00e1\u0161 soukrom\u00fd egyptologick\u00fd pr\u016fvodce v\u00e1m bude vypr\u00e1v\u011bt poutav\u00e9 p\u0159\u00edb\u011bhy o starov\u011bk\u00fdch faraonech a jejich odkazu.<\/p>\n<\/li>\n<\/ul>\n<hr data-start=\"1490\" data-end=\"1493\" \/>\n<h3 data-start=\"1495\" data-end=\"1528\">\ud83c\udf74 <strong data-start=\"1502\" data-end=\"1526\">Z\u00e1\u017eitek z VIP ob\u011bda<\/strong><\/h3>\n<ul data-start=\"1529\" data-end=\"1650\">\n<li data-start=\"1529\" data-end=\"1650\">\n<p data-start=\"1531\" data-end=\"1650\">U\u017eijte si <strong data-start=\"1539\" data-end=\"1565\">gurm\u00e1nsk\u00fd egyptsk\u00fd ob\u011bd<\/strong> \ud83c\udf7d\ufe0f , kter\u00e1 nab\u00edz\u00ed klidnou atmosf\u00e9ru a autentick\u00e9 chut\u011b.<\/p>\n<\/li>\n<\/ul>\n<hr data-start=\"1652\" data-end=\"1655\" \/>\n<h3 data-start=\"1657\" data-end=\"1704\">\ud83d\udecd\ufe0f <strong data-start=\"1665\" data-end=\"1702\">Soukrom\u00e9 n\u00e1kupn\u00ed a kulturn\u00ed zast\u00e1vky<\/strong><\/h3>\n<ul data-start=\"1705\" data-end=\"1825\">\n<li data-start=\"1705\" data-end=\"1825\">\n<p data-start=\"1707\" data-end=\"1825\">Projd\u011bte se <strong data-start=\"1724\" data-end=\"1765\">tradi\u010dn\u00ed bazar nebo papyrusov\u00e1 galerie<\/strong> \ud83d\udecd\ufe0f vlastn\u00edm tempem s pr\u016fvodcem po vybran\u00fdch autentick\u00fdch obchodech.<\/p>\n<\/li>\n<\/ul>\n<hr data-start=\"1827\" data-end=\"1830\" \/>\n<h3 data-start=\"1832\" data-end=\"1868\">\ud83c\udf07 <strong data-start=\"1839\" data-end=\"1866\">Zp\u00e1te\u010dn\u00ed cesta letadlem<\/strong><\/h3>\n<ul data-start=\"1869\" data-end=\"2013\">\n<li data-start=\"1869\" data-end=\"1949\">\n<p data-start=\"1871\" data-end=\"1949\">Po celodenn\u00edm pozn\u00e1v\u00e1n\u00ed se vra\u0165te na leti\u0161t\u011b a odle\u0165te zp\u011bt.<\/p>\n<\/li>\n<li data-start=\"1950\" data-end=\"2013\">\n<p data-start=\"1952\" data-end=\"2013\"><strong data-start=\"1952\" data-end=\"1972\">Soukrom\u00fd transfer<\/strong> \ud83d\ude90 \u010dek\u00e1, aby v\u00e1s doprovodil do hotelu.<\/p>\n<\/li>\n<\/ul>\n<hr data-start=\"2015\" data-end=\"2018\" \/>\n<h3 data-start=\"2020\" data-end=\"2068\"><strong data-start=\"2024\" data-end=\"2066\">Pro\u010d si vybrat v\u00fdlet letadlem do K\u00e1hiry pro 2 osoby?<\/strong><\/h3>\n<ul data-start=\"2069\" data-end=\"2369\">\n<li data-start=\"2069\" data-end=\"2134\">\n<p data-start=\"2071\" data-end=\"2134\">\u2708\ufe0f <strong data-start=\"2074\" data-end=\"2102\">Rychl\u00e9 a pohodln\u00e9 cestov\u00e1n\u00ed<\/strong> - maximalizujte sv\u016fj \u010das v K\u00e1hi\u0159e<\/p>\n<\/li>\n<li data-start=\"2135\" data-end=\"2195\">\n<p data-start=\"2137\" data-end=\"2195\">\ud83c\udfdb\ufe0f Soukrom\u00e1 prohl\u00eddka nejzn\u00e1m\u011bj\u0161\u00edch egyptsk\u00fdch pam\u00e1tek s pr\u016fvodcem<\/p>\n<\/li>\n<li data-start=\"2196\" data-end=\"2248\">\n<p data-start=\"2198\" data-end=\"2248\">\ud83c\udf74 <strong data-start=\"2201\" data-end=\"2230\">Pr\u00e9miov\u00fd gastronomick\u00fd z\u00e1\u017eitek<\/strong><\/p>\n<\/li>\n<li data-start=\"2249\" data-end=\"2316\">\n<p data-start=\"2251\" data-end=\"2316\">\ud83e\uddd1\u200d\ud83e\udd1d\u200d\ud83e\uddd1 Ide\u00e1ln\u00ed pro p\u00e1ry, novoman\u017eele na svatebn\u00ed cest\u011b nebo luxusn\u00ed cestovatele.<\/p>\n<\/li>\n<li data-start=\"2317\" data-end=\"2369\">\n<p data-start=\"2319\" data-end=\"2369\">\ud83d\udecd\ufe0f N\u00e1kupn\u00ed zast\u00e1vky na m\u00edru a flexibiln\u00ed itiner\u00e1\u0159<\/p>\n<\/li>\n<li>\ud83d\udea4 A to nejlep\u0161\u00ed nakonec - sou\u010d\u00e1st\u00ed v\u00fdletu je nezapomenuteln\u00e1 plavba po Nilu!<\/li>\n<\/ul>\n<article class=\"text-token-text-primary w-full focus:outline-none scroll-mt-(--header-height)\" dir=\"auto\" tabindex=\"-1\" data-turn-id=\"307d3d07-6d21-424c-bca4-db7c002607fb\" data-testid=\"conversation-turn-13\" data-scroll-anchor=\"false\" data-turn=\"user\">\n<div class=\"text-base my-auto mx-auto pt-12 [--thread-content-margin:--spacing(4)] thread-sm:[--thread-content-margin:--spacing(6)] thread-lg:[--thread-content-margin:--spacing(16)] px-(--thread-content-margin)\">\n<div class=\"[--thread-content-max-width:40rem] thread-lg:[--thread-content-max-width:48rem] mx-auto max-w-(--thread-content-max-width) flex-1 group\/turn-messages focus-visible:outline-hidden relative flex w-full min-w-0 flex-col\" tabindex=\"-1\">\n<div class=\"flex max-w-full flex-col grow\"><\/div>\n<\/div>\n<\/div>\n<\/article>\n<hr data-start=\"2015\" data-end=\"2018\" \/>\n<article class=\"text-token-text-primary w-full focus:outline-none scroll-mt-(--header-height)\" dir=\"auto\" tabindex=\"-1\" data-turn-id=\"307d3d07-6d21-424c-bca4-db7c002607fb\" data-testid=\"conversation-turn-13\" data-scroll-anchor=\"false\" data-turn=\"user\">\n<div class=\"text-base my-auto mx-auto pt-12 [--thread-content-margin:--spacing(4)] thread-sm:[--thread-content-margin:--spacing(6)] thread-lg:[--thread-content-margin:--spacing(16)] px-(--thread-content-margin)\">\n<div class=\"[--thread-content-max-width:40rem] thread-lg:[--thread-content-max-width:48rem] mx-auto max-w-(--thread-content-max-width) flex-1 group\/turn-messages focus-visible:outline-hidden relative flex w-full min-w-0 flex-col\" tabindex=\"-1\">\n<div class=\"flex max-w-full flex-col grow\">\n<div class=\"min-h-8 text-message relative flex w-full flex-col items-end gap-2 text-start break-words whitespace-normal [.text-message+&amp;]:mt-5\" dir=\"auto\" data-message-author-role=\"user\" data-message-id=\"307d3d07-6d21-424c-bca4-db7c002607fb\">\n<div class=\"flex w-full flex-col gap-1 empty:hidden items-end rtl:items-start\">\n<div class=\"user-message-bubble-color relative rounded-[18px] px-4 py-1.5 data-[multiline]:py-3 max-w-[var(--user-chat-width,70%)]\">\n<div>\n<article class=\"text-token-text-primary w-full focus:outline-none scroll-mt-(--header-height)\" dir=\"auto\" tabindex=\"-1\" data-turn-id=\"307d3d07-6d21-424c-bca4-db7c002607fb\" data-testid=\"conversation-turn-13\" data-scroll-anchor=\"false\" data-turn=\"user\">\n<div class=\"text-base my-auto mx-auto pt-12 [--thread-content-margin:--spacing(4)] thread-sm:[--thread-content-margin:--spacing(6)] thread-lg:[--thread-content-margin:--spacing(16)] px-(--thread-content-margin)\">\n<div class=\"[--thread-content-max-width:40rem] thread-lg:[--thread-content-max-width:48rem] mx-auto max-w-(--thread-content-max-width) flex-1 group\/turn-messages focus-visible:outline-hidden relative flex w-full min-w-0 flex-col\" tabindex=\"-1\">\n<div><strong data-start=\"56\" data-end=\"76\">\u26a0\ufe0f\u201dD\u016fle\u017eit\u00e9 upozorn\u011bn\u00ed\u201d<\/strong><\/div>\n<\/div>\n<\/div>\n<\/article>\n<div><strong data-start=\"56\" data-end=\"76\">\u201cTento v\u00fdlet se za \u017e\u00e1dn\u00fdch okolnost\u00ed (nemoc, cesta nebo nedostaven\u00ed se) nevrac\u00ed.\u201d<\/strong><\/div>\n<\/div>\n<div class=\"whitespace-pre-wrap\"><strong data-start=\"927\" data-end=\"959\">\ud83e\udd11Cena exkurze<\/strong><\/div>\n<\/div>\n<\/div>\n<\/div>\n<\/div>\n<div class=\"flex justify-end\">\ud83d\ude4e\ud83c\udffb\u200d\u2642\ufe0f 12 let a v\u00edce 240 \u20ac<\/div>\n<div><strong><img decoding=\"async\" class=\"emoji\" role=\"img\" draggable=\"false\" src=\"https:\/\/s.w.org\/images\/core\/emoji\/16.0.1\/svg\/1f9cd-1f3fb-200d-2640-fe0f.svg\" alt=\"\ud83e\uddcd\ud83c\udffb\u200d\u2640\ufe0f\" \/><\/strong>\u00a0 2\/11 let 180 \u20ac<\/div>\n<div><strong><img decoding=\"async\" class=\"emoji\" role=\"img\" draggable=\"false\" src=\"https:\/\/s.w.org\/images\/core\/emoji\/16.0.1\/svg\/1f47c-1f3fc.svg\" alt=\"\ud83d\udc7c\ud83c\udffc\" \/><\/strong> \u00a0 -2 roky 40 \u20ac<\/div>\n<\/div>\n<\/div>\n<\/article>\n<div>\n<h3 data-start=\"2198\" data-end=\"2225\"><strong data-start=\"2205\" data-end=\"2223\">Platba v USD ($ \ud83c\uddfa\ud83c\uddf8) m\u00edsto v EUR (\u20ac \ud83c\uddea\ud83c\uddfa) je mo\u017en\u00e1 podle denn\u00edho kurzu banky.<\/strong><\/h3>\n<\/div>\n<article class=\"text-token-text-primary w-full focus:outline-none scroll-mt-(--header-height)\" dir=\"auto\" tabindex=\"-1\" data-turn-id=\"307d3d07-6d21-424c-bca4-db7c002607fb\" data-testid=\"conversation-turn-13\" data-scroll-anchor=\"false\" data-turn=\"user\">\n<div class=\"text-base my-auto mx-auto pt-12 [--thread-content-margin:--spacing(4)] thread-sm:[--thread-content-margin:--spacing(6)] thread-lg:[--thread-content-margin:--spacing(16)] px-(--thread-content-margin)\">\n<div class=\"[--thread-content-max-width:40rem] thread-lg:[--thread-content-max-width:48rem] mx-auto max-w-(--thread-content-max-width) flex-1 group\/turn-messages focus-visible:outline-hidden relative flex w-full min-w-0 flex-col\" tabindex=\"-1\">\n<div>\n<hr data-start=\"2015\" data-end=\"2018\" \/>\n<\/div>\n<div><strong>Book Through WhatsApp:<\/strong><\/div>\n<\/div>\n<\/div>\n<\/article>\n<p><a href=\"https:\/\/api.whatsapp.com\/send\/?phone=01021058859\" target=\"_blank\" rel=\"noopener\">\u00a0<img decoding=\"async\" class=\"alignnone wp-image-2058\" src=\"https:\/\/poehalisnamiegypt.com\/wp-content\/uploads\/2024\/02\/pngwing.com_-300x300.png\" sizes=\"auto, (max-width: 35px) 100vw, 35px\" srcset=\"https:\/\/poehalisnamiegypt.com\/wp-content\/uploads\/2024\/02\/pngwing.com_-300x300.png 300w, https:\/\/poehalisnamiegypt.com\/wp-content\/uploads\/2024\/02\/pngwing.com_-150x150.png 150w, https:\/\/poehalisnamiegypt.com\/wp-content\/uploads\/2024\/02\/pngwing.com_.png 584w\" alt=\"\" width=\"53\" height=\"53\" \/><\/a><\/p>","protected":false},"excerpt":{"rendered":"<p>\u2708\ufe0f Cairo Plane Trip \u2013 Private Experience for 2 Guests Discover the treasures of Cairo with a luxurious private plane trip, perfectly designed for two people who value comfort, exclusivity, and time efficiency. Skip the long bus journey and soar above Egypt\u2019s landscape, giving you more time to explore the wonders of the ancient world. [&hellip;]<\/p>","protected":false},"featured_media":9897,"comment_status":"open","ping_status":"closed","template":"","meta":{"_monsterinsights_skip_tracking":false,"_monsterinsights_sitenote_active":false,"_monsterinsights_sitenote_note":"","_monsterinsights_sitenote_category":0},"product_brand":[],"product_cat":[63],"product_tag":[],"class_list":{"0":"post-9895","1":"product","2":"type-product","3":"status-publish","4":"has-post-thumbnail","6":"product_cat-cairo","8":"first","9":"instock","10":"shipping-taxable","11":"purchasable","12":"product-type-ovabrw_car_rental"},"_links":{"self":[{"href":"https:\/\/redsea-dream-tours.com\/cs\/wp-json\/wp\/v2\/product\/9895","targetHints":{"allow":["GET"]}}],"collection":[{"href":"https:\/\/redsea-dream-tours.com\/cs\/wp-json\/wp\/v2\/product"}],"about":[{"href":"https:\/\/redsea-dream-tours.com\/cs\/wp-json\/wp\/v2\/types\/product"}],"replies":[{"embeddable":true,"href":"https:\/\/redsea-dream-tours.com\/cs\/wp-json\/wp\/v2\/comments?post=9895"}],"wp:featuredmedia":[{"embeddable":true,"href":"https:\/\/redsea-dream-tours.com\/cs\/wp-json\/wp\/v2\/media\/9897"}],"wp:attachment":[{"href":"https:\/\/redsea-dream-tours.com\/cs\/wp-json\/wp\/v2\/media?parent=9895"}],"wp:term":[{"taxonomy":"product_brand","embeddable":true,"href":"https:\/\/redsea-dream-tours.com\/cs\/wp-json\/wp\/v2\/product_brand?post=9895"},{"taxonomy":"product_cat","embeddable":true,"href":"https:\/\/redsea-dream-tours.com\/cs\/wp-json\/wp\/v2\/product_cat?post=9895"},{"taxonomy":"product_tag","embeddable":true,"href":"https:\/\/redsea-dream-tours.com\/cs\/wp-json\/wp\/v2\/product_tag?post=9895"}],"curies":[{"name":"wp","href":"https:\/\/api.w.org\/{rel}","templated":true}]}}