{"id":9867,"date":"2025-09-07T10:48:22","date_gmt":"2025-09-07T10:48:22","guid":{"rendered":"https:\/\/redsea-dream-tours.com\/?post_type=product&#038;p=9867"},"modified":"2026-01-02T16:37:14","modified_gmt":"2026-01-02T16:37:14","slug":"luxor-bus-trip","status":"publish","type":"product","link":"https:\/\/redsea-dream-tours.com\/cs\/produkt\/luxor-bus-trip\/","title":{"rendered":"Luxor Bus Tour: \u00dadol\u00ed kr\u00e1l\u016f, Karnak a den na Nilu"},"content":{"rendered":"<h3 data-start=\"177\" data-end=\"251\">\ud83d\ude8c <strong data-start=\"184\" data-end=\"249\">Celodenn\u00ed v\u00fdlet autobusem do Luxoru - cesta do srdce starov\u011bk\u00e9ho Egypta<\/strong><\/h3>\n<p data-start=\"253\" data-end=\"576\">Vydejte se na nezapomenutelnou cestu z <strong data-start=\"293\" data-end=\"320\">Hurghada (nebo va\u0161e m\u011bsto)<\/strong> do nad\u010dasov\u00e9 zem\u011b faraon\u016f - <strong data-start=\"360\" data-end=\"369\">Luxor<\/strong>, m\u011bsta, v n\u011bm\u017e se nach\u00e1z\u00ed t\u00e9m\u011b\u0159 t\u0159etina starov\u011bk\u00fdch pam\u00e1tek na sv\u011bt\u011b. Tento pe\u010dliv\u011b napl\u00e1novan\u00fd autobusov\u00fd z\u00e1jezd nab\u00edz\u00ed <strong data-start=\"481\" data-end=\"574\">pohodln\u00e1 j\u00edzda, odborn\u00e9 veden\u00ed a den pln\u00fd historie, kultury a dobrodru\u017estv\u00ed.<\/strong><\/p>\n<hr data-start=\"578\" data-end=\"581\" \/>\n<h3 data-start=\"583\" data-end=\"619\">\ud83c\udf05 <strong data-start=\"590\" data-end=\"617\">Rann\u00ed odjezd<\/strong><\/h3>\n<p data-start=\"620\" data-end=\"838\">Va\u0161e dobrodru\u017estv\u00ed za\u010d\u00edn\u00e1 <strong data-start=\"650\" data-end=\"675\">vyzvednut\u00ed brzy r\u00e1no<\/strong> z va\u0161eho hotelu modern\u00edm klimatizovan\u00fdm autobusem. Pohodln\u011b se usa\u010fte a vychutnejte si vyhl\u00eddkovou j\u00edzdu po pou\u0161tn\u00edch cest\u00e1ch, zat\u00edmco slunce vych\u00e1z\u00ed nad zlat\u00fdmi egyptsk\u00fdmi p\u00edsky.<\/p>\n<hr data-start=\"840\" data-end=\"843\" \/>\n<h3 data-start=\"845\" data-end=\"892\">\ud83c\udfdc\ufe0f <strong data-start=\"853\" data-end=\"890\">Prozkoumejte z\u00e1padn\u00ed b\u0159eh Nilu<\/strong><\/h3>\n<p data-start=\"893\" data-end=\"1079\">Vydejte se do sv\u011bta starov\u011bk\u00fdch kr\u00e1l\u016f a kr\u00e1loven a nav\u0161tivte <strong data-start=\"958\" data-end=\"981\">\u00dadol\u00ed kr\u00e1l\u016f<\/strong> \ud83c\udfdb\ufe0f - m\u00edsto posledn\u00edho odpo\u010dinku legend\u00e1rn\u00edch egyptsk\u00fdch faraon\u016f, v\u010detn\u011b Tutanchamonovy hrobky.<\/p>\n<ul data-start=\"1080\" data-end=\"1292\">\n<li data-start=\"1080\" data-end=\"1189\">\n<p data-start=\"1082\" data-end=\"1189\">Nav\u0161tivte <strong data-start=\"1088\" data-end=\"1109\">Chr\u00e1m Hat\u0161epsut<\/strong> - architektonick\u00e9 d\u00edlo v\u011bnovan\u00e9 jedin\u00e9 egyptsk\u00e9 faraonce.<\/p>\n<\/li>\n<li data-start=\"1190\" data-end=\"1292\">\n<p data-start=\"1192\" data-end=\"1292\">Zastavte se v <strong data-start=\"1204\" data-end=\"1225\">Memnonovy kolosy<\/strong> - dv\u011b mohutn\u00e9 kamenn\u00e9 sochy, kter\u00e9 stoj\u00ed na str\u00e1\u017ei ji\u017e v\u00edce ne\u017e 3000 let.<\/p>\n<\/li>\n<\/ul>\n<hr data-start=\"1294\" data-end=\"1297\" \/>\n<h3 data-start=\"1299\" data-end=\"1342\">\ud83c\udffa <strong data-start=\"1306\" data-end=\"1340\">Objevte divy v\u00fdchodn\u00edho b\u0159ehu<\/strong><\/h3>\n<p data-start=\"1343\" data-end=\"1489\">P\u0159ekro\u010dte majest\u00e1tn\u00ed \u0159eku Nil a prozkoumejte <strong data-start=\"1388\" data-end=\"1413\">Chr\u00e1mov\u00fd komplex Karnak<\/strong> \u26e9\ufe0f - jedno z nejv\u011bt\u0161\u00edch a nejp\u016fsobiv\u011bj\u0161\u00edch n\u00e1bo\u017eensk\u00fdch m\u00edst na sv\u011bt\u011b.<\/p>\n<ul data-start=\"1490\" data-end=\"1612\">\n<li data-start=\"1490\" data-end=\"1541\">\n<p data-start=\"1492\" data-end=\"1541\">Projd\u011bte se mezi vysok\u00fdmi sloupy a posv\u00e1tn\u00fdmi jezery.<\/p>\n<\/li>\n<li data-start=\"1542\" data-end=\"1612\">\n<p data-start=\"1544\" data-end=\"1612\">Poznejte p\u0159\u00edb\u011bhy, kter\u00e9 se skr\u00fdvaj\u00ed za starov\u011bk\u00fdmi n\u00e1pisy a hieroglyfy.<\/p>\n<\/li>\n<\/ul>\n<hr data-start=\"1614\" data-end=\"1617\" \/>\n<h3 data-start=\"1619\" data-end=\"1649\">\ud83c\udf74 <strong data-start=\"1626\" data-end=\"1647\">Ob\u011bd s v\u00fdhledem<\/strong><\/h3>\n<p data-start=\"1650\" data-end=\"1801\">Vychutnejte si lahodnou <strong data-start=\"1668\" data-end=\"1686\">Egyptsk\u00fd ob\u011bd<\/strong> \ud83c\udf7d\ufe0f v m\u00edstn\u00ed restauraci s v\u00fdhledem na Nil, kde si m\u016f\u017eete odpo\u010dinout a nas\u00e1t kouzelnou atmosf\u00e9ru Luxoru.<\/p>\n<hr data-start=\"1803\" data-end=\"1806\" \/>\n<h3 data-start=\"1808\" data-end=\"1842\">\ud83d\udecd\ufe0f <strong data-start=\"1816\" data-end=\"1840\">Nakupov\u00e1n\u00ed a suven\u00fdry<\/strong><\/h3>\n<p data-start=\"1843\" data-end=\"1998\">Zastavte se na tradi\u010dn\u00edm bazaru \ud83d\udecd\ufe0f, kde si m\u016f\u017eete prohl\u00e9dnout jedine\u010dn\u00e9 suven\u00fdry, ru\u010dn\u011b vyr\u00e1b\u011bn\u00e9 \u0159emesln\u00e9 v\u00fdrobky a autentick\u00e9 egyptsk\u00e9 produkty na pam\u00e1tku.<\/p>\n<hr data-start=\"2000\" data-end=\"2003\" \/>\n<h3 data-start=\"2005\" data-end=\"2032\">\ud83c\udf07 <strong data-start=\"2012\" data-end=\"2030\">Zp\u00e1te\u010dn\u00ed cesta<\/strong><\/h3>\n<p data-start=\"2033\" data-end=\"2214\">Na konci dne nastoup\u00edte do autobusu a vr\u00e1t\u00edte se zp\u011bt do hotelu s nezapomenuteln\u00fdmi vzpom\u00ednkami. <strong data-start=\"2149\" data-end=\"2211\">starov\u011bk\u00e9 divy, \u017eiv\u00e1 kultura a \u00fachvatn\u00e9 scen\u00e9rie.<\/strong>.<\/p>\n<hr data-start=\"2216\" data-end=\"2219\" \/>\n<h3 data-start=\"2221\" data-end=\"2247\"><strong data-start=\"2225\" data-end=\"2245\">Nejd\u016fle\u017eit\u011bj\u0161\u00ed body prohl\u00eddky:<\/strong><\/h3>\n<ul data-start=\"2248\" data-end=\"2500\">\n<li data-start=\"2248\" data-end=\"2309\">\n<p data-start=\"2250\" data-end=\"2309\">\ud83d\ude8c Pohodln\u00e1 p\u0159eprava klimatizovan\u00fdm autobusem tam i zp\u011bt<\/p>\n<\/li>\n<li data-start=\"2310\" data-end=\"2389\">\n<p data-start=\"2312\" data-end=\"2389\">\ud83c\udfdb\ufe0f N\u00e1v\u0161t\u011bva \u00dadol\u00ed kr\u00e1l\u016f nebo \u00dadol\u00ed kr\u00e1loven , chr\u00e1mu Hat\u0161epsut a chr\u00e1mu v Karnaku s pr\u016fvodcem.<\/p>\n<\/li>\n<li data-start=\"2390\" data-end=\"2425\">\n<p data-start=\"2392\" data-end=\"2425\">\ud83c\udf7d\ufe0f Ob\u011bd v m\u00edstn\u00ed restauraci<\/p>\n<\/li>\n<li data-start=\"2426\" data-end=\"2461\">\n<p data-start=\"2428\" data-end=\"2461\">\u26f4\ufe0f P\u0159ejezd \u0159eky Nil v cen\u011b<\/p>\n<\/li>\n<li data-start=\"2462\" data-end=\"2500\">\n<p data-start=\"2464\" data-end=\"2500\">\ud83d\udcdc Profesion\u00e1ln\u00ed pr\u016fvodce egyptologem<\/p>\n<\/li>\n<\/ul>\n<hr data-start=\"2216\" data-end=\"2219\" \/>\n<h3 data-start=\"493\" data-end=\"529\">\ud83d\udde3\ufe0f <strong data-start=\"501\" data-end=\"527\">Mluv\u00edme va\u0161\u00edm jazykem<\/strong><\/h3>\n<ul data-start=\"530\" data-end=\"594\">\n<li>Polsk\u00fd<\/li>\n<li>Francouz\u0161tina<\/li>\n<li>Angli\u010dtina<\/li>\n<li>N\u011bm\u010dina<\/li>\n<li>Portugal\u0161tina<\/li>\n<li>\u0160pan\u011bl\u0161tina<\/li>\n<li>...a dal\u0161\u00ed!<\/li>\n<\/ul>\n<p data-start=\"596\" data-end=\"678\">A\u0165 u\u017e jste odkudkoli, zajist\u00edme v\u00e1m bezprobl\u00e9movou komunikaci a osobn\u00ed p\u0159\u00edstup.<\/p>\n<hr data-start=\"2216\" data-end=\"2219\" \/>\n<p data-start=\"54\" data-end=\"117\">\ud83d\udccc <strong data-start=\"57\" data-end=\"73\">Zvl\u00e1\u0161tn\u00ed pozn\u00e1mka<\/strong><br data-start=\"73\" data-end=\"76\" \/>\u2728 Za\u017eijte kouzlo Luxoru autobusem!<\/p>\n<ul data-start=\"118\" data-end=\"278\">\n<li data-start=\"118\" data-end=\"193\">\n<p data-start=\"120\" data-end=\"193\">Pouze <strong data-start=\"125\" data-end=\"132\">\u20ac55<\/strong> - Objevte fascinuj\u00edc\u00ed <strong data-start=\"160\" data-end=\"191\">Chr\u00e1m v \u00dadol\u00ed kr\u00e1loven<\/strong><\/p>\n<\/li>\n<li data-start=\"194\" data-end=\"278\">\n<p data-start=\"196\" data-end=\"278\">Jen <strong data-start=\"201\" data-end=\"208\">\u20ac65<\/strong> - Vstupte do historie v legend\u00e1rn\u00edm <strong data-start=\"246\" data-end=\"276\">Chr\u00e1m v \u00dadol\u00ed kr\u00e1l\u016f<\/strong><\/p>\n<\/li>\n<\/ul>\n<hr data-start=\"2216\" data-end=\"2219\" \/>\n<h3 data-start=\"2198\" data-end=\"2225\"><strong data-start=\"2205\" data-end=\"2223\">\ud83e\udd11 Cena exkurze<\/strong><\/h3>\n<p data-start=\"2228\" data-end=\"2260\"><strong data-start=\"2233\" data-end=\"2258\">\u00a0 \u00a0<img decoding=\"async\" class=\"emoji\" role=\"img\" draggable=\"false\" src=\"https:\/\/s.w.org\/images\/core\/emoji\/16.0.1\/svg\/1f64e-1f3fb-200d-2642-fe0f.svg\" alt=\"\ud83d\ude4e\ud83c\udffb\u200d\u2642\ufe0f\" \/> 12 let a v\u00edce 55 \u20ac<\/strong><\/p>\n<p data-start=\"2228\" data-end=\"2260\"><strong data-start=\"2263\" data-end=\"2280\">\u00a0 \u00a0<img decoding=\"async\" class=\"emoji\" role=\"img\" draggable=\"false\" src=\"https:\/\/s.w.org\/images\/core\/emoji\/16.0.1\/svg\/1f9cd-1f3fb-200d-2640-fe0f.svg\" alt=\"\ud83e\uddcd\ud83c\udffb\u200d\u2640\ufe0f\" \/> 6\/11 let 30 \u20ac<\/strong><\/p>\n<p data-start=\"2228\" data-end=\"2260\"><strong data-start=\"2327\" data-end=\"2355\">\u00a0 \u00a0<img decoding=\"async\" class=\"emoji\" role=\"img\" draggable=\"false\" src=\"https:\/\/s.w.org\/images\/core\/emoji\/16.0.1\/svg\/1f47c-1f3fc.svg\" alt=\"\ud83d\udc7c\ud83c\udffc\" \/> -6 let 15 \u20ac<\/strong><\/p>\n<h3 data-start=\"2198\" data-end=\"2225\"><strong data-start=\"2205\" data-end=\"2223\">Platba v USD ($ \ud83c\uddfa\ud83c\uddf8) m\u00edsto v EUR (\u20ac \ud83c\uddea\ud83c\uddfa) je mo\u017en\u00e1 podle denn\u00edho kurzu banky.<\/strong><\/h3>\n<p><strong>Book Through WhatsApp:<\/strong><\/p>\n<p><a href=\"https:\/\/api.whatsapp.com\/send\/?phone=01021058859\" target=\"_blank\" rel=\"noopener\">\u00a0<img decoding=\"async\" class=\"alignnone wp-image-2058\" src=\"https:\/\/poehalisnamiegypt.com\/wp-content\/uploads\/2024\/02\/pngwing.com_-300x300.png\" sizes=\"auto, (max-width: 35px) 100vw, 35px\" srcset=\"https:\/\/poehalisnamiegypt.com\/wp-content\/uploads\/2024\/02\/pngwing.com_-300x300.png 300w, https:\/\/poehalisnamiegypt.com\/wp-content\/uploads\/2024\/02\/pngwing.com_-150x150.png 150w, https:\/\/poehalisnamiegypt.com\/wp-content\/uploads\/2024\/02\/pngwing.com_.png 584w\" alt=\"\" width=\"53\" height=\"53\" \/><\/a><\/p>\n<div id=\"gtx-trans\" style=\"position: absolute; left: 80px; top: 53.7083px;\">\n<div class=\"gtx-trans-icon\"><\/div>\n<\/div>\n<div id=\"gtx-trans\" style=\"position: absolute; left: 79px; top: 53.7083px;\">\n<div class=\"gtx-trans-icon\"><\/div>\n<\/div>","protected":false},"excerpt":{"rendered":"<p>\ud83d\ude8c Luxor Day Trip by Bus \u2013 Journey to the Heart of Ancient Egypt Embark on an unforgettable journey from Hurghada (or your city) to the timeless land of the pharaohs \u2013 Luxor, a city that holds nearly one-third of the world\u2019s ancient monuments. This carefully planned bus tour offers a comfortable ride, expert guidance, [&hellip;]<\/p>","protected":false},"featured_media":9833,"comment_status":"open","ping_status":"closed","template":"","meta":{"_monsterinsights_skip_tracking":false,"_monsterinsights_sitenote_active":false,"_monsterinsights_sitenote_note":"","_monsterinsights_sitenote_category":0},"product_brand":[],"product_cat":[65],"product_tag":[],"class_list":{"0":"post-9867","1":"product","2":"type-product","3":"status-publish","4":"has-post-thumbnail","6":"product_cat-luxor","8":"first","9":"instock","10":"shipping-taxable","11":"purchasable","12":"product-type-ovabrw_car_rental"},"_links":{"self":[{"href":"https:\/\/redsea-dream-tours.com\/cs\/wp-json\/wp\/v2\/product\/9867","targetHints":{"allow":["GET"]}}],"collection":[{"href":"https:\/\/redsea-dream-tours.com\/cs\/wp-json\/wp\/v2\/product"}],"about":[{"href":"https:\/\/redsea-dream-tours.com\/cs\/wp-json\/wp\/v2\/types\/product"}],"replies":[{"embeddable":true,"href":"https:\/\/redsea-dream-tours.com\/cs\/wp-json\/wp\/v2\/comments?post=9867"}],"wp:featuredmedia":[{"embeddable":true,"href":"https:\/\/redsea-dream-tours.com\/cs\/wp-json\/wp\/v2\/media\/9833"}],"wp:attachment":[{"href":"https:\/\/redsea-dream-tours.com\/cs\/wp-json\/wp\/v2\/media?parent=9867"}],"wp:term":[{"taxonomy":"product_brand","embeddable":true,"href":"https:\/\/redsea-dream-tours.com\/cs\/wp-json\/wp\/v2\/product_brand?post=9867"},{"taxonomy":"product_cat","embeddable":true,"href":"https:\/\/redsea-dream-tours.com\/cs\/wp-json\/wp\/v2\/product_cat?post=9867"},{"taxonomy":"product_tag","embeddable":true,"href":"https:\/\/redsea-dream-tours.com\/cs\/wp-json\/wp\/v2\/product_tag?post=9867"}],"curies":[{"name":"wp","href":"https:\/\/api.w.org\/{rel}","templated":true}]}}