{"id":9853,"date":"2025-09-07T10:15:10","date_gmt":"2025-09-07T10:15:10","guid":{"rendered":"https:\/\/redsea-dream-tours.com\/?post_type=product&#038;p=9853"},"modified":"2025-11-28T15:21:15","modified_gmt":"2025-11-28T15:21:15","slug":"dolphin-world-trip","status":"publish","type":"product","link":"https:\/\/redsea-dream-tours.com\/cs\/produkt\/dolphin-world-trip\/","title":{"rendered":"Dobrodru\u017en\u00e1 show ve sv\u011bt\u011b delf\u00edn\u016f"},"content":{"rendered":"<h3 data-start=\"127\" data-end=\"195\">\ud83d\udc2c <strong data-start=\"134\" data-end=\"193\">V\u00edtejte v Delf\u00edn\u00edm sv\u011bt\u011b - kde se kouzlo setk\u00e1v\u00e1 s oce\u00e1nem!<\/strong><\/h3>\n<p data-start=\"197\" data-end=\"314\">Za\u017eijte jeden z nejmodern\u011bj\u0161\u00edch <strong data-start=\"231\" data-end=\"259\">delf\u00ednie na sv\u011bt\u011b<\/strong> a p\u0159ipravte se na nezapomenuteln\u00e9 mo\u0159sk\u00e9 dobrodru\u017estv\u00ed!<\/p>\n<h3 data-start=\"316\" data-end=\"364\">\ud83c\udfad <strong data-start=\"323\" data-end=\"362\">Velkolep\u00e1 p\u0159ehl\u00eddka delf\u00edn\u016f a mo\u0159sk\u00fdch \u017eivo\u010dich\u016f<\/strong><\/h3>\n<p data-start=\"365\" data-end=\"673\">Nechte se ohromit na\u0161imi neuv\u011b\u0159iteln\u00fdmi <strong data-start=\"393\" data-end=\"430\">delf\u00edni, lachtani a mo\u0159sk\u00e9 ko\u010dky.<\/strong> a p\u0159edvedou oslnivou \u0159adu <strong data-start=\"467\" data-end=\"495\">salta, skoky a oto\u010dky<\/strong> - dokonce <em data-start=\"508\" data-end=\"514\">zp\u00edvat<\/em> a <em data-start=\"519\" data-end=\"525\">diskuse<\/em>!<br data-start=\"526\" data-end=\"529\" \/>Na\u0161i zku\u0161en\u00ed tren\u00e9\u0159i se pono\u0159\u00ed p\u0159\u00edmo do vody a budou plavat bok po boku s t\u011bmito ladn\u00fdmi tvory a p\u0159edv\u00e1d\u011bt jim jejich schopnosti. <strong data-start=\"639\" data-end=\"670\">n\u011bha a inteligence<\/strong>.<\/p>\n<h3 data-start=\"675\" data-end=\"713\">\ud83c\udfdb\ufe0f <strong data-start=\"683\" data-end=\"711\">Z\u00e1\u017eitek z \u0159\u00edmsk\u00e9ho divadla<\/strong><\/h3>\n<p data-start=\"714\" data-end=\"948\">Posa\u010fte se v na\u0161\u00ed <strong data-start=\"736\" data-end=\"770\">divadlo v \u0159\u00edmsk\u00e9m stylu s kapacitou 1 288 m\u00edst<\/strong> a p\u0159ipravte se na \u0161plouch\u00e1n\u00ed, vlny a \u010distou pozitivn\u00ed energii!<\/p>\n<p data-start=\"714\" data-end=\"948\">Mnoho n\u00e1v\u0161t\u011bvn\u00edk\u016f p\u0159ich\u00e1z\u00ed kv\u016fli delf\u00edn\u016fm, ale nakonec si zamiluj\u00ed na\u0161e hrav\u00e9 delf\u00edny. <strong data-start=\"915\" data-end=\"941\">lachtani a mo\u0159sk\u00e9 ko\u010dky<\/strong> tak\u00e9.<\/p>\n<h3 data-start=\"675\" data-end=\"713\"><strong data-start=\"683\" data-end=\"711\">\ud83d\udc2c Zachy\u0165te nezapomenuteln\u00fd okam\u017eik s delf\u00ednem<\/strong><\/h3>\n<p data-start=\"86\" data-end=\"91\">Pod\u011blte se o jedine\u010dn\u00fd okam\u017eik s\u00a0<strong>delf\u00edni<\/strong>\u00a0. M\u016f\u017eete se t\u011b\u0161it na\u00a0<strong>focen\u00ed na okraji baz\u00e9nu<\/strong>\u00a0. Objet\u00ed a polibky budou k dispozici. Je na v\u00e1s, abyste si vybrali\u00a0<strong>10 fotografi\u00ed<\/strong>\u00a0z cel\u00e9ho nat\u00e1\u010den\u00ed.<\/p>\n<h3 data-start=\"950\" data-end=\"988\">\ud83c\udfca\u200d\u2642\ufe0f <strong data-start=\"960\" data-end=\"986\">Plav\u00e1n\u00ed s delf\u00edny 5 m<\/strong><\/h3>\n<p data-start=\"989\" data-end=\"1213\">Delf\u00edn\u00ed sv\u011bt pat\u0159\u00ed k n\u011bkolika m\u00e1lo m\u00edst\u016fm, kde m\u016f\u017eete <strong data-start=\"1041\" data-end=\"1063\">plav\u00e1n\u00ed s delf\u00edny<\/strong>!<br data-start=\"1064\" data-end=\"1067\" \/>Ve vod\u011b hlubok\u00e9 po p\u00e1s a\u017e po prsa uc\u00edt\u00edte. <strong data-start=\"1113\" data-end=\"1146\">s\u00edla, hravost a magie<\/strong> t\u011bchto \u00fa\u017easn\u00fdch savc\u016f v bezpe\u010dn\u00e9m a nezapomenuteln\u00e9m prost\u0159ed\u00ed.<\/p>\n<article class=\"text-token-text-primary w-full focus:outline-none scroll-mt-[calc(var(--header-height)+min(200px,max(70px,20svh)))]\" dir=\"auto\" tabindex=\"-1\" data-turn-id=\"request-68cf1740-f044-8320-b794-7b729d41709a-28\" data-testid=\"conversation-turn-48\" data-scroll-anchor=\"true\" data-turn=\"assistant\">\n<div class=\"text-base my-auto mx-auto pb-10 [--thread-content-margin:--spacing(4)] thread-sm:[--thread-content-margin:--spacing(6)] thread-lg:[--thread-content-margin:--spacing(16)] px-(--thread-content-margin)\">\n<div class=\"[--thread-content-max-width:40rem] thread-lg:[--thread-content-max-width:48rem] mx-auto max-w-(--thread-content-max-width) flex-1 group\/turn-messages focus-visible:outline-hidden relative flex w-full min-w-0 flex-col agent-turn\" tabindex=\"-1\">\n<div class=\"flex max-w-full flex-col grow\">\n<div class=\"min-h-8 text-message relative flex w-full flex-col items-end gap-2 text-start break-words whitespace-normal [.text-message+&amp;]:mt-5\" dir=\"auto\" data-message-author-role=\"assistant\" data-message-id=\"a00ddcf7-a768-4e46-b96f-a3ad63f6293d\" data-message-model-slug=\"gpt-5-mini\">\n<div class=\"flex w-full flex-col gap-1 empty:hidden first:pt-[3px]\">\n<div class=\"markdown prose dark:prose-invert w-full break-words light markdown-new-styling\">\n<p data-start=\"47\" data-end=\"69\" data-is-last-node=\"\" data-is-only-node=\"\"><strong data-start=\"47\" data-end=\"69\" data-is-last-node=\"\">\ud83e\udd11 Cena aktivity:<\/strong><\/p>\n<\/div>\n<\/div>\n<\/div>\n<\/div>\n<\/div>\n<\/div>\n<\/article>\n<table width=\"433\">\n<tbody>\n<tr>\n<td width=\"126\"><strong>\u00a0\u20ac\u00a0\u00a0\u00a0 40.00<\/strong><\/td>\n<td width=\"307\"><strong>Delf\u00edn Foto<\/strong><\/td>\n<\/tr>\n<tr>\n<td><strong>\u00a0\u20ac\u00a0\u00a0\u00a0 50.00<\/strong><\/td>\n<td width=\"307\"><strong>Plav\u00e1n\u00ed delf\u00edn\u016f<\/strong><\/td>\n<\/tr>\n<tr>\n<td><strong>\u00a0\u20ac\u00a0\u00a0\u00a0 15.00<\/strong><\/td>\n<td width=\"307\"><strong>Delf\u00edn\u00ed show<\/strong><\/td>\n<\/tr>\n<tr>\n<td><strong>\u00a0\u20ac\u00a0\u00a0\u00a0 10.00<\/strong><\/td>\n<td width=\"307\"><strong> Spole\u010dn\u00edk <\/strong><\/td>\n<\/tr>\n<\/tbody>\n<\/table>\n<h3 data-start=\"2198\" data-end=\"2225\"><strong data-start=\"2205\" data-end=\"2223\">Platba v USD ($ \ud83c\uddfa\ud83c\uddf8) m\u00edsto v EUR (\u20ac \ud83c\uddea\ud83c\uddfa) je mo\u017en\u00e1 podle denn\u00edho kurzu banky.<\/strong><\/h3>\n<p><strong>Book Through WhatsApp:<\/strong><\/p>\n<p><a href=\"https:\/\/api.whatsapp.com\/send\/?phone=01021058859\" target=\"_blank\" rel=\"noopener\">\u00a0<img decoding=\"async\" class=\"alignnone wp-image-2058\" src=\"https:\/\/poehalisnamiegypt.com\/wp-content\/uploads\/2024\/02\/pngwing.com_-300x300.png\" sizes=\"auto, (max-width: 35px) 100vw, 35px\" srcset=\"https:\/\/poehalisnamiegypt.com\/wp-content\/uploads\/2024\/02\/pngwing.com_-300x300.png 300w, https:\/\/poehalisnamiegypt.com\/wp-content\/uploads\/2024\/02\/pngwing.com_-150x150.png 150w, https:\/\/poehalisnamiegypt.com\/wp-content\/uploads\/2024\/02\/pngwing.com_.png 584w\" alt=\"\" width=\"53\" height=\"53\" \/><\/a><\/p>\n<div id=\"gtx-trans\" style=\"position: absolute; left: 279px; top: 3.375px;\">\n<div class=\"gtx-trans-icon\"><\/div>\n<\/div>","protected":false},"excerpt":{"rendered":"<p>\ud83d\udc2c Welcome to Dolphin World \u2013 Where Magic Meets the Ocean! Experience one of the most modern delphiniums in the world and get ready for an unforgettable marine adventure! \ud83c\udfad Spectacular Dolphin &amp; Sea Life Show Be amazed by our incredible dolphins, sea lions, and sea cats as they perform a dazzling array of flips, [&hellip;]<\/p>","protected":false},"featured_media":9859,"comment_status":"open","ping_status":"closed","template":"","meta":{"_monsterinsights_skip_tracking":false,"_monsterinsights_sitenote_active":false,"_monsterinsights_sitenote_note":"","_monsterinsights_sitenote_category":0},"product_brand":[],"product_cat":[64],"product_tag":[],"class_list":{"0":"post-9853","1":"product","2":"type-product","3":"status-publish","4":"has-post-thumbnail","6":"product_cat-entertaining","8":"first","9":"instock","10":"shipping-taxable","11":"purchasable","12":"product-type-ovabrw_car_rental"},"_links":{"self":[{"href":"https:\/\/redsea-dream-tours.com\/cs\/wp-json\/wp\/v2\/product\/9853","targetHints":{"allow":["GET"]}}],"collection":[{"href":"https:\/\/redsea-dream-tours.com\/cs\/wp-json\/wp\/v2\/product"}],"about":[{"href":"https:\/\/redsea-dream-tours.com\/cs\/wp-json\/wp\/v2\/types\/product"}],"replies":[{"embeddable":true,"href":"https:\/\/redsea-dream-tours.com\/cs\/wp-json\/wp\/v2\/comments?post=9853"}],"wp:featuredmedia":[{"embeddable":true,"href":"https:\/\/redsea-dream-tours.com\/cs\/wp-json\/wp\/v2\/media\/9859"}],"wp:attachment":[{"href":"https:\/\/redsea-dream-tours.com\/cs\/wp-json\/wp\/v2\/media?parent=9853"}],"wp:term":[{"taxonomy":"product_brand","embeddable":true,"href":"https:\/\/redsea-dream-tours.com\/cs\/wp-json\/wp\/v2\/product_brand?post=9853"},{"taxonomy":"product_cat","embeddable":true,"href":"https:\/\/redsea-dream-tours.com\/cs\/wp-json\/wp\/v2\/product_cat?post=9853"},{"taxonomy":"product_tag","embeddable":true,"href":"https:\/\/redsea-dream-tours.com\/cs\/wp-json\/wp\/v2\/product_tag?post=9853"}],"curies":[{"name":"wp","href":"https:\/\/api.w.org\/{rel}","templated":true}]}}