{"id":9845,"date":"2025-09-07T09:16:55","date_gmt":"2025-09-07T09:16:55","guid":{"rendered":"https:\/\/redsea-dream-tours.com\/?post_type=product&#038;p=9845"},"modified":"2025-11-28T15:21:57","modified_gmt":"2025-11-28T15:21:57","slug":"speed-boot-2-pax","status":"publish","type":"product","link":"https:\/\/redsea-dream-tours.com\/cs\/produkt\/speed-boot-2-pax\/","title":{"rendered":"Soukrom\u00fd v\u00fdlet rychl\u00fdm \u010dlunem po Rud\u00e9m mo\u0159i"},"content":{"rendered":"<h2 data-start=\"90\" data-end=\"148\">\ud83d\udea4 <strong data-start=\"96\" data-end=\"146\">Soukrom\u00e9 dobrodru\u017estv\u00ed na rychl\u00e9m \u010dlunu\u00a0<\/strong><\/h2>\n<p data-start=\"150\" data-end=\"326\">Hled\u00e1te <strong data-start=\"165\" data-end=\"203\">exkluzivn\u00ed a vzru\u0161uj\u00edc\u00ed z\u00e1\u017eitek<\/strong> na Rud\u00e9m mo\u0159i? Nasko\u010dte na palubu na\u0161eho <strong data-start=\"235\" data-end=\"259\">Rychlostn\u00ed \u010dlun RIB 200HP<\/strong> na soukromou cestu ur\u010denou jen pro v\u00e1s a a\u017e pro <strong data-start=\"311\" data-end=\"323\">7 host\u016f<\/strong>!<\/p>\n<hr data-start=\"328\" data-end=\"331\" \/>\n<h3 data-start=\"333\" data-end=\"367\">\u23f0 <strong data-start=\"339\" data-end=\"365\">Flexibiln\u00ed doba trv\u00e1n\u00ed cesty<\/strong><\/h3>\n<ul data-start=\"368\" data-end=\"608\">\n<li data-start=\"368\" data-end=\"485\">\n<p data-start=\"370\" data-end=\"485\"><strong data-start=\"370\" data-end=\"390\">Minim\u00e1ln\u011b: 4 hodiny<\/strong> - Ide\u00e1ln\u00ed k prozkoum\u00e1n\u00ed \u00fa\u017easn\u00fdch n\u011bkolika ostrov\u016f \ud83c\udfdd\ufe0f s \u010dasem na koup\u00e1n\u00ed nebo \u0161norchlov\u00e1n\u00ed.<\/p>\n<\/li>\n<li data-start=\"486\" data-end=\"608\">\n<p data-start=\"488\" data-end=\"608\"><strong data-start=\"488\" data-end=\"515\">K dispozici jsou krat\u0161\u00ed cesty<\/strong> - Ide\u00e1ln\u00ed pro <strong data-start=\"530\" data-end=\"555\">rychl\u00fd n\u00e1val adrenalinu<\/strong> nebo <strong data-start=\"561\" data-end=\"589\">kr\u00e1tk\u00fd v\u00fdlet za \u0161norchlov\u00e1n\u00edm<\/strong> na bl\u00edzk\u00e1 m\u00edsta.<\/p>\n<\/li>\n<\/ul>\n<hr data-start=\"610\" data-end=\"613\" \/>\n<h3 data-start=\"615\" data-end=\"657\">\ud83c\udfca <strong data-start=\"622\" data-end=\"655\">Co je zahrnuto ve va\u0161\u00ed cest\u011b?<\/strong><\/h3>\n<ul data-start=\"658\" data-end=\"829\">\n<li data-start=\"658\" data-end=\"718\">\n<p data-start=\"660\" data-end=\"718\"><strong data-start=\"660\" data-end=\"691\">Zast\u00e1vky na koup\u00e1n\u00ed a \u0161norchlov\u00e1n\u00ed<\/strong> na \u00fachvatn\u00fdch m\u00edstech \ud83c\udf0a<\/p>\n<\/li>\n<li data-start=\"719\" data-end=\"767\">\n<p data-start=\"721\" data-end=\"767\"><strong data-start=\"721\" data-end=\"746\">Z\u00e1chrann\u00e9 vesty jsou k dispozici<\/strong> pro va\u0161i bezpe\u010dnost \ud83e\uddba<\/p>\n<\/li>\n<li data-start=\"768\" data-end=\"829\">\n<p data-start=\"770\" data-end=\"829\"><strong data-start=\"770\" data-end=\"794\">Profesion\u00e1ln\u00ed kapit\u00e1n<\/strong> zaji\u0161t\u011bn\u00ed z\u00e1bavy i bezpe\u010dnosti \ud83d\udc68\u200d\u2708\ufe0f<\/p>\n<\/li>\n<\/ul>\n<hr data-start=\"831\" data-end=\"834\" \/>\n<h3 data-start=\"836\" data-end=\"860\">\ud83e\udd6a <strong data-start=\"843\" data-end=\"858\">Potraviny a vybaven\u00ed<\/strong><\/h3>\n<ul data-start=\"861\" data-end=\"971\">\n<li data-start=\"861\" data-end=\"917\">\n<p data-start=\"863\" data-end=\"917\">P\u0159ineste si <strong data-start=\"874\" data-end=\"896\">vlastn\u00ed sada na \u0161norchlov\u00e1n\u00ed<\/strong> \ud83e\udd3f (pokud chcete)<\/p>\n<\/li>\n<li data-start=\"918\" data-end=\"971\">\n<p data-start=\"920\" data-end=\"971\">Zabalte si <strong data-start=\"930\" data-end=\"943\">vlastn\u00ed ob\u011bd<\/strong> nebo ob\u010derstven\u00ed na cestu \ud83c\udf71<\/p>\n<\/li>\n<\/ul>\n<hr data-start=\"973\" data-end=\"976\" \/>\n<h3 data-start=\"978\" data-end=\"1009\">\ud83d\ude8c <strong data-start=\"985\" data-end=\"1007\">Vyzvednut\u00ed a p\u0159ed\u00e1n\u00ed<\/strong><\/h3>\n<ul data-start=\"1010\" data-end=\"1116\">\n<li data-start=\"1010\" data-end=\"1066\">\n<p data-start=\"1012\" data-end=\"1066\"><strong data-start=\"1012\" data-end=\"1038\">Vyzvednut\u00ed v hotelu a n\u00e1vrat<\/strong> ve v\u00e1mi zvolen\u00e9m \u010dase \ud83c\udfe8<\/p>\n<\/li>\n<li data-start=\"1067\" data-end=\"1116\">\n<p data-start=\"1069\" data-end=\"1116\">Pohodln\u00fd p\u0159esun na molo a zp\u011bt \ud83d\ude90<\/p>\n<\/li>\n<\/ul>\n<hr data-start=\"1118\" data-end=\"1121\" \/>\n<h3 data-start=\"1123\" data-end=\"1163\">\ud83c\udf1f <strong data-start=\"1130\" data-end=\"1161\">Pro\u010d si vybrat tuto zku\u0161enost?<\/strong><\/h3>\n<ul data-start=\"1164\" data-end=\"1310\">\n<li data-start=\"1164\" data-end=\"1203\">\n<p data-start=\"1166\" data-end=\"1203\">Soukrom\u00e9 a osobn\u00ed - \u017e\u00e1dn\u00e9 davy lid\u00ed!<\/p>\n<\/li>\n<li data-start=\"1204\" data-end=\"1255\">\n<p data-start=\"1206\" data-end=\"1255\">Flexibiln\u00ed rozvrh - va\u0161e dobrodru\u017estv\u00ed, va\u0161e pravidla!<\/p>\n<\/li>\n<li data-start=\"1256\" data-end=\"1310\">\n<p data-start=\"1258\" data-end=\"1310\">Ide\u00e1ln\u00ed pro <strong data-start=\"1270\" data-end=\"1308\">rodiny, p\u00e1ry nebo mal\u00e9 skupiny<\/strong><\/p>\n<\/li>\n<\/ul>\n<p><strong>Rychlost p\u0159i vjezdu na jak\u00fdkoli ostrov. Cena se p\u0159ipo\u010d\u00edt\u00e1v\u00e1 ke ka\u017ed\u00e9 osob\u011b.<\/strong><\/p>\n<hr data-start=\"1118\" data-end=\"1121\" \/>\n<article class=\"text-token-text-primary w-full focus:outline-none scroll-mt-[calc(var(--header-height)+min(200px,max(70px,20svh)))]\" dir=\"auto\" tabindex=\"-1\" data-turn-id=\"request-WEB:03ee36ad-4c16-45a2-a255-2a64e427af84-13\" data-testid=\"conversation-turn-28\" data-scroll-anchor=\"false\" data-turn=\"assistant\">\n<div class=\"text-base my-auto mx-auto [--thread-content-margin:--spacing(4)] thread-sm:[--thread-content-margin:--spacing(6)] thread-lg:[--thread-content-margin:--spacing(16)] px-(--thread-content-margin)\">\n<div class=\"[--thread-content-max-width:40rem] thread-lg:[--thread-content-max-width:48rem] mx-auto max-w-(--thread-content-max-width) flex-1 group\/turn-messages focus-visible:outline-hidden relative flex w-full min-w-0 flex-col agent-turn\" tabindex=\"-1\">\n<div class=\"flex min-h-[46px] justify-start\">\u2728 <strong data-start=\"73\" data-end=\"113\">Voliteln\u00e9 \u00faniky na ostrovy (za p\u0159\u00edplatek)<\/strong><\/div>\n<div>\ud83d\udc2c D\u016fm delf\u00edn\u016f<\/div>\n<\/div>\n<\/div>\n<\/article>\n<div>Celodenn\u00ed vstup na ostrov \ud83c\udfdd\ufe0fEden + ob\u011bd<\/div>\n<div>Celodenn\u00ed vstup na ostrov \ud83c\udfdd\ufe0fEden (pouze na pl\u00e1\u017e)<\/div>\n<div>Celodenn\u00ed vstup na ostrov \ud83c\udfdd\ufe0fOrange (pouze na pl\u00e1\u017e)<\/div>\n<div>Celodenn\u00ed vstup na ostrov \ud83c\udfdd\ufe0fOzaria + ob\u011bd<\/div>\n<div>Celodenn\u00ed vstup na ostrov \ud83c\udfdd\ufe0fOzaria (pouze na pl\u00e1\u017e)<\/div>\n<div>\ud83c\udfdd\ufe0fHula Celodenn\u00ed vstup na ostrov Hula (pouze na pl\u00e1\u017e)<\/div>\n<div>\n<hr data-start=\"1118\" data-end=\"1121\" \/>\n<\/div>\n<article class=\"text-token-text-primary w-full focus:outline-none scroll-mt-[calc(var(--header-height)+min(200px,max(70px,20svh)))]\" dir=\"auto\" tabindex=\"-1\" data-turn-id=\"request-WEB:03ee36ad-4c16-45a2-a255-2a64e427af84-13\" data-testid=\"conversation-turn-28\" data-scroll-anchor=\"false\" data-turn=\"assistant\">\n<div class=\"text-base my-auto mx-auto [--thread-content-margin:--spacing(4)] thread-sm:[--thread-content-margin:--spacing(6)] thread-lg:[--thread-content-margin:--spacing(16)] px-(--thread-content-margin)\">\n<div class=\"[--thread-content-max-width:40rem] thread-lg:[--thread-content-max-width:48rem] mx-auto max-w-(--thread-content-max-width) flex-1 group\/turn-messages focus-visible:outline-hidden relative flex w-full min-w-0 flex-col agent-turn\" tabindex=\"-1\">\n<div class=\"flex max-w-full flex-col grow\">\n<div class=\"min-h-8 text-message relative flex w-full flex-col items-end gap-2 text-start break-words whitespace-normal [.text-message+&amp;]:mt-5\" dir=\"auto\" data-message-author-role=\"assistant\" data-message-id=\"760e0008-4ee9-469d-a373-6afec52afb60\" data-message-model-slug=\"gpt-5\">\n<div class=\"flex w-full flex-col gap-1 empty:hidden first:pt-[3px]\">\n<div class=\"markdown prose dark:prose-invert w-full break-words light markdown-new-styling\">\n<p data-start=\"35\" data-end=\"59\">\ud83e\udd11 <strong data-start=\"38\" data-end=\"57\">Cena exkurze<\/strong><\/p>\n<p data-start=\"61\" data-end=\"126\" data-is-last-node=\"\" data-is-only-node=\"\">\ud83d\ude4e\ud83c\udffb\u200d\u2642\ufe0f <strong data-start=\"69\" data-end=\"82\">2 osoby:<\/strong> \u20ac 140<br data-start=\"87\" data-end=\"90\" \/>\ud83d\udc64 <strong data-start=\"93\" data-end=\"120\">Ka\u017ed\u00e1 dal\u0161\u00ed osoba:<\/strong> \u20ac 15<\/p>\n<h3 data-start=\"2198\" data-end=\"2225\"><strong data-start=\"2205\" data-end=\"2223\">Platba v USD ($ \ud83c\uddfa\ud83c\uddf8) m\u00edsto v EUR (\u20ac \ud83c\uddea\ud83c\uddfa) je mo\u017en\u00e1 podle denn\u00edho kurzu banky.<\/strong><\/h3>\n<\/div>\n<\/div>\n<\/div>\n<\/div>\n<\/div>\n<\/div>\n<\/article>\n<p><strong>Book Through WhatsApp:<\/strong><\/p>\n<p><a href=\"https:\/\/api.whatsapp.com\/send\/?phone=01021058859\" target=\"_blank\" rel=\"noopener\">\u00a0<img decoding=\"async\" class=\"alignnone wp-image-2058\" src=\"https:\/\/poehalisnamiegypt.com\/wp-content\/uploads\/2024\/02\/pngwing.com_-300x300.png\" sizes=\"auto, (max-width: 35px) 100vw, 35px\" srcset=\"https:\/\/poehalisnamiegypt.com\/wp-content\/uploads\/2024\/02\/pngwing.com_-300x300.png 300w, https:\/\/poehalisnamiegypt.com\/wp-content\/uploads\/2024\/02\/pngwing.com_-150x150.png 150w, https:\/\/poehalisnamiegypt.com\/wp-content\/uploads\/2024\/02\/pngwing.com_.png 584w\" alt=\"\" width=\"53\" height=\"53\" \/><\/a><\/p>","protected":false},"excerpt":{"rendered":"<p>\ud83d\udea4 Private Speed Boat Adventure\u00a0 Looking for an exclusive and thrilling experience on the Red Sea? Hop aboard our 200HP RIB speed boat for a private trip designed just for you and up to 7 guests! \u23f0 Flexible Trip Duration Minimum: 4 hours \u2013 Perfect to explore the stunning Several islands\u00a0\ud83c\udfdd\ufe0f with time for swimming [&hellip;]<\/p>","protected":false},"featured_media":10912,"comment_status":"open","ping_status":"closed","template":"","meta":{"_monsterinsights_skip_tracking":false,"_monsterinsights_sitenote_active":false,"_monsterinsights_sitenote_note":"","_monsterinsights_sitenote_category":0},"product_brand":[],"product_cat":[68],"product_tag":[],"class_list":{"0":"post-9845","1":"product","2":"type-product","3":"status-publish","4":"has-post-thumbnail","6":"product_cat-sea","8":"first","9":"instock","10":"shipping-taxable","11":"purchasable","12":"product-type-ovabrw_car_rental"},"_links":{"self":[{"href":"https:\/\/redsea-dream-tours.com\/cs\/wp-json\/wp\/v2\/product\/9845","targetHints":{"allow":["GET"]}}],"collection":[{"href":"https:\/\/redsea-dream-tours.com\/cs\/wp-json\/wp\/v2\/product"}],"about":[{"href":"https:\/\/redsea-dream-tours.com\/cs\/wp-json\/wp\/v2\/types\/product"}],"replies":[{"embeddable":true,"href":"https:\/\/redsea-dream-tours.com\/cs\/wp-json\/wp\/v2\/comments?post=9845"}],"wp:featuredmedia":[{"embeddable":true,"href":"https:\/\/redsea-dream-tours.com\/cs\/wp-json\/wp\/v2\/media\/10912"}],"wp:attachment":[{"href":"https:\/\/redsea-dream-tours.com\/cs\/wp-json\/wp\/v2\/media?parent=9845"}],"wp:term":[{"taxonomy":"product_brand","embeddable":true,"href":"https:\/\/redsea-dream-tours.com\/cs\/wp-json\/wp\/v2\/product_brand?post=9845"},{"taxonomy":"product_cat","embeddable":true,"href":"https:\/\/redsea-dream-tours.com\/cs\/wp-json\/wp\/v2\/product_cat?post=9845"},{"taxonomy":"product_tag","embeddable":true,"href":"https:\/\/redsea-dream-tours.com\/cs\/wp-json\/wp\/v2\/product_tag?post=9845"}],"curies":[{"name":"wp","href":"https:\/\/api.w.org\/{rel}","templated":true}]}}