{"id":11081,"date":"2025-10-30T23:05:03","date_gmt":"2025-10-30T23:05:03","guid":{"rendered":"https:\/\/redsea-dream-tours.com\/?post_type=product&#038;p=11081"},"modified":"2025-11-28T14:17:31","modified_gmt":"2025-11-28T14:17:31","slug":"house-riding-marsa-alam","status":"publish","type":"product","link":"https:\/\/redsea-dream-tours.com\/cs\/produkt\/house-riding-marsa-alam\/","title":{"rendered":"J\u00edzda na koni na pl\u00e1\u017ei: Z\u00e1pad slunce a mo\u0159sk\u00e9 dobrodru\u017estv\u00ed"},"content":{"rendered":"<article class=\"text-token-text-primary w-full focus:outline-none [--shadow-height:45px] has-data-writing-block:pointer-events-none has-data-writing-block:-mt-(--shadow-height) has-data-writing-block:pt-(--shadow-height) [&amp;:has([data-writing-block])&gt;*]:pointer-events-auto [content-visibility:auto] supports-[content-visibility:auto]:[contain-intrinsic-size:auto_100lvh] scroll-mt-[calc(var(--header-height)+min(200px,max(70px,20svh)))]\" dir=\"auto\" tabindex=\"-1\" data-turn-id=\"request-6903ce85-4168-8327-bdb0-c493d5e00242-8\" data-testid=\"conversation-turn-48\" data-scroll-anchor=\"true\" data-turn=\"assistant\">\n<div class=\"text-base my-auto mx-auto pb-10 [--thread-content-margin:--spacing(4)] thread-sm:[--thread-content-margin:--spacing(6)] thread-lg:[--thread-content-margin:--spacing(16)] px-(--thread-content-margin)\">\n<div class=\"[--thread-content-max-width:40rem] thread-lg:[--thread-content-max-width:48rem] mx-auto max-w-(--thread-content-max-width) flex-1 group\/turn-messages focus-visible:outline-hidden relative flex w-full min-w-0 flex-col agent-turn\" tabindex=\"-1\">\n<div class=\"flex max-w-full flex-col grow\">\n<div class=\"min-h-8 text-message relative flex w-full flex-col items-end gap-2 text-start break-words whitespace-normal [.text-message+&amp;]:mt-1\" dir=\"auto\" data-message-author-role=\"assistant\" data-message-id=\"32b8ca16-bc76-4dec-acc1-042b2c4d31a1\" data-message-model-slug=\"gpt-5\">\n<div class=\"flex w-full flex-col gap-1 empty:hidden first:pt-[1px]\">\n<div class=\"markdown prose dark:prose-invert w-full break-words light markdown-new-styling\">\n<p data-start=\"0\" data-end=\"81\">\ud83c\udf0a\ud83d\udc0e <strong data-start=\"5\" data-end=\"77\">Kouzeln\u00e1 proj\u00ed\u017e\u010fka na koni u mo\u0159e - jedin\u00e1 st\u00e1j na pl\u00e1\u017ei v Marsa Alam!<\/strong> \u2728<\/p>\n<p data-start=\"83\" data-end=\"343\">Vydejte se do sedla a za\u017eijte nezapomenuteln\u00fd z\u00e1\u017eitek v <strong data-start=\"132\" data-end=\"185\">jedin\u00e9 dobrodru\u017estv\u00ed na koni p\u0159\u00edmo na pl\u00e1\u017ei<\/strong>!<br data-start=\"186\" data-end=\"189\" \/>Vn\u00edmejte jemn\u00fd mo\u0159sk\u00fd v\u00e1nek, poslouchejte \u0161um\u011bn\u00ed vln a voln\u011b se proj\u00ed\u017ed\u011bjte pod\u00e9l zlatav\u00e9ho pob\u0159e\u017e\u00ed Marsa Alam, kde se pou\u0161\u0165 setk\u00e1v\u00e1 s mo\u0159em. \ud83d\udc34\ud83d\udca6<\/p>\n<p data-start=\"345\" data-end=\"412\">\ud83d\udccd <strong data-start=\"348\" data-end=\"361\">Um\u00edst\u011bn\u00ed:<\/strong> Jedin\u00e1 ko\u0148sk\u00e1 stanice na pl\u00e1\u017ei - <em data-start=\"398\" data-end=\"410\">Marsa Alam<\/em><\/p>\n<hr data-start=\"414\" data-end=\"417\" \/>\n<p data-start=\"419\" data-end=\"671\">\u23f1\ufe0f <strong data-start=\"422\" data-end=\"440\">1hodinov\u00fd program<\/strong><br data-start=\"440\" data-end=\"443\" \/>Vychutnejte si klidnou a malebnou j\u00edzdu pod\u00e9l pob\u0159e\u017e\u00ed a cv\u00e1lejte pod\u00e9l k\u0159i\u0161\u0165\u00e1lov\u011b \u010dist\u00fdch vln p\u0159i z\u00e1padu slunce na obzoru. \ud83c\udf05<br data-start=\"568\" data-end=\"571\" \/>\ud83d\udcab Skute\u010dn\u011b kouzeln\u00fd a osvobozuj\u00edc\u00ed z\u00e1\u017eitek, kter\u00fd v\u00e1s spoj\u00ed s p\u0159\u00edrodou a duchem mo\u0159e.<\/p>\n<hr data-start=\"673\" data-end=\"676\" \/>\n<p data-start=\"678\" data-end=\"960\">\u23f1\ufe0f <strong data-start=\"681\" data-end=\"699\">Dvouhodinov\u00fd program<\/strong><br data-start=\"699\" data-end=\"702\" \/>Dvojn\u00e1sobek \u010dasu, dvojn\u00e1sobek radosti!<br data-start=\"734\" data-end=\"737\" \/>Jezd\u011bte na koni nejen po pl\u00e1\u017ei, ale tak\u00e9 na <strong data-start=\"787\" data-end=\"814\">do m\u011blk\u00fdch vod<\/strong>, kde si vytvo\u0159\u00edte vzpom\u00ednky - a fotografie - kter\u00e9 z\u016fstanou nav\u017edy. \ud83d\udcf8\ud83d\udca6\ud83d\udc0e<br data-start=\"885\" data-end=\"888\" \/>\u2728 Zachy\u0165te \u00fachvatn\u00e9 z\u00e1b\u011bry, jak v\u00e1\u0161 k\u016f\u0148 \u0161plouch\u00e1 ve vln\u00e1ch!<\/p>\n<hr data-start=\"962\" data-end=\"965\" \/>\n<p data-start=\"967\" data-end=\"1097\" data-is-last-node=\"\" data-is-only-node=\"\">\ud83d\udd25 <strong data-start=\"970\" data-end=\"1005\">Rezervujte si sv\u00e9 dobrodru\u017estv\u00ed u mo\u0159e<\/strong> a nechte harmonii mo\u0159e, p\u00edsku a kon\u00ed vytvo\u0159it okam\u017eik, na kter\u00fd nikdy nezapomenete! \ud83c\udf34\ud83c\udfd6\ufe0f<\/p>\n<\/div>\n<\/div>\n<\/div>\n<\/div>\n<div class=\"z-0 flex min-h-[46px] justify-start\">\n<article class=\"text-token-text-primary w-full focus:outline-none [--shadow-height:45px] has-data-writing-block:pointer-events-none has-data-writing-block:-mt-(--shadow-height) has-data-writing-block:pt-(--shadow-height) [&amp;:has([data-writing-block])&gt;*]:pointer-events-auto [content-visibility:auto] supports-[content-visibility:auto]:[contain-intrinsic-size:auto_100lvh] scroll-mt-[calc(var(--header-height)+min(200px,max(70px,20svh)))]\" dir=\"auto\" tabindex=\"-1\" data-turn-id=\"request-6903ce85-4168-8327-bdb0-c493d5e00242-6\" data-testid=\"conversation-turn-44\" data-scroll-anchor=\"true\" data-turn=\"assistant\">\n<div class=\"text-base my-auto mx-auto pb-10 [--thread-content-margin:--spacing(4)] thread-sm:[--thread-content-margin:--spacing(6)] thread-lg:[--thread-content-margin:--spacing(16)] px-(--thread-content-margin)\">\n<div class=\"[--thread-content-max-width:40rem] thread-lg:[--thread-content-max-width:48rem] mx-auto max-w-(--thread-content-max-width) flex-1 group\/turn-messages focus-visible:outline-hidden relative flex w-full min-w-0 flex-col agent-turn\" tabindex=\"-1\">\n<div class=\"z-0 flex min-h-[46px] justify-start\">\ud83e\udd11 <strong data-start=\"55\" data-end=\"74\">Cena exkurze\u00a0<\/strong><br data-start=\"74\" data-end=\"77\" \/>\ud83d\ude4e\ud83c\udffb\u200d\u2642\ufe0f <strong data-start=\"681\" data-end=\"699\">hodinov\u00fd program<\/strong><strong data-start=\"85\" data-end=\"106\">:<\/strong> \u20ac 35<\/div>\n<div class=\"z-0 flex min-h-[46px] justify-start\">\ud83d\ude4e\ud83c\udffb\u200d\u2642\ufe0f <strong data-start=\"681\" data-end=\"699\">dvouhodinov\u00fd program<\/strong><strong data-start=\"85\" data-end=\"106\">:<\/strong> \u20ac 50<\/div>\n<\/div>\n<\/div>\n<\/article>\n<div class=\"pointer-events-none h-px w-px\" aria-hidden=\"true\" data-edge=\"true\">\n<h3 data-start=\"2198\" data-end=\"2225\"><strong data-start=\"2205\" data-end=\"2223\">Platba v USD ($ \ud83c\uddfa\ud83c\uddf8) m\u00edsto v EUR (\u20ac \ud83c\uddea\ud83c\uddfa) je mo\u017en\u00e1 podle denn\u00edho kurzu banky.<\/strong><\/h3>\n<\/div>\n<\/div>\n<div class=\"mt-3 w-full empty:hidden\">\n<div class=\"text-center\"><\/div>\n<\/div>\n<\/div>\n<\/div>\n<\/article>\n<div class=\"pointer-events-none h-px w-px\" aria-hidden=\"true\" data-edge=\"true\"><\/div>","protected":false},"excerpt":{"rendered":"<p>\ud83c\udf0a\ud83d\udc0e Magical Horse Ride by the Sea \u2013 Marsa Alam\u2019s Only Beachfront Stable! \u2728 Saddle up for an unforgettable experience at the only horse-riding adventure directly on the beach!Feel the gentle sea breeze, listen to the sound of the waves, and ride freely along Marsa Alam\u2019s golden coastline \u2014 where the desert meets the sea. [&hellip;]<\/p>","protected":false},"featured_media":11090,"comment_status":"open","ping_status":"closed","template":"","meta":{"_monsterinsights_skip_tracking":false,"_monsterinsights_sitenote_active":false,"_monsterinsights_sitenote_note":"","_monsterinsights_sitenote_category":0},"product_brand":[],"product_cat":[66],"product_tag":[],"class_list":{"0":"post-11081","1":"product","2":"type-product","3":"status-publish","4":"has-post-thumbnail","6":"product_cat-marsa-alam","8":"first","9":"instock","10":"shipping-taxable","11":"purchasable","12":"product-type-ovabrw_car_rental"},"_links":{"self":[{"href":"https:\/\/redsea-dream-tours.com\/cs\/wp-json\/wp\/v2\/product\/11081","targetHints":{"allow":["GET"]}}],"collection":[{"href":"https:\/\/redsea-dream-tours.com\/cs\/wp-json\/wp\/v2\/product"}],"about":[{"href":"https:\/\/redsea-dream-tours.com\/cs\/wp-json\/wp\/v2\/types\/product"}],"replies":[{"embeddable":true,"href":"https:\/\/redsea-dream-tours.com\/cs\/wp-json\/wp\/v2\/comments?post=11081"}],"wp:featuredmedia":[{"embeddable":true,"href":"https:\/\/redsea-dream-tours.com\/cs\/wp-json\/wp\/v2\/media\/11090"}],"wp:attachment":[{"href":"https:\/\/redsea-dream-tours.com\/cs\/wp-json\/wp\/v2\/media?parent=11081"}],"wp:term":[{"taxonomy":"product_brand","embeddable":true,"href":"https:\/\/redsea-dream-tours.com\/cs\/wp-json\/wp\/v2\/product_brand?post=11081"},{"taxonomy":"product_cat","embeddable":true,"href":"https:\/\/redsea-dream-tours.com\/cs\/wp-json\/wp\/v2\/product_cat?post=11081"},{"taxonomy":"product_tag","embeddable":true,"href":"https:\/\/redsea-dream-tours.com\/cs\/wp-json\/wp\/v2\/product_tag?post=11081"}],"curies":[{"name":"wp","href":"https:\/\/api.w.org\/{rel}","templated":true}]}}