{"id":11080,"date":"2025-10-30T23:00:09","date_gmt":"2025-10-30T23:00:09","guid":{"rendered":"https:\/\/redsea-dream-tours.com\/?post_type=product&#038;p=11080"},"modified":"2025-11-28T14:18:04","modified_gmt":"2025-11-28T14:18:04","slug":"quad-sunrise-alaa-eladin","status":"publish","type":"product","link":"https:\/\/redsea-dream-tours.com\/cs\/produkt\/quad-sunrise-alaa-eladin\/","title":{"rendered":"Aladin Safari: \u010cty\u0159kolky, velbloudi a pou\u0161tn\u00ed dobrodru\u017estv\u00ed"},"content":{"rendered":"<article class=\"text-token-text-primary w-full focus:outline-none [--shadow-height:45px] has-data-writing-block:pointer-events-none has-data-writing-block:-mt-(--shadow-height) has-data-writing-block:pt-(--shadow-height) [&amp;:has([data-writing-block])&gt;*]:pointer-events-auto [content-visibility:auto] supports-[content-visibility:auto]:[contain-intrinsic-size:auto_100lvh] scroll-mt-[calc(var(--header-height)+min(200px,max(70px,20svh)))]\" dir=\"auto\" tabindex=\"-1\" data-turn-id=\"request-6903ce85-4168-8327-bdb0-c493d5e00242-7\" data-testid=\"conversation-turn-46\" data-scroll-anchor=\"true\" data-turn=\"assistant\">\n<div class=\"text-base my-auto mx-auto pb-10 [--thread-content-margin:--spacing(4)] thread-sm:[--thread-content-margin:--spacing(6)] thread-lg:[--thread-content-margin:--spacing(16)] px-(--thread-content-margin)\">\n<div class=\"[--thread-content-max-width:40rem] thread-lg:[--thread-content-max-width:48rem] mx-auto max-w-(--thread-content-max-width) flex-1 group\/turn-messages focus-visible:outline-hidden relative flex w-full min-w-0 flex-col agent-turn\" tabindex=\"-1\">\n<div class=\"flex max-w-full flex-col grow\">\n<div class=\"min-h-8 text-message relative flex w-full flex-col items-end gap-2 text-start break-words whitespace-normal [.text-message+&amp;]:mt-1\" dir=\"auto\" data-message-author-role=\"assistant\" data-message-id=\"53a6c59e-3488-4480-9e5c-9ff153575873\" data-message-model-slug=\"gpt-5\">\n<div class=\"flex w-full flex-col gap-1 empty:hidden first:pt-[1px]\">\n<div class=\"markdown prose dark:prose-invert w-full break-words light markdown-new-styling\">\n<p data-start=\"0\" data-end=\"45\">\ud83c\udfdc\ufe0f <strong data-start=\"4\" data-end=\"39\">ALADIN SAFARI TRIP - Marsa Alam<\/strong> \ud83c\udf05\u2728<\/p>\n<p data-start=\"47\" data-end=\"361\">Za\u010dn\u011bte sv\u00e9 r\u00e1no nezapomenuteln\u00fdm <strong data-start=\"88\" data-end=\"108\">pou\u0161tn\u00ed dobrodru\u017estv\u00ed<\/strong> kde se historie, kultura a p\u0159\u00edrodn\u00ed kr\u00e1sy spojuj\u00ed v jeden kouzeln\u00fd z\u00e1\u017eitek!<br data-start=\"192\" data-end=\"195\" \/>P\u0159ipojte se k <strong data-start=\"204\" data-end=\"221\">Aladin Safari<\/strong> - cesta zlat\u00fdm p\u00edskem, starobylou krajinou a autentick\u00fdm \u017eivotem bedu\u00edn\u016f - dokonal\u00e1 kombinace vzru\u0161en\u00ed a tradice. \ud83c\udfcd\ufe0f\ud83d\udc2a<\/p>\n<hr data-start=\"363\" data-end=\"366\" \/>\n<p data-start=\"368\" data-end=\"984\">\ud83d\udcdc <strong data-start=\"371\" data-end=\"392\">Program zahrnuje:<\/strong><br data-start=\"392\" data-end=\"395\" \/>\ud83d\ude99 Vyzvednut\u00ed z va\u0161eho hotelu pomoc\u00ed <strong data-start=\"425\" data-end=\"445\">Land Cruiser 4WD<\/strong>.<br data-start=\"446\" data-end=\"449\" \/>\ud83c\udfcd\ufe0f <strong data-start=\"453\" data-end=\"471\" data-is-only-node=\"\">J\u00edzda na \u010dty\u0159kolce<\/strong> (30 minut) p\u0159es \u00fa\u017easnou pou\u0161tn\u00ed krajinu Marsa Alam.<br data-start=\"529\" data-end=\"532\" \/>\ud83d\udc2a <strong data-start=\"535\" data-end=\"551\">J\u00edzda na velbloudu<\/strong> v tradi\u010dn\u00edm bedu\u00ednsk\u00e9m prost\u0159ed\u00ed - nad\u010dasov\u00fd z\u00e1\u017eitek v pou\u0161ti.<br data-start=\"616\" data-end=\"619\" \/>\ud83c\udf73 <strong data-start=\"622\" data-end=\"654\">Autentick\u00e1 egyptsk\u00e1 sn\u00eddan\u011b<\/strong> s fazolemi, falafelem, vejci, s\u00fdrem s raj\u010daty a \u010derstv\u011b upe\u010den\u00fdm bedu\u00ednsk\u00fdm chlebem.<br data-start=\"736\" data-end=\"739\" \/>\u26f0\ufe0f Nav\u0161tivte a <strong data-start=\"750\" data-end=\"767\">horsk\u00e1 oblast<\/strong> a dozv\u00edte se o fascinuj\u00edc\u00ed historii starov\u011bk\u00e9ho hornictv\u00ed v Egypt\u011b.<br data-start=\"827\" data-end=\"830\" \/>\ud83d\udcf8 <strong data-start=\"833\" data-end=\"848\">Foto zast\u00e1vky<\/strong> na panoramatick\u00fdch pou\u0161tn\u00edch vyhl\u00eddk\u00e1ch pro \u00fa\u017easn\u00e9 z\u00e1b\u011bry.<br data-start=\"898\" data-end=\"901\" \/>\ud83d\ude90 Po osv\u011b\u017euj\u00edc\u00edm a dobrodru\u017en\u00e9m dopoledni v pou\u0161ti se vra\u0165te do hotelu.<\/p>\n<hr data-start=\"986\" data-end=\"989\" \/>\n<p data-start=\"991\" data-end=\"1140\" data-is-last-node=\"\" data-is-only-node=\"\">\ud83d\udca7 <strong data-start=\"994\" data-end=\"1007\">Zahrnuje:<\/strong> Miner\u00e1ln\u00ed voda + egyptsk\u00e1 sn\u00eddan\u011b v bedu\u00ednsk\u00e9m stylu<br data-start=\"1056\" data-end=\"1059\" \/>\ud83d\udd52 <strong data-start=\"1062\" data-end=\"1076\">Odjezd:<\/strong> Brzy r\u00e1no - <em data-start=\"1093\" data-end=\"1110\">k dispozici denn\u011b<\/em><br data-start=\"1110\" data-end=\"1113\" \/>\ud83d\udccd <strong data-start=\"1116\" data-end=\"1129\">Um\u00edst\u011bn\u00ed:<\/strong> Marsa Alam<\/p>\n<\/div>\n<\/div>\n<\/div>\n<\/div>\n<div class=\"z-0 flex min-h-[46px] justify-start\">\n<article class=\"text-token-text-primary w-full focus:outline-none [--shadow-height:45px] has-data-writing-block:pointer-events-none has-data-writing-block:-mt-(--shadow-height) has-data-writing-block:pt-(--shadow-height) [&amp;:has([data-writing-block])&gt;*]:pointer-events-auto [content-visibility:auto] supports-[content-visibility:auto]:[contain-intrinsic-size:auto_100lvh] scroll-mt-[calc(var(--header-height)+min(200px,max(70px,20svh)))]\" dir=\"auto\" tabindex=\"-1\" data-turn-id=\"request-6903ce85-4168-8327-bdb0-c493d5e00242-6\" data-testid=\"conversation-turn-44\" data-scroll-anchor=\"true\" data-turn=\"assistant\">\n<div class=\"text-base my-auto mx-auto pb-10 [--thread-content-margin:--spacing(4)] thread-sm:[--thread-content-margin:--spacing(6)] thread-lg:[--thread-content-margin:--spacing(16)] px-(--thread-content-margin)\">\n<div class=\"[--thread-content-max-width:40rem] thread-lg:[--thread-content-max-width:48rem] mx-auto max-w-(--thread-content-max-width) flex-1 group\/turn-messages focus-visible:outline-hidden relative flex w-full min-w-0 flex-col agent-turn\" tabindex=\"-1\">\n<div class=\"z-0 flex min-h-[46px] justify-start\">\ud83e\udd11 <strong data-start=\"55\" data-end=\"74\">Cena exkurze<\/strong><br data-start=\"74\" data-end=\"77\" \/>\ud83d\ude4e\ud83c\udffb\u200d\u2642\ufe0f <strong data-start=\"85\" data-end=\"106\">16 let a star\u0161\u00ed:<\/strong> \u20ac 35<br data-start=\"110\" data-end=\"113\" \/>\ud83e\uddcd\ud83c\udffb\u200d\u2640\ufe0f <strong data-start=\"121\" data-end=\"153\">6-15 let (pouze pro cestuj\u00edc\u00ed):<\/strong> \u20ac 20<br data-start=\"157\" data-end=\"160\" \/>\ud83d\udc7c\ud83c\udffc <strong data-start=\"165\" data-end=\"183\">Do 6 let:<\/strong> \ud83d\udeab Nen\u00ed povoleno<\/div>\n<\/div>\n<\/div>\n<\/article>\n<div class=\"pointer-events-none h-px w-px\" aria-hidden=\"true\" data-edge=\"true\">\n<h3 data-start=\"2198\" data-end=\"2225\"><strong data-start=\"2205\" data-end=\"2223\">Platba v USD ($ \ud83c\uddfa\ud83c\uddf8) m\u00edsto v EUR (\u20ac \ud83c\uddea\ud83c\uddfa) je mo\u017en\u00e1 podle denn\u00edho kurzu banky.<\/strong><\/h3>\n<\/div>\n<\/div>\n<\/div>\n<\/div>\n<\/article>\n<div id=\"gtx-trans\" style=\"position: absolute; left: 166px; top: 47.8px;\">\n<div class=\"gtx-trans-icon\"><\/div>\n<\/div>","protected":false},"excerpt":{"rendered":"<p>\ud83c\udfdc\ufe0f ALADIN SAFARI TRIP \u2013 Marsa Alam \ud83c\udf05\u2728 Start your morning with an unforgettable desert adventure where history, culture, and natural beauty come together in one magical experience!Join the Aladin Safari \u2014 a journey through golden sands, ancient landscapes, and authentic Bedouin life \u2014 for a perfect blend of excitement and tradition. \ud83c\udfcd\ufe0f\ud83d\udc2a \ud83d\udcdc Program [&hellip;]<\/p>","protected":false},"featured_media":11092,"comment_status":"open","ping_status":"closed","template":"","meta":{"_monsterinsights_skip_tracking":false,"_monsterinsights_sitenote_active":false,"_monsterinsights_sitenote_note":"","_monsterinsights_sitenote_category":0},"product_brand":[],"product_cat":[66],"product_tag":[],"class_list":{"0":"post-11080","1":"product","2":"type-product","3":"status-publish","4":"has-post-thumbnail","6":"product_cat-marsa-alam","8":"first","9":"instock","10":"shipping-taxable","11":"purchasable","12":"product-type-ovabrw_car_rental"},"_links":{"self":[{"href":"https:\/\/redsea-dream-tours.com\/cs\/wp-json\/wp\/v2\/product\/11080","targetHints":{"allow":["GET"]}}],"collection":[{"href":"https:\/\/redsea-dream-tours.com\/cs\/wp-json\/wp\/v2\/product"}],"about":[{"href":"https:\/\/redsea-dream-tours.com\/cs\/wp-json\/wp\/v2\/types\/product"}],"replies":[{"embeddable":true,"href":"https:\/\/redsea-dream-tours.com\/cs\/wp-json\/wp\/v2\/comments?post=11080"}],"wp:featuredmedia":[{"embeddable":true,"href":"https:\/\/redsea-dream-tours.com\/cs\/wp-json\/wp\/v2\/media\/11092"}],"wp:attachment":[{"href":"https:\/\/redsea-dream-tours.com\/cs\/wp-json\/wp\/v2\/media?parent=11080"}],"wp:term":[{"taxonomy":"product_brand","embeddable":true,"href":"https:\/\/redsea-dream-tours.com\/cs\/wp-json\/wp\/v2\/product_brand?post=11080"},{"taxonomy":"product_cat","embeddable":true,"href":"https:\/\/redsea-dream-tours.com\/cs\/wp-json\/wp\/v2\/product_cat?post=11080"},{"taxonomy":"product_tag","embeddable":true,"href":"https:\/\/redsea-dream-tours.com\/cs\/wp-json\/wp\/v2\/product_tag?post=11080"}],"curies":[{"name":"wp","href":"https:\/\/api.w.org\/{rel}","templated":true}]}}