{"id":11067,"date":"2025-10-21T00:38:46","date_gmt":"2025-10-21T00:38:46","guid":{"rendered":"https:\/\/redsea-dream-tours.com\/?post_type=product&#038;p=11067"},"modified":"2025-12-03T17:38:42","modified_gmt":"2025-12-03T17:38:42","slug":"elite-vip-marsa-alam","status":"publish","type":"product","link":"https:\/\/redsea-dream-tours.com\/cs\/produkt\/elite-vip-marsa-alam\/","title":{"rendered":"Elitn\u00ed VIP jachta: Luxusn\u00ed plavba a \u0161norchlov\u00e1n\u00ed"},"content":{"rendered":"<p data-start=\"97\" data-end=\"163\"><strong data-start=\"97\" data-end=\"163\">\u2728 Pro\u017eijte luxus - z\u00e1\u017eitek na elitn\u00ed VIP jacht\u011b na Rud\u00e9m mo\u0159i!<\/strong><\/p>\n<p data-start=\"165\" data-end=\"340\">\u26f5 Nastupte na palubu na\u0161\u00ed elegantn\u00ed jachty Elite VIP a poc\u00edt\u00edte rozd\u00edl od prvn\u00edho okam\u017eiku.<br data-start=\"258\" data-end=\"261\" \/>Tohle nen\u00ed jen v\u00fdlet lod\u00ed - je to <strong data-start=\"298\" data-end=\"319\">luxusn\u00ed z\u00e1\u017eitek<\/strong> navr\u017een tak, aby zap\u016fsobil.<\/p>\n<p data-start=\"342\" data-end=\"513\">\ud83c\udf64 <strong data-start=\"345\" data-end=\"376\">Gurm\u00e1nsk\u00fd ob\u011bd\/ve\u010de\u0159e na mo\u0159i<\/strong><br data-start=\"376\" data-end=\"379\" \/>Vychutnejte si all-inclusive bufet s \u010derstv\u00fdmi grilovan\u00fdmi krevetami, rybami a ku\u0159ec\u00edm masem - p\u011btihv\u011bzdi\u010dkov\u00fd kulin\u00e1\u0159sk\u00fd z\u00e1\u017eitek pluj\u00edc\u00ed po k\u0159i\u0161\u0165\u00e1lov\u00fdch vod\u00e1ch.<\/p>\n<p data-start=\"515\" data-end=\"684\">\ud83e\udd3f <strong data-start=\"518\" data-end=\"554\">Objevte podmo\u0159sk\u00fd r\u00e1j<\/strong><br data-start=\"554\" data-end=\"557\" \/>Dv\u011b zast\u00e1vky na \u0161norchlov\u00e1n\u00ed s pr\u016fvodcem, b\u011bhem nich\u017e prozkoum\u00e1te \u00fachvatn\u00e9 kor\u00e1lov\u00e9 \u00fatesy a pestrobarevn\u00fd mo\u0159sk\u00fd \u017eivot - Rud\u00e9 mo\u0159e v jeho nejlep\u0161\u00ed podob\u011b.<\/p>\n<p data-start=\"686\" data-end=\"811\">\ud83c\udf05 <strong data-start=\"689\" data-end=\"709\">Kouzeln\u00fd konec<\/strong><br data-start=\"709\" data-end=\"712\" \/>Vyberte si program se z\u00e1padem slunce a sledujte, jak se obloha zbarvuje do zlatova, zat\u00edmco ve\u010de\u0159\u00edte ve snov\u00e9, romantick\u00e9 atmosf\u00e9\u0159e.<\/p>\n<hr data-start=\"813\" data-end=\"816\" \/>\n<p data-start=\"818\" data-end=\"1035\"><strong data-start=\"818\" data-end=\"837\">\ud83d\udccc Program v\u00fdlet\u016f<\/strong><br \/>\n\ud83d\udd58 Dva odjezdy:<br data-start=\"856\" data-end=\"859\" \/>- Dopoledne: 09:00 - 14:00 hod.<br data-start=\"883\" data-end=\"886\" \/>- Z\u00e1pad slunce: 14:00 - 19:30 (v\u010detn\u011b v\u00fdhledu na z\u00e1pad slunce)<br data-start=\"932\" data-end=\"935\" \/>\ud83e\udd3f 2 \u0161norchlov\u00e1n\u00ed<br data-start=\"959\" data-end=\"962\" \/>\ud83c\udfdd\ufe0f Voln\u00fd \u010das v Port Ghalib<br data-start=\"990\" data-end=\"993\" \/>\ud83c\udf05 V\u00fdhled na z\u00e1pad slunce (pro odpoledn\u00ed program)<\/p>\n<hr data-start=\"1037\" data-end=\"1040\" \/>\n<p data-start=\"1042\" data-end=\"1171\"><strong data-start=\"1042\" data-end=\"1070\">\ud83d\udc8e Zahrnuto v cen\u011b<\/strong><br \/>\n\u2705 Hotel \u2194 Transfery do p\u0159\u00edstavu<br data-start=\"1095\" data-end=\"1098\" \/>\u2705 Vybaven\u00ed pro \u0161norchlov\u00e1n\u00ed<br data-start=\"1120\" data-end=\"1123\" \/>\u2705 Gurm\u00e1nsk\u00fd ob\u011bd nebo ve\u010de\u0159e (all inclusive formou bufetu)<\/p>\n<hr data-start=\"1173\" data-end=\"1176\" \/>\n<p data-start=\"1178\" data-end=\"1259\">Zarezervujte si nyn\u00ed a nechte se un\u00e1\u0161et Rud\u00fdm mo\u0159em <strong data-start=\"1214\" data-end=\"1255\">jedna z nejlep\u0161\u00edch vzpom\u00ednek va\u0161eho \u017eivota<\/strong>!<\/p>\n<h3 data-start=\"56\" data-end=\"80\">\ud83e\udd11 Cena exkurze<\/h3>\n<ul data-start=\"82\" data-end=\"222\">\n<li data-start=\"82\" data-end=\"129\">\n<p data-start=\"84\" data-end=\"129\">\ud83d\ude4e\ud83c\udffb\u200d\u2642\ufe0f Dosp\u011bl\u00ed (od 11 let): <strong data-start=\"120\" data-end=\"127\">80 \u20ac<\/strong><\/p>\n<\/li>\n<li data-start=\"130\" data-end=\"180\">\n<p data-start=\"132\" data-end=\"180\">\ud83e\uddcd\ud83c\udffb\u200d\u2640\ufe0f D\u011bti (do 11 let): <strong data-start=\"171\" data-end=\"178\">40 \u20ac<\/strong><\/p>\n<\/li>\n<li data-start=\"181\" data-end=\"222\">\n<p data-start=\"183\" data-end=\"222\">\ud83d\udc7c\ud83c\udffc D\u011bti do -5 let: <strong data-start=\"212\" data-end=\"220\">Zdarma<\/strong><\/p>\n<\/li>\n<\/ul>\n<article class=\"text-token-text-primary w-full focus:outline-none [--shadow-height:45px] has-data-writing-block:pointer-events-none has-data-writing-block:-mt-(--shadow-height) has-data-writing-block:pt-(--shadow-height) [&amp;:has([data-writing-block])&gt;*]:pointer-events-auto scroll-mt-[calc(var(--header-height)+min(200px,max(70px,20svh)))]\" dir=\"auto\" tabindex=\"-1\" data-turn-id=\"request-WEB:199560a9-4006-4083-ad71-35d46ac899d7-2\" data-testid=\"conversation-turn-6\" data-scroll-anchor=\"false\" data-turn=\"assistant\">\n<div class=\"text-base my-auto mx-auto [--thread-content-margin:--spacing(4)] thread-sm:[--thread-content-margin:--spacing(6)] thread-lg:[--thread-content-margin:--spacing(16)] px-(--thread-content-margin)\">\n<div class=\"[--thread-content-max-width:40rem] thread-lg:[--thread-content-max-width:48rem] mx-auto max-w-(--thread-content-max-width) flex-1 group\/turn-messages focus-visible:outline-hidden relative flex w-full min-w-0 flex-col agent-turn\" tabindex=\"-1\">\n<div class=\"flex max-w-full flex-col grow\">\n<div class=\"min-h-8 text-message relative flex w-full flex-col items-end gap-2 text-start break-words whitespace-normal [.text-message+&amp;]:mt-1\" dir=\"auto\" data-message-author-role=\"assistant\" data-message-id=\"d0ca6ef4-29cd-4ac4-bc5c-08d8463cd8f3\" data-message-model-slug=\"gpt-5-1\">\n<div class=\"flex w-full flex-col gap-1 empty:hidden first:pt-[1px]\">\n<div class=\"markdown prose dark:prose-invert w-full break-words light markdown-new-styling\">\n<p data-start=\"38\" data-end=\"179\" data-is-last-node=\"\" data-is-only-node=\"\">\u2728 <strong data-start=\"40\" data-end=\"179\" data-is-last-node=\"\">Za zap\u016fj\u010den\u00ed masky se plat\u00ed dal\u0161\u00edch 5 \u20ac a za zap\u016fj\u010den\u00ed ploutv\u00ed dal\u0161\u00edch 5 \u20ac - m\u00e1te tak v\u0161e, co pot\u0159ebujete k dokonal\u00e9mu podvodn\u00edmu dobrodru\u017estv\u00ed!<\/strong><\/p>\n<\/div>\n<\/div>\n<\/div>\n<\/div>\n<\/div>\n<\/div>\n<\/article>\n<hr data-start=\"1173\" data-end=\"1176\" \/>\n<h3 data-start=\"2198\" data-end=\"2225\"><strong data-start=\"2205\" data-end=\"2223\">Platba v USD ($ \ud83c\uddfa\ud83c\uddf8) m\u00edsto v EUR (\u20ac \ud83c\uddea\ud83c\uddfa) je mo\u017en\u00e1 podle denn\u00edho kurzu banky.<\/strong><\/h3>","protected":false},"excerpt":{"rendered":"<p>\u2728 Live the Luxury \u2014 Elite VIP Yacht Experience on the Red Sea! \u26f5 Step aboard our elegant Elite VIP yacht and feel the difference from the very first moment.This isn\u2019t just a boat trip \u2014 it\u2019s a luxury experience designed to impress. \ud83c\udf64 Gourmet Lunch\/Dinner at SeaEnjoy an all-inclusive buffet with fresh grilled shrimp, [&hellip;]<\/p>","protected":false},"featured_media":11068,"comment_status":"open","ping_status":"closed","template":"","meta":{"_monsterinsights_skip_tracking":false,"_monsterinsights_sitenote_active":false,"_monsterinsights_sitenote_note":"","_monsterinsights_sitenote_category":0},"product_brand":[],"product_cat":[66],"product_tag":[],"class_list":{"0":"post-11067","1":"product","2":"type-product","3":"status-publish","4":"has-post-thumbnail","6":"product_cat-marsa-alam","8":"first","9":"instock","10":"shipping-taxable","11":"purchasable","12":"product-type-ovabrw_car_rental"},"_links":{"self":[{"href":"https:\/\/redsea-dream-tours.com\/cs\/wp-json\/wp\/v2\/product\/11067","targetHints":{"allow":["GET"]}}],"collection":[{"href":"https:\/\/redsea-dream-tours.com\/cs\/wp-json\/wp\/v2\/product"}],"about":[{"href":"https:\/\/redsea-dream-tours.com\/cs\/wp-json\/wp\/v2\/types\/product"}],"replies":[{"embeddable":true,"href":"https:\/\/redsea-dream-tours.com\/cs\/wp-json\/wp\/v2\/comments?post=11067"}],"wp:featuredmedia":[{"embeddable":true,"href":"https:\/\/redsea-dream-tours.com\/cs\/wp-json\/wp\/v2\/media\/11068"}],"wp:attachment":[{"href":"https:\/\/redsea-dream-tours.com\/cs\/wp-json\/wp\/v2\/media?parent=11067"}],"wp:term":[{"taxonomy":"product_brand","embeddable":true,"href":"https:\/\/redsea-dream-tours.com\/cs\/wp-json\/wp\/v2\/product_brand?post=11067"},{"taxonomy":"product_cat","embeddable":true,"href":"https:\/\/redsea-dream-tours.com\/cs\/wp-json\/wp\/v2\/product_cat?post=11067"},{"taxonomy":"product_tag","embeddable":true,"href":"https:\/\/redsea-dream-tours.com\/cs\/wp-json\/wp\/v2\/product_tag?post=11067"}],"curies":[{"name":"wp","href":"https:\/\/api.w.org\/{rel}","templated":true}]}}