{"id":11011,"date":"2025-09-21T22:57:44","date_gmt":"2025-09-21T22:57:44","guid":{"rendered":"https:\/\/redsea-dream-tours.com\/?post_type=product&#038;p=11011"},"modified":"2025-11-28T14:23:27","modified_gmt":"2025-11-28T14:23:27","slug":"mini-safari","status":"publish","type":"product","link":"https:\/\/redsea-dream-tours.com\/cs\/produkt\/mini-safari\/","title":{"rendered":"Dobrodru\u017estv\u00ed na \u010dty\u0159kolk\u00e1ch: J\u00edzda pou\u0161t\u00ed a bedu\u00ednsk\u00fd z\u00e1\u017eitek"},"content":{"rendered":"<p data-start=\"0\" data-end=\"46\">\ud83c\udfcd\ufe0f <strong data-start=\"4\" data-end=\"41\">Dobrodru\u017estv\u00ed na \u010dty\u0159kolk\u00e1ch v Marsa Alam<\/strong> \ud83c\udf05<\/p>\n<p data-start=\"48\" data-end=\"264\">P\u0159ipravte se na adrenalinov\u00fd z\u00e1\u017eitek na zlat\u00e9m p\u00edsku a pod\u00e9l n\u00e1dhern\u00e9ho pob\u0159e\u017e\u00ed Rud\u00e9ho mo\u0159e! A\u0165 u\u017e d\u00e1v\u00e1te p\u0159ednost kr\u00e1tk\u00e9mu dobrodru\u017estv\u00ed, nebo cest\u011b celou pou\u0161t\u00ed - m\u00e1me pro v\u00e1s ide\u00e1ln\u00ed j\u00edzdu. \ud83c\udfdc\ufe0f\u2728<\/p>\n<hr data-start=\"266\" data-end=\"269\" \/>\n<p data-start=\"271\" data-end=\"315\">\ud83d\udeb4\u200d\u2642\ufe0f <strong data-start=\"277\" data-end=\"313\">Program 1: Dvouhodinov\u00fd v\u00fdlet na \u010dty\u0159kolk\u00e1ch<\/strong><\/p>\n<p data-start=\"317\" data-end=\"424\">Rychl\u00fd a vzru\u0161uj\u00edc\u00ed z\u00e1\u017eitek ur\u010den\u00fd pro dobrodruhy, kte\u0159\u00ed cht\u011bj\u00ed poc\u00edtit divok\u00e9ho ducha pou\u0161t\u011b! \ud83d\udca8<\/p>\n<p data-start=\"426\" data-end=\"841\"><strong data-start=\"426\" data-end=\"447\">Program zahrnuje:<\/strong><br data-start=\"447\" data-end=\"450\" \/>\u2705 Vyzvednut\u00ed z hotelu klimatizovan\u00fdm vozidlem (minibus - coaster - jeep - limuz\u00edna).<br data-start=\"542\" data-end=\"545\" \/>\u2705 M\u00edsto setk\u00e1n\u00ed na adrese <strong data-start=\"564\" data-end=\"582\">Velbloud\u00ed dv\u016fr<\/strong>.<br data-start=\"583\" data-end=\"586\" \/>\u2705 2 hodiny j\u00edzdy na \u010dty\u0159kolk\u00e1ch p\u0159es pou\u0161tn\u00ed duny a pod\u00e9l pob\u0159e\u017e\u00ed Rud\u00e9ho mo\u0159e.<br data-start=\"664\" data-end=\"667\" \/>\u2705 Odpo\u010dinkov\u00e1 zast\u00e1vka v bedu\u00ednsk\u00e9m stanu - vychutnejte si tradi\u010dn\u00ed bedu\u00ednsk\u00fd \u010daj a klidnou atmosf\u00e9ru pou\u0161t\u011b.<br data-start=\"765\" data-end=\"768\" \/>\u2705 Po t\u00e9to vzru\u0161uj\u00edc\u00ed a nezapomenuteln\u00e9 j\u00edzd\u011b se vra\u0165te do hotelu.<\/p>\n<p data-start=\"843\" data-end=\"993\">\ud83d\udca7 <em data-start=\"846\" data-end=\"857\">Zahrnuje:<\/em> 1 l\u00e1hev miner\u00e1ln\u00ed vody + bedu\u00ednsk\u00fd \u010daj<br data-start=\"897\" data-end=\"900\" \/>\ud83d\udd52 <em data-start=\"903\" data-end=\"913\">\u010casov\u00e9 rozvr\u017een\u00ed:<\/em> Dopoledne a odpoledne<br data-start=\"933\" data-end=\"936\" \/>\ud83d\udcc5 <em data-start=\"939\" data-end=\"991\">K dispozici denn\u011b - minim\u00e1ln\u00ed po\u010det \u00fa\u010dastn\u00edk\u016f nen\u00ed vy\u017eadov\u00e1n<\/em><\/p>\n<hr data-start=\"995\" data-end=\"998\" \/>\n<p data-start=\"1000\" data-end=\"1050\">\ud83c\udfdc\ufe0f <strong data-start=\"1004\" data-end=\"1046\">Program 2: P\u011btihodinov\u00e9 dobrodru\u017estv\u00ed na super\u010dty\u0159kolce<\/strong> \u2728<\/p>\n<p data-start=\"1052\" data-end=\"1185\">P\u0159ekro\u010dte hranice v\u0161ednosti! Toto prodlou\u017een\u00e9 dobrodru\u017estv\u00ed v sob\u011b spojuje adrenalin, bedu\u00ednskou kulturu a kouzeln\u00fd z\u00e1pad slunce v pou\u0161ti pod hv\u011bzdami. \ud83c\udf0c<\/p>\n<p data-start=\"1187\" data-end=\"1669\"><strong data-start=\"1187\" data-end=\"1208\">Program zahrnuje:<\/strong><br data-start=\"1208\" data-end=\"1211\" \/>\u2705 40 km na \u010dty\u0159kolk\u00e1ch pou\u0161t\u00ed a pod\u00e9l pob\u0159e\u017e\u00ed Marsa Alam.<br data-start=\"1289\" data-end=\"1292\" \/>\ud83d\udc2a Autentick\u00e1 j\u00edzda na velbloudech a prav\u00fd bedu\u00ednsk\u00fd z\u00e1\u017eitek.<br data-start=\"1346\" data-end=\"1349\" \/>\ud83c\udf05 Pozorov\u00e1n\u00ed z\u00e1padu slunce nad horami V\u00fdchodn\u00ed pou\u0161t\u011b.<br data-start=\"1402\" data-end=\"1405\" \/>\ud83c\udf7d\ufe0f Bedu\u00ednsk\u00e1 ve\u010de\u0159e formou otev\u0159en\u00e9ho bufetu pod hv\u011bzdnou oblohou.<br data-start=\"1457\" data-end=\"1460\" \/>\ud83c\udfb6 \u017div\u00e1 z\u00e1bava s b\u0159i\u0161n\u00ed tane\u010dnic\u00ed \ud83d\udc83 a show Tanoura \ud83c\udf00.<br data-start=\"1525\" data-end=\"1528\" \/>\u2728 Pozorov\u00e1n\u00ed hv\u011bzd v jasn\u00e9 pou\u0161tn\u00ed noci.<br data-start=\"1567\" data-end=\"1570\" \/>\ud83d\ude99 Po nezapomenuteln\u00e9m ve\u010deru pln\u00e9m dobrodru\u017estv\u00ed a z\u00e1zrak\u016f se vra\u0165te do hotelu.<\/p>\n<p data-start=\"1671\" data-end=\"1805\" data-is-last-node=\"\" data-is-only-node=\"\">\ud83d\udca7 <em data-start=\"1674\" data-end=\"1685\">Zahrnuje:<\/em> 2 l\u00e1hve miner\u00e1ln\u00ed vody + bedu\u00ednsk\u00fd \u010daj + ve\u010de\u0159e formou otev\u0159en\u00e9ho bufetu<br data-start=\"1747\" data-end=\"1750\" \/>\ud83d\udcc5 <em data-start=\"1753\" data-end=\"1805\" data-is-last-node=\"\">K dispozici denn\u011b - minim\u00e1ln\u00ed po\u010det \u00fa\u010dastn\u00edk\u016f nen\u00ed vy\u017eadov\u00e1n<\/em><\/p>\n<div class=\"st-highlight\">\n<article class=\"text-token-text-primary w-full focus:outline-none scroll-mt-[calc(var(--header-height)+min(200px,max(70px,20svh)))]\" dir=\"auto\" tabindex=\"-1\" data-turn-id=\"request-WEB:5e64c979-49d4-4b32-829a-7378032eeeb2-11\" data-testid=\"conversation-turn-24\" data-scroll-anchor=\"true\" data-turn=\"assistant\">\n<div class=\"text-base my-auto mx-auto pb-10 [--thread-content-margin:--spacing(4)] thread-sm:[--thread-content-margin:--spacing(6)] thread-lg:[--thread-content-margin:--spacing(16)] px-(--thread-content-margin)\">\n<div class=\"[--thread-content-max-width:40rem] thread-lg:[--thread-content-max-width:48rem] mx-auto max-w-(--thread-content-max-width) flex-1 group\/turn-messages focus-visible:outline-hidden relative flex w-full min-w-0 flex-col agent-turn\" tabindex=\"-1\">\n<div class=\"flex max-w-full flex-col grow\">\n<div class=\"min-h-8 text-message relative flex w-full flex-col items-end gap-2 text-start break-words whitespace-normal [.text-message+&amp;]:mt-5\" dir=\"auto\" data-message-author-role=\"assistant\" data-message-id=\"a753eb81-c995-4692-bb09-97f133a6e4b6\" data-message-model-slug=\"gpt-5-mini\">\n<div class=\"flex w-full flex-col gap-1 empty:hidden first:pt-[3px]\">\n<div class=\"markdown prose dark:prose-invert w-full break-words light markdown-new-styling\">\n<p data-start=\"46\" data-end=\"197\" data-is-last-node=\"\" data-is-only-node=\"\">\ud83e\udd11 <strong data-start=\"49\" data-end=\"68\">Program Cen\u00edk aktivit Dopoledn\u00ed dvouhodinov\u00fd v\u00fdlet na \u010dty\u0159kolk\u00e1ch<\/strong><br data-start=\"68\" data-end=\"71\" \/>\ud83d\ude4e\ud83c\udffb\u200d\u2642\ufe0f Od 16 let: 25 \u20ac<br data-start=\"101\" data-end=\"104\" \/>\ud83e\uddcd\ud83c\udffb\u200d\u2640\ufe0f Od 5 do 15 let: 15 \u20ac (pouze pro cestuj\u00edc\u00ed)<br data-start=\"156\" data-end=\"159\" \/>\ud83d\udc7c\ud83c\udffc Mlad\u0161\u00ed 5 let: \ud83d\udeab Nen\u00ed povoleno.<\/p>\n<p data-start=\"46\" data-end=\"197\" data-is-last-node=\"\" data-is-only-node=\"\">\ud83e\udd11 <strong data-start=\"49\" data-end=\"68\">Cen\u00edk aktivit Program Ve\u010dern\u00ed p\u011btihodinov\u00e9 dobrodru\u017estv\u00ed na super\u010dty\u0159kolce<\/strong><br data-start=\"68\" data-end=\"71\" \/>\ud83d\ude4e\ud83c\udffb\u200d\u2642\ufe0f Od 16 let: 30 \u20ac<br data-start=\"101\" data-end=\"104\" \/>\ud83e\uddcd\ud83c\udffb\u200d\u2640\ufe0f Od 5 do 15 let: 20 \u20ac (pouze pro cestuj\u00edc\u00ed)<br data-start=\"156\" data-end=\"159\" \/>\ud83d\udc7c\ud83c\udffc Mlad\u0161\u00ed 5 let: \ud83d\udeab Nen\u00ed povoleno.<\/p>\n<h3 data-start=\"2198\" data-end=\"2225\"><strong data-start=\"2205\" data-end=\"2223\">Platba v USD ($ \ud83c\uddfa\ud83c\uddf8) m\u00edsto v EUR (\u20ac \ud83c\uddea\ud83c\uddfa) je mo\u017en\u00e1 podle denn\u00edho kurzu banky.<\/strong><\/h3>\n<\/div>\n<\/div>\n<\/div>\n<\/div>\n<\/div>\n<\/div>\n<\/article>\n<\/div>\n<div class=\"st-hr large\"><\/div>\n<div id=\"gtx-trans\" style=\"position: absolute; left: 224px; top: 47.8px;\">\n<div class=\"gtx-trans-icon\"><\/div>\n<\/div>","protected":false},"excerpt":{"rendered":"<p>\ud83c\udfcd\ufe0f Quad Bike Adventure in Marsa Alam \ud83c\udf05 Get ready for an adrenaline-pumping experience through the golden sands and along the stunning Red Sea coast! Whether you prefer a short adventure or a full desert journey \u2014 we\u2019ve got the perfect ride for you. \ud83c\udfdc\ufe0f\u2728 \ud83d\udeb4\u200d\u2642\ufe0f Program 1: 2-Hour Quad Bike Trip A fast, thrilling [&hellip;]<\/p>","protected":false},"featured_media":11012,"comment_status":"open","ping_status":"closed","template":"","meta":{"_monsterinsights_skip_tracking":false,"_monsterinsights_sitenote_active":false,"_monsterinsights_sitenote_note":"","_monsterinsights_sitenote_category":0},"product_brand":[],"product_cat":[66],"product_tag":[],"class_list":{"0":"post-11011","1":"product","2":"type-product","3":"status-publish","4":"has-post-thumbnail","6":"product_cat-marsa-alam","8":"first","9":"instock","10":"shipping-taxable","11":"purchasable","12":"product-type-ovabrw_car_rental"},"_links":{"self":[{"href":"https:\/\/redsea-dream-tours.com\/cs\/wp-json\/wp\/v2\/product\/11011","targetHints":{"allow":["GET"]}}],"collection":[{"href":"https:\/\/redsea-dream-tours.com\/cs\/wp-json\/wp\/v2\/product"}],"about":[{"href":"https:\/\/redsea-dream-tours.com\/cs\/wp-json\/wp\/v2\/types\/product"}],"replies":[{"embeddable":true,"href":"https:\/\/redsea-dream-tours.com\/cs\/wp-json\/wp\/v2\/comments?post=11011"}],"wp:featuredmedia":[{"embeddable":true,"href":"https:\/\/redsea-dream-tours.com\/cs\/wp-json\/wp\/v2\/media\/11012"}],"wp:attachment":[{"href":"https:\/\/redsea-dream-tours.com\/cs\/wp-json\/wp\/v2\/media?parent=11011"}],"wp:term":[{"taxonomy":"product_brand","embeddable":true,"href":"https:\/\/redsea-dream-tours.com\/cs\/wp-json\/wp\/v2\/product_brand?post=11011"},{"taxonomy":"product_cat","embeddable":true,"href":"https:\/\/redsea-dream-tours.com\/cs\/wp-json\/wp\/v2\/product_cat?post=11011"},{"taxonomy":"product_tag","embeddable":true,"href":"https:\/\/redsea-dream-tours.com\/cs\/wp-json\/wp\/v2\/product_tag?post=11011"}],"curies":[{"name":"wp","href":"https:\/\/api.w.org\/{rel}","templated":true}]}}