{"id":11001,"date":"2025-09-21T22:45:07","date_gmt":"2025-09-21T22:45:07","guid":{"rendered":"https:\/\/redsea-dream-tours.com\/?post_type=product&#038;p=11001"},"modified":"2025-11-28T14:23:49","modified_gmt":"2025-11-28T14:23:49","slug":"super-safari","status":"publish","type":"product","link":"https:\/\/redsea-dream-tours.com\/cs\/produkt\/super-safari\/","title":{"rendered":"Super Safari: \u010cty\u0159kolky, bedu\u00ednsk\u00fd \u017eivot a z\u00e1pad slunce."},"content":{"rendered":"<div class=\"st-highlight\">\n<p data-start=\"0\" data-end=\"48\">\ud83c\udfdc\ufe0f <strong data-start=\"4\" data-end=\"43\">Dobrodru\u017estv\u00ed SUPER SAFARI - Marsa Alam<\/strong> \ud83c\udf05<\/p>\n<p data-start=\"50\" data-end=\"165\">P\u0159ipravte se na nezapomenuteln\u00fd z\u00e1\u017eitek v pou\u0161ti, kde se dobrodru\u017estv\u00ed, kultura a p\u0159\u00edroda spoj\u00ed v jeden kouzeln\u00fd den!<\/p>\n<p data-start=\"167\" data-end=\"357\">\ud83d\ude99 <strong data-start=\"170\" data-end=\"195\">Vyzvednut\u00ed a v\u00fdchoz\u00ed bod<\/strong><br data-start=\"195\" data-end=\"198\" \/>Svou cestu za\u010dn\u011bte vzru\u0161uj\u00edc\u00edm transferem vozem Toyota Land Cruiser s pohonem 4\u00d74 z va\u0161eho hotelu do <strong data-start=\"286\" data-end=\"318\">Velbloud\u00ed dv\u016fr - Port Ghalib<\/strong>, kde za\u010d\u00edn\u00e1 va\u0161e pou\u0161tn\u00ed dobrodru\u017estv\u00ed.<\/p>\n<p data-start=\"359\" data-end=\"521\">\ud83c\udfce\ufe0f <strong data-start=\"363\" data-end=\"398\">Z\u00e1\u017eitek na \u010dty\u0159kolce (30 min)<\/strong><br data-start=\"398\" data-end=\"401\" \/>Za\u017eijte vzru\u0161en\u00ed p\u0159i j\u00edzd\u011b na \u010dty\u0159kolce p\u0159es zlat\u00e9 duny - \u010dist\u00e9 vzru\u0161en\u00ed a svoboda v srdci pou\u0161t\u011b!<\/p>\n<p data-start=\"523\" data-end=\"616\">\ud83d\udc2a <strong data-start=\"526\" data-end=\"540\">J\u00edzda na velbloudu<\/strong><br data-start=\"540\" data-end=\"543\" \/>U\u017eijte si kr\u00e1tkou proj\u00ed\u017e\u010fku na velbloudech a poznejte starobyl\u00fd zp\u016fsob cestov\u00e1n\u00ed pou\u0161t\u00ed.<\/p>\n<p data-start=\"618\" data-end=\"836\">\ud83c\udfdc\ufe0f <strong data-start=\"622\" data-end=\"658\">Cesta pou\u0161t\u00ed - 22 km dobrodru\u017estv\u00ed<\/strong><br data-start=\"658\" data-end=\"661\" \/>Vydejte se hluboko do V\u00fdchodn\u00ed pou\u0161t\u011b - se dv\u011bma vyhl\u00eddkov\u00fdmi zast\u00e1vkami po cest\u011b:<br data-start=\"735\" data-end=\"738\" \/>1\ufe0f\u20e3 Slavn\u00fd ak\u00e1t \ud83c\udf33<br data-start=\"767\" data-end=\"770\" \/>2\ufe0f\u20e3 Panoramatick\u00e1 vyhl\u00eddka s \u00fachvatn\u00fdm v\u00fdhledem do pou\u0161t\u011b \ud83c\udfd4\ufe0f<\/p>\n<p data-start=\"838\" data-end=\"1105\">\ud83c\udfd5\ufe0f <strong data-start=\"842\" data-end=\"867\">N\u00e1v\u0161t\u011bva bedu\u00ednsk\u00e9 vesnice<\/strong><br data-start=\"867\" data-end=\"870\" \/>Po p\u0159\u00edjezdu v\u00e1s p\u0159iv\u00edtaj\u00ed tradi\u010dn\u00edm bedu\u00ednsk\u00fdm bylinkov\u00fdm \u010dajem a vypr\u00e1v\u011bn\u00edm o jejich fascinuj\u00edc\u00edm \u017eivotn\u00edm stylu v pou\u0161ti.<br data-start=\"992\" data-end=\"995\" \/>Vychutnejte si prohl\u00eddku s pr\u016fvodcem, kter\u00e1 zahrnuje:<br data-start=\"1025\" data-end=\"1028\" \/>\u2728 Bedu\u00ednsk\u00e9 ch\u00fd\u0161e<br data-start=\"1042\" data-end=\"1045\" \/>\u2728 \u017deny pe\u010dou tradi\u010dn\u00ed chl\u00e9b<br data-start=\"1077\" data-end=\"1080\" \/>\u2728 M\u00edstn\u00ed ru\u010dn\u00ed \u0159emesla<\/p>\n<p data-start=\"1107\" data-end=\"1229\">\ud83c\udf05 <strong data-start=\"1110\" data-end=\"1128\">Kouzeln\u00fd z\u00e1pad slunce<\/strong><br data-start=\"1128\" data-end=\"1131\" \/>Pozorujte slunce, jak pomalu miz\u00ed za horami - je to opravdu klidn\u00fd a nezapomenuteln\u00fd okam\u017eik.<\/p>\n<p data-start=\"1231\" data-end=\"1432\">\ud83c\udf7d\ufe0f <strong data-start=\"1235\" data-end=\"1261\">Ve\u010de\u0159e a z\u00e1bava<\/strong><br data-start=\"1261\" data-end=\"1264\" \/>Vra\u0165te se do <strong data-start=\"1277\" data-end=\"1295\">Velbloud\u00ed dv\u016fr<\/strong> na ve\u010de\u0159i formou otev\u0159en\u00e9ho bufetu, po n\u00ed\u017e n\u00e1sleduje okouzluj\u00edc\u00ed orient\u00e1ln\u00ed show s:<br data-start=\"1368\" data-end=\"1371\" \/>\ud83d\udc83 B\u0159i\u0161n\u00ed tane\u010dnice<br data-start=\"1386\" data-end=\"1389\" \/>\ud83c\udf00 P\u0159edstaven\u00ed Tanoura (v\u00ed\u0159iv\u00fd dervi\u0161)<\/p>\n<p data-start=\"1434\" data-end=\"1549\">\ud83c\udf0c <strong data-start=\"1437\" data-end=\"1452\">Pozorov\u00e1n\u00ed hv\u011bzd<\/strong><br data-start=\"1452\" data-end=\"1455\" \/>Na z\u00e1v\u011br ve\u010dera m\u016f\u017eete obdivovat t\u0159pytivou pou\u0161tn\u00ed oblohu - nad v\u00e1mi z\u00e1\u0159\u00ed miliony hv\u011bzd.<\/p>\n<p data-start=\"1551\" data-end=\"1682\">\ud83d\ude90 <strong data-start=\"1554\" data-end=\"1574\">Zp\u011bt na Hotely<\/strong><br data-start=\"1574\" data-end=\"1577\" \/>Po dni pln\u00e9m dobrodru\u017estv\u00ed, kultury a vzpom\u00ednek si odpo\u010di\u0148te na pohodln\u00e9 cest\u011b zp\u011bt do hotelu.<\/p>\n<p data-start=\"1684\" data-end=\"1759\" data-is-last-node=\"\" data-is-only-node=\"\">\ud83d\udca7 <em data-start=\"1687\" data-end=\"1759\" data-is-last-node=\"\">V\u00fdlet zahrnuje dv\u011b l\u00e1hve miner\u00e1ln\u00ed vody + neomezen\u00e9 mno\u017estv\u00ed ibi\u0161kov\u00e9ho d\u017eusu.<\/em><\/p>\n<article class=\"text-token-text-primary w-full focus:outline-none scroll-mt-[calc(var(--header-height)+min(200px,max(70px,20svh)))]\" dir=\"auto\" tabindex=\"-1\" data-turn-id=\"request-WEB:5e64c979-49d4-4b32-829a-7378032eeeb2-11\" data-testid=\"conversation-turn-24\" data-scroll-anchor=\"true\" data-turn=\"assistant\">\n<div class=\"text-base my-auto mx-auto pb-10 [--thread-content-margin:--spacing(4)] thread-sm:[--thread-content-margin:--spacing(6)] thread-lg:[--thread-content-margin:--spacing(16)] px-(--thread-content-margin)\">\n<div class=\"[--thread-content-max-width:40rem] thread-lg:[--thread-content-max-width:48rem] mx-auto max-w-(--thread-content-max-width) flex-1 group\/turn-messages focus-visible:outline-hidden relative flex w-full min-w-0 flex-col agent-turn\" tabindex=\"-1\">\n<div class=\"flex max-w-full flex-col grow\">\n<div class=\"min-h-8 text-message relative flex w-full flex-col items-end gap-2 text-start break-words whitespace-normal [.text-message+&amp;]:mt-5\" dir=\"auto\" data-message-author-role=\"assistant\" data-message-id=\"a753eb81-c995-4692-bb09-97f133a6e4b6\" data-message-model-slug=\"gpt-5-mini\">\n<div class=\"flex w-full flex-col gap-1 empty:hidden first:pt-[3px]\">\n<div class=\"markdown prose dark:prose-invert w-full break-words light markdown-new-styling\">\n<p data-start=\"46\" data-end=\"197\" data-is-last-node=\"\" data-is-only-node=\"\">\ud83e\udd11 <strong data-start=\"49\" data-end=\"68\">Ceny aktivit<\/strong><br data-start=\"68\" data-end=\"71\" \/>\ud83d\ude4e\ud83c\udffb\u200d\u2642\ufe0f Od 16 let: 35 \u20ac<br data-start=\"101\" data-end=\"104\" \/>\ud83e\uddcd\ud83c\udffb\u200d\u2640\ufe0f Od 5 do 15 let: 20 \u20ac (pouze pro cestuj\u00edc\u00ed)<br data-start=\"156\" data-end=\"159\" \/>\ud83d\udc7c\ud83c\udffc Mlad\u0161\u00ed 5 let: \ud83d\udeab Nen\u00ed povoleno.<\/p>\n<h3 data-start=\"2198\" data-end=\"2225\"><strong data-start=\"2205\" data-end=\"2223\">Platba v USD ($ \ud83c\uddfa\ud83c\uddf8) m\u00edsto v EUR (\u20ac \ud83c\uddea\ud83c\uddfa) je mo\u017en\u00e1 podle denn\u00edho kurzu banky.<\/strong><\/h3>\n<\/div>\n<\/div>\n<\/div>\n<\/div>\n<\/div>\n<\/div>\n<\/article>\n<\/div>\n<div class=\"st-hr large\"><\/div>\n<div class=\"accordion-item\">\n<div id=\"collapseInExClude\" class=\"accordion-collapse collapse show\" aria-labelledby=\"headingInExClude\" data-bs-parent=\"#headingInExClude\">\n<div class=\"accordion-body\">\n<div class=\"row\">\n<div class=\"col-lg-6\"><\/div>\n<\/div>\n<\/div>\n<\/div>\n<\/div>\n<div id=\"gtx-trans\" style=\"position: absolute; left: 168px; top: 1.2px;\">\n<div class=\"gtx-trans-icon\"><\/div>\n<\/div>\n<div id=\"gtx-trans\" style=\"position: absolute; left: 168px; top: 1.2px;\">\n<div class=\"gtx-trans-icon\"><\/div>\n<\/div>\n<div id=\"gtx-trans\" style=\"position: absolute; left: 168px; top: 1.2px;\">\n<div class=\"gtx-trans-icon\"><\/div>\n<\/div>","protected":false},"excerpt":{"rendered":"<p>\ud83c\udfdc\ufe0f SUPER SAFARI Adventure \u2013 Marsa Alam \ud83c\udf05 Get ready for an unforgettable desert experience where adventure, culture, and nature blend into one magical day! \ud83d\ude99 Pick-up &amp; Start PointBegin your journey with a thrilling 4&#215;4 Toyota Land Cruiser transfer from your hotel to The Camel Yard \u2013 Port Ghalib, where your desert adventure begins. [&hellip;]<\/p>","protected":false},"featured_media":11010,"comment_status":"open","ping_status":"closed","template":"","meta":{"_monsterinsights_skip_tracking":false,"_monsterinsights_sitenote_active":false,"_monsterinsights_sitenote_note":"","_monsterinsights_sitenote_category":0},"product_brand":[],"product_cat":[66],"product_tag":[],"class_list":{"0":"post-11001","1":"product","2":"type-product","3":"status-publish","4":"has-post-thumbnail","6":"product_cat-marsa-alam","8":"first","9":"instock","10":"shipping-taxable","11":"purchasable","12":"product-type-ovabrw_car_rental"},"_links":{"self":[{"href":"https:\/\/redsea-dream-tours.com\/cs\/wp-json\/wp\/v2\/product\/11001","targetHints":{"allow":["GET"]}}],"collection":[{"href":"https:\/\/redsea-dream-tours.com\/cs\/wp-json\/wp\/v2\/product"}],"about":[{"href":"https:\/\/redsea-dream-tours.com\/cs\/wp-json\/wp\/v2\/types\/product"}],"replies":[{"embeddable":true,"href":"https:\/\/redsea-dream-tours.com\/cs\/wp-json\/wp\/v2\/comments?post=11001"}],"wp:featuredmedia":[{"embeddable":true,"href":"https:\/\/redsea-dream-tours.com\/cs\/wp-json\/wp\/v2\/media\/11010"}],"wp:attachment":[{"href":"https:\/\/redsea-dream-tours.com\/cs\/wp-json\/wp\/v2\/media?parent=11001"}],"wp:term":[{"taxonomy":"product_brand","embeddable":true,"href":"https:\/\/redsea-dream-tours.com\/cs\/wp-json\/wp\/v2\/product_brand?post=11001"},{"taxonomy":"product_cat","embeddable":true,"href":"https:\/\/redsea-dream-tours.com\/cs\/wp-json\/wp\/v2\/product_cat?post=11001"},{"taxonomy":"product_tag","embeddable":true,"href":"https:\/\/redsea-dream-tours.com\/cs\/wp-json\/wp\/v2\/product_tag?post=11001"}],"curies":[{"name":"wp","href":"https:\/\/api.w.org\/{rel}","templated":true}]}}