{"id":10811,"date":"2025-09-13T18:12:03","date_gmt":"2025-09-13T18:12:03","guid":{"rendered":"https:\/\/redsea-dream-tours.com\/?post_type=product&#038;p=10811"},"modified":"2025-12-17T17:30:35","modified_gmt":"2025-12-17T17:30:35","slug":"el-qulan-sharm-el-luli-beach","status":"publish","type":"product","link":"https:\/\/redsea-dream-tours.com\/cs\/produkt\/el-qulan-sharm-el-luli-beach\/","title":{"rendered":"V\u00fdlet na pl\u00e1\u017e Sharm El Luli"},"content":{"rendered":"<p data-start=\"0\" data-end=\"110\"><strong data-start=\"0\" data-end=\"37\">\ud83c\udfd6\ufe0f Sharm El Luli Trip<\/strong><br data-start=\"37\" data-end=\"40\" \/>\u2728 U\u017eijte si jednu z nejkr\u00e1sn\u011bj\u0161\u00edch pl\u00e1\u017e\u00ed na sv\u011bt\u011b v <strong data-start=\"93\" data-end=\"107\">Marsa Alam<\/strong>!<\/p>\n<p data-start=\"112\" data-end=\"445\">\ud83c\udf0a Vydejte se s n\u00e1mi na nezapomenutelnou exkurzi do <strong data-start=\"156\" data-end=\"179\">Pl\u00e1\u017e Sharm El Luli<\/strong>, hlasovalo se mezi \ud83c\udf0d <em data-start=\"200\" data-end=\"237\">nejkr\u00e1sn\u011bj\u0161\u00ed pl\u00e1\u017ee na sv\u011bt\u011b<\/em> po t\u0159i po sob\u011b jdouc\u00ed roky.<br data-start=\"266\" data-end=\"269\" \/>\ud83d\udc8e Relaxujte na <strong data-start=\"285\" data-end=\"305\">jemn\u00fd b\u00edl\u00fd p\u00edsek<\/strong>, plavat v <strong data-start=\"319\" data-end=\"353\">k\u0159i\u0161\u0165\u00e1lov\u011b \u010dist\u00e9 tyrkysov\u00e9 vody<\/strong>, a objevte \u00fachvatn\u00e9 p\u0159\u00edrodn\u00ed kr\u00e1sy, d\u00edky nim\u017e je Sharm El Luli skute\u010dn\u00fdm skryt\u00fdm klenotem.<\/p>\n<p data-start=\"447\" data-end=\"780\">\ud83d\udccd <strong data-start=\"450\" data-end=\"475\">Um\u00edst\u011bn\u00ed a pozad\u00ed<\/strong><br data-start=\"475\" data-end=\"478\" \/>Pl\u00e1\u017e Sharm El Luli se nach\u00e1z\u00ed asi <strong data-start=\"515\" data-end=\"544\">50 km ji\u017en\u011b od Marsa Alam<\/strong>, na p\u016fli cesty mezi <strong data-start=\"562\" data-end=\"587\">Marsa Alam a Hamata<\/strong>, a je nejv\u011bt\u0161\u00ed pl\u00e1\u017e\u00ed v oblasti <strong data-start=\"625\" data-end=\"656\">N\u00e1rodn\u00ed park Wadi El-Gamal<\/strong>.<br data-start=\"657\" data-end=\"660\" \/>\ud83c\udf3f Tato nedot\u010den\u00e1 pl\u00e1\u017e, kterou spravuje egyptsk\u00e1 p\u0159\u00edrodn\u00ed rezervace, je domovem pestr\u00e9ho mo\u0159sk\u00e9ho \u017eivota a nedot\u010den\u00fdch kor\u00e1lov\u00fdch \u00fates\u016f.<\/p>\n<p data-start=\"782\" data-end=\"1216\">\ud83d\udcab <strong data-start=\"785\" data-end=\"823\">Pro\u010d si vybrat v\u00fdlet do Sharm El Luli?<\/strong><br data-start=\"823\" data-end=\"826\" \/>\ud83c\udfdd\ufe0f Sharm El Luli je proslul\u00fd sv\u00fdmi <strong data-start=\"862\" data-end=\"924\">rozlehl\u00e9 pob\u0159e\u017e\u00ed, jemn\u00fd b\u00edl\u00fd p\u00edsek a barevn\u00e9 kor\u00e1lov\u00e9 \u00fatesy.<\/strong> pln\u00e1 mo\u0159sk\u00e9ho \u017eivota.<br data-start=\"945\" data-end=\"948\" \/>\ud83c\udf05 \u00dachvatn\u00e1 scen\u00e9rie se dokonale snoub\u00ed se <strong data-start=\"989\" data-end=\"1007\">mo\u0159e a pou\u0161\u0165<\/strong>, co\u017e vytv\u00e1\u0159\u00ed kouzeln\u00fd pohled, kter\u00fd uchv\u00e1t\u00ed ka\u017ed\u00e9ho n\u00e1v\u0161t\u011bvn\u00edka.<br data-start=\"1063\" data-end=\"1066\" \/>\ud83e\udd3f M\u016f\u017eete <strong data-start=\"1077\" data-end=\"1109\">\u0161norchlov\u00e1n\u00ed mezi oslniv\u00fdmi \u00fatesy<\/strong>, <strong data-start=\"1111\" data-end=\"1133\">relaxace na pl\u00e1\u017ei<\/strong>, nebo <strong data-start=\"1138\" data-end=\"1162\">klidn\u00e1 proch\u00e1zka<\/strong> s rodinou a p\u0159\u00e1teli v klidn\u00e9m p\u0159\u00edrodn\u00edm prost\u0159ed\u00ed.<\/p>\n<p data-start=\"1218\" data-end=\"1239\">\ud83d\udd52 <strong data-start=\"1221\" data-end=\"1237\">Podrobnosti o cest\u011b<\/strong><\/p>\n<ul data-start=\"1240\" data-end=\"1466\">\n<li data-start=\"1240\" data-end=\"1330\">\n<p data-start=\"1242\" data-end=\"1330\"><strong data-start=\"1242\" data-end=\"1255\">Doba trv\u00e1n\u00ed:<\/strong> P\u016fldenn\u00ed v\u00fdlet - od \u23f0 8:30 do 13:00 (k dispozici t\u0159ikr\u00e1t t\u00fddn\u011b)<\/p>\n<\/li>\n<li data-start=\"1331\" data-end=\"1466\">\n<p data-start=\"1333\" data-end=\"1466\"><strong data-start=\"1333\" data-end=\"1346\">Um\u00edst\u011bn\u00ed:<\/strong><br data-start=\"1346\" data-end=\"1349\" \/>\ud83d\udccc 50 km od Marsa Alam<br data-start=\"1375\" data-end=\"1378\" \/>\ud83d\udccc 80 km od mezin\u00e1rodn\u00edho leti\u0161t\u011b Marsa Alam<br data-start=\"1426\" data-end=\"1429\" \/>\ud83d\udccc 160 km severn\u011b od m\u011bsta El Quseir<\/p>\n<\/li>\n<\/ul>\n<p data-start=\"1468\" data-end=\"1705\">\ud83d\udcbc <strong data-start=\"1471\" data-end=\"1499\">V programu je zahrnuto:<\/strong><br data-start=\"1499\" data-end=\"1502\" \/>\u2705 Hotelov\u00e1 doprava tam i zp\u011bt<br data-start=\"1530\" data-end=\"1533\" \/>\u2705 Certifikovan\u00fd pr\u016fvodce \u0161norchlov\u00e1n\u00edm<br data-start=\"1561\" data-end=\"1564\" \/>\u2705 \ud83c\udf7d\ufe0f Lahodn\u00fd ob\u011bd na palub\u011b lodi<br data-start=\"1594\" data-end=\"1597\" \/>\u2705 \u2615 tepl\u00e9 a studen\u00e9 n\u00e1poje po cel\u00fd den<br data-start=\"1637\" data-end=\"1640\" data-is-only-node=\"\" \/>\u2705 \ud83c\udf9f\ufe0f Vstupn\u00e9 do n\u00e1rodn\u00edho parku<br data-start=\"1670\" data-end=\"1673\" \/>\u2705 \ud83e\udd3f Kompletn\u00ed vybaven\u00ed pro \u0161norchlov\u00e1n\u00ed<\/p>\n<p data-start=\"1707\" data-end=\"2009\" data-is-last-node=\"\" data-is-only-node=\"\">\ud83c\udf1e <strong data-start=\"1710\" data-end=\"1772\">P\u0159ipravte se na \u00fa\u017easn\u00e9 dobrodru\u017estv\u00ed na pl\u00e1\u017ei Sharm El Luli!<\/strong><br data-start=\"1772\" data-end=\"1775\" \/>U\u017eijte si den pln\u00fd <strong data-start=\"1795\" data-end=\"1829\">relaxace, z\u00e1bava a objevov\u00e1n\u00ed<\/strong> v jednom z nej\u00fa\u017easn\u011bj\u0161\u00edch p\u0159\u00edrodn\u00edch m\u00edst Marsa Alam.<br data-start=\"1881\" data-end=\"1884\" \/>A\u0165 u\u017e d\u00e1v\u00e1te p\u0159ednost <strong data-start=\"1903\" data-end=\"1943\">\u0161norchlov\u00e1n\u00ed, opalov\u00e1n\u00ed nebo pozn\u00e1v\u00e1n\u00ed.<\/strong>, tato cesta slibuje skute\u010dn\u011b <strong data-start=\"1972\" data-end=\"2008\">v\u00fdjime\u010dn\u00fd a nezapomenuteln\u00fd z\u00e1\u017eitek<\/strong>.<\/p>\n<p data-start=\"1556\" data-end=\"1583\"><strong data-start=\"1556\" data-end=\"1581\">Tipy na v\u00fdlet \ud83d\udcdd:<\/strong><\/p>\n<ul data-start=\"1585\" data-end=\"1789\">\n<li data-start=\"1585\" data-end=\"1635\">\n<p data-start=\"1587\" data-end=\"1635\">Vezm\u011bte si opalovac\u00ed kr\u00e9m \ud83e\uddf4, slune\u010dn\u00ed br\u00fdle \ud83d\udd76\ufe0f a klobouk.<\/p>\n<\/li>\n<li data-start=\"1636\" data-end=\"1668\">\n<p data-start=\"1638\" data-end=\"1668\">Vezm\u011bte si vodot\u011bsn\u00fd fotoapar\u00e1t \ud83d\udcf7.<\/p>\n<\/li>\n<li data-start=\"1669\" data-end=\"1726\">\n<p data-start=\"1671\" data-end=\"1726\">Na proch\u00e1zku kolem laguny si vezm\u011bte pohodlnou obuv.<\/p>\n<\/li>\n<li data-start=\"1727\" data-end=\"1789\">\n<p data-start=\"1729\" data-end=\"1789\">Respektujte p\u0159\u00edrodn\u00ed prost\u0159ed\u00ed, zejm\u00e9na mangrovov\u00e9 porosty.<\/p>\n<\/li>\n<\/ul>\n<p>\ud83e\udd11 <strong data-start=\"44\" data-end=\"63\">Ceny aktivit Cel\u00fd den\u00a0<\/strong><br data-start=\"63\" data-end=\"66\" \/>\ud83d\udc68\ud83c\udffb\u200d\ud83e\uddb1 Dosp\u011bl\u00ed (od 12 let): <strong data-start=\"103\" data-end=\"110\">60 \u20ac<\/strong><br data-start=\"110\" data-end=\"113\" \/>\ud83e\uddcd\ud83c\udffb\u200d\u2640\ufe0f D\u011bti (do 12 let): <strong data-start=\"148\" data-end=\"155\">35 \u20ac<\/strong><br data-start=\"155\" data-end=\"158\" \/>\ud83d\udc7c\ud83c\udffc D\u011bti (do 5 let): <strong data-start=\"189\" data-end=\"197\">Zdarma<\/strong><\/p>\n<p>\ud83e\udd11 <strong data-start=\"44\" data-end=\"63\">Ceny aktivit P\u016flden\u00a0<\/strong><br data-start=\"63\" data-end=\"66\" \/>\ud83d\udc68\ud83c\udffb\u200d\ud83e\uddb1 Dosp\u011bl\u00ed (od 12 let): <strong data-start=\"103\" data-end=\"110\">45 \u20ac<\/strong><br data-start=\"110\" data-end=\"113\" \/>\ud83e\uddcd\ud83c\udffb\u200d\u2640\ufe0f D\u011bti (do 12 let): <strong data-start=\"148\" data-end=\"155\">30 \u20ac<\/strong><br data-start=\"155\" data-end=\"158\" \/>\ud83d\udc7c\ud83c\udffc D\u011bti (do 5 let): <strong data-start=\"189\" data-end=\"197\">Zdarma<\/strong><\/p>\n<div id=\"gtx-trans\" style=\"position: absolute; left: 275px; top: 1.2px;\">\n<div class=\"gtx-trans-icon\"><\/div>\n<\/div>","protected":false},"excerpt":{"rendered":"<p>\ud83c\udfd6\ufe0f Sharm El Luli\u00a0 Trip\u2728 Enjoy one of the world\u2019s most beautiful beaches in Marsa Alam! \ud83c\udf0a Join us on an unforgettable excursion to Sharm El Luli Beach, voted among the \ud83c\udf0d most beautiful beaches in the world for three consecutive years.\ud83d\udc8e Relax on the soft white sands, swim in the crystal-clear turquoise waters, and [&hellip;]<\/p>","protected":false},"featured_media":10818,"comment_status":"open","ping_status":"closed","template":"","meta":{"_monsterinsights_skip_tracking":false,"_monsterinsights_sitenote_active":false,"_monsterinsights_sitenote_note":"","_monsterinsights_sitenote_category":0},"product_brand":[],"product_cat":[66],"product_tag":[],"class_list":{"0":"post-10811","1":"product","2":"type-product","3":"status-publish","4":"has-post-thumbnail","6":"product_cat-marsa-alam","8":"first","9":"instock","10":"shipping-taxable","11":"purchasable","12":"product-type-ovabrw_car_rental"},"_links":{"self":[{"href":"https:\/\/redsea-dream-tours.com\/cs\/wp-json\/wp\/v2\/product\/10811","targetHints":{"allow":["GET"]}}],"collection":[{"href":"https:\/\/redsea-dream-tours.com\/cs\/wp-json\/wp\/v2\/product"}],"about":[{"href":"https:\/\/redsea-dream-tours.com\/cs\/wp-json\/wp\/v2\/types\/product"}],"replies":[{"embeddable":true,"href":"https:\/\/redsea-dream-tours.com\/cs\/wp-json\/wp\/v2\/comments?post=10811"}],"wp:featuredmedia":[{"embeddable":true,"href":"https:\/\/redsea-dream-tours.com\/cs\/wp-json\/wp\/v2\/media\/10818"}],"wp:attachment":[{"href":"https:\/\/redsea-dream-tours.com\/cs\/wp-json\/wp\/v2\/media?parent=10811"}],"wp:term":[{"taxonomy":"product_brand","embeddable":true,"href":"https:\/\/redsea-dream-tours.com\/cs\/wp-json\/wp\/v2\/product_brand?post=10811"},{"taxonomy":"product_cat","embeddable":true,"href":"https:\/\/redsea-dream-tours.com\/cs\/wp-json\/wp\/v2\/product_cat?post=10811"},{"taxonomy":"product_tag","embeddable":true,"href":"https:\/\/redsea-dream-tours.com\/cs\/wp-json\/wp\/v2\/product_tag?post=10811"}],"curies":[{"name":"wp","href":"https:\/\/api.w.org\/{rel}","templated":true}]}}