{"id":10795,"date":"2025-09-13T17:33:51","date_gmt":"2025-09-13T17:33:51","guid":{"rendered":"https:\/\/redsea-dream-tours.com\/?post_type=product&#038;p=10795"},"modified":"2025-11-28T14:26:04","modified_gmt":"2025-11-28T14:26:04","slug":"marsa-mubarak","status":"publish","type":"product","link":"https:\/\/redsea-dream-tours.com\/cs\/produkt\/marsa-mubarak\/","title":{"rendered":"Marsa Mubarak Adventure - R\u00e1j Rud\u00e9ho mo\u0159e ( Marsa Alam )"},"content":{"rendered":"<p data-start=\"168\" data-end=\"454\">\ud83d\udc1f\u2728 Marsa Mubarak Adventure - R\u00e1j Rud\u00e9ho mo\u0159e \u2728\ud83d\udc1f<\/p>\n<p data-start=\"168\" data-end=\"454\">Vydejte se do klidn\u00fdch vod Marsa Mubarak, jednoho z nejkr\u00e1sn\u011bj\u0161\u00edch m\u00edst pro \u0161norchlov\u00e1n\u00ed v Rud\u00e9m mo\u0159i. \ud83c\udf0a<br data-start=\"293\" data-end=\"296\" \/>Marsa Mubarak je zn\u00e1m\u00e1 sv\u00fdmi klidn\u00fdmi tyrkysov\u00fdmi vodami a bohat\u00fdm podmo\u0159sk\u00fdm \u017eivotem \ud83d\udc22 a je ide\u00e1ln\u00ed pro za\u010d\u00e1te\u010dn\u00edky a rodiny, kter\u00e9 hledaj\u00ed klidn\u00e9 \u0161norchlov\u00e1n\u00ed. \ud83c\udf34<\/p>\n<hr data-start=\"456\" data-end=\"459\" \/>\n<p data-start=\"461\" data-end=\"490\"><strong data-start=\"461\" data-end=\"488\">Nejd\u016fle\u017eit\u011bj\u0161\u00ed momenty cesty:<\/strong><\/p>\n<ul data-start=\"492\" data-end=\"884\">\n<li data-start=\"492\" data-end=\"593\">\n<p data-start=\"494\" data-end=\"593\"><strong data-start=\"494\" data-end=\"522\">Dobrodru\u017estv\u00ed p\u0159i \u0161norchlov\u00e1n\u00ed \ud83e\udd3f:<\/strong> Zaplavte si mezi pestrobarevn\u00fdmi \u00fatesov\u00fdmi rybami a prozkoumejte m\u011blk\u00e9 kor\u00e1lov\u00e9 zahrady.<\/p>\n<\/li>\n<li data-start=\"594\" data-end=\"694\">\n<p data-start=\"596\" data-end=\"694\"><strong data-start=\"596\" data-end=\"619\">Pozorov\u00e1n\u00ed \u017eelv \ud83d\udc22:<\/strong> D\u00e1vejte pozor na \u017eelvy zelenav\u00e9, kter\u00e9 se pasou v bl\u00edzkosti mo\u0159sk\u00e9 tr\u00e1vy.<\/p>\n<\/li>\n<li data-start=\"695\" data-end=\"789\">\n<p data-start=\"697\" data-end=\"789\"><strong data-start=\"697\" data-end=\"722\">Relaxa\u010dn\u00ed pl\u00e1\u017ee \ud83c\udfd6\ufe0f:<\/strong> U\u017eijte si nedot\u010den\u00e9 b\u00edl\u00e9 p\u00edse\u010dn\u00e9 pl\u00e1\u017ee a pr\u016fzra\u010dn\u00e9 m\u011blk\u00e9 vody.<\/p>\n<\/li>\n<li data-start=\"790\" data-end=\"884\">\n<p data-start=\"792\" data-end=\"884\"><strong data-start=\"792\" data-end=\"816\">Vyhl\u00eddkov\u00e1 proj\u00ed\u017e\u010fka lod\u00ed \ud83d\udea4:<\/strong> Vydejte se k z\u00e1livu a vychutnejte si kr\u00e1sn\u00e9 pob\u0159e\u017e\u00ed Rud\u00e9ho mo\u0159e.<\/p>\n<\/li>\n<\/ul>\n<hr data-start=\"1232\" data-end=\"1235\" \/>\n<div class=\"st-highlight\">\n<h2 class=\"st-heading-section\">Program<\/h2>\n<ul>\n<li>Odjezd kolem 8:00, n\u00e1vrat kolem 16:00.<\/li>\n<li>2 \u0161norchlov\u00e1n\u00ed<\/li>\n<li>Plav\u00e1n\u00ed s \u017eelvami a dugongy<\/li>\n<\/ul>\n<\/div>\n<div class=\"st-hr large\">\n<h2 class=\"st-heading-section\">Zahrnut\u00e9 mo\u017enosti<\/h2>\n<div class=\"accordion-item\">\n<div id=\"collapseInExClude\" class=\"accordion-collapse collapse show\" aria-labelledby=\"headingInExClude\" data-bs-parent=\"#headingInExClude\">\n<div class=\"accordion-body\">\n<div class=\"row\">\n<div class=\"col-lg-6\">\n<ul class=\"include\">\n<li>Hotelov\u00fd transfer - aktivita<\/li>\n<li><i class=\"input-icon st-border-radius field-icon fa\"><\/i>\u0160norchlovac\u00ed\/pot\u00e1p\u011b\u010dsk\u00e9 vybaven\u00ed<\/li>\n<li><i class=\"input-icon st-border-radius field-icon fa\"><\/i>Ob\u011bd + nealkoholick\u00fd n\u00e1poj<\/li>\n<\/ul>\n<\/div>\n<\/div>\n<\/div>\n<\/div>\n<\/div>\n<h5><img decoding=\"async\" class=\"emoji\" role=\"img\" draggable=\"false\" src=\"https:\/\/s.w.org\/images\/core\/emoji\/16.0.1\/svg\/1f4dd.svg\" alt=\"\ud83d\udcdd\" \/>\u00a0Hodnocen\u00ed<\/h5>\n<ul>\n<li><img decoding=\"async\" class=\"emoji\" role=\"img\" draggable=\"false\" src=\"https:\/\/s.w.org\/images\/core\/emoji\/16.0.1\/svg\/26a0.svg\" alt=\"\u26a0\ufe0f\" \/>\u00a0Cena stanovena z Marsa Alam. Z Hurghady se plat\u00ed p\u0159\u00edplatek za transfer<\/li>\n<\/ul>\n<\/div>\n<p data-start=\"1237\" data-end=\"1264\"><strong data-start=\"1237\" data-end=\"1262\">Tipy na v\u00fdlet \ud83d\udcdd:<\/strong><\/p>\n<ul data-start=\"1266\" data-end=\"1465\">\n<li data-start=\"1266\" data-end=\"1304\">\n<p data-start=\"1268\" data-end=\"1304\">Pou\u017e\u00edvejte opalovac\u00ed kr\u00e9m \ud83e\uddf4 a noste klobouk.<\/p>\n<\/li>\n<li data-start=\"1305\" data-end=\"1338\">\n<p data-start=\"1307\" data-end=\"1338\">Vezm\u011bte si vodot\u011bsn\u00fd fotoapar\u00e1t \ud83d\udcf7.<\/p>\n<\/li>\n<li data-start=\"1339\" data-end=\"1401\">\n<p data-start=\"1341\" data-end=\"1401\">Pou\u017e\u00edvejte opalovac\u00ed kr\u00e9m bezpe\u010dn\u00fd pro \u00fatesy, abyste chr\u00e1nili mo\u0159sk\u00e9 prost\u0159ed\u00ed.<\/p>\n<\/li>\n<li data-start=\"1402\" data-end=\"1465\">\n<p data-start=\"1404\" data-end=\"1465\">Pro bezpe\u010dn\u00e9 \u0161norchlov\u00e1n\u00ed se \u0159i\u010fte pokyny pr\u016fvodce.<\/p>\n<\/li>\n<\/ul>\n<h3 data-start=\"76\" data-end=\"101\">\ud83e\udd11 Ceny exkurz\u00ed<\/h3>\n<p data-start=\"1518\" data-end=\"1574\">\ud83e\udd11 <strong data-start=\"44\" data-end=\"63\">Ceny aktivit ( \u0160norchlov\u00e1n\u00ed )<\/strong><br data-start=\"63\" data-end=\"66\" \/>\ud83d\udc68\ud83c\udffb\u200d\ud83e\uddb1 Dosp\u011bl\u00ed (od 12 let): <strong data-start=\"103\" data-end=\"110\">50 \u20ac<\/strong><br data-start=\"110\" data-end=\"113\" \/>\ud83e\uddcd\ud83c\udffb\u200d\u2640\ufe0f D\u011bti (do 12 let): <strong data-start=\"148\" data-end=\"155\">25 \u20ac<\/strong><\/p>\n<p data-start=\"1518\" data-end=\"1574\">\ud83e\udd11 <strong data-start=\"44\" data-end=\"63\">Ceny aktivit ( Pot\u00e1p\u011bn\u00ed Intro )<\/strong><br data-start=\"63\" data-end=\"66\" \/>\ud83d\udc68\ud83c\udffb\u200d\ud83e\uddb1 Dosp\u011bl\u00ed : <strong data-start=\"103\" data-end=\"110\">70 \u20ac<\/strong><\/p>\n<p data-start=\"1518\" data-end=\"1574\">\ud83e\udd11 <strong data-start=\"44\" data-end=\"63\">Ceny aktivit ( pot\u00e1p\u011bn\u00ed denn\u011b )<\/strong><br data-start=\"63\" data-end=\"66\" \/>\ud83d\udc68\ud83c\udffb\u200d\ud83e\uddb1 Dosp\u011bl\u00ed : <strong data-start=\"103\" data-end=\"110\">95 \u20ac<\/strong><\/p>\n<h3 data-start=\"2198\" data-end=\"2225\"><strong data-start=\"2205\" data-end=\"2223\">Platba v USD ($ \ud83c\uddfa\ud83c\uddf8) m\u00edsto v EUR (\u20ac \ud83c\uddea\ud83c\uddfa) je mo\u017en\u00e1 podle denn\u00edho kurzu banky.<\/strong><\/h3>\n<ul data-start=\"1266\" data-end=\"1465\">\n<li data-start=\"1402\" data-end=\"1465\"><strong>Book Through WhatsApp:<\/strong><\/li>\n<li data-start=\"1402\" data-end=\"1465\"><a href=\"https:\/\/wa.me\/201021058859\" target=\"_blank\" rel=\"noopener\">\u00a0<img decoding=\"async\" class=\"alignnone wp-image-2058\" src=\"https:\/\/poehalisnamiegypt.com\/wp-content\/uploads\/2024\/02\/pngwing.com_-300x300.png\" sizes=\"auto, (max-width: 35px) 100vw, 35px\" srcset=\"https:\/\/poehalisnamiegypt.com\/wp-content\/uploads\/2024\/02\/pngwing.com_-300x300.png 300w, https:\/\/poehalisnamiegypt.com\/wp-content\/uploads\/2024\/02\/pngwing.com_-150x150.png 150w, https:\/\/poehalisnamiegypt.com\/wp-content\/uploads\/2024\/02\/pngwing.com_.png 584w\" alt=\"\" width=\"53\" height=\"53\" \/><\/a><\/li>\n<\/ul>\n<div id=\"gtx-trans\" style=\"position: absolute; left: 376px; top: 1.2px;\">\n<div class=\"gtx-trans-icon\"><\/div>\n<\/div>","protected":false},"excerpt":{"rendered":"<p>\ud83d\udc1f\u2728 Marsa Mubarak Adventure \u2013 Red Sea Paradise \u2728\ud83d\udc1f Escape to the tranquil waters of Marsa Mubarak, one of the most beautiful snorkeling spots in the Red Sea. \ud83c\udf0aKnown for its calm turquoise waters and rich marine life \ud83d\udc22, Marsa Mubarak is perfect for beginners and families seeking a peaceful snorkeling adventure. \ud83c\udf34 Highlights of [&hellip;]<\/p>","protected":false},"featured_media":10801,"comment_status":"open","ping_status":"closed","template":"","meta":{"_monsterinsights_skip_tracking":false,"_monsterinsights_sitenote_active":false,"_monsterinsights_sitenote_note":"","_monsterinsights_sitenote_category":0},"product_brand":[],"product_cat":[66,68],"product_tag":[],"class_list":{"0":"post-10795","1":"product","2":"type-product","3":"status-publish","4":"has-post-thumbnail","6":"product_cat-marsa-alam","7":"product_cat-sea","9":"first","10":"instock","11":"shipping-taxable","12":"purchasable","13":"product-type-ovabrw_car_rental"},"_links":{"self":[{"href":"https:\/\/redsea-dream-tours.com\/cs\/wp-json\/wp\/v2\/product\/10795","targetHints":{"allow":["GET"]}}],"collection":[{"href":"https:\/\/redsea-dream-tours.com\/cs\/wp-json\/wp\/v2\/product"}],"about":[{"href":"https:\/\/redsea-dream-tours.com\/cs\/wp-json\/wp\/v2\/types\/product"}],"replies":[{"embeddable":true,"href":"https:\/\/redsea-dream-tours.com\/cs\/wp-json\/wp\/v2\/comments?post=10795"}],"wp:featuredmedia":[{"embeddable":true,"href":"https:\/\/redsea-dream-tours.com\/cs\/wp-json\/wp\/v2\/media\/10801"}],"wp:attachment":[{"href":"https:\/\/redsea-dream-tours.com\/cs\/wp-json\/wp\/v2\/media?parent=10795"}],"wp:term":[{"taxonomy":"product_brand","embeddable":true,"href":"https:\/\/redsea-dream-tours.com\/cs\/wp-json\/wp\/v2\/product_brand?post=10795"},{"taxonomy":"product_cat","embeddable":true,"href":"https:\/\/redsea-dream-tours.com\/cs\/wp-json\/wp\/v2\/product_cat?post=10795"},{"taxonomy":"product_tag","embeddable":true,"href":"https:\/\/redsea-dream-tours.com\/cs\/wp-json\/wp\/v2\/product_tag?post=10795"}],"curies":[{"name":"wp","href":"https:\/\/api.w.org\/{rel}","templated":true}]}}