{"id":10786,"date":"2025-09-13T17:19:20","date_gmt":"2025-09-13T17:19:20","guid":{"rendered":"https:\/\/redsea-dream-tours.com\/?post_type=product&#038;p=10786"},"modified":"2025-12-03T17:39:22","modified_gmt":"2025-12-03T17:39:22","slug":"nefertari","status":"publish","type":"product","link":"https:\/\/redsea-dream-tours.com\/cs\/produkt\/nefertari\/","title":{"rendered":"Kr\u00e1lovsk\u00fd z\u00e1pad slunce Nefertari: \u0160norchlov\u00e1n\u00ed a v\u00fdhled na kor\u00e1ly"},"content":{"rendered":"<ul data-start=\"1304\" data-end=\"1495\">\n<li data-start=\"1432\" data-end=\"1495\"><img decoding=\"async\" class=\"emoji\" role=\"img\" draggable=\"false\" src=\"https:\/\/s.w.org\/images\/core\/emoji\/16.0.1\/svg\/1f305.svg\" alt=\"\ud83c\udf05\" \/>\u00a0Kr\u00e1lovsk\u00fd v\u00fdlet p\u0159i z\u00e1padu slunce s lod\u00ed NefertariFaraonsk\u00fd z\u00e1\u017eitek v Marsa Mubarak (mo\u0159sk\u00e9 \u017eelvy a dugongov\u00e9)-<img decoding=\"async\" class=\"emoji\" role=\"img\" draggable=\"false\" src=\"https:\/\/s.w.org\/images\/core\/emoji\/16.0.1\/svg\/1f4d6.svg\" alt=\"\ud83d\udcd6\" \/>\u00a0O v\u00fdletuVydejte se na nezapomenuteln\u00e9 dobrodru\u017estv\u00ed na palub\u011b lodi Nefertari, kter\u00e1 byla navr\u017eena v duchu starov\u011bk\u00fdch faraon\u016f a kde se historie potk\u00e1v\u00e1 s kouzlem Rud\u00e9ho mo\u0159e.<img decoding=\"async\" class=\"emoji\" role=\"img\" draggable=\"false\" src=\"https:\/\/s.w.org\/images\/core\/emoji\/16.0.1\/svg\/2728.svg\" alt=\"\u2728\" \/>\u00a0Panoramatick\u00fdmi okny pod vodou m\u016f\u017eete obdivovat barevn\u00e9 kor\u00e1lov\u00e9 \u00fatesy a tropick\u00e9 ryby.<br \/>\n<img decoding=\"async\" class=\"emoji\" role=\"img\" draggable=\"false\" src=\"https:\/\/s.w.org\/images\/core\/emoji\/16.0.1\/svg\/2728.svg\" alt=\"\u2728\" \/>\u00a0Koup\u00e1n\u00ed a \u0161norchlov\u00e1n\u00ed ve slavn\u00e9 p\u0159\u00edrodn\u00ed rezervaci Marsa Mubarak, kter\u00e1 je domovem mo\u0159sk\u00fdch \u017eelv a dugong\u016f.Odjezd: Plavba: a\u017e do z\u00e1padu slunce v lagun\u011bVe\u010de\u0159e: Po v\u00fdletu: lahodn\u00e9 j\u00eddlo na palub\u011b pod hv\u011bzdami: Voln\u00fd \u010das na prohl\u00eddku m\u011bsta Port Ghalib-<\/p>\n<p><img decoding=\"async\" class=\"emoji\" role=\"img\" draggable=\"false\" src=\"https:\/\/s.w.org\/images\/core\/emoji\/16.0.1\/svg\/1f31f.svg\" alt=\"\ud83c\udf1f\" \/>\u00a0Nejd\u016fle\u017eit\u011bj\u0161\u00ed informace<\/p>\n<p>Jedine\u010dn\u00e1 faraonsk\u00e1 atmosf\u00e9ra na palub\u011b\u00a0<img decoding=\"async\" class=\"emoji\" role=\"img\" draggable=\"false\" src=\"https:\/\/s.w.org\/images\/core\/emoji\/16.0.1\/svg\/269c.svg\" alt=\"\u269c\" \/><\/p>\n<p>Klimatizovan\u00e1 \u010d\u00e1st se sklen\u011bn\u00fdm dnem pro pozorov\u00e1n\u00ed kor\u00e1l\u016f\u00a0<img decoding=\"async\" class=\"emoji\" role=\"img\" draggable=\"false\" src=\"https:\/\/s.w.org\/images\/core\/emoji\/16.0.1\/svg\/1f308.svg\" alt=\"\ud83c\udf08\" \/><\/p>\n<p>\u0160norchlov\u00e1n\u00ed pro v\u0161echny \u00farovn\u011b zku\u0161enost\u00ed\u00a0<img decoding=\"async\" class=\"emoji\" role=\"img\" draggable=\"false\" src=\"https:\/\/s.w.org\/images\/core\/emoji\/16.0.1\/svg\/1f93f.svg\" alt=\"\ud83e\udd3f\" \/><\/p>\n<p>Focen\u00ed v kr\u00e1lovsk\u00e9m stylu ve faraonsk\u00fdch kost\u00fdmech\u00a0<img decoding=\"async\" class=\"emoji\" role=\"img\" draggable=\"false\" src=\"https:\/\/s.w.org\/images\/core\/emoji\/16.0.1\/svg\/1f4f8.svg\" alt=\"\ud83d\udcf8\" \/><\/p>\n<p>Vhodn\u00e9 pro rodiny, p\u00e1ry, d\u011bti i seniory.\u00a0<img decoding=\"async\" class=\"emoji\" role=\"img\" draggable=\"false\" src=\"https:\/\/s.w.org\/images\/core\/emoji\/16.0.1\/svg\/1f468-200d-1f469-200d-1f467-200d-1f466.svg\" alt=\"\ud83d\udc68\u200d\ud83d\udc69\u200d\ud83d\udc67\u200d\ud83d\udc66\" \/><\/p>\n<p>&nbsp;<\/p>\n<p>\u2014<\/p>\n<p><img decoding=\"async\" class=\"emoji\" role=\"img\" draggable=\"false\" src=\"https:\/\/s.w.org\/images\/core\/emoji\/16.0.1\/svg\/1f468-200d-1f469-200d-1f467.svg\" alt=\"\ud83d\udc68\u200d\ud83d\udc69\u200d\ud83d\udc67\" \/>\u00a0Rodinn\u00fd web<\/p>\n<p>D\u011bti od 5 do 12 let plat\u00ed pouze polovi\u010dn\u00ed cenu<\/p>\n<p>Bezpe\u010dn\u00e9, vzd\u011bl\u00e1vac\u00ed a z\u00e1bavn\u00e9 pro d\u011bti<\/li>\n<li data-start=\"1432\" data-end=\"1495\">\n<div class=\"st-highlight\">\n<h2 class=\"st-heading-section\">Program<\/h2>\n<ul>\n<li>Odjezd kolem 13:30 hod.<\/li>\n<li>1 hodina od Seascope<\/li>\n<li>2 \u0161norchlov\u00e1n\u00ed<\/li>\n<li>Voln\u00fd \u010das v Port Ghalib<\/li>\n<li>Z\u00e1pad slunce<\/li>\n<\/ul>\n<\/div>\n<div class=\"st-hr large\">\n<h2 class=\"st-heading-section\">Zahrnut\u00e9 mo\u017enosti<\/h2>\n<\/div>\n<div class=\"accordion-item\">\n<div id=\"collapseInExClude\" class=\"accordion-collapse collapse show\" aria-labelledby=\"headingInExClude\" data-bs-parent=\"#headingInExClude\">\n<div class=\"accordion-body\">\n<div class=\"row\">\n<div class=\"col-lg-6\">\n<ul class=\"include\">\n<li>Hotelov\u00fd transfer tam i zp\u011bt<\/li>\n<li>Ob\u011bd v cen\u011b<\/li>\n<li>Vybaven\u00ed pro \u0161norchlov\u00e1n\u00ed\/pot\u00e1p\u011bn\u00ed<\/li>\n<\/ul>\n<\/div>\n<\/div>\n<\/div>\n<\/div>\n<\/div>\n<h5><img decoding=\"async\" class=\"emoji\" role=\"img\" draggable=\"false\" src=\"https:\/\/s.w.org\/images\/core\/emoji\/16.0.1\/svg\/1f4dd.svg\" alt=\"\ud83d\udcdd\" \/> Hodnocen\u00ed<\/h5>\n<ul>\n<li><img decoding=\"async\" class=\"emoji\" role=\"img\" draggable=\"false\" src=\"https:\/\/s.w.org\/images\/core\/emoji\/16.0.1\/svg\/26a0.svg\" alt=\"\u26a0\ufe0f\" \/>\u00a0Cena stanovena z Marsa Alam. Z Hurghady se plat\u00ed p\u0159\u00edplatek za transfer<\/li>\n<\/ul>\n<\/li>\n<\/ul>\n<h3 data-start=\"56\" data-end=\"80\">\ud83e\udd11 Cena exkurze<\/h3>\n<ul data-start=\"82\" data-end=\"222\">\n<li data-start=\"82\" data-end=\"129\">\n<p data-start=\"84\" data-end=\"129\">\ud83d\ude4e\ud83c\udffb\u200d\u2642\ufe0f Dosp\u011bl\u00ed (od 11 let): <strong data-start=\"120\" data-end=\"127\">80 \u20ac<\/strong><\/p>\n<\/li>\n<li data-start=\"130\" data-end=\"180\">\n<p data-start=\"132\" data-end=\"180\">\ud83e\uddcd\ud83c\udffb\u200d\u2640\ufe0f D\u011bti (do 11 let): <strong data-start=\"171\" data-end=\"178\">40\u20ac<\/strong><\/p>\n<\/li>\n<li data-start=\"181\" data-end=\"222\">\n<p data-start=\"183\" data-end=\"222\">\ud83d\udc7c\ud83c\udffc D\u011bti do -5 let: <strong data-start=\"212\" data-end=\"220\">Zdarma<\/strong><\/p>\n<\/li>\n<\/ul>\n<article class=\"text-token-text-primary w-full focus:outline-none [--shadow-height:45px] has-data-writing-block:pointer-events-none has-data-writing-block:-mt-(--shadow-height) has-data-writing-block:pt-(--shadow-height) [&amp;:has([data-writing-block])&gt;*]:pointer-events-auto scroll-mt-[calc(var(--header-height)+min(200px,max(70px,20svh)))]\" dir=\"auto\" tabindex=\"-1\" data-turn-id=\"request-WEB:199560a9-4006-4083-ad71-35d46ac899d7-2\" data-testid=\"conversation-turn-6\" data-scroll-anchor=\"false\" data-turn=\"assistant\">\n<div class=\"text-base my-auto mx-auto [--thread-content-margin:--spacing(4)] thread-sm:[--thread-content-margin:--spacing(6)] thread-lg:[--thread-content-margin:--spacing(16)] px-(--thread-content-margin)\">\n<div class=\"[--thread-content-max-width:40rem] thread-lg:[--thread-content-max-width:48rem] mx-auto max-w-(--thread-content-max-width) flex-1 group\/turn-messages focus-visible:outline-hidden relative flex w-full min-w-0 flex-col agent-turn\" tabindex=\"-1\">\n<div class=\"flex max-w-full flex-col grow\">\n<div class=\"min-h-8 text-message relative flex w-full flex-col items-end gap-2 text-start break-words whitespace-normal [.text-message+&amp;]:mt-1\" dir=\"auto\" data-message-author-role=\"assistant\" data-message-id=\"d0ca6ef4-29cd-4ac4-bc5c-08d8463cd8f3\" data-message-model-slug=\"gpt-5-1\">\n<div class=\"flex w-full flex-col gap-1 empty:hidden first:pt-[1px]\">\n<div class=\"markdown prose dark:prose-invert w-full break-words light markdown-new-styling\">\n<p data-start=\"38\" data-end=\"179\" data-is-last-node=\"\" data-is-only-node=\"\">\u2728 <strong data-start=\"40\" data-end=\"179\" data-is-last-node=\"\">Za zap\u016fj\u010den\u00ed masky se plat\u00ed dal\u0161\u00edch 5 \u20ac a za zap\u016fj\u010den\u00ed ploutv\u00ed dal\u0161\u00edch 5 \u20ac - m\u00e1te tak v\u0161e, co pot\u0159ebujete k dokonal\u00e9mu podvodn\u00edmu dobrodru\u017estv\u00ed!<\/strong><\/p>\n<\/div>\n<\/div>\n<\/div>\n<\/div>\n<div class=\"z-0 flex min-h-[46px] justify-start\"><\/div>\n<\/div>\n<\/div>\n<\/article>\n<h3 data-start=\"2198\" data-end=\"2225\"><strong data-start=\"2205\" data-end=\"2223\">Platba v USD ($ \ud83c\uddfa\ud83c\uddf8) m\u00edsto v EUR (\u20ac \ud83c\uddea\ud83c\uddfa) je mo\u017en\u00e1 podle denn\u00edho kurzu banky.<\/strong><\/h3>\n<p><strong>Book Through WhatsApp:<\/strong><\/p>\n<p><a href=\"https:\/\/wa.me\/201021058859\" target=\"_blank\" rel=\"noopener\"><img decoding=\"async\" class=\"alignnone wp-image-2058\" src=\"https:\/\/poehalisnamiegypt.com\/wp-content\/uploads\/2024\/02\/pngwing.com_-300x300.png\" sizes=\"auto, (max-width: 35px) 100vw, 35px\" srcset=\"https:\/\/poehalisnamiegypt.com\/wp-content\/uploads\/2024\/02\/pngwing.com_-300x300.png 300w, https:\/\/poehalisnamiegypt.com\/wp-content\/uploads\/2024\/02\/pngwing.com_-150x150.png 150w, https:\/\/poehalisnamiegypt.com\/wp-content\/uploads\/2024\/02\/pngwing.com_.png 584w\" alt=\"\" width=\"53\" height=\"53\" \/><\/a><\/p>\n<p>&nbsp;<\/p>\n<div id=\"gtx-trans\" style=\"position: absolute; left: 231px; top: 1.2px;\">\n<div class=\"gtx-trans-icon\"><\/div>\n<\/div>\n<div id=\"gtx-trans\" style=\"position: absolute; left: 231px; top: 1.2px;\">\n<div class=\"gtx-trans-icon\"><\/div>\n<\/div>","protected":false},"excerpt":{"rendered":"<p>\u00a0Royal Sunset Excursion with the Nefertari BoatA Pharaonic Experience in Marsa Mubarak (Sea Turtles &amp; Dugongs)\u2014\u00a0About the TripEmbark on an unforgettable adventure aboard the Nefertari Boat, designed in the spirit of the ancient Pharaohs, where history meets the magic of the Red Sea.\u00a0Through panoramic underwater windows, admire colorful coral reefs and tropical fish. \u00a0Swim and [&hellip;]<\/p>","protected":false},"featured_media":10794,"comment_status":"open","ping_status":"closed","template":"","meta":{"_monsterinsights_skip_tracking":false,"_monsterinsights_sitenote_active":false,"_monsterinsights_sitenote_note":"","_monsterinsights_sitenote_category":0},"product_brand":[],"product_cat":[66],"product_tag":[],"class_list":{"0":"post-10786","1":"product","2":"type-product","3":"status-publish","4":"has-post-thumbnail","6":"product_cat-marsa-alam","8":"first","9":"instock","10":"shipping-taxable","11":"purchasable","12":"product-type-ovabrw_car_rental"},"_links":{"self":[{"href":"https:\/\/redsea-dream-tours.com\/cs\/wp-json\/wp\/v2\/product\/10786","targetHints":{"allow":["GET"]}}],"collection":[{"href":"https:\/\/redsea-dream-tours.com\/cs\/wp-json\/wp\/v2\/product"}],"about":[{"href":"https:\/\/redsea-dream-tours.com\/cs\/wp-json\/wp\/v2\/types\/product"}],"replies":[{"embeddable":true,"href":"https:\/\/redsea-dream-tours.com\/cs\/wp-json\/wp\/v2\/comments?post=10786"}],"wp:featuredmedia":[{"embeddable":true,"href":"https:\/\/redsea-dream-tours.com\/cs\/wp-json\/wp\/v2\/media\/10794"}],"wp:attachment":[{"href":"https:\/\/redsea-dream-tours.com\/cs\/wp-json\/wp\/v2\/media?parent=10786"}],"wp:term":[{"taxonomy":"product_brand","embeddable":true,"href":"https:\/\/redsea-dream-tours.com\/cs\/wp-json\/wp\/v2\/product_brand?post=10786"},{"taxonomy":"product_cat","embeddable":true,"href":"https:\/\/redsea-dream-tours.com\/cs\/wp-json\/wp\/v2\/product_cat?post=10786"},{"taxonomy":"product_tag","embeddable":true,"href":"https:\/\/redsea-dream-tours.com\/cs\/wp-json\/wp\/v2\/product_tag?post=10786"}],"curies":[{"name":"wp","href":"https:\/\/api.w.org\/{rel}","templated":true}]}}