{"id":10774,"date":"2025-09-13T16:56:57","date_gmt":"2025-09-13T16:56:57","guid":{"rendered":"https:\/\/redsea-dream-tours.com\/?post_type=product&#038;p=10774"},"modified":"2025-12-17T17:17:45","modified_gmt":"2025-12-17T17:17:45","slug":"hamata-islands","status":"publish","type":"product","link":"https:\/\/redsea-dream-tours.com\/cs\/produkt\/hamata-islands\/","title":{"rendered":"Hamatsk\u00e9 ostrovy: \u0160norchlov\u00e1n\u00ed, p\u0159\u00edroda a r\u00e1j"},"content":{"rendered":"<h3 data-start=\"83\" data-end=\"141\">\ud83c\udfdd\ufe0f <strong data-start=\"91\" data-end=\"139\">Nezapomenuteln\u00fd jednodenn\u00ed v\u00fdlet na ostrovy Hamata<\/strong><\/h3>\n<p data-start=\"55\" data-end=\"430\">Vydejte se na nezapomenuteln\u00fd celodenn\u00ed v\u00fdlet na nedot\u010den\u00e9 ostrovy Hamata, kter\u00e9 se nach\u00e1zej\u00ed p\u0159ibli\u017en\u011b 130 km ji\u017en\u011b od Marsa Alam. Tento odlehl\u00fd r\u00e1j, kter\u00fd je sou\u010d\u00e1st\u00ed n\u00e1rodn\u00edho parku Wadi El Gemal, je proslul\u00fd svou nedot\u010denou kr\u00e1sou, \u017eiv\u00fdmi kor\u00e1lov\u00fdmi \u00fatesy a rozmanit\u00fdm mo\u0159sk\u00fdm \u017eivotem. Ostrovy jsou \u010dasto ozna\u010dov\u00e1ny jako \u201cegyptsk\u00e9 Maledivy\u201d a nab\u00edzej\u00ed klidn\u00fd \u00fanik do p\u0159\u00edrody.<\/p>\n<hr data-start=\"432\" data-end=\"435\" \/>\n<h2 data-start=\"437\" data-end=\"463\">\ud83c\udf0a <strong data-start=\"443\" data-end=\"463\">Nejd\u016fle\u017eit\u011bj\u0161\u00ed body v\u00fdletu:<\/strong><\/h2>\n<ul data-start=\"465\" data-end=\"1418\">\n<li data-start=\"465\" data-end=\"815\">\n<p data-start=\"467\" data-end=\"815\"><strong data-start=\"467\" data-end=\"506\">\u0160norchlov\u00e1n\u00ed na T\u0159ech Panensk\u00fdch ostrovech:<\/strong><br data-start=\"506\" data-end=\"509\" \/>Prozkoumejte k\u0159i\u0161\u0165\u00e1lov\u011b \u010dist\u00e9 vody kolem ostrov\u016f Siyal, Shawarit a Umm al-Shaykh. Setk\u00e1te se s barevn\u00fdmi kor\u00e1lov\u00fdmi \u00fatesy a rozmanit\u00fdmi tropick\u00fdmi rybami, kter\u00e9 jsou pro tuto oblast jedine\u010dn\u00e9. Biodiverzita oblasti zahrnuje v\u00edce ne\u017e 450 druh\u016f kor\u00e1l\u016f a p\u0159es 1 200 druh\u016f ryb.<\/p>\n<\/li>\n<li data-start=\"817\" data-end=\"1023\">\n<p data-start=\"819\" data-end=\"1023\"><strong data-start=\"819\" data-end=\"855\">Proch\u00e1zky po pl\u00e1\u017ei a pozorov\u00e1n\u00ed pt\u00e1k\u016f:<\/strong><br data-start=\"855\" data-end=\"858\" \/>Zakotv\u011bte na jednom z ostrov\u016f a vychutnejte si proch\u00e1zku po b\u00edl\u00fdch p\u00edse\u010dn\u00fdch pl\u00e1\u017e\u00edch. Pozorujte bohatou pta\u010d\u00ed faunu, kter\u00e1 ob\u00fdv\u00e1 tuto oblast a dod\u00e1v\u00e1 ostrov\u016fm na p\u016fvabu.<\/p>\n<\/li>\n<li data-start=\"1025\" data-end=\"1202\">\n<p data-start=\"1027\" data-end=\"1202\"><strong data-start=\"1027\" data-end=\"1045\">Ob\u011bd na palub\u011b:<\/strong><br data-start=\"1045\" data-end=\"1048\" \/>Na lodi si m\u016f\u017eete vychutnat lahodn\u00fd \u010derstv\u011b p\u0159ipraven\u00fd ob\u011bd s nealkoholick\u00fdmi n\u00e1poji a spoustou balen\u00e9 vody a p\u0159itom se kochat n\u00e1dhern\u00fdm okol\u00edm.<\/p>\n<\/li>\n<li data-start=\"1204\" data-end=\"1418\">\n<p data-start=\"1206\" data-end=\"1418\"><strong data-start=\"1206\" data-end=\"1233\">Setk\u00e1n\u00ed s mo\u0159sk\u00fdmi \u017eivo\u010dichy:<\/strong><br data-start=\"1233\" data-end=\"1236\" \/>Na ostrovech \u017eij\u00ed dugongov\u00e9, delf\u00edni, rejnoci a \u017eelvy ost\u0159\u00ed\u017eovit\u00e9, kter\u00e9 se \u010dasto pasou na louk\u00e1ch s mo\u0159skou tr\u00e1vou lemuj\u00edc\u00edch ostrovy.<\/p>\n<h5><img decoding=\"async\" class=\"emoji\" role=\"img\" draggable=\"false\" src=\"https:\/\/s.w.org\/images\/core\/emoji\/16.0.1\/svg\/1f4dd.svg\" alt=\"\ud83d\udcdd\" \/>\u00a0Hodnocen\u00ed<\/h5>\n<ul>\n<li><img decoding=\"async\" class=\"emoji\" role=\"img\" draggable=\"false\" src=\"https:\/\/s.w.org\/images\/core\/emoji\/16.0.1\/svg\/26a0.svg\" alt=\"\u26a0\ufe0f\" \/>\u00a0Cena stanovena z Marsa Alam. Z Hurghady se plat\u00ed p\u0159\u00edplatek za transfer<\/li>\n<\/ul>\n<h3 data-start=\"54\" data-end=\"78\">\ud83e\udd11 Cena exkurze<\/h3>\n<ul data-start=\"79\" data-end=\"219\">\n<li data-start=\"79\" data-end=\"126\">\n<p data-start=\"81\" data-end=\"126\">\ud83d\ude4e\ud83c\udffb\u200d\u2642\ufe0f Dosp\u011bl\u00ed (od 12 let): <strong data-start=\"117\" data-end=\"124\">65 \u20ac<\/strong><\/p>\n<\/li>\n<li data-start=\"127\" data-end=\"177\">\n<p data-start=\"129\" data-end=\"177\">\ud83e\uddcd\ud83c\udffb\u200d\u2640\ufe0f D\u011bti (do 12 let): <strong data-start=\"168\" data-end=\"175\">40 \u20ac<\/strong><\/p>\n<\/li>\n<li data-start=\"178\" data-end=\"219\">\n<p data-start=\"180\" data-end=\"219\">\ud83d\udc7c\ud83c\udffc D\u011bti do 5 let: <strong data-start=\"209\" data-end=\"217\">Zdarma<\/strong><\/p>\n<\/li>\n<\/ul>\n<\/li>\n<\/ul>\n<h3 data-start=\"2198\" data-end=\"2225\"><strong data-start=\"2205\" data-end=\"2223\">Platba v USD ($ \ud83c\uddfa\ud83c\uddf8) m\u00edsto v EUR (\u20ac \ud83c\uddea\ud83c\uddfa) je mo\u017en\u00e1 podle denn\u00edho kurzu banky.<\/strong><\/h3>\n<ul data-start=\"465\" data-end=\"1418\">\n<li data-start=\"1204\" data-end=\"1418\"><strong>Book Through WhatsApp:<\/strong><a href=\"https:\/\/wa.me\/201021058859\" target=\"_blank\" rel=\"noopener\"><img decoding=\"async\" class=\"alignnone wp-image-2058\" src=\"https:\/\/poehalisnamiegypt.com\/wp-content\/uploads\/2024\/02\/pngwing.com_-300x300.png\" sizes=\"auto, (max-width: 35px) 100vw, 35px\" srcset=\"https:\/\/poehalisnamiegypt.com\/wp-content\/uploads\/2024\/02\/pngwing.com_-300x300.png 300w, https:\/\/poehalisnamiegypt.com\/wp-content\/uploads\/2024\/02\/pngwing.com_-150x150.png 150w, https:\/\/poehalisnamiegypt.com\/wp-content\/uploads\/2024\/02\/pngwing.com_.png 584w\" alt=\"\" width=\"53\" height=\"53\" \/><\/a><\/li>\n<\/ul>\n<div id=\"gtx-trans\" style=\"position: absolute; left: 269px; top: 53.7125px;\">\n<div class=\"gtx-trans-icon\"><\/div>\n<\/div>\n<div id=\"gtx-trans\" style=\"position: absolute; left: 269px; top: 53.7125px;\">\n<div class=\"gtx-trans-icon\"><\/div>\n<\/div>","protected":false},"excerpt":{"rendered":"<p>\ud83c\udfdd\ufe0f Unforgettable Day Trip to the Hamata Islands Embark on an unforgettable day trip to the pristine Hamata Islands, located approximately 130 km south of Marsa Alam. This secluded paradise, part of the Wadi El Gemal National Park, is renowned for its untouched beauty, vibrant coral reefs, and diverse marine life. Often referred to as [&hellip;]<\/p>","protected":false},"featured_media":10779,"comment_status":"open","ping_status":"closed","template":"","meta":{"_monsterinsights_skip_tracking":false,"_monsterinsights_sitenote_active":false,"_monsterinsights_sitenote_note":"","_monsterinsights_sitenote_category":0},"product_brand":[],"product_cat":[66],"product_tag":[],"class_list":{"0":"post-10774","1":"product","2":"type-product","3":"status-publish","4":"has-post-thumbnail","6":"product_cat-marsa-alam","8":"first","9":"instock","10":"shipping-taxable","11":"purchasable","12":"product-type-ovabrw_car_rental"},"_links":{"self":[{"href":"https:\/\/redsea-dream-tours.com\/cs\/wp-json\/wp\/v2\/product\/10774","targetHints":{"allow":["GET"]}}],"collection":[{"href":"https:\/\/redsea-dream-tours.com\/cs\/wp-json\/wp\/v2\/product"}],"about":[{"href":"https:\/\/redsea-dream-tours.com\/cs\/wp-json\/wp\/v2\/types\/product"}],"replies":[{"embeddable":true,"href":"https:\/\/redsea-dream-tours.com\/cs\/wp-json\/wp\/v2\/comments?post=10774"}],"wp:featuredmedia":[{"embeddable":true,"href":"https:\/\/redsea-dream-tours.com\/cs\/wp-json\/wp\/v2\/media\/10779"}],"wp:attachment":[{"href":"https:\/\/redsea-dream-tours.com\/cs\/wp-json\/wp\/v2\/media?parent=10774"}],"wp:term":[{"taxonomy":"product_brand","embeddable":true,"href":"https:\/\/redsea-dream-tours.com\/cs\/wp-json\/wp\/v2\/product_brand?post=10774"},{"taxonomy":"product_cat","embeddable":true,"href":"https:\/\/redsea-dream-tours.com\/cs\/wp-json\/wp\/v2\/product_cat?post=10774"},{"taxonomy":"product_tag","embeddable":true,"href":"https:\/\/redsea-dream-tours.com\/cs\/wp-json\/wp\/v2\/product_tag?post=10774"}],"curies":[{"name":"wp","href":"https:\/\/api.w.org\/{rel}","templated":true}]}}