{"id":10237,"date":"2025-09-09T11:09:40","date_gmt":"2025-09-09T11:09:40","guid":{"rendered":"https:\/\/redsea-dream-tours.com\/?post_type=product&#038;p=10237"},"modified":"2025-10-20T21:37:08","modified_gmt":"2025-10-20T21:37:08","slug":"safaga-airport-transfer-by-hiace-car","status":"publish","type":"product","link":"https:\/\/redsea-dream-tours.com\/cs\/produkt\/safaga-airport-transfer-by-hiace-car\/","title":{"rendered":"Transfer z leti\u0161t\u011b Safaga vozem Hiace"},"content":{"rendered":"<h3 data-start=\"110\" data-end=\"155\">\u2708\ufe0f Safaga Airport Transfer autem Hiace<\/h3>\n<p data-start=\"157\" data-end=\"447\">U\u017eijte si <strong data-start=\"165\" data-end=\"218\">pohodln\u00fd a spolehliv\u00fd transfer z leti\u0161t\u011b<\/strong> mezi <strong data-start=\"227\" data-end=\"272\">Mezin\u00e1rodn\u00ed leti\u0161t\u011b Hurghada a Safaga<\/strong> s na\u0161\u00edm prostorn\u00fdm <strong data-start=\"291\" data-end=\"311\">Dod\u00e1vka Toyota Hiace<\/strong>. Tato slu\u017eba je ide\u00e1ln\u00ed pro rodiny, skupiny a cestuj\u00edc\u00ed s dal\u0161\u00edmi zavazadly. <strong data-start=\"400\" data-end=\"423\">cesta bez stresu<\/strong> od za\u010d\u00e1tku do konce.<\/p>\n<h4 data-start=\"449\" data-end=\"489\">\ud83c\udfc1 Bezprobl\u00e9mov\u00e9 vyzvednut\u00ed a p\u0159ed\u00e1n\u00ed zbo\u017e\u00ed<\/h4>\n<ul data-start=\"490\" data-end=\"700\">\n<li data-start=\"490\" data-end=\"569\">\n<p data-start=\"492\" data-end=\"569\">\ud83c\udfe8 <strong data-start=\"495\" data-end=\"519\">Slu\u017eba od dve\u0159\u00ed ke dve\u0159\u00edm<\/strong> z va\u0161eho hotelu, letoviska nebo rezidence v Safag\u011b.<\/p>\n<\/li>\n<li data-start=\"570\" data-end=\"635\">\n<p data-start=\"572\" data-end=\"635\">\u2708\ufe0f <strong data-start=\"575\" data-end=\"633\">P\u0159\u00edm\u00fd transfer na mezin\u00e1rodn\u00ed leti\u0161t\u011b Hurghada a zp\u011bt<\/strong><\/p>\n<\/li>\n<li data-start=\"636\" data-end=\"700\">\n<p data-start=\"638\" data-end=\"700\">\u23f0 <strong data-start=\"640\" data-end=\"668\">Flexibiln\u00ed \u010dasy odjezd\u016f<\/strong> aby odpov\u00eddala va\u0161emu letov\u00e9mu \u0159\u00e1du<\/p>\n<\/li>\n<\/ul>\n<h4 data-start=\"702\" data-end=\"742\">\ud83d\ude90 Prostorn\u00e9 a pohodln\u00e9 vozidlo<\/h4>\n<ul data-start=\"743\" data-end=\"926\">\n<li data-start=\"743\" data-end=\"809\">\n<p data-start=\"745\" data-end=\"809\">\ud83e\ude91 <strong data-start=\"748\" data-end=\"777\">A\u017e 10 m\u00edst k sezen\u00ed<\/strong> - ide\u00e1ln\u00ed pro rodiny a skupiny<\/p>\n<\/li>\n<li data-start=\"810\" data-end=\"871\">\n<p data-start=\"812\" data-end=\"871\">\u2744\ufe0f <strong data-start=\"815\" data-end=\"849\">Pln\u011b klimatizovan\u00fd interi\u00e9r<\/strong> pro p\u0159\u00edjemnou j\u00edzdu<\/p>\n<\/li>\n<li data-start=\"872\" data-end=\"926\">\n<p data-start=\"874\" data-end=\"926\">\ud83d\udcbc <strong data-start=\"877\" data-end=\"903\">Velk\u00e1 kapacita zavazadel<\/strong> pro va\u0161e cestovn\u00ed zavazadla<\/p>\n<\/li>\n<\/ul>\n<h4 data-start=\"928\" data-end=\"967\">\ud83d\udee3\ufe0f Ide\u00e1ln\u00ed pro v\u0161echny cestovn\u00ed pot\u0159eby<\/h4>\n<ul data-start=\"968\" data-end=\"1126\">\n<li data-start=\"968\" data-end=\"1022\">\n<p data-start=\"970\" data-end=\"1022\">\ud83d\udeec <strong data-start=\"973\" data-end=\"1020\">P\u0159\u00edjezdov\u00e9 transfery se slu\u017ebou meet &amp; greet<\/strong><\/p>\n<\/li>\n<li data-start=\"1023\" data-end=\"1084\">\n<p data-start=\"1025\" data-end=\"1084\">\ud83d\udeeb <strong data-start=\"1028\" data-end=\"1082\">Odjezdov\u00e9 transfery se z\u00e1rukou v\u010dasn\u00e9ho p\u0159\u00edjezdu<\/strong><\/p>\n<\/li>\n<li data-start=\"1085\" data-end=\"1126\">\n<p data-start=\"1087\" data-end=\"1126\">\ud83d\udd04 <strong data-start=\"1090\" data-end=\"1124\">K dispozici jsou zp\u00e1te\u010dn\u00ed transfery<\/strong><\/p>\n<\/li>\n<\/ul>\n<h4 data-start=\"1128\" data-end=\"1168\">\ud83e\uddd1\u200d\u2708\ufe0f Profesion\u00e1ln\u00ed a bezpe\u010dn\u00fd servis<\/h4>\n<ul data-start=\"1169\" data-end=\"1271\">\n<li data-start=\"1169\" data-end=\"1215\">\n<p data-start=\"1171\" data-end=\"1215\">\ud83d\udc68\u200d\u2708\ufe0f <strong data-start=\"1177\" data-end=\"1213\">Zku\u0161en\u00ed a licencovan\u00ed \u0159idi\u010di<\/strong><\/p>\n<\/li>\n<li data-start=\"1216\" data-end=\"1271\">\n<p data-start=\"1218\" data-end=\"1271\">\ud83d\udee1\ufe0f Zam\u011b\u0159eno na <strong data-start=\"1233\" data-end=\"1269\">p\u0159esnost, pohodl\u00ed a bezpe\u010dnost<\/strong><\/p>\n<\/li>\n<\/ul>\n<h4 data-start=\"1273\" data-end=\"1317\">\ud83c\udfc1 Hladk\u00fd za\u010d\u00e1tek nebo konec cesty<\/h4>\n<p data-start=\"1318\" data-end=\"1431\">Odpo\u010di\u0148te si a u\u017eijte si cestu do Safagy nebo z n\u00ed d\u00edky <strong data-start=\"1369\" data-end=\"1428\">rychl\u00fd, spolehliv\u00fd a bezstarostn\u00fd transfer z leti\u0161t\u011b<\/strong>.<\/p>\n<h3 data-start=\"2198\" data-end=\"2225\"><strong data-start=\"2205\" data-end=\"2223\">Platba v USD ($ \ud83c\uddfa\ud83c\uddf8) m\u00edsto v EUR (\u20ac \ud83c\uddea\ud83c\uddfa) je mo\u017en\u00e1 podle denn\u00edho kurzu banky.<\/strong><\/h3>\n<p><strong>Book Through WhatsApp:<\/strong><\/p>\n<p><a href=\"https:\/\/wa.me\/201021058859\" target=\"_blank\" rel=\"noopener\">\u00a0<img decoding=\"async\" class=\"alignnone wp-image-2058\" src=\"https:\/\/poehalisnamiegypt.com\/wp-content\/uploads\/2024\/02\/pngwing.com_-300x300.png\" sizes=\"auto, (max-width: 35px) 100vw, 35px\" srcset=\"https:\/\/poehalisnamiegypt.com\/wp-content\/uploads\/2024\/02\/pngwing.com_-300x300.png 300w, https:\/\/poehalisnamiegypt.com\/wp-content\/uploads\/2024\/02\/pngwing.com_-150x150.png 150w, https:\/\/poehalisnamiegypt.com\/wp-content\/uploads\/2024\/02\/pngwing.com_.png 584w\" alt=\"\" width=\"53\" height=\"53\" \/><\/a><\/p>\n<p>&nbsp;<\/p>","protected":false},"excerpt":{"rendered":"<p>\u2708\ufe0f Safaga Airport Transfer by Hiace Car Enjoy a comfortable and reliable airport transfer service between Hurghada International Airport and Safaga with our spacious Toyota Hiace van. Perfect for families, groups, and travelers with extra luggage, this service ensures a stress-free journey from start to finish. \ud83c\udfc1 Hassle-Free Pick-Up &amp; Drop-Off \ud83c\udfe8 Door-to-door service from [&hellip;]<\/p>","protected":false},"featured_media":10909,"comment_status":"open","ping_status":"closed","template":"","meta":{"_monsterinsights_skip_tracking":false,"_monsterinsights_sitenote_active":false,"_monsterinsights_sitenote_note":"","_monsterinsights_sitenote_category":0},"product_brand":[],"product_cat":[69],"product_tag":[],"class_list":{"0":"post-10237","1":"product","2":"type-product","3":"status-publish","4":"has-post-thumbnail","6":"product_cat-transfer","8":"first","9":"instock","10":"shipping-taxable","11":"purchasable","12":"product-type-ovabrw_car_rental"},"_links":{"self":[{"href":"https:\/\/redsea-dream-tours.com\/cs\/wp-json\/wp\/v2\/product\/10237","targetHints":{"allow":["GET"]}}],"collection":[{"href":"https:\/\/redsea-dream-tours.com\/cs\/wp-json\/wp\/v2\/product"}],"about":[{"href":"https:\/\/redsea-dream-tours.com\/cs\/wp-json\/wp\/v2\/types\/product"}],"replies":[{"embeddable":true,"href":"https:\/\/redsea-dream-tours.com\/cs\/wp-json\/wp\/v2\/comments?post=10237"}],"wp:featuredmedia":[{"embeddable":true,"href":"https:\/\/redsea-dream-tours.com\/cs\/wp-json\/wp\/v2\/media\/10909"}],"wp:attachment":[{"href":"https:\/\/redsea-dream-tours.com\/cs\/wp-json\/wp\/v2\/media?parent=10237"}],"wp:term":[{"taxonomy":"product_brand","embeddable":true,"href":"https:\/\/redsea-dream-tours.com\/cs\/wp-json\/wp\/v2\/product_brand?post=10237"},{"taxonomy":"product_cat","embeddable":true,"href":"https:\/\/redsea-dream-tours.com\/cs\/wp-json\/wp\/v2\/product_cat?post=10237"},{"taxonomy":"product_tag","embeddable":true,"href":"https:\/\/redsea-dream-tours.com\/cs\/wp-json\/wp\/v2\/product_tag?post=10237"}],"curies":[{"name":"wp","href":"https:\/\/api.w.org\/{rel}","templated":true}]}}