{"id":10204,"date":"2025-09-09T09:48:34","date_gmt":"2025-09-09T09:48:34","guid":{"rendered":"https:\/\/redsea-dream-tours.com\/?post_type=product&#038;p=10204"},"modified":"2025-11-28T14:33:26","modified_gmt":"2025-11-28T14:33:26","slug":"10204","status":"publish","type":"product","link":"https:\/\/redsea-dream-tours.com\/cs\/produkt\/10204\/","title":{"rendered":"Prohl\u00eddka \u010dty\u0159kolky p\u0159i v\u00fdchodu slunce: J\u00edzda pou\u0161t\u00ed a zlat\u00e9 v\u00fdhledy"},"content":{"rendered":"<h3 data-start=\"98\" data-end=\"155\">\ud83c\udf05 Dobrodru\u017estv\u00ed na \u010dty\u0159kolce p\u0159i v\u00fdchodu slunce - Hurghada Desert Awakened (Probuzen\u00e1 pou\u0161\u0165)<\/h3>\n<p data-start=\"157\" data-end=\"430\">Za\u010dn\u011bte sv\u016fj den s <strong data-start=\"180\" data-end=\"214\">nezapomenuteln\u00fd v\u00fdchod slunce Quad tour<\/strong> a sledujte <strong data-start=\"229\" data-end=\"261\">prvn\u00ed zlat\u00e9 slune\u010dn\u00ed paprsky<\/strong> osv\u011btluj\u00ed dramatick\u00e9 hory a \u00fatesy v pou\u0161ti Hurghady. Tento rann\u00ed \u00fat\u011bk nab\u00edz\u00ed dokonalou kombinaci <strong data-start=\"381\" data-end=\"427\">dobrodru\u017estv\u00ed, klid a p\u0159\u00edrodn\u00ed kr\u00e1sy<\/strong>.<\/p>\n<h4 data-start=\"432\" data-end=\"463\">\ud83d\ude90 Bezprobl\u00e9mov\u00e9 transfery<\/h4>\n<p data-start=\"464\" data-end=\"593\">Za\u010dn\u011bte svou cestu s <strong data-start=\"490\" data-end=\"532\">pohodln\u00e9 vyzvednut\u00ed a odvoz z hotelu<\/strong>, co\u017e zajist\u00ed hladk\u00fd a bezprobl\u00e9mov\u00fd za\u010d\u00e1tek va\u0161eho dobrodru\u017estv\u00ed.<\/p>\n<h4 data-start=\"595\" data-end=\"633\">\ud83c\udfcd\ufe0f J\u00edzda na \u010dty\u0159kolk\u00e1ch pou\u0161t\u00ed<\/h4>\n<p data-start=\"634\" data-end=\"739\">A\u0165 u\u017e jste <strong data-start=\"651\" data-end=\"700\">za\u010d\u00ednaj\u00edc\u00ed jezdec nebo zku\u0161en\u00fd dobrodruh.<\/strong>, je tato prohl\u00eddka ur\u010dena pro ka\u017ed\u00e9ho:<\/p>\n<ul data-start=\"740\" data-end=\"938\">\n<li data-start=\"740\" data-end=\"815\">\n<p data-start=\"742\" data-end=\"815\">\ud83e\uddd1\u200d\ud83c\udfeb Obdr\u017e\u00ed <strong data-start=\"758\" data-end=\"794\">instrukt\u00e1\u017e a pokyny k j\u00edzd\u011b<\/strong> od odborn\u00fdch pr\u016fvodc\u016f<\/p>\n<\/li>\n<li data-start=\"816\" data-end=\"856\">\n<p data-start=\"818\" data-end=\"856\">\ud83e\uddba Vybavte se <strong data-start=\"839\" data-end=\"854\">bezpe\u010dnostn\u00ed v\u00fdbava<\/strong><\/p>\n<\/li>\n<li data-start=\"857\" data-end=\"938\">\n<p data-start=\"859\" data-end=\"938\">\ud83c\udf04 N\u00e1sledujte sv\u00e9ho vedouc\u00edho z\u00e1jezdu na <strong data-start=\"891\" data-end=\"912\">j\u00edzda ve stylu safari<\/strong> p\u0159es zlat\u00e9 p\u00edsky<\/p>\n<\/li>\n<\/ul>\n<h4 data-start=\"940\" data-end=\"966\">\ud83c\udf1e Kouzlo v\u00fdchodu slunce<\/h4>\n<p data-start=\"967\" data-end=\"1169\">Sta\u0148te se sv\u011bdky toho, jak pou\u0161\u0165 o\u017e\u00edv\u00e1. <strong data-start=\"1004\" data-end=\"1054\">slunce vych\u00e1z\u00ed nad rozeklan\u00fdmi \u00fatesy a horami.<\/strong>, co\u017e vytv\u00e1\u0159\u00ed \u00fachvatn\u00e9 scen\u00e9rie v chladn\u00e9m a klidn\u00e9m rann\u00edm vzduchu - ide\u00e1ln\u00ed pro fotografov\u00e1n\u00ed a tich\u00e9 rozj\u00edm\u00e1n\u00ed.<\/p>\n<h4 data-start=\"1171\" data-end=\"1208\">\ud83d\udd4a\ufe0f Pro\u010d si vybrat prohl\u00eddku p\u0159i v\u00fdchodu slunce?<\/h4>\n<ul data-start=\"1209\" data-end=\"1385\">\n<li data-start=\"1209\" data-end=\"1284\">\n<p data-start=\"1211\" data-end=\"1284\">\u2744\ufe0f <strong data-start=\"1214\" data-end=\"1258\">Chladn\u011bj\u0161\u00ed a p\u0159\u00edjemn\u011bj\u0161\u00ed teploty<\/strong> ne\u017e se den rozho\u0159\u00ed<\/p>\n<\/li>\n<li data-start=\"1285\" data-end=\"1328\">\n<p data-start=\"1287\" data-end=\"1328\">\ud83d\udeab Vyhn\u011bte se <strong data-start=\"1300\" data-end=\"1326\">poledn\u00ed horko a davy lid\u00ed<\/strong><\/p>\n<\/li>\n<li data-start=\"1329\" data-end=\"1385\">\n<p data-start=\"1331\" data-end=\"1385\">\u26a1 Okam\u017eit\u00e9 potvrzen\u00ed rezervace pro <strong data-start=\"1366\" data-end=\"1383\">klid v du\u0161i<\/strong><\/p>\n<\/li>\n<\/ul>\n<p data-start=\"52\" data-end=\"200\">\ud83e\udd11 <strong data-start=\"55\" data-end=\"74\">Cena exkurze<\/strong><br data-start=\"74\" data-end=\"77\" \/>\ud83d\ude4e\ud83c\udffb\u200d\u2642\ufe0f <strong data-start=\"85\" data-end=\"106\">16 let a star\u0161\u00ed:<\/strong> \u20ac 32<br data-start=\"110\" data-end=\"113\" \/>\ud83e\uddcd\ud83c\udffb\u200d\u2640\ufe0f <strong data-start=\"121\" data-end=\"153\">6-15 let (pouze pro cestuj\u00edc\u00ed):<\/strong> \u20ac 20<br data-start=\"157\" data-end=\"160\" \/>\ud83d\udc7c\ud83c\udffc <strong data-start=\"165\" data-end=\"183\">Do 6 let:<\/strong> \ud83d\udeab Nen\u00ed povoleno<\/p>\n<h3 data-start=\"2198\" data-end=\"2225\"><strong data-start=\"2205\" data-end=\"2223\">Platba v USD ($ \ud83c\uddfa\ud83c\uddf8) m\u00edsto v EUR (\u20ac \ud83c\uddea\ud83c\uddfa) je mo\u017en\u00e1 podle denn\u00edho kurzu banky.<\/strong><\/h3>\n<p><strong>Book Through WhatsApp:<\/strong><\/p>\n<p><a href=\"https:\/\/wa.me\/201021058859\" target=\"_blank\" rel=\"noopener\">\u00a0<img decoding=\"async\" class=\"alignnone wp-image-2058\" src=\"https:\/\/poehalisnamiegypt.com\/wp-content\/uploads\/2024\/02\/pngwing.com_-300x300.png\" sizes=\"auto, (max-width: 35px) 100vw, 35px\" srcset=\"https:\/\/poehalisnamiegypt.com\/wp-content\/uploads\/2024\/02\/pngwing.com_-300x300.png 300w, https:\/\/poehalisnamiegypt.com\/wp-content\/uploads\/2024\/02\/pngwing.com_-150x150.png 150w, https:\/\/poehalisnamiegypt.com\/wp-content\/uploads\/2024\/02\/pngwing.com_.png 584w\" alt=\"\" width=\"53\" height=\"53\" \/><\/a><\/p>\n<div id=\"gtx-trans\" style=\"position: absolute; left: 118px; top: 3.9125px;\">\n<div class=\"gtx-trans-icon\"><\/div>\n<\/div>","protected":false},"excerpt":{"rendered":"<p>\ud83c\udf05 Sunrise Quad Adventure \u2013 Hurghada Desert Awakened Start your day with an unforgettable sunrise Quad tour and watch the first golden rays of the sun illuminate the dramatic mountains and cliffs of Hurghada\u2019s desert. This early morning escape offers the perfect mix of adventure, tranquility, and natural beauty. \ud83d\ude90 Hassle-Free Transfers Begin your journey [&hellip;]<\/p>","protected":false},"featured_media":10205,"comment_status":"open","ping_status":"closed","template":"","meta":{"_monsterinsights_skip_tracking":false,"_monsterinsights_sitenote_active":false,"_monsterinsights_sitenote_note":"","_monsterinsights_sitenote_category":0},"product_brand":[],"product_cat":[67],"product_tag":[],"class_list":{"0":"post-10204","1":"product","2":"type-product","3":"status-publish","4":"has-post-thumbnail","6":"product_cat-safari","8":"first","9":"instock","10":"shipping-taxable","11":"purchasable","12":"product-type-ovabrw_car_rental"},"_links":{"self":[{"href":"https:\/\/redsea-dream-tours.com\/cs\/wp-json\/wp\/v2\/product\/10204","targetHints":{"allow":["GET"]}}],"collection":[{"href":"https:\/\/redsea-dream-tours.com\/cs\/wp-json\/wp\/v2\/product"}],"about":[{"href":"https:\/\/redsea-dream-tours.com\/cs\/wp-json\/wp\/v2\/types\/product"}],"replies":[{"embeddable":true,"href":"https:\/\/redsea-dream-tours.com\/cs\/wp-json\/wp\/v2\/comments?post=10204"}],"wp:featuredmedia":[{"embeddable":true,"href":"https:\/\/redsea-dream-tours.com\/cs\/wp-json\/wp\/v2\/media\/10205"}],"wp:attachment":[{"href":"https:\/\/redsea-dream-tours.com\/cs\/wp-json\/wp\/v2\/media?parent=10204"}],"wp:term":[{"taxonomy":"product_brand","embeddable":true,"href":"https:\/\/redsea-dream-tours.com\/cs\/wp-json\/wp\/v2\/product_brand?post=10204"},{"taxonomy":"product_cat","embeddable":true,"href":"https:\/\/redsea-dream-tours.com\/cs\/wp-json\/wp\/v2\/product_cat?post=10204"},{"taxonomy":"product_tag","embeddable":true,"href":"https:\/\/redsea-dream-tours.com\/cs\/wp-json\/wp\/v2\/product_tag?post=10204"}],"curies":[{"name":"wp","href":"https:\/\/api.w.org\/{rel}","templated":true}]}}