{"id":10182,"date":"2025-09-09T09:21:40","date_gmt":"2025-09-09T09:21:40","guid":{"rendered":"https:\/\/redsea-dream-tours.com\/?post_type=product&#038;p=10182"},"modified":"2025-11-28T14:34:57","modified_gmt":"2025-11-28T14:34:57","slug":"buggy-2-h-trip","status":"publish","type":"product","link":"https:\/\/redsea-dream-tours.com\/cs\/produkt\/buggy-2-h-trip\/","title":{"rendered":"Dvojit\u00e9 dobrodru\u017estv\u00ed s buginou: Z\u00e1bava v pou\u0161ti a bedu\u00edni"},"content":{"rendered":"<h3 data-start=\"100\" data-end=\"164\">\ud83c\udfdc\ufe0f Buggy Double Desert Adventure - z\u00e1bava, kultura a vzpom\u00ednky<\/h3>\n<p data-start=\"159\" data-end=\"398\">Hled\u00e1te ide\u00e1ln\u00ed rodinnou aktivitu, kter\u00e1 kombinuje <strong data-start=\"213\" data-end=\"266\">dobrodru\u017estv\u00ed, kultura a \u00fachvatn\u00e9 v\u00fdhledy na pou\u0161\u0165<\/strong>? A <strong data-start=\"270\" data-end=\"291\">rodinn\u00fd v\u00fdlet s ko\u010d\u00e1rkem<\/strong> je nejlep\u0161\u00ed zp\u016fsob, jak prozkoumat zlat\u00e9 p\u00edsky a z\u00e1rove\u0148 poznat tradi\u010dn\u00ed \u017eivot bedu\u00edn\u016f.<\/p>\n<h4 data-start=\"400\" data-end=\"441\">\ud83d\ude90 Snadn\u00fd start pro celou rodinu<\/h4>\n<p data-start=\"442\" data-end=\"588\">Za\u010dn\u011bte s <strong data-start=\"455\" data-end=\"484\">pohodln\u00e9 vyzvednut\u00ed v hotelu<\/strong>, po kter\u00e9m n\u00e1sleduje v\u0159el\u00e9 p\u0159iv\u00edt\u00e1n\u00ed a rychl\u00e9 p\u0159edstaven\u00ed va\u0161eho <strong data-start=\"546\" data-end=\"585\">bezpe\u010dn\u00fd a snadno ovladateln\u00fd rodinn\u00fd ko\u010d\u00e1rek<\/strong>.<\/p>\n<ul data-start=\"589\" data-end=\"691\">\n<li data-start=\"589\" data-end=\"646\">\n<p data-start=\"591\" data-end=\"646\">\ud83e\uddd1\u200d\ud83c\udfeb <strong data-start=\"597\" data-end=\"619\">Stru\u010dn\u00e9 pokyny<\/strong> od profesion\u00e1ln\u00edch pr\u016fvodc\u016f<\/p>\n<\/li>\n<li data-start=\"647\" data-end=\"691\">\n<p data-start=\"649\" data-end=\"691\">\ud83e\uddba <strong data-start=\"652\" data-end=\"676\">Poskytnut\u00e9 bezpe\u010dnostn\u00ed vybaven\u00ed<\/strong> pro v\u0161echny<\/p>\n<\/li>\n<\/ul>\n<h4 data-start=\"693\" data-end=\"730\">\ud83c\udf35 Poznejte kr\u00e1sy pou\u0161t\u011b<\/h4>\n<p data-start=\"731\" data-end=\"769\">Vydejte se na vzru\u0161uj\u00edc\u00ed j\u00edzdu:<\/p>\n<ul data-start=\"770\" data-end=\"926\">\n<li data-start=\"770\" data-end=\"811\">\n<p data-start=\"772\" data-end=\"811\">\ud83c\udfdc\ufe0f <strong data-start=\"776\" data-end=\"809\">Zlat\u00e9 duny a skalnat\u00e9 stezky<\/strong><\/p>\n<\/li>\n<li data-start=\"812\" data-end=\"869\">\n<p data-start=\"814\" data-end=\"869\">\ud83c\udf04 \u00da\u017easn\u00fd panoramatick\u00fd v\u00fdhled ide\u00e1ln\u00ed pro rodinn\u00e9 fotografie<\/p>\n<\/li>\n<li data-start=\"870\" data-end=\"926\">\n<p data-start=\"872\" data-end=\"926\">\ud83c\udf34 Skryt\u00e9 pou\u0161tn\u00ed stezky, na kter\u00e9 se dostane jen m\u00e1lo cestovatel\u016f<\/p>\n<\/li>\n<\/ul>\n<h4 data-start=\"928\" data-end=\"963\">\ud83c\udfd5\ufe0f Objevte bedu\u00ednskou kulturu<\/h4>\n<p data-start=\"964\" data-end=\"1041\">Va\u0161e cesta povede do tradi\u010dn\u00edho <strong data-start=\"1004\" data-end=\"1023\">Bedu\u00ednsk\u00e1 vesnice<\/strong>, kde m\u016f\u017eete:<\/p>\n<ul data-start=\"1042\" data-end=\"1195\">\n<li data-start=\"1042\" data-end=\"1102\">\n<p data-start=\"1044\" data-end=\"1102\">\ud83d\udc2a Seznamte se s m\u00edstn\u00edmi obyvateli a poznejte jejich <strong data-start=\"1085\" data-end=\"1100\">zp\u016fsob \u017eivota<\/strong><\/p>\n<\/li>\n<li data-start=\"1103\" data-end=\"1141\">\n<p data-start=\"1105\" data-end=\"1141\">\ud83c\udf75 Vychutnejte si autentick\u00e9 <strong data-start=\"1124\" data-end=\"1139\">Bedu\u00ednsk\u00fd \u010daj<\/strong><\/p>\n<\/li>\n<li data-start=\"1142\" data-end=\"1195\">\n<p data-start=\"1144\" data-end=\"1195\">\ud83c\udfda\ufe0f Prozkoumejte jejich zvyky, \u0159emesla a tradice.<\/p>\n<\/li>\n<\/ul>\n<h4 data-start=\"1197\" data-end=\"1233\">\ud83d\udc68\u200d\ud83d\udc69\u200d\ud83d\udc67 Ide\u00e1ln\u00ed pro rodiny<\/h4>\n<p data-start=\"1234\" data-end=\"1273\">Tento p\u016fldenn\u00ed v\u00fdlet je ur\u010den pro:<\/p>\n<ul data-start=\"1274\" data-end=\"1422\">\n<li data-start=\"1274\" data-end=\"1306\">\n<p data-start=\"1276\" data-end=\"1306\">\ud83d\udeb8 <strong data-start=\"1279\" data-end=\"1304\">Bezpe\u010dn\u00e9 a z\u00e1bavn\u00e9 pro d\u011bti<\/strong><\/p>\n<\/li>\n<li data-start=\"1307\" data-end=\"1360\">\n<p data-start=\"1309\" data-end=\"1360\">\ud83c\udf1f Vzd\u011bl\u00e1vac\u00ed z\u00e1\u017eitek pro celou rodinu<\/p>\n<\/li>\n<li data-start=\"1361\" data-end=\"1422\">\n<p data-start=\"1363\" data-end=\"1422\">\ud83d\udcf8 \u0160ance tvo\u0159it <strong data-start=\"1385\" data-end=\"1420\">nezapomenuteln\u00e9 spole\u010dn\u00e9 vzpom\u00ednky<\/strong><\/p>\n<\/li>\n<\/ul>\n<p data-start=\"61\" data-end=\"95\">\ud83d\udcdd <strong data-start=\"64\" data-end=\"93\">Hodnocen\u00ed \/ v\u011bkov\u00e9 po\u017eadavky<\/strong><\/p>\n<ul data-start=\"97\" data-end=\"197\">\n<li data-start=\"97\" data-end=\"146\">\n<p data-start=\"99\" data-end=\"146\">\ud83d\ude97 <strong data-start=\"102\" data-end=\"113\">\u0158\u00edzen\u00ed<\/strong>: Povoleno od <strong data-start=\"128\" data-end=\"144\">16 let<\/strong><\/p>\n<\/li>\n<li data-start=\"147\" data-end=\"197\">\n<p data-start=\"149\" data-end=\"197\">\ud83d\udc64 <strong data-start=\"152\" data-end=\"165\">Cestuj\u00edc\u00ed<\/strong>: Povoleno od <strong data-start=\"180\" data-end=\"195\">6 let<\/strong><\/p>\n<\/li>\n<\/ul>\n<p data-start=\"58\" data-end=\"88\">\ud83e\udd11 <strong data-start=\"61\" data-end=\"86\">Cena aktivity<\/strong><\/p>\n<p data-start=\"90\" data-end=\"110\"><strong data-start=\"90\" data-end=\"108\">Rann\u00ed safari<\/strong><\/p>\n<ul data-start=\"111\" data-end=\"156\">\n<li data-start=\"111\" data-end=\"133\">\n<p data-start=\"113\" data-end=\"133\">95 \u20ac (1-2 osoby)<\/p>\n<\/li>\n<\/ul>\n<p data-start=\"158\" data-end=\"187\"><strong data-start=\"158\" data-end=\"185\">Odpoledn\u00ed safari + show<\/strong><\/p>\n<ul data-start=\"188\" data-end=\"233\">\n<li data-start=\"188\" data-end=\"210\">\n<p data-start=\"190\" data-end=\"210\">100 \u20ac (1-2 osoby)<\/p>\n<\/li>\n<\/ul>\n<p data-start=\"235\" data-end=\"280\">\ud83d\udc7c\ud83c\udffc <strong data-start=\"240\" data-end=\"263\">D\u011bti od 0 do 5 let:<\/strong> \ud83d\udeab Nen\u00ed povoleno<\/p>\n<h3 data-start=\"2198\" data-end=\"2225\"><strong data-start=\"2205\" data-end=\"2223\">Platba v USD ($ \ud83c\uddfa\ud83c\uddf8) m\u00edsto v EUR (\u20ac \ud83c\uddea\ud83c\uddfa) je mo\u017en\u00e1 podle denn\u00edho kurzu banky.<\/strong><\/h3>\n<p><strong>Book Through WhatsApp:<\/strong><\/p>\n<p><a href=\"https:\/\/wa.me\/201021058859\" target=\"_blank\" rel=\"noopener\">\u00a0<img decoding=\"async\" class=\"alignnone wp-image-2058\" src=\"https:\/\/poehalisnamiegypt.com\/wp-content\/uploads\/2024\/02\/pngwing.com_-300x300.png\" sizes=\"auto, (max-width: 35px) 100vw, 35px\" srcset=\"https:\/\/poehalisnamiegypt.com\/wp-content\/uploads\/2024\/02\/pngwing.com_-300x300.png 300w, https:\/\/poehalisnamiegypt.com\/wp-content\/uploads\/2024\/02\/pngwing.com_-150x150.png 150w, https:\/\/poehalisnamiegypt.com\/wp-content\/uploads\/2024\/02\/pngwing.com_.png 584w\" alt=\"\" width=\"53\" height=\"53\" \/><\/a><\/p>","protected":false},"excerpt":{"rendered":"<p>\ud83c\udfdc\ufe0f Buggy Double Desert Adventure \u2013 Fun, Culture &amp; Memories Looking for the perfect family activity that combines adventure, culture, and breathtaking desert views? A family buggy trip is the ultimate way to explore the golden sands while experiencing the traditional life of the Bedouins. \ud83d\ude90 Easy Start for the Whole Family Begin with a [&hellip;]<\/p>","protected":false},"featured_media":10187,"comment_status":"open","ping_status":"closed","template":"","meta":{"_monsterinsights_skip_tracking":false,"_monsterinsights_sitenote_active":false,"_monsterinsights_sitenote_note":"","_monsterinsights_sitenote_category":0},"product_brand":[],"product_cat":[67],"product_tag":[],"class_list":{"0":"post-10182","1":"product","2":"type-product","3":"status-publish","4":"has-post-thumbnail","6":"product_cat-safari","8":"first","9":"instock","10":"shipping-taxable","11":"purchasable","12":"product-type-ovabrw_car_rental"},"_links":{"self":[{"href":"https:\/\/redsea-dream-tours.com\/cs\/wp-json\/wp\/v2\/product\/10182","targetHints":{"allow":["GET"]}}],"collection":[{"href":"https:\/\/redsea-dream-tours.com\/cs\/wp-json\/wp\/v2\/product"}],"about":[{"href":"https:\/\/redsea-dream-tours.com\/cs\/wp-json\/wp\/v2\/types\/product"}],"replies":[{"embeddable":true,"href":"https:\/\/redsea-dream-tours.com\/cs\/wp-json\/wp\/v2\/comments?post=10182"}],"wp:featuredmedia":[{"embeddable":true,"href":"https:\/\/redsea-dream-tours.com\/cs\/wp-json\/wp\/v2\/media\/10187"}],"wp:attachment":[{"href":"https:\/\/redsea-dream-tours.com\/cs\/wp-json\/wp\/v2\/media?parent=10182"}],"wp:term":[{"taxonomy":"product_brand","embeddable":true,"href":"https:\/\/redsea-dream-tours.com\/cs\/wp-json\/wp\/v2\/product_brand?post=10182"},{"taxonomy":"product_cat","embeddable":true,"href":"https:\/\/redsea-dream-tours.com\/cs\/wp-json\/wp\/v2\/product_cat?post=10182"},{"taxonomy":"product_tag","embeddable":true,"href":"https:\/\/redsea-dream-tours.com\/cs\/wp-json\/wp\/v2\/product_tag?post=10182"}],"curies":[{"name":"wp","href":"https:\/\/api.w.org\/{rel}","templated":true}]}}