{"id":10175,"date":"2025-09-09T09:09:36","date_gmt":"2025-09-09T09:09:36","guid":{"rendered":"https:\/\/redsea-dream-tours.com\/?post_type=product&#038;p=10175"},"modified":"2025-11-28T14:35:33","modified_gmt":"2025-11-28T14:35:33","slug":"carriage-ride-trip","status":"publish","type":"product","link":"https:\/\/redsea-dream-tours.com\/cs\/produkt\/carriage-ride-trip\/","title":{"rendered":"No\u010dn\u00ed j\u00edzda ko\u010d\u00e1rem: Romantika, ve\u010de\u0159e a \u017eiv\u00e1 vystoupen\u00ed"},"content":{"rendered":"<h3 data-start=\"132\" data-end=\"199\">\ud83d\udc34 Romantick\u00e1 a malebn\u00e1 proj\u00ed\u017e\u010fka ko\u010d\u00e1rem - prozkoumejte krajinu v klasick\u00e9m stylu<\/h3>\n<p data-start=\"201\" data-end=\"522\">Vra\u0165te se v \u010dase a za\u017eijte kouzlo star\u00fdch \u010das\u016f <strong data-start=\"249\" data-end=\"278\">j\u00edzda ko\u010d\u00e1rem ta\u017een\u00fdm ko\u0148mi<\/strong>, Tento v\u00fdlet kombinuje <strong data-start=\"394\" data-end=\"443\">romantika, relaxace a trocha nostalgie<\/strong>, tak\u017ee je ide\u00e1ln\u00ed pro p\u00e1ry, rodiny nebo v\u0161echny, kdo hledaj\u00ed klidn\u00e9 \u00fato\u010di\u0161t\u011b.<\/p>\n<h4 data-start=\"524\" data-end=\"561\">\ud83d\ude90 Snadn\u00e9 vyzvednut\u00ed a v\u0159el\u00e9 p\u0159iv\u00edt\u00e1n\u00ed<\/h4>\n<p data-start=\"562\" data-end=\"723\">V\u00e1\u0161 z\u00e1\u017eitek za\u010d\u00edn\u00e1 <strong data-start=\"592\" data-end=\"622\">pohodln\u00fd hotelov\u00fd transfer<\/strong> do v\u00fdchoz\u00edho bodu, kde <strong data-start=\"657\" data-end=\"691\">kr\u00e1sn\u011b zdoben\u00fd ko\u010d\u00e1r<\/strong> a p\u0159\u00e1telsk\u00fd pr\u016fvodce.<\/p>\n<ul data-start=\"724\" data-end=\"832\">\n<li data-start=\"724\" data-end=\"773\">\n<p data-start=\"726\" data-end=\"773\">\ud83e\uddd1\u200d\ud83e\udd1d\u200d\ud83e\uddd1 Seznamte se s ko\u010d\u00edm a ko\u0148mi.<\/p>\n<\/li>\n<li data-start=\"774\" data-end=\"832\">\n<p data-start=\"776\" data-end=\"832\">\ud83d\udcf8 P\u0159ed za\u010d\u00e1tkem cesty si po\u0159i\u010fte n\u011bkolik okouzluj\u00edc\u00edch fotografi\u00ed<\/p>\n<\/li>\n<\/ul>\n<h4 data-start=\"834\" data-end=\"866\">\ud83c\udf06 Sc\u00e9nick\u00e1 a relaxa\u010dn\u00ed j\u00edzda<\/h4>\n<h4 data-start=\"1181\" data-end=\"1216\">\ud83d\udcab Romantick\u00fd a kulturn\u00ed dotek<\/h4>\n<h4 data-start=\"1181\" data-end=\"1216\">\ud83c\udf7d\ufe0f <strong data-start=\"71\" data-end=\"93\">Ve\u010de\u0159e formou otev\u0159en\u00e9ho bufetu<\/strong> - bohat\u00e9 na vynikaj\u00edc\u00ed orient\u00e1ln\u00ed pokrmy \ud83d\ude0b<br data-start=\"134\" data-end=\"137\" \/>\u2728 <strong data-start=\"139\" data-end=\"162\">Speci\u00e1ln\u00ed \u017eiv\u00e9 po\u0159ady:<\/strong> Orient\u00e1ln\u00ed b\u0159i\u0161n\u00ed tane\u010dnice \ud83d\udc83 a tradi\u010dn\u00ed vystoupen\u00ed Tanoura \ud83c\udf00<\/h4>\n<p data-start=\"1217\" data-end=\"1296\">Tento v\u00fdlet je v\u00edc ne\u017e jen j\u00edzda - je to <strong data-start=\"1261\" data-end=\"1293\">chv\u00edle pro spojen\u00ed a odpo\u010dinek<\/strong>:<\/p>\n<ul data-start=\"1297\" data-end=\"1498\">\n<li data-start=\"1297\" data-end=\"1354\">\n<p data-start=\"1299\" data-end=\"1354\">\ud83c\udf39 Ide\u00e1ln\u00ed pro <strong data-start=\"1314\" data-end=\"1352\">p\u00e1ry hledaj\u00edc\u00ed romantick\u00fd ve\u010der<\/strong><\/p>\n<\/li>\n<li data-start=\"1355\" data-end=\"1425\">\n<p data-start=\"1357\" data-end=\"1425\">\ud83d\udc68\u200d\ud83d\udc69\u200d\ud83d\udc67 Skv\u011bl\u00e9 pro rodiny, kter\u00e9 hledaj\u00ed klidn\u00fd a kulturn\u00ed v\u00fdlet.<\/p>\n<\/li>\n<li data-start=\"1426\" data-end=\"1498\">\n<p data-start=\"1428\" data-end=\"1498\">\ud83d\udc0e P\u0159e\u010dt\u011bte si zaj\u00edmavosti o <strong data-start=\"1465\" data-end=\"1496\">kon\u011b a m\u00edstn\u00ed tradice<\/strong><\/p>\n<\/li>\n<\/ul>\n<h4 data-start=\"1500\" data-end=\"1525\">\ud83c\udf79 Voliteln\u00e9 poho\u0161t\u011bn\u00ed<\/h4>\n<p data-start=\"1526\" data-end=\"1557\">Zlep\u0161ete sv\u00e9 zku\u0161enosti s:<\/p>\n<ul data-start=\"1558\" data-end=\"1640\">\n<li data-start=\"1558\" data-end=\"1598\">\n<p data-start=\"1560\" data-end=\"1598\">\ud83e\udd64 Osv\u011b\u017euj\u00edc\u00ed n\u00e1poje b\u011bhem j\u00edzdy<\/p>\n<\/li>\n<li data-start=\"1599\" data-end=\"1640\">\n<p data-start=\"1601\" data-end=\"1640\">\ud83c\udf68 M\u00edstn\u00ed ob\u010derstven\u00ed<\/p>\n<\/li>\n<\/ul>\n<h4 data-start=\"1642\" data-end=\"1670\">\ud83c\udfc1 Bezprobl\u00e9mov\u00e9 vr\u00e1cen\u00ed<\/h4>\n<p data-start=\"1671\" data-end=\"1792\">Po n\u00e1dhern\u00e9 proj\u00ed\u017e\u010fce budete <strong data-start=\"1710\" data-end=\"1744\">transfer zp\u011bt do hotelu<\/strong> s n\u00e1dhern\u00fdmi vzpom\u00ednkami a kr\u00e1sn\u00fdmi fotografiemi.<\/p>\n<article class=\"text-token-text-primary w-full focus:outline-none scroll-mt-[calc(var(--header-height)+min(200px,max(70px,20svh)))]\" dir=\"auto\" tabindex=\"-1\" data-turn-id=\"request-WEB:03ee36ad-4c16-45a2-a255-2a64e427af84-40\" data-testid=\"conversation-turn-82\" data-scroll-anchor=\"true\" data-turn=\"assistant\">\n<div class=\"text-base my-auto mx-auto pb-10 [--thread-content-margin:--spacing(4)] thread-sm:[--thread-content-margin:--spacing(6)] thread-lg:[--thread-content-margin:--spacing(16)] px-(--thread-content-margin)\">\n<div class=\"[--thread-content-max-width:40rem] thread-lg:[--thread-content-max-width:48rem] mx-auto max-w-(--thread-content-max-width) flex-1 group\/turn-messages focus-visible:outline-hidden relative flex w-full min-w-0 flex-col agent-turn\" tabindex=\"-1\">\n<div class=\"flex max-w-full flex-col grow\">\n<div class=\"min-h-8 text-message relative flex w-full flex-col items-end gap-2 text-start break-words whitespace-normal [.text-message+&amp;]:mt-5\" dir=\"auto\" data-message-author-role=\"assistant\" data-message-id=\"394ef291-a29c-4b50-aed9-f0ade82908c0\" data-message-model-slug=\"gpt-5-mini\">\n<div class=\"flex w-full flex-col gap-1 empty:hidden first:pt-[3px]\">\n<div class=\"markdown prose dark:prose-invert w-full break-words light markdown-new-styling\">\n<h3 data-start=\"43\" data-end=\"57\">\ud83d\udcdd Pozn\u00e1mky<\/h3>\n<ul data-start=\"58\" data-end=\"150\">\n<li data-start=\"58\" data-end=\"104\">\n<p data-start=\"60\" data-end=\"104\">Maxim\u00e1ln\u011b 1 dosp\u011bl\u00e1 osoba + 2 d\u011bti ve voze.<\/p>\n<\/li>\n<li data-start=\"105\" data-end=\"150\">\n<p data-start=\"107\" data-end=\"150\">Maxim\u00e1ln\u00ed povolen\u00e1 hmotnost na osobu: 90 kg.<\/p>\n<\/li>\n<\/ul>\n<hr data-start=\"152\" data-end=\"155\" \/>\n<h3 data-start=\"157\" data-end=\"176\">\ud83e\udd11 Cena z\u00e1jezdu<\/h3>\n<p data-start=\"177\" data-end=\"281\" data-is-last-node=\"\" data-is-only-node=\"\">\ud83d\ude4e\ud83c\udffb\u200d\u2642\ufe0f <strong data-start=\"185\" data-end=\"206\">16 let a star\u0161\u00ed:<\/strong> \u20ac 40<br data-start=\"210\" data-end=\"213\" \/>\ud83e\uddcd\ud83c\udffb\u200d\u2640\ufe0f <strong data-start=\"221\" data-end=\"236\">6-15 let:<\/strong> \u20ac 40<br data-start=\"240\" data-end=\"243\" \/>\ud83d\udc7c\ud83c\udffc <strong data-start=\"248\" data-end=\"266\">Do 6 let:<\/strong> \ud83d\udeab Nen\u00ed povoleno<\/p>\n<h3 data-start=\"2198\" data-end=\"2225\"><strong data-start=\"2205\" data-end=\"2223\">Platba v USD ($ \ud83c\uddfa\ud83c\uddf8) m\u00edsto v EUR (\u20ac \ud83c\uddea\ud83c\uddfa) je mo\u017en\u00e1 podle denn\u00edho kurzu banky.<\/strong><\/h3>\n<\/div>\n<\/div>\n<\/div>\n<\/div>\n<\/div>\n<\/div>\n<\/article>\n<p><strong>Book Through WhatsApp:<\/strong><\/p>\n<p><a href=\"https:\/\/wa.me\/201021058859\" target=\"_blank\" rel=\"noopener\">\u00a0<img decoding=\"async\" class=\"alignnone wp-image-2058\" src=\"https:\/\/poehalisnamiegypt.com\/wp-content\/uploads\/2024\/02\/pngwing.com_-300x300.png\" sizes=\"auto, (max-width: 35px) 100vw, 35px\" srcset=\"https:\/\/poehalisnamiegypt.com\/wp-content\/uploads\/2024\/02\/pngwing.com_-300x300.png 300w, https:\/\/poehalisnamiegypt.com\/wp-content\/uploads\/2024\/02\/pngwing.com_-150x150.png 150w, https:\/\/poehalisnamiegypt.com\/wp-content\/uploads\/2024\/02\/pngwing.com_.png 584w\" alt=\"\" width=\"53\" height=\"53\" \/><\/a><\/p>","protected":false},"excerpt":{"rendered":"<p>\ud83d\udc34 Romantic &amp; Scenic Carriage Ride \u2013 Explore in Classic Style Step back in time and experience the charm of a horse-drawn carriage ride, This trip combines romance, relaxation, and a touch of nostalgia, making it ideal for couples, families, or anyone seeking a peaceful escape. \ud83d\ude90 Easy Pick-Up &amp; Warm Welcome Your experience begins [&hellip;]<\/p>","protected":false},"featured_media":10176,"comment_status":"open","ping_status":"closed","template":"","meta":{"_monsterinsights_skip_tracking":false,"_monsterinsights_sitenote_active":false,"_monsterinsights_sitenote_note":"","_monsterinsights_sitenote_category":0},"product_brand":[],"product_cat":[67],"product_tag":[],"class_list":{"0":"post-10175","1":"product","2":"type-product","3":"status-publish","4":"has-post-thumbnail","6":"product_cat-safari","8":"first","9":"instock","10":"shipping-taxable","11":"purchasable","12":"product-type-ovabrw_car_rental"},"_links":{"self":[{"href":"https:\/\/redsea-dream-tours.com\/cs\/wp-json\/wp\/v2\/product\/10175","targetHints":{"allow":["GET"]}}],"collection":[{"href":"https:\/\/redsea-dream-tours.com\/cs\/wp-json\/wp\/v2\/product"}],"about":[{"href":"https:\/\/redsea-dream-tours.com\/cs\/wp-json\/wp\/v2\/types\/product"}],"replies":[{"embeddable":true,"href":"https:\/\/redsea-dream-tours.com\/cs\/wp-json\/wp\/v2\/comments?post=10175"}],"wp:featuredmedia":[{"embeddable":true,"href":"https:\/\/redsea-dream-tours.com\/cs\/wp-json\/wp\/v2\/media\/10176"}],"wp:attachment":[{"href":"https:\/\/redsea-dream-tours.com\/cs\/wp-json\/wp\/v2\/media?parent=10175"}],"wp:term":[{"taxonomy":"product_brand","embeddable":true,"href":"https:\/\/redsea-dream-tours.com\/cs\/wp-json\/wp\/v2\/product_brand?post=10175"},{"taxonomy":"product_cat","embeddable":true,"href":"https:\/\/redsea-dream-tours.com\/cs\/wp-json\/wp\/v2\/product_cat?post=10175"},{"taxonomy":"product_tag","embeddable":true,"href":"https:\/\/redsea-dream-tours.com\/cs\/wp-json\/wp\/v2\/product_tag?post=10175"}],"curies":[{"name":"wp","href":"https:\/\/api.w.org\/{rel}","templated":true}]}}