{"id":10169,"date":"2025-09-09T08:54:19","date_gmt":"2025-09-09T08:54:19","guid":{"rendered":"https:\/\/redsea-dream-tours.com\/?post_type=product&#038;p=10169"},"modified":"2025-11-28T14:35:57","modified_gmt":"2025-11-28T14:35:57","slug":"horse-show-trip","status":"publish","type":"product","link":"https:\/\/redsea-dream-tours.com\/cs\/produkt\/horse-show-trip\/","title":{"rendered":"Noc kon\u00ed: Kultura, um\u011bn\u00ed a \u017eiv\u00e9 vystoupen\u00ed"},"content":{"rendered":"<h3 data-start=\"128\" data-end=\"201\">\ud83d\udc0e Velkolep\u00e1 ko\u0148sk\u00e1 show - Um\u011bn\u00ed, kultura a z\u00e1bava<\/h3>\n<p data-start=\"203\" data-end=\"502\">Sledujte ladnost, s\u00edlu a eleganci n\u00e1dhern\u00fdch kon\u00ed v nezapomenuteln\u00e9m z\u00e1\u017eitku. <strong data-start=\"284\" data-end=\"298\">V\u00fdstava kon\u00ed<\/strong> kter\u00e1 kombinuje <strong data-start=\"313\" data-end=\"361\">tradi\u010dn\u00ed dovednosti s modern\u00ed z\u00e1bavou<\/strong>. Tento v\u00fdlet nab\u00edz\u00ed jedine\u010dn\u00fd pohled do sv\u011bta ko\u0148sk\u00e9ho um\u011bn\u00ed a je ide\u00e1ln\u00ed pro rodiny, p\u00e1ry i milovn\u00edky kultury.<\/p>\n<h4 data-start=\"504\" data-end=\"543\">\ud83d\ude90 Bezprobl\u00e9mov\u00e9 vyzvednut\u00ed a p\u0159iv\u00edt\u00e1n\u00ed<\/h4>\n<p data-start=\"544\" data-end=\"675\">Va\u0161e cesta za\u010d\u00edn\u00e1 <strong data-start=\"569\" data-end=\"600\">pohodln\u00fd hotelov\u00fd transfer<\/strong>, a p\u0159ivede v\u00e1s do speci\u00e1ln\u011b navr\u017een\u00e9 ar\u00e9ny, kde se odehr\u00e1v\u00e1 kouzlo.<\/p>\n<ul data-start=\"676\" data-end=\"754\">\n<li data-start=\"676\" data-end=\"714\">\n<p data-start=\"678\" data-end=\"714\">\ud83e\uddd1\u200d\ud83e\udd1d\u200d\ud83e\uddd1 V\u0159el\u00e9 p\u0159iv\u00edt\u00e1n\u00ed ze strany hostitel\u016f<\/p>\n<\/li>\n<li data-start=\"715\" data-end=\"754\">\n<p data-start=\"717\" data-end=\"754\">\ud83c\udf79 Vychutnejte si osv\u011b\u017euj\u00edc\u00ed welcome drink<\/p>\n<\/li>\n<\/ul>\n<h4 data-start=\"756\" data-end=\"790\">\ud83c\udfc7 Pod\u00edvan\u00e1 na ko\u0148skou show<\/h4>\n<p data-start=\"791\" data-end=\"903\">P\u0159ipravte se na ohromuj\u00edc\u00ed v\u00fdkony profesion\u00e1ln\u00edch jezdc\u016f a jejich n\u00e1dhern\u00fdch kon\u00ed, kte\u0159\u00ed p\u0159edvedou dechberouc\u00ed kousky, v\u010detn\u011b:<\/p>\n<ul data-start=\"904\" data-end=\"1129\">\n<li data-start=\"904\" data-end=\"992\">\n<p data-start=\"906\" data-end=\"992\">\ud83c\udf2a\ufe0f <strong data-start=\"910\" data-end=\"940\">Oslniv\u00e9 triky a kaskad\u00e9rsk\u00e9 kousky<\/strong> demonstrace s\u00edly a obratnosti kon\u00ed.<\/p>\n<\/li>\n<li data-start=\"993\" data-end=\"1071\">\n<p data-start=\"995\" data-end=\"1071\">\ud83c\udfdc\ufe0f Tradi\u010dn\u00ed <strong data-start=\"1011\" data-end=\"1069\">Arabsk\u00e9 jezdeck\u00e9 styly a p\u0159edstaven\u00ed inspirovan\u00e1 pou\u0161t\u00ed<\/strong><\/p>\n<\/li>\n<li data-start=\"1072\" data-end=\"1129\">\n<p data-start=\"1074\" data-end=\"1129\">\ud83c\udfb6 Rytmick\u00e9 po\u0159ady nastaven\u00e9 na <strong data-start=\"1099\" data-end=\"1127\">autentick\u00e1 egyptsk\u00e1 hudba<\/strong><\/p>\n<\/li>\n<\/ul>\n<h4 data-start=\"1131\" data-end=\"1159\">\ud83d\udc34 Kulturn\u00ed setk\u00e1n\u00ed<\/h4>\n<p data-start=\"1160\" data-end=\"1222\">Je to v\u00edc ne\u017e p\u0159edstaven\u00ed - je to cesta za tradic\u00ed:<\/p>\n<ul data-start=\"1223\" data-end=\"1346\">\n<li data-start=\"1223\" data-end=\"1281\">\n<p data-start=\"1225\" data-end=\"1281\">\ud83d\udcd6 P\u0159e\u010dt\u011bte si o <strong data-start=\"1244\" data-end=\"1279\">bohat\u00e9 d\u011bdictv\u00ed arabsk\u00fdch kon\u00ed<\/strong><\/p>\n<\/li>\n<li data-start=\"1282\" data-end=\"1346\">\n<p data-start=\"1284\" data-end=\"1346\">\ud83e\udd1d Setk\u00e1n\u00ed s jezdci a pam\u00e1te\u010dn\u00ed fotografie s ko\u0148mi<\/p>\n<\/li>\n<\/ul>\n<h4 data-start=\"1348\" data-end=\"1372\">\ud83c\udf7d\ufe0f Relaxujte a u\u017e\u00edvejte si<\/h4>\n<p data-start=\"1373\" data-end=\"1410\">Po p\u0159edstaven\u00ed si odpo\u010di\u0148te p\u0159i:<\/p>\n<ul data-start=\"1411\" data-end=\"1481\">\n<li data-start=\"1411\" data-end=\"1436\">\n<p data-start=\"1413\" data-end=\"1436\">\ud83e\udd64 Nealkoholick\u00e9 n\u00e1poje nebo \u010daj<\/p>\n<\/li>\n<li data-start=\"1437\" data-end=\"1481\">\n<p data-start=\"1439\" data-end=\"1481\">\ud83c\udf70 Voliteln\u00e9 lehk\u00e9 ob\u010derstven\u00ed nebo m\u00edstn\u00ed pochoutky<\/p>\n<\/li>\n<\/ul>\n<h4 data-start=\"1483\" data-end=\"1504\">\ud83c\udfc1 Snadn\u00fd n\u00e1vrat<\/h4>\n<p data-start=\"1505\" data-end=\"1637\">Ve\u010der zakon\u010dete <strong data-start=\"1534\" data-end=\"1577\">pohodln\u00fd transfer zp\u011bt do hotelu<\/strong>, a odneste si s sebou kouzlo tohoto kulturn\u00edho z\u00e1\u017eitku.<\/p>\n<article class=\"text-token-text-primary w-full focus:outline-none scroll-mt-[calc(var(--header-height)+min(200px,max(70px,20svh)))]\" dir=\"auto\" tabindex=\"-1\" data-turn-id=\"request-WEB:03ee36ad-4c16-45a2-a255-2a64e427af84-40\" data-testid=\"conversation-turn-82\" data-scroll-anchor=\"false\" data-turn=\"assistant\">\n<div class=\"text-base my-auto mx-auto [--thread-content-margin:--spacing(4)] thread-sm:[--thread-content-margin:--spacing(6)] thread-lg:[--thread-content-margin:--spacing(16)] px-(--thread-content-margin)\">\n<div class=\"[--thread-content-max-width:40rem] thread-lg:[--thread-content-max-width:48rem] mx-auto max-w-(--thread-content-max-width) flex-1 group\/turn-messages focus-visible:outline-hidden relative flex w-full min-w-0 flex-col agent-turn\" tabindex=\"-1\">\n<div class=\"flex max-w-full flex-col grow\">\n<div class=\"min-h-8 text-message relative flex w-full flex-col items-end gap-2 text-start break-words whitespace-normal [.text-message+&amp;]:mt-5\" dir=\"auto\" data-message-author-role=\"assistant\" data-message-id=\"394ef291-a29c-4b50-aed9-f0ade82908c0\" data-message-model-slug=\"gpt-5-mini\">\n<div class=\"flex w-full flex-col gap-1 empty:hidden first:pt-[3px]\">\n<div class=\"markdown prose dark:prose-invert w-full break-words light markdown-new-styling\">\n<h3 data-start=\"43\" data-end=\"57\">\ud83d\udcdd Pozn\u00e1mky<\/h3>\n<ul data-start=\"58\" data-end=\"150\">\n<li data-start=\"105\" data-end=\"150\">\n<p data-start=\"107\" data-end=\"150\">Maxim\u00e1ln\u00ed povolen\u00e1 hmotnost na osobu: 90 kg.<\/p>\n<\/li>\n<\/ul>\n<hr data-start=\"152\" data-end=\"155\" \/>\n<h3 data-start=\"157\" data-end=\"176\">\ud83e\udd11 Cena z\u00e1jezdu<\/h3>\n<h3 data-start=\"157\" data-end=\"176\">Hodinov\u00e1 show v sahl hasheesh<\/h3>\n<p data-start=\"177\" data-end=\"281\" data-is-last-node=\"\" data-is-only-node=\"\">\ud83d\ude4e\ud83c\udffb\u200d\u2642\ufe0f <strong data-start=\"185\" data-end=\"206\">16 let a star\u0161\u00ed :<\/strong> \u20ac 35<br data-start=\"210\" data-end=\"213\" \/>\ud83e\uddcd\ud83c\udffb\u200d\u2640\ufe0f <strong data-start=\"221\" data-end=\"236\">6-15 let:<\/strong> \u20ac 35<br data-start=\"240\" data-end=\"243\" \/>\ud83d\udc7c\ud83c\udffc <strong data-start=\"248\" data-end=\"266\">Do 6 let:<\/strong> \ud83d\udeab Nen\u00ed povoleno<\/p>\n<h3 data-start=\"157\" data-end=\"176\">Hodiny bez v\u00fdstavy v hurgad\u011b<\/h3>\n<p><strong data-start=\"185\" data-end=\"206\">2 hodiny: 25 \u20ac\u00a0 \u00a0 \u00a0<\/strong><\/p>\n<p><strong data-start=\"185\" data-end=\"206\">2 hodiny s plav\u00e1n\u00edm : 30 \u20ac<\/strong><\/p>\n<p><strong data-start=\"185\" data-end=\"206\">1 hodina: 20 \u20ac \u00a0 \u00a0<\/strong><\/p>\n<p><strong data-start=\"185\" data-end=\"206\">1 hodina s plav\u00e1n\u00edm : 25 \u20ac<\/strong><\/p>\n<h3 data-start=\"2198\" data-end=\"2225\"><strong data-start=\"2205\" data-end=\"2223\">Platba v USD ($ \ud83c\uddfa\ud83c\uddf8) m\u00edsto v EUR (\u20ac \ud83c\uddea\ud83c\uddfa) je mo\u017en\u00e1 podle denn\u00edho kurzu banky.<\/strong><\/h3>\n<\/div>\n<\/div>\n<\/div>\n<\/div>\n<\/div>\n<\/div>\n<\/article>\n<p><strong>Book Through WhatsApp:<\/strong><\/p>\n<p><a href=\"https:\/\/wa.me\/201021058859\" target=\"_blank\" rel=\"noopener\">\u00a0<img decoding=\"async\" class=\"alignnone wp-image-2058\" src=\"https:\/\/poehalisnamiegypt.com\/wp-content\/uploads\/2024\/02\/pngwing.com_-300x300.png\" sizes=\"auto, (max-width: 35px) 100vw, 35px\" srcset=\"https:\/\/poehalisnamiegypt.com\/wp-content\/uploads\/2024\/02\/pngwing.com_-300x300.png 300w, https:\/\/poehalisnamiegypt.com\/wp-content\/uploads\/2024\/02\/pngwing.com_-150x150.png 150w, https:\/\/poehalisnamiegypt.com\/wp-content\/uploads\/2024\/02\/pngwing.com_.png 584w\" alt=\"\" width=\"53\" height=\"53\" \/><\/a><\/p>\n<div id=\"gtx-trans\" style=\"position: absolute; left: 203px; top: 3.9125px;\">\n<div class=\"gtx-trans-icon\"><\/div>\n<\/div>","protected":false},"excerpt":{"rendered":"<p>\ud83d\udc0e Spectacular Horse Show Experience \u2013 Art, Culture &amp; Entertainment Witness the grace, power, and elegance of magnificent horses in an unforgettable Horse Show that combines traditional skills with modern entertainment. This trip offers a unique glimpse into the world of horseback artistry, making it perfect for families, couples, and culture enthusiasts. \ud83d\ude90 Hassle-Free Pick-Up [&hellip;]<\/p>","protected":false},"featured_media":10172,"comment_status":"open","ping_status":"closed","template":"","meta":{"_monsterinsights_skip_tracking":false,"_monsterinsights_sitenote_active":false,"_monsterinsights_sitenote_note":"","_monsterinsights_sitenote_category":0},"product_brand":[],"product_cat":[67],"product_tag":[],"class_list":{"0":"post-10169","1":"product","2":"type-product","3":"status-publish","4":"has-post-thumbnail","6":"product_cat-safari","8":"first","9":"instock","10":"shipping-taxable","11":"purchasable","12":"product-type-ovabrw_car_rental"},"_links":{"self":[{"href":"https:\/\/redsea-dream-tours.com\/cs\/wp-json\/wp\/v2\/product\/10169","targetHints":{"allow":["GET"]}}],"collection":[{"href":"https:\/\/redsea-dream-tours.com\/cs\/wp-json\/wp\/v2\/product"}],"about":[{"href":"https:\/\/redsea-dream-tours.com\/cs\/wp-json\/wp\/v2\/types\/product"}],"replies":[{"embeddable":true,"href":"https:\/\/redsea-dream-tours.com\/cs\/wp-json\/wp\/v2\/comments?post=10169"}],"wp:featuredmedia":[{"embeddable":true,"href":"https:\/\/redsea-dream-tours.com\/cs\/wp-json\/wp\/v2\/media\/10172"}],"wp:attachment":[{"href":"https:\/\/redsea-dream-tours.com\/cs\/wp-json\/wp\/v2\/media?parent=10169"}],"wp:term":[{"taxonomy":"product_brand","embeddable":true,"href":"https:\/\/redsea-dream-tours.com\/cs\/wp-json\/wp\/v2\/product_brand?post=10169"},{"taxonomy":"product_cat","embeddable":true,"href":"https:\/\/redsea-dream-tours.com\/cs\/wp-json\/wp\/v2\/product_cat?post=10169"},{"taxonomy":"product_tag","embeddable":true,"href":"https:\/\/redsea-dream-tours.com\/cs\/wp-json\/wp\/v2\/product_tag?post=10169"}],"curies":[{"name":"wp","href":"https:\/\/api.w.org\/{rel}","templated":true}]}}