{"id":10161,"date":"2025-09-09T08:48:06","date_gmt":"2025-09-09T08:48:06","guid":{"rendered":"https:\/\/redsea-dream-tours.com\/?post_type=product&#038;p=10161"},"modified":"2025-11-28T14:36:25","modified_gmt":"2025-11-28T14:36:25","slug":"horse-sunrise-trip","status":"publish","type":"product","link":"https:\/\/redsea-dream-tours.com\/cs\/produkt\/horse-sunrise-trip\/","title":{"rendered":"J\u00edzda na koni p\u0159i v\u00fdchodu slunce: Kouzlo pou\u0161t\u011b a pl\u00e1\u017ee"},"content":{"rendered":"<h3 data-start=\"118\" data-end=\"183\">\ud83c\udf05 J\u00edzda na koni p\u0159i v\u00fdchodu slunce - kouzeln\u00fd z\u00e1\u017eitek v pou\u0161ti a na pl\u00e1\u017ei<\/h3>\n<p data-start=\"185\" data-end=\"424\">Za\u010dn\u011bte sv\u016fj den s <strong data-start=\"208\" data-end=\"243\">nezapomenuteln\u00e9 dobrodru\u017estv\u00ed p\u0159i v\u00fdchodu slunce<\/strong> na koni! Tento jedine\u010dn\u00fd v\u00fdlet kombinuje <strong data-start=\"288\" data-end=\"317\">klid \u010dasn\u00e9ho r\u00e1na<\/strong> s kr\u00e1sou <strong data-start=\"337\" data-end=\"377\">Pou\u0161\u0165 a pob\u0159e\u017e\u00ed Rud\u00e9ho mo\u0159e v Hurghad\u011b<\/strong>, \u010d\u00edm\u017e si vytvo\u0159\u00edte vzpom\u00ednku, na kterou budete nav\u017edy vzpom\u00ednat.<\/p>\n<h4 data-start=\"426\" data-end=\"464\">\ud83d\udc0e Jemn\u00fd za\u010d\u00e1tek va\u0161\u00ed cesty<\/h4>\n<p data-start=\"465\" data-end=\"602\">Za\u010dn\u011bte s <strong data-start=\"478\" data-end=\"495\">vyzvednut\u00ed v hotelu<\/strong> a v\u0159el\u00e9 p\u0159iv\u00edt\u00e1n\u00ed v na\u0161\u00ed st\u00e1ji, kde se setk\u00e1te s dob\u0159e vycvi\u010den\u00fdm kon\u011bm a zku\u0161en\u00fdm pr\u016fvodcem.<\/p>\n<ul data-start=\"603\" data-end=\"722\">\n<li data-start=\"603\" data-end=\"667\">\n<p data-start=\"605\" data-end=\"667\">\ud83e\uddd1\u200d\ud83c\udfeb Stru\u010dn\u00fd n\u00e1vod k j\u00edzd\u011b pro za\u010d\u00e1te\u010dn\u00edky a osv\u011b\u017eovatele<\/p>\n<\/li>\n<li data-start=\"668\" data-end=\"722\">\n<p data-start=\"670\" data-end=\"722\">\ud83e\uddba Bezpe\u010dnostn\u00ed vybaven\u00ed (helma, jezdeck\u00e9 vybaven\u00ed)<\/p>\n<\/li>\n<\/ul>\n<h4 data-start=\"724\" data-end=\"759\">\ud83c\udf04 \u00dachvatn\u00e1 j\u00edzda p\u0159i v\u00fdchodu slunce<\/h4>\n<p data-start=\"760\" data-end=\"828\">S rozb\u0159eskem vyrazte na koni a za\u017eijte kouzlo:<\/p>\n<ul data-start=\"829\" data-end=\"1038\">\n<li data-start=\"829\" data-end=\"898\">\n<p data-start=\"831\" data-end=\"898\">\ud83c\udf05 <strong data-start=\"834\" data-end=\"868\">Pozorov\u00e1n\u00ed prvn\u00edch slune\u010dn\u00edch paprsk\u016f<\/strong> osv\u011btluj\u00ed pou\u0161tn\u00ed duny<\/p>\n<\/li>\n<li data-start=\"899\" data-end=\"949\">\n<p data-start=\"901\" data-end=\"949\">\ud83c\udfdc\ufe0f Klidn\u00e1 j\u00edzda nap\u0159\u00ed\u010d <strong data-start=\"926\" data-end=\"947\">m\u011bkk\u00e9 zlat\u00e9 p\u00edsky<\/strong><\/p>\n<\/li>\n<li data-start=\"950\" data-end=\"1038\">\n<p data-start=\"952\" data-end=\"1038\">\ud83c\udf0a Proch\u00e1zka pod\u00e9l <strong data-start=\"975\" data-end=\"1003\">pob\u0159e\u017e\u00ed Rud\u00e9ho mo\u0159e<\/strong>, c\u00edtit chladn\u00fd rann\u00ed v\u00e1nek<\/p>\n<\/li>\n<\/ul>\n<h4 data-start=\"1040\" data-end=\"1073\">\ud83e\udd0d Spojen\u00ed a relaxace<\/h4>\n<p data-start=\"1074\" data-end=\"1119\">Nen\u00ed to jen j\u00edzda - je to okam\u017eik, kdy:<\/p>\n<ul data-start=\"1120\" data-end=\"1272\">\n<li data-start=\"1120\" data-end=\"1174\">\n<p data-start=\"1122\" data-end=\"1174\">\ud83d\udc34 Sva\u017ete se s kon\u011bm a vn\u00edmejte jeho jemn\u00fd rytmus.<\/p>\n<\/li>\n<li data-start=\"1175\" data-end=\"1213\">\n<p data-start=\"1177\" data-end=\"1213\">\ud83d\udcf8 Zachycen\u00ed \u00fa\u017easn\u00fdch fotografi\u00ed v\u00fdchodu slunce<\/p>\n<\/li>\n<li data-start=\"1214\" data-end=\"1272\">\n<p data-start=\"1216\" data-end=\"1272\">\ud83c\udf2c\ufe0f Vychutnejte si klid a ticho p\u0159ed za\u010d\u00e1tkem dne.<\/p>\n<\/li>\n<\/ul>\n<h4 data-start=\"1274\" data-end=\"1304\">\ud83c\udfc1 N\u00e1vrat s klidem<\/h4>\n<p data-start=\"1305\" data-end=\"1442\">Po proj\u00ed\u017e\u010fce si odpo\u010di\u0148te u osv\u011b\u017euj\u00edc\u00edho n\u00e1poje a pak se vydejte zp\u011bt do hotelu - plni energie a inspirace na dal\u0161\u00ed den.<\/p>\n<article class=\"text-token-text-primary w-full focus:outline-none scroll-mt-[calc(var(--header-height)+min(200px,max(70px,20svh)))]\" dir=\"auto\" tabindex=\"-1\" data-turn-id=\"request-WEB:03ee36ad-4c16-45a2-a255-2a64e427af84-40\" data-testid=\"conversation-turn-82\" data-scroll-anchor=\"false\" data-turn=\"assistant\">\n<div class=\"text-base my-auto mx-auto [--thread-content-margin:--spacing(4)] thread-sm:[--thread-content-margin:--spacing(6)] thread-lg:[--thread-content-margin:--spacing(16)] px-(--thread-content-margin)\">\n<div class=\"[--thread-content-max-width:40rem] thread-lg:[--thread-content-max-width:48rem] mx-auto max-w-(--thread-content-max-width) flex-1 group\/turn-messages focus-visible:outline-hidden relative flex w-full min-w-0 flex-col agent-turn\" tabindex=\"-1\">\n<div class=\"flex max-w-full flex-col grow\">\n<div class=\"min-h-8 text-message relative flex w-full flex-col items-end gap-2 text-start break-words whitespace-normal [.text-message+&amp;]:mt-5\" dir=\"auto\" data-message-author-role=\"assistant\" data-message-id=\"394ef291-a29c-4b50-aed9-f0ade82908c0\" data-message-model-slug=\"gpt-5-mini\">\n<div class=\"flex w-full flex-col gap-1 empty:hidden first:pt-[3px]\">\n<div class=\"markdown prose dark:prose-invert w-full break-words light markdown-new-styling\">\n<h3 data-start=\"43\" data-end=\"57\">\ud83d\udcdd Pozn\u00e1mky<\/h3>\n<ul data-start=\"58\" data-end=\"150\">\n<li data-start=\"105\" data-end=\"150\">\n<p data-start=\"107\" data-end=\"150\">Maxim\u00e1ln\u00ed povolen\u00e1 hmotnost na osobu: 90 kg.<\/p>\n<\/li>\n<\/ul>\n<hr data-start=\"152\" data-end=\"155\" \/>\n<h3 data-start=\"157\" data-end=\"176\">\ud83e\udd11 Cena z\u00e1jezdu<\/h3>\n<p data-start=\"177\" data-end=\"281\" data-is-last-node=\"\" data-is-only-node=\"\">\ud83d\ude4e\ud83c\udffb\u200d\u2642\ufe0f <strong data-start=\"185\" data-end=\"206\">16 let a star\u0161\u00ed:<\/strong> \u20ac 32<br data-start=\"210\" data-end=\"213\" \/>\ud83e\uddcd\ud83c\udffb\u200d\u2640\ufe0f <strong data-start=\"221\" data-end=\"236\">6-15 let:<\/strong> \u20ac 32<br data-start=\"240\" data-end=\"243\" \/>\ud83d\udc7c\ud83c\udffc <strong data-start=\"248\" data-end=\"266\">Do 6 let:<\/strong> \ud83d\udeab Nen\u00ed povoleno<\/p>\n<\/div>\n<\/div>\n<\/div>\n<\/div>\n<div class=\"flex min-h-[46px] justify-start\">\n<h3 data-start=\"2198\" data-end=\"2225\"><strong data-start=\"2205\" data-end=\"2223\">Platba v USD ($ \ud83c\uddfa\ud83c\uddf8) m\u00edsto v EUR (\u20ac \ud83c\uddea\ud83c\uddfa) je mo\u017en\u00e1 podle denn\u00edho kurzu banky.<\/strong><\/h3>\n<\/div>\n<\/div>\n<\/div>\n<\/article>\n<p><strong>Book Through WhatsApp:<\/strong><\/p>\n<p><a href=\"https:\/\/wa.me\/201021058859\" target=\"_blank\" rel=\"noopener\">\u00a0<img decoding=\"async\" class=\"alignnone wp-image-2058\" src=\"https:\/\/poehalisnamiegypt.com\/wp-content\/uploads\/2024\/02\/pngwing.com_-300x300.png\" sizes=\"auto, (max-width: 35px) 100vw, 35px\" srcset=\"https:\/\/poehalisnamiegypt.com\/wp-content\/uploads\/2024\/02\/pngwing.com_-300x300.png 300w, https:\/\/poehalisnamiegypt.com\/wp-content\/uploads\/2024\/02\/pngwing.com_-150x150.png 150w, https:\/\/poehalisnamiegypt.com\/wp-content\/uploads\/2024\/02\/pngwing.com_.png 584w\" alt=\"\" width=\"53\" height=\"53\" \/><\/a><\/p>\n<div id=\"gtx-trans\" style=\"position: absolute; left: 187px; top: 53.7125px;\">\n<div class=\"gtx-trans-icon\"><\/div>\n<\/div>\n<div id=\"gtx-trans\" style=\"position: absolute; left: 187px; top: 53.7125px;\">\n<div class=\"gtx-trans-icon\"><\/div>\n<\/div>","protected":false},"excerpt":{"rendered":"<p>\ud83c\udf05 Horse Sunrise Ride \u2013 A Magical Desert &amp; Beach Experience Start your day with an unforgettable sunrise adventure on horseback! This unique trip combines the serenity of early morning with the beauty of Hurghada\u2019s desert and Red Sea shores, creating a memory you will cherish forever. \ud83d\udc0e Gentle Start to Your Journey Begin with [&hellip;]<\/p>","protected":false},"featured_media":10168,"comment_status":"open","ping_status":"closed","template":"","meta":{"_monsterinsights_skip_tracking":false,"_monsterinsights_sitenote_active":false,"_monsterinsights_sitenote_note":"","_monsterinsights_sitenote_category":0},"product_brand":[],"product_cat":[67],"product_tag":[],"class_list":{"0":"post-10161","1":"product","2":"type-product","3":"status-publish","4":"has-post-thumbnail","6":"product_cat-safari","8":"first","9":"instock","10":"shipping-taxable","11":"purchasable","12":"product-type-ovabrw_car_rental"},"_links":{"self":[{"href":"https:\/\/redsea-dream-tours.com\/cs\/wp-json\/wp\/v2\/product\/10161","targetHints":{"allow":["GET"]}}],"collection":[{"href":"https:\/\/redsea-dream-tours.com\/cs\/wp-json\/wp\/v2\/product"}],"about":[{"href":"https:\/\/redsea-dream-tours.com\/cs\/wp-json\/wp\/v2\/types\/product"}],"replies":[{"embeddable":true,"href":"https:\/\/redsea-dream-tours.com\/cs\/wp-json\/wp\/v2\/comments?post=10161"}],"wp:featuredmedia":[{"embeddable":true,"href":"https:\/\/redsea-dream-tours.com\/cs\/wp-json\/wp\/v2\/media\/10168"}],"wp:attachment":[{"href":"https:\/\/redsea-dream-tours.com\/cs\/wp-json\/wp\/v2\/media?parent=10161"}],"wp:term":[{"taxonomy":"product_brand","embeddable":true,"href":"https:\/\/redsea-dream-tours.com\/cs\/wp-json\/wp\/v2\/product_brand?post=10161"},{"taxonomy":"product_cat","embeddable":true,"href":"https:\/\/redsea-dream-tours.com\/cs\/wp-json\/wp\/v2\/product_cat?post=10161"},{"taxonomy":"product_tag","embeddable":true,"href":"https:\/\/redsea-dream-tours.com\/cs\/wp-json\/wp\/v2\/product_tag?post=10161"}],"curies":[{"name":"wp","href":"https:\/\/api.w.org\/{rel}","templated":true}]}}