{"id":10146,"date":"2025-09-09T08:25:20","date_gmt":"2025-09-09T08:25:20","guid":{"rendered":"https:\/\/redsea-dream-tours.com\/?post_type=product&#038;p=10146"},"modified":"2025-11-28T14:37:21","modified_gmt":"2025-11-28T14:37:21","slug":"mini-safari-sunset-trip","status":"publish","type":"product","link":"https:\/\/redsea-dream-tours.com\/cs\/produkt\/mini-safari-sunset-trip\/","title":{"rendered":"Safari na \u010dty\u0159kolk\u00e1ch p\u0159i z\u00e1padu slunce: J\u00edzda pou\u0161t\u00ed a bedu\u00ednsk\u00e1 noc"},"content":{"rendered":"<h3 data-start=\"100\" data-end=\"171\">\ud83c\udf05 Safari p\u0159i z\u00e1padu slunce v pou\u0161ti na \u010dty\u0159kolce - dobrodru\u017estv\u00ed, kultura a kouzlo<\/h3>\n<p data-start=\"173\" data-end=\"425\">Vydejte se na nezapomenuteln\u00fd ve\u010der, kdy spoj\u00edte <strong data-start=\"227\" data-end=\"252\">vzru\u0161uj\u00edc\u00ed j\u00edzda na \u010dty\u0159kolce<\/strong> s okouzluj\u00edc\u00ed kr\u00e1sou <strong data-start=\"287\" data-end=\"315\">V\u00fdchodn\u00ed pou\u0161\u0165 p\u0159i z\u00e1padu slunce<\/strong>. Tento z\u00e1\u017eitek je ide\u00e1ln\u00ed pro ty, kte\u0159\u00ed hledaj\u00ed dobrodru\u017estv\u00ed, kulturu a dechberouc\u00ed v\u00fdhledy - to v\u0161e v jednom v\u00fdletu!<\/p>\n<h4 data-start=\"427\" data-end=\"459\">\ud83c\udfcd\ufe0f J\u00edzda na \u010dty\u0159kolce v pou\u0161ti<\/h4>\n<p data-start=\"460\" data-end=\"652\">Po rychl\u00e9 zku\u0161ebn\u00ed j\u00edzd\u011b, abyste se c\u00edtili pohodln\u011b, <strong data-start=\"505\" data-end=\"533\">n\u00e1sledujte sv\u00e9ho odborn\u00e9ho pr\u016fvodce<\/strong> na vzru\u0161uj\u00edc\u00ed <strong data-start=\"549\" data-end=\"576\">Cesta dlouh\u00e1 32 km<\/strong> p\u0159es zlat\u00fd p\u00edsek. Poci\u0165te vzru\u0161en\u00ed, kdy\u017e se p\u0159ed v\u00e1mi otev\u0159e pou\u0161\u0165!<\/p>\n<h4 data-start=\"654\" data-end=\"691\">\ud83c\udfdc\ufe0f Z\u00e1\u017eitky z bedu\u00ednsk\u00e9 vesnice<\/h4>\n<p data-start=\"692\" data-end=\"776\">Po p\u0159\u00edjezdu na tradi\u010dn\u00ed <strong data-start=\"722\" data-end=\"741\">Bedu\u00ednsk\u00e1 vesnice<\/strong>, objevte autentick\u00fd \u017eivot v pou\u0161ti:<\/p>\n<ul data-start=\"777\" data-end=\"954\">\n<li data-start=\"777\" data-end=\"831\">\n<p data-start=\"779\" data-end=\"831\">\ud83d\udc2a <strong data-start=\"782\" data-end=\"796\">J\u00edzda na velbloudu<\/strong> po klidn\u00fdch pou\u0161tn\u00edch stezk\u00e1ch<\/p>\n<\/li>\n<li data-start=\"832\" data-end=\"892\">\n<p data-start=\"834\" data-end=\"892\">\ud83c\udf04 Sledujte <strong data-start=\"847\" data-end=\"890\">z\u00e1pad slunce zbarv\u00ed obzor do zlatav\u00fdch odst\u00edn\u016f.<\/strong><\/p>\n<\/li>\n<li data-start=\"893\" data-end=\"954\">\n<p data-start=\"895\" data-end=\"954\">\ud83e\udd1d Seznamte se s p\u0159\u00e1telsk\u00fdmi m\u00edstn\u00edmi obyvateli a poznejte jejich kulturu<\/p>\n<\/li>\n<\/ul>\n<h4 data-start=\"956\" data-end=\"988\">\ud83c\udf56 Ve\u010de\u0159e a z\u00e1bava<\/h4>\n<p data-start=\"989\" data-end=\"1074\">Kdy\u017e se setm\u00ed, dop\u0159ejte si lahodnou <strong data-start=\"1028\" data-end=\"1047\">grilovan\u00e1 ve\u010de\u0159e<\/strong> v kombinaci s nealkoholick\u00fdmi n\u00e1poji.<\/p>\n<ul data-start=\"1075\" data-end=\"1196\">\n<li data-start=\"1075\" data-end=\"1128\">\n<p data-start=\"1077\" data-end=\"1128\">\ud83c\udfb6 U\u017eijte si fascinuj\u00edc\u00ed <strong data-start=\"1100\" data-end=\"1126\">Egyptsk\u00e1 folklorn\u00ed show<\/strong><\/p>\n<\/li>\n<li data-start=\"1129\" data-end=\"1196\">\n<p data-start=\"1131\" data-end=\"1196\">\u2b50 Ve\u010der zakon\u010dete <strong data-start=\"1153\" data-end=\"1167\">pozorov\u00e1n\u00ed hv\u011bzd<\/strong> na klidn\u00e9m pou\u0161tn\u00edm nebi<\/p>\n<\/li>\n<\/ul>\n<h4 data-start=\"1198\" data-end=\"1229\">\ud83d\ude90 Bezprobl\u00e9mov\u00e9 transfery<\/h4>\n<p data-start=\"1230\" data-end=\"1342\">Relaxujte s <strong data-start=\"1241\" data-end=\"1265\">zp\u00e1te\u010dn\u00ed transfery<\/strong> z va\u0161eho hotelu v Hurghad\u011b na z\u00e1kladnu - bez stresu a pohodln\u011b!<\/p>\n<article class=\"text-token-text-primary w-full focus:outline-none scroll-mt-[calc(var(--header-height)+min(200px,max(70px,20svh)))]\" dir=\"auto\" tabindex=\"-1\" data-turn-id=\"request-WEB:03ee36ad-4c16-45a2-a255-2a64e427af84-40\" data-testid=\"conversation-turn-82\" data-scroll-anchor=\"false\" data-turn=\"assistant\">\n<div class=\"text-base my-auto mx-auto [--thread-content-margin:--spacing(4)] thread-sm:[--thread-content-margin:--spacing(6)] thread-lg:[--thread-content-margin:--spacing(16)] px-(--thread-content-margin)\">\n<div class=\"[--thread-content-max-width:40rem] thread-lg:[--thread-content-max-width:48rem] mx-auto max-w-(--thread-content-max-width) flex-1 group\/turn-messages focus-visible:outline-hidden relative flex w-full min-w-0 flex-col agent-turn\" tabindex=\"-1\">\n<div class=\"flex max-w-full flex-col grow\">\n<div class=\"min-h-8 text-message relative flex w-full flex-col items-end gap-2 text-start break-words whitespace-normal [.text-message+&amp;]:mt-5\" dir=\"auto\" data-message-author-role=\"assistant\" data-message-id=\"394ef291-a29c-4b50-aed9-f0ade82908c0\" data-message-model-slug=\"gpt-5-mini\">\n<div class=\"flex w-full flex-col gap-1 empty:hidden first:pt-[3px]\">\n<div class=\"markdown prose dark:prose-invert w-full break-words light markdown-new-styling\">\n<h3 data-start=\"157\" data-end=\"176\">\ud83e\udd11 Cena z\u00e1jezdu<\/h3>\n<p data-start=\"177\" data-end=\"281\" data-is-last-node=\"\" data-is-only-node=\"\">\ud83d\ude4e\ud83c\udffb\u200d\u2642\ufe0f <strong data-start=\"185\" data-end=\"206\">16 let a star\u0161\u00ed:<\/strong> \u20ac 27<br data-start=\"210\" data-end=\"213\" \/>\ud83e\uddcd\ud83c\udffb\u200d\u2640\ufe0f <strong data-start=\"221\" data-end=\"236\">6-15 let:<\/strong> \u20ac 15<br data-start=\"240\" data-end=\"243\" \/>\ud83d\udc7c\ud83c\udffc <strong data-start=\"248\" data-end=\"266\">Do 6 let:<\/strong> \ud83d\udeab Nen\u00ed povoleno<\/p>\n<h3 data-start=\"2198\" data-end=\"2225\"><strong data-start=\"2205\" data-end=\"2223\">Platba v USD ($ \ud83c\uddfa\ud83c\uddf8) m\u00edsto v EUR (\u20ac \ud83c\uddea\ud83c\uddfa) je mo\u017en\u00e1 podle denn\u00edho kurzu banky.<\/strong><\/h3>\n<\/div>\n<\/div>\n<\/div>\n<\/div>\n<\/div>\n<\/div>\n<\/article>\n<p><strong>Book Through WhatsApp:<\/strong><\/p>\n<p><a href=\"https:\/\/wa.me\/201021058859\" target=\"_blank\" rel=\"noopener\">\u00a0<img decoding=\"async\" class=\"alignnone wp-image-2058\" src=\"https:\/\/poehalisnamiegypt.com\/wp-content\/uploads\/2024\/02\/pngwing.com_-300x300.png\" sizes=\"auto, (max-width: 35px) 100vw, 35px\" srcset=\"https:\/\/poehalisnamiegypt.com\/wp-content\/uploads\/2024\/02\/pngwing.com_-300x300.png 300w, https:\/\/poehalisnamiegypt.com\/wp-content\/uploads\/2024\/02\/pngwing.com_-150x150.png 150w, https:\/\/poehalisnamiegypt.com\/wp-content\/uploads\/2024\/02\/pngwing.com_.png 584w\" alt=\"\" width=\"53\" height=\"53\" \/><\/a><\/p>","protected":false},"excerpt":{"rendered":"<p>\ud83c\udf05 Sunset Desert Safari by Quad Bike \u2013 Adventure, Culture &amp; Magic Embark on an unforgettable evening as you combine the thrill of an ATV ride with the enchanting beauty of the Eastern Desert at sunset. This experience is perfect for those seeking adventure, culture, and breathtaking views \u2013 all in one trip! \ud83c\udfcd\ufe0f Quad [&hellip;]<\/p>","protected":false},"featured_media":10140,"comment_status":"open","ping_status":"closed","template":"","meta":{"_monsterinsights_skip_tracking":false,"_monsterinsights_sitenote_active":false,"_monsterinsights_sitenote_note":"","_monsterinsights_sitenote_category":0},"product_brand":[],"product_cat":[67],"product_tag":[],"class_list":{"0":"post-10146","1":"product","2":"type-product","3":"status-publish","4":"has-post-thumbnail","6":"product_cat-safari","8":"first","9":"instock","10":"shipping-taxable","11":"purchasable","12":"product-type-ovabrw_car_rental"},"_links":{"self":[{"href":"https:\/\/redsea-dream-tours.com\/cs\/wp-json\/wp\/v2\/product\/10146","targetHints":{"allow":["GET"]}}],"collection":[{"href":"https:\/\/redsea-dream-tours.com\/cs\/wp-json\/wp\/v2\/product"}],"about":[{"href":"https:\/\/redsea-dream-tours.com\/cs\/wp-json\/wp\/v2\/types\/product"}],"replies":[{"embeddable":true,"href":"https:\/\/redsea-dream-tours.com\/cs\/wp-json\/wp\/v2\/comments?post=10146"}],"wp:featuredmedia":[{"embeddable":true,"href":"https:\/\/redsea-dream-tours.com\/cs\/wp-json\/wp\/v2\/media\/10140"}],"wp:attachment":[{"href":"https:\/\/redsea-dream-tours.com\/cs\/wp-json\/wp\/v2\/media?parent=10146"}],"wp:term":[{"taxonomy":"product_brand","embeddable":true,"href":"https:\/\/redsea-dream-tours.com\/cs\/wp-json\/wp\/v2\/product_brand?post=10146"},{"taxonomy":"product_cat","embeddable":true,"href":"https:\/\/redsea-dream-tours.com\/cs\/wp-json\/wp\/v2\/product_cat?post=10146"},{"taxonomy":"product_tag","embeddable":true,"href":"https:\/\/redsea-dream-tours.com\/cs\/wp-json\/wp\/v2\/product_tag?post=10146"}],"curies":[{"name":"wp","href":"https:\/\/api.w.org\/{rel}","templated":true}]}}