{"id":10131,"date":"2025-09-09T08:08:06","date_gmt":"2025-09-09T08:08:06","guid":{"rendered":"https:\/\/redsea-dream-tours.com\/?post_type=product&#038;p=10131"},"modified":"2025-11-28T14:38:03","modified_gmt":"2025-11-28T14:38:03","slug":"super-safari-trip","status":"publish","type":"product","link":"https:\/\/redsea-dream-tours.com\/cs\/produkt\/super-safari-trip\/","title":{"rendered":"Super Safari: \u010cty\u0159kolky, bedu\u00ednsk\u00fd \u017eivot a z\u00e1pad slunce."},"content":{"rendered":"<blockquote data-start=\"1175\" data-end=\"1285\"><p>\ud83c\udfdc\ufe0f Super Safari Hurghada<\/p>\n<p>Vydejte se na nezapomenuteln\u00e9 dobrodru\u017estv\u00ed zlat\u00fdmi p\u00edsky V\u00fdchodn\u00ed pou\u0161t\u011b a poznejte prav\u00e9ho ducha bedu\u00ednsk\u00e9ho \u017eivota spojen\u00e9ho se vzru\u0161en\u00edm, kulturou a \u00fachvatn\u00fdmi v\u00fdhledy \ud83c\udf05.<\/p>\n<p>\ud83d\ude99 Podrobnosti o programu:<\/p>\n<p>Po poledni v\u00e1s z hotelu vyzvednou modern\u00ed vozidla Toyota Land Cruiser 4\u00d74.<\/p>\n<p>P\u0159\u00edjezd na velbloud\u00ed dv\u016fr - v\u00fdchoz\u00ed bod vzru\u0161uj\u00edc\u00edho pou\u0161tn\u00edho dobrodru\u017estv\u00ed.<\/p>\n<p>Za\u010dn\u011bte sv\u016fj den adrenalinovou 30minutovou j\u00edzdou na \u010dty\u0159kolce p\u0159es p\u00edse\u010dn\u00e9 duny a pou\u0161tn\u00ed \u00fadol\u00ed.<\/p>\n<p>U\u017eijte si jedine\u010dnou j\u00edzdu v aut\u011b Spider Car \ud83d\udd77\ufe0f\ud83d\ude97 a poci\u0165te vzru\u0161en\u00ed z j\u00edzdy otev\u0159enou pou\u0161t\u00ed.<\/p>\n<p>Pokra\u010dujte v cest\u011b pou\u0161t\u00ed asi 22 km a\u017e do bedu\u00ednsk\u00e9 vesnice s panoramatickou zast\u00e1vkou, kde si m\u016f\u017eete vychutnat n\u00e1dhern\u00fd v\u00fdhled na pou\u0161\u0165 z vrcholu kopce.<\/p>\n<p>P\u0159ijm\u011bte v\u0159el\u00e9 bedu\u00ednsk\u00e9 p\u0159iv\u00edt\u00e1n\u00ed s bylinkov\u00fdm \u010dajem a sezn\u00e1men\u00edm s bedu\u00ednsk\u00fdmi tradicemi a \u017eivotn\u00edm stylem.<\/p>\n<p>Prohl\u00eddka bedu\u00ednsk\u00e9 vesnice s pr\u016fvodcem, v\u010detn\u011b:<br \/>\n\ud83c\udfe1 Tradi\u010dn\u00ed ch\u00fd\u0161e - Pe\u010den\u00ed chleba - \u0158emesla - Pohled do ka\u017edodenn\u00edho \u017eivota bedu\u00edn\u016f.<\/p>\n<p>Vydejte se na proj\u00ed\u017e\u010fku na velbloudech \ud83d\udc2a po vesnici, abyste si prohl\u00e9dli okol\u00ed a po\u0159\u00eddili nezapomenuteln\u00e9 fotografie.<\/p>\n<p>Sta\u0148te se sv\u011bdky n\u00e1dhern\u00e9ho z\u00e1padu slunce nad horami a vn\u00edmejte klidn\u00e9 ticho pou\u0161t\u011b.<\/p>\n<p>Vra\u0165te se do kempu na chutnou ve\u010de\u0159i formou otev\u0159en\u00e9ho bufetu s r\u016fzn\u00fdmi orient\u00e1ln\u00edmi pokrmy.<\/p>\n<p>T\u011b\u0161te se na z\u00e1bavn\u00e1 vystoupen\u00ed, v\u010detn\u011b b\u0159i\u0161n\u00ed tane\u010dnice \ud83d\udc83 a p\u0159edstaven\u00ed Tanoura \ud83c\udf00.<\/p>\n<p>Ve\u010der zakon\u010dete kouzeln\u00fdm pozorov\u00e1n\u00edm hv\u011bzd \u2728 pod jasnou pou\u0161tn\u00ed oblohou.<\/p>\n<p>Kolem 19:30 se vra\u0165te do hotelu se vzpom\u00ednkami na cel\u00fd \u017eivot.<\/p>\n<p>\ud83d\udca7 Obsahuje:<\/p>\n<p>2 l\u00e1hve miner\u00e1ln\u00ed vody + neomezen\u00e9 mno\u017estv\u00ed ibi\u0161kov\u00e9ho d\u017eusu<\/p>\n<p>\ud83d\udcc5 K dispozici denn\u011b - minim\u00e1ln\u00ed po\u010det \u00fa\u010dastn\u00edk\u016f nen\u00ed vy\u017eadov\u00e1n<\/p>\n<article class=\"text-token-text-primary w-full focus:outline-none scroll-mt-[calc(var(--header-height)+min(200px,max(70px,20svh)))]\" dir=\"auto\" tabindex=\"-1\" data-turn-id=\"request-WEB:03ee36ad-4c16-45a2-a255-2a64e427af84-40\" data-testid=\"conversation-turn-82\" data-scroll-anchor=\"false\" data-turn=\"assistant\">\n<div class=\"text-base my-auto mx-auto [--thread-content-margin:--spacing(4)] thread-sm:[--thread-content-margin:--spacing(6)] thread-lg:[--thread-content-margin:--spacing(16)] px-(--thread-content-margin)\">\n<div class=\"[--thread-content-max-width:40rem] thread-lg:[--thread-content-max-width:48rem] mx-auto max-w-(--thread-content-max-width) flex-1 group\/turn-messages focus-visible:outline-hidden relative flex w-full min-w-0 flex-col agent-turn\" tabindex=\"-1\">\n<div class=\"flex max-w-full flex-col grow\">\n<div class=\"min-h-8 text-message relative flex w-full flex-col items-end gap-2 text-start break-words whitespace-normal [.text-message+&amp;]:mt-5\" dir=\"auto\" data-message-author-role=\"assistant\" data-message-id=\"394ef291-a29c-4b50-aed9-f0ade82908c0\" data-message-model-slug=\"gpt-5-mini\">\n<div class=\"flex w-full flex-col gap-1 empty:hidden first:pt-[3px]\">\n<div class=\"markdown prose dark:prose-invert w-full break-words light markdown-new-styling\">\n<h3 data-start=\"157\" data-end=\"176\">\ud83e\udd11 Cena z\u00e1jezdu<\/h3>\n<p data-start=\"177\" data-end=\"281\" data-is-last-node=\"\" data-is-only-node=\"\">\ud83d\ude4e\ud83c\udffb\u200d\u2642\ufe0f <strong data-start=\"185\" data-end=\"206\">16 let a star\u0161\u00ed:<\/strong> \u20ac 30<br data-start=\"210\" data-end=\"213\" \/>\ud83e\uddcd\ud83c\udffb\u200d\u2640\ufe0f <strong data-start=\"221\" data-end=\"236\">6-15 let:<\/strong> \u20ac 15<br data-start=\"240\" data-end=\"243\" \/>\ud83d\udc7c\ud83c\udffc <strong data-start=\"248\" data-end=\"266\">Do 6 let:<\/strong> \ud83d\udeab Nen\u00ed povoleno<\/p>\n<\/div>\n<\/div>\n<\/div>\n<\/div>\n<h3 data-start=\"2198\" data-end=\"2225\"><strong data-start=\"2205\" data-end=\"2223\">Platba v USD ($ \ud83c\uddfa\ud83c\uddf8) m\u00edsto v EUR (\u20ac \ud83c\uddea\ud83c\uddfa) je mo\u017en\u00e1 podle denn\u00edho kurzu banky.<\/strong><\/h3>\n<\/div>\n<\/div>\n<\/article>\n<p><strong>Book Through WhatsApp:<\/strong><\/p>\n<p><a href=\"https:\/\/wa.me\/201021058859\" target=\"_blank\" rel=\"noopener\">\u00a0<img decoding=\"async\" class=\"alignnone wp-image-2058\" src=\"https:\/\/poehalisnamiegypt.com\/wp-content\/uploads\/2024\/02\/pngwing.com_-300x300.png\" sizes=\"auto, (max-width: 35px) 100vw, 35px\" srcset=\"https:\/\/poehalisnamiegypt.com\/wp-content\/uploads\/2024\/02\/pngwing.com_-300x300.png 300w, https:\/\/poehalisnamiegypt.com\/wp-content\/uploads\/2024\/02\/pngwing.com_-150x150.png 150w, https:\/\/poehalisnamiegypt.com\/wp-content\/uploads\/2024\/02\/pngwing.com_.png 584w\" alt=\"\" width=\"53\" height=\"53\" \/><\/a><\/p><\/blockquote>\n<div id=\"gtx-trans\" style=\"position: absolute; left: 183px; top: 47.8px;\">\n<div class=\"gtx-trans-icon\"><\/div>\n<\/div>\n<div id=\"gtx-trans\" style=\"position: absolute; left: 183px; top: 47.8px;\">\n<div class=\"gtx-trans-icon\"><\/div>\n<\/div>","protected":false},"excerpt":{"rendered":"<p>\ud83c\udfdc\ufe0f Super Safari Hurghada Embark on an unforgettable adventure through the golden sands of the Eastern Desert and experience the true spirit of Bedouin life combined with excitement, culture, and breathtaking views \ud83c\udf05 \ud83d\ude99 Program Details: Pick up after noon from your hotel by modern Toyota Land Cruiser 4\u00d74 vehicles. Arrival at the Camel Yard [&hellip;]<\/p>","protected":false},"featured_media":10134,"comment_status":"open","ping_status":"closed","template":"","meta":{"_monsterinsights_skip_tracking":false,"_monsterinsights_sitenote_active":false,"_monsterinsights_sitenote_note":"","_monsterinsights_sitenote_category":0},"product_brand":[],"product_cat":[67],"product_tag":[],"class_list":{"0":"post-10131","1":"product","2":"type-product","3":"status-publish","4":"has-post-thumbnail","6":"product_cat-safari","8":"first","9":"instock","10":"shipping-taxable","11":"purchasable","12":"product-type-ovabrw_car_rental"},"_links":{"self":[{"href":"https:\/\/redsea-dream-tours.com\/cs\/wp-json\/wp\/v2\/product\/10131","targetHints":{"allow":["GET"]}}],"collection":[{"href":"https:\/\/redsea-dream-tours.com\/cs\/wp-json\/wp\/v2\/product"}],"about":[{"href":"https:\/\/redsea-dream-tours.com\/cs\/wp-json\/wp\/v2\/types\/product"}],"replies":[{"embeddable":true,"href":"https:\/\/redsea-dream-tours.com\/cs\/wp-json\/wp\/v2\/comments?post=10131"}],"wp:featuredmedia":[{"embeddable":true,"href":"https:\/\/redsea-dream-tours.com\/cs\/wp-json\/wp\/v2\/media\/10134"}],"wp:attachment":[{"href":"https:\/\/redsea-dream-tours.com\/cs\/wp-json\/wp\/v2\/media?parent=10131"}],"wp:term":[{"taxonomy":"product_brand","embeddable":true,"href":"https:\/\/redsea-dream-tours.com\/cs\/wp-json\/wp\/v2\/product_brand?post=10131"},{"taxonomy":"product_cat","embeddable":true,"href":"https:\/\/redsea-dream-tours.com\/cs\/wp-json\/wp\/v2\/product_cat?post=10131"},{"taxonomy":"product_tag","embeddable":true,"href":"https:\/\/redsea-dream-tours.com\/cs\/wp-json\/wp\/v2\/product_tag?post=10131"}],"curies":[{"name":"wp","href":"https:\/\/api.w.org\/{rel}","templated":true}]}}