{"id":10113,"date":"2025-09-08T11:25:13","date_gmt":"2025-09-08T11:25:13","guid":{"rendered":"https:\/\/redsea-dream-tours.com\/?post_type=product&#038;p=10113"},"modified":"2025-11-28T14:59:55","modified_gmt":"2025-11-28T14:59:55","slug":"spa-and-massage","status":"publish","type":"product","link":"https:\/\/redsea-dream-tours.com\/cs\/produkt\/spa-and-massage\/","title":{"rendered":"Z\u00e1\u017eitek z kr\u00e1lovsk\u00fdch l\u00e1zn\u00ed: Relaxujte, osv\u011b\u017ete se a oml\u00e1dn\u011bte."},"content":{"rendered":"<p data-start=\"98\" data-end=\"156\"><strong data-start=\"98\" data-end=\"154\">\ud83d\udc86\u200d\u2642\ufe0f \u00dat\u011bk do klidu - l\u00e1ze\u0148sk\u00fd a mas\u00e1\u017en\u00ed z\u00e1\u017eitek!<\/strong><\/p>\n<p data-start=\"92\" data-end=\"326\"><strong data-start=\"92\" data-end=\"141\">\ud83d\udc86\ud83c\udffb\u200d\u2640\ufe0f Ultim\u00e1tn\u00ed relaxa\u010dn\u00ed a wellness \u00fat\u011bk<\/strong><br data-start=\"141\" data-end=\"144\" \/>Dop\u0159ejte si odpo\u010dinek v na\u0161\u00ed klidn\u00e9 wellness o\u00e1ze. Kompletn\u00ed program ur\u010den\u00fd k omlazen\u00ed t\u011bla a zklidn\u011bn\u00ed mysli je ide\u00e1ln\u00ed pro s\u00f3lo cestovatele nebo p\u00e1ry, kter\u00e9 hledaj\u00ed \u010distou relaxaci.<\/p>\n<p data-start=\"328\" data-end=\"392\"><strong data-start=\"328\" data-end=\"352\">\u2728 Egypt Royal Spa<\/strong><br data-start=\"352\" data-end=\"355\" \/>\ud83e\uddd6\u200d\u2640\ufe0f <strong data-start=\"361\" data-end=\"390\">Kompletn\u00ed z\u00e1\u017eitek zahrnuje:<\/strong><\/p>\n<ul data-start=\"393\" data-end=\"571\">\n<li data-start=\"393\" data-end=\"427\">\n<p data-start=\"395\" data-end=\"427\">Sauna a parn\u00ed l\u00e1ze\u0148 \/ Soln\u00e1 jeskyn\u011b<\/p>\n<\/li>\n<li data-start=\"428\" data-end=\"464\">\n<p data-start=\"430\" data-end=\"464\">Kompletn\u00ed peeling obli\u010deje a t\u011bla<\/p>\n<\/li>\n<li data-start=\"465\" data-end=\"489\">\n<p data-start=\"467\" data-end=\"489\">Relaxa\u010dn\u00ed bublinkov\u00e1 koupel<\/p>\n<\/li>\n<li data-start=\"490\" data-end=\"535\">\n<p data-start=\"492\" data-end=\"535\">M\u00fddlov\u00e1 mas\u00e1\u017e \/ v\u00ed\u0159ivka s \u010derstv\u00fdm ovocem<\/p>\n<\/li>\n<li data-start=\"536\" data-end=\"571\">\n<p data-start=\"538\" data-end=\"571\">Maska na obli\u010dej \/ Mas\u00e1\u017e cel\u00e9ho t\u011bla<\/p>\n<\/li>\n<\/ul>\n<p data-start=\"573\" data-end=\"593\">\ud83c\udf1f <strong data-start=\"576\" data-end=\"591\">Nejd\u016fle\u017eit\u011bj\u0161\u00ed informace:<\/strong><\/p>\n<ul data-start=\"594\" data-end=\"714\">\n<li data-start=\"594\" data-end=\"633\">\n<p data-start=\"596\" data-end=\"633\">2,5 hodiny nep\u0159etr\u017eit\u00e9ho h\u00fd\u010dk\u00e1n\u00ed<\/p>\n<\/li>\n<li data-start=\"634\" data-end=\"684\">\n<p data-start=\"636\" data-end=\"684\">Ide\u00e1ln\u00ed pro p\u00e1ry nebo p\u0159\u00e1tele, kte\u0159\u00ed si cht\u011bj\u00ed odpo\u010dinout.<\/p>\n<\/li>\n<li data-start=\"685\" data-end=\"714\">\n<p data-start=\"687\" data-end=\"714\">Kompletn\u00ed p\u00e9\u010de o obli\u010dej a t\u011blo<\/p>\n<\/li>\n<\/ul>\n<p data-start=\"716\" data-end=\"780\"><strong data-start=\"716\" data-end=\"740\">\u2728 Egypt Royal VIP\u00a0<\/strong><br data-start=\"740\" data-end=\"743\" \/>\ud83e\uddd6\u200d\u2640\ufe0f <strong data-start=\"749\" data-end=\"778\">Kompletn\u00ed z\u00e1\u017eitek zahrnuje:<\/strong><\/p>\n<ul data-start=\"781\" data-end=\"1016\">\n<li data-start=\"781\" data-end=\"830\">\n<p data-start=\"783\" data-end=\"830\">Sauna, parn\u00ed l\u00e1ze\u0148 a v\u00ed\u0159ivka s \u010derstv\u00fdm ovocem<\/p>\n<\/li>\n<li data-start=\"831\" data-end=\"867\">\n<p data-start=\"833\" data-end=\"867\">Soln\u00e1 jeskyn\u011b \/ Relaxa\u010dn\u00ed perli\u010dkov\u00e1 koupel<\/p>\n<\/li>\n<li data-start=\"868\" data-end=\"900\">\n<p data-start=\"870\" data-end=\"900\">Kokosov\u00fd nebo k\u00e1vov\u00fd t\u011blov\u00fd peeling<\/p>\n<\/li>\n<li data-start=\"901\" data-end=\"918\">\n<p data-start=\"903\" data-end=\"918\">M\u00fddlov\u00e1 mas\u00e1\u017e<\/p>\n<\/li>\n<li data-start=\"919\" data-end=\"965\">\n<p data-start=\"921\" data-end=\"965\">Peeling rukou a nohou se sol\u00ed z Mrtv\u00e9ho mo\u0159e<\/p>\n<\/li>\n<li data-start=\"966\" data-end=\"994\">\n<p data-start=\"968\" data-end=\"994\">\u010cokol\u00e1dov\u00e1 maska na obli\u010dej \ud83c\udf6b<\/p>\n<\/li>\n<li data-start=\"995\" data-end=\"1016\">\n<p data-start=\"997\" data-end=\"1016\">Mas\u00e1\u017e cel\u00e9ho t\u011bla<\/p>\n<\/li>\n<\/ul>\n<p data-start=\"1018\" data-end=\"1038\">\ud83c\udf1f <strong data-start=\"1021\" data-end=\"1036\">Nejd\u016fle\u017eit\u011bj\u0161\u00ed informace:<\/strong><\/p>\n<ul data-start=\"1039\" data-end=\"1109\">\n<li data-start=\"1039\" data-end=\"1079\">\n<p data-start=\"1041\" data-end=\"1079\">2,5 hodiny nep\u0159etr\u017eit\u00e9ho po\u017eitk\u00e1\u0159stv\u00ed<\/p>\n<\/li>\n<li data-start=\"1080\" data-end=\"1109\">\n<p data-start=\"1082\" data-end=\"1109\">Kompletn\u00ed p\u00e9\u010de o obli\u010dej a t\u011blo<\/p>\n<\/li>\n<\/ul>\n<p data-start=\"1111\" data-end=\"1135\"><strong data-start=\"1111\" data-end=\"1133\">\ud83d\udcdd D\u016fle\u017eit\u00e9 informace:<\/strong><\/p>\n<ul data-start=\"1136\" data-end=\"1251\">\n<li data-start=\"1136\" data-end=\"1196\">\n<p data-start=\"1138\" data-end=\"1196\">Stejn\u00e9 programy jsou k dispozici i v soukrom\u00e9 podob\u011b.<\/p>\n<\/li>\n<li data-start=\"1197\" data-end=\"1251\">\n<p data-start=\"1199\" data-end=\"1251\">L\u00e1ze\u0148sk\u00e1 \u010d\u00e1st je sm\u00ed\u0161en\u00e1 a spole\u010dn\u00e1, mas\u00e1\u017ee jsou soukrom\u00e9.<\/p>\n<\/li>\n<\/ul>\n<p data-start=\"1535\" data-end=\"1557\"><strong data-start=\"1535\" data-end=\"1555\">Podrobnosti o programu:<\/strong><\/p>\n<ul data-start=\"1558\" data-end=\"1732\">\n<li data-start=\"1558\" data-end=\"1591\">\n<p data-start=\"1560\" data-end=\"1591\">Dopoledn\u00ed nebo odpoledn\u00ed sezen\u00ed<\/p>\n<\/li>\n<li data-start=\"1592\" data-end=\"1627\">\n<p data-start=\"1594\" data-end=\"1627\">Doba trv\u00e1n\u00ed: p\u0159ibli\u017en\u011b 2 hodiny<\/p>\n<\/li>\n<li data-start=\"1628\" data-end=\"1660\">\n<p data-start=\"1630\" data-end=\"1660\">Hammam, sauna, sm\u00ed\u0161en\u00e1 v\u00ed\u0159ivka<\/p>\n<\/li>\n<li data-start=\"1661\" data-end=\"1696\">\n<p data-start=\"1663\" data-end=\"1696\">P\u011bnov\u00e1 mas\u00e1\u017e, t\u011blov\u00fd peeling a z\u00e1bal<\/p>\n<\/li>\n<li data-start=\"1697\" data-end=\"1732\">\n<p data-start=\"1699\" data-end=\"1732\">30minutov\u00e1 maska a mas\u00e1\u017e obli\u010deje<\/p>\n<\/li>\n<\/ul>\n<p data-start=\"1734\" data-end=\"1757\"><strong data-start=\"1734\" data-end=\"1755\">Zahrnut\u00e9 mo\u017enosti:<\/strong><\/p>\n<ul data-start=\"1758\" data-end=\"1809\">\n<li data-start=\"1758\" data-end=\"1787\">\n<p data-start=\"1760\" data-end=\"1787\">Hotelov\u00fd transfer tam i zp\u011bt<\/p>\n<\/li>\n<li data-start=\"1788\" data-end=\"1809\">\n<p data-start=\"1790\" data-end=\"1809\">Osv\u011b\u017euj\u00edc\u00ed n\u00e1poje<\/p>\n<\/li>\n<\/ul>\n<p data-start=\"1443\" data-end=\"1665\">A\u0165 u\u017e hled\u00e1te <strong data-start=\"1460\" data-end=\"1479\">hlubok\u00e1 relaxace<\/strong>, <strong data-start=\"1481\" data-end=\"1498\">\u00faleva od stresu<\/strong>, nebo jen chvilku na to, abyste se znovu spojili sami se sebou. <strong data-start=\"1551\" data-end=\"1579\">L\u00e1ze\u0148sk\u00e9 a mas\u00e9rsk\u00e9 z\u00e1\u017eitky<\/strong> slibuje, \u017ee ve v\u00e1s zanech\u00e1 pocit <strong data-start=\"1610\" data-end=\"1662\">obnoven\u00e9, osv\u011b\u017een\u00e9 a zcela revitalizovan\u00e9 \u2728<\/strong>.<\/p>\n<p data-start=\"1443\" data-end=\"1665\"><strong data-start=\"1253\" data-end=\"1276\">\ud83e\udd11 Ceny aktivit:<\/strong><\/p>\n<table style=\"height: 108px;\" width=\"795\">\n<tbody>\n<tr>\n<td width=\"126\"><strong>\u00a0\u20ac\u00a0\u00a0\u00a0 30.00<\/strong><\/td>\n<td width=\"307\"><strong>egyptsk\u00e9 kr\u00e1lovsk\u00e9 l\u00e1zn\u011b<\/strong><\/td>\n<\/tr>\n<tr>\n<td><strong>\u00a0\u20ac\u00a0\u00a0\u00a0 35.00<\/strong><\/td>\n<td width=\"307\"><strong>egypt royal vip<\/strong><\/td>\n<\/tr>\n<tr>\n<td><strong>\u00a0\u20ac\u00a0\u00a0\u00a0 80.00<\/strong><\/td>\n<td width=\"307\"><strong>egyptsk\u00e9 kr\u00e1lovsk\u00e9 l\u00e1zn\u011b Private<\/strong><\/td>\n<\/tr>\n<tr>\n<td><strong>\u00a0\u20ac\u00a0\u00a0\u00a090.00<\/strong><\/td>\n<td width=\"307\"><strong>egypt royal vip Private<\/strong><\/td>\n<\/tr>\n<\/tbody>\n<\/table>\n<h3 data-start=\"2198\" data-end=\"2225\"><strong data-start=\"2205\" data-end=\"2223\">Platba v USD ($ \ud83c\uddfa\ud83c\uddf8) m\u00edsto v EUR (\u20ac \ud83c\uddea\ud83c\uddfa) je mo\u017en\u00e1 podle denn\u00edho kurzu banky.<\/strong><\/h3>\n<p><strong>Book Through WhatsApp:<\/strong><\/p>\n<p><a href=\"https:\/\/wa.me\/201021058859\" target=\"_blank\" rel=\"noopener\">\u00a0<img decoding=\"async\" class=\"alignnone wp-image-2058\" src=\"https:\/\/poehalisnamiegypt.com\/wp-content\/uploads\/2024\/02\/pngwing.com_-300x300.png\" sizes=\"auto, (max-width: 35px) 100vw, 35px\" srcset=\"https:\/\/poehalisnamiegypt.com\/wp-content\/uploads\/2024\/02\/pngwing.com_-300x300.png 300w, https:\/\/poehalisnamiegypt.com\/wp-content\/uploads\/2024\/02\/pngwing.com_-150x150.png 150w, https:\/\/poehalisnamiegypt.com\/wp-content\/uploads\/2024\/02\/pngwing.com_.png 584w\" alt=\"\" width=\"53\" height=\"53\" \/><\/a><\/p>\n<p>&nbsp;<\/p>","protected":false},"excerpt":{"rendered":"<p>\ud83d\udc86\u200d\u2642\ufe0f Escape to Serenity \u2013 Spa &amp; Massage Experience! \ud83d\udc86\ud83c\udffb\u200d\u2640\ufe0f Ultimate Relaxation &amp; Wellness EscapeIndulge yourself in our serene wellness oasis. A complete program designed to rejuvenate your body and calm your mind\u2014perfect for solo travelers or couples seeking pure relaxation. \u2728\u00a0 Egypt Royal Spa\ud83e\uddd6\u200d\u2640\ufe0f Full Experience Includes: Sauna &amp; steam bath \/ Salt cave [&hellip;]<\/p>","protected":false},"featured_media":10118,"comment_status":"open","ping_status":"closed","template":"","meta":{"_monsterinsights_skip_tracking":false,"_monsterinsights_sitenote_active":false,"_monsterinsights_sitenote_note":"","_monsterinsights_sitenote_category":0},"product_brand":[],"product_cat":[64],"product_tag":[],"class_list":{"0":"post-10113","1":"product","2":"type-product","3":"status-publish","4":"has-post-thumbnail","6":"product_cat-entertaining","8":"first","9":"instock","10":"shipping-taxable","11":"purchasable","12":"product-type-ovabrw_car_rental"},"_links":{"self":[{"href":"https:\/\/redsea-dream-tours.com\/cs\/wp-json\/wp\/v2\/product\/10113","targetHints":{"allow":["GET"]}}],"collection":[{"href":"https:\/\/redsea-dream-tours.com\/cs\/wp-json\/wp\/v2\/product"}],"about":[{"href":"https:\/\/redsea-dream-tours.com\/cs\/wp-json\/wp\/v2\/types\/product"}],"replies":[{"embeddable":true,"href":"https:\/\/redsea-dream-tours.com\/cs\/wp-json\/wp\/v2\/comments?post=10113"}],"wp:featuredmedia":[{"embeddable":true,"href":"https:\/\/redsea-dream-tours.com\/cs\/wp-json\/wp\/v2\/media\/10118"}],"wp:attachment":[{"href":"https:\/\/redsea-dream-tours.com\/cs\/wp-json\/wp\/v2\/media?parent=10113"}],"wp:term":[{"taxonomy":"product_brand","embeddable":true,"href":"https:\/\/redsea-dream-tours.com\/cs\/wp-json\/wp\/v2\/product_brand?post=10113"},{"taxonomy":"product_cat","embeddable":true,"href":"https:\/\/redsea-dream-tours.com\/cs\/wp-json\/wp\/v2\/product_cat?post=10113"},{"taxonomy":"product_tag","embeddable":true,"href":"https:\/\/redsea-dream-tours.com\/cs\/wp-json\/wp\/v2\/product_tag?post=10113"}],"curies":[{"name":"wp","href":"https:\/\/api.w.org\/{rel}","templated":true}]}}