{"id":10099,"date":"2025-09-08T11:02:07","date_gmt":"2025-09-08T11:02:07","guid":{"rendered":"https:\/\/redsea-dream-tours.com\/?post_type=product&#038;p=10099"},"modified":"2025-11-28T15:00:47","modified_gmt":"2025-11-28T15:00:47","slug":"gouna-karting-trip","status":"publish","type":"product","link":"https:\/\/redsea-dream-tours.com\/cs\/produkt\/gouna-karting-trip\/","title":{"rendered":"Gouna Karting: Rychl\u00e1 z\u00e1bava a z\u00e1vodn\u00ed vzru\u0161en\u00ed"},"content":{"rendered":"<p data-start=\"110\" data-end=\"186\"><strong data-start=\"110\" data-end=\"184\">\ud83c\udfce\ufe0f Za\u017eijte vzru\u0161en\u00ed na motok\u00e1r\u00e1ch v Goun\u011b - dokonal\u00fd z\u00e1vodn\u00ed z\u00e1\u017eitek!<\/strong><\/p>\n<p data-start=\"188\" data-end=\"449\">Jste p\u0159ipraveni uspokojit svou pot\u0159ebu rychlosti? <strong data-start=\"226\" data-end=\"243\">Gouna Karting<\/strong> nab\u00edz\u00ed jednu z nejv\u00edce vzru\u0161uj\u00edc\u00edch aktivit v <strong data-start=\"291\" data-end=\"303\">El Gouna<\/strong>, kde se dobrodru\u017estv\u00ed snoub\u00ed s adrenalinem! A\u0165 u\u017e jste za\u010d\u00e1te\u010dn\u00edk nebo zku\u0161en\u00fd z\u00e1vodn\u00edk, tento z\u00e1\u017eitek je navr\u017een tak, aby ve v\u00e1s probudil \u0161ampiona.<\/p>\n<p data-start=\"451\" data-end=\"492\"><strong data-start=\"451\" data-end=\"490\">\u2728 Co v\u00e1s \u010dek\u00e1 na motok\u00e1r\u00e1ch v Goun\u011b?<\/strong><\/p>\n<ul data-start=\"493\" data-end=\"907\">\n<li data-start=\"493\" data-end=\"618\">\n<p data-start=\"495\" data-end=\"618\"><strong data-start=\"495\" data-end=\"527\">Profesion\u00e1ln\u00ed z\u00e1vodn\u00ed dr\u00e1ha \ud83c\udfc1<\/strong> - Jeden z nejv\u011bt\u0161\u00edch a nejbezpe\u010dn\u011bj\u0161\u00edch motok\u00e1rov\u00fdch okruh\u016f v Egypt\u011b, ide\u00e1ln\u00ed pro v\u0161echny \u00farovn\u011b pokro\u010dilosti.<\/p>\n<\/li>\n<li data-start=\"619\" data-end=\"714\">\n<p data-start=\"621\" data-end=\"714\"><strong data-start=\"621\" data-end=\"647\">Vysokorychlostn\u00ed motok\u00e1ry \ud83d\udea6<\/strong> - Modern\u00ed, dob\u0159e udr\u017eovan\u00e9 motok\u00e1ry postaven\u00e9 pro vzru\u0161en\u00ed a bezpe\u010dnost.<\/p>\n<\/li>\n<li data-start=\"715\" data-end=\"795\">\n<p data-start=\"717\" data-end=\"795\"><strong data-start=\"717\" data-end=\"736\">Bezpe\u010dnost p\u0159edev\u0161\u00edm \ud83e\uddba<\/strong> - P\u0159ilby, v\u00fdstroj a kompletn\u00ed bezpe\u010dnostn\u00ed instrukt\u00e1\u017e jsou zaji\u0161t\u011bny.<\/p>\n<\/li>\n<li data-start=\"796\" data-end=\"907\">\n<p data-start=\"798\" data-end=\"907\"><strong data-start=\"798\" data-end=\"826\">Z\u00e1vody na \u010das \u23f1\ufe0f<\/strong> - Sout\u011b\u017ete s p\u0159\u00e1teli, rodinou nebo jin\u00fdmi z\u00e1vodn\u00edky o nejlep\u0161\u00ed \u010das na kolo!<\/p>\n<\/li>\n<\/ul>\n<p data-start=\"909\" data-end=\"934\"><strong data-start=\"909\" data-end=\"932\">\ud83d\udd52 Nejd\u016fle\u017eit\u011bj\u0161\u00ed body v\u00fdletu:<\/strong><\/p>\n<ul data-start=\"935\" data-end=\"1223\">\n<li data-start=\"935\" data-end=\"987\">\n<p data-start=\"937\" data-end=\"987\">V\u00fdhodn\u00e1 poloha v centru El Gouny \ud83c\udf34.<\/p>\n<\/li>\n<li data-start=\"988\" data-end=\"1066\">\n<p data-start=\"990\" data-end=\"1066\">Vhodn\u00e9 pro dosp\u011bl\u00e9 a mlad\u00e9 z\u00e1vodn\u00edky (s omezen\u00edm v\u011bku\/v\u00fd\u0161ky) \ud83d\udc68\u200d\ud83d\udc69\u200d\ud83d\udc67\u200d\ud83d\udc66.<\/p>\n<\/li>\n<li data-start=\"1067\" data-end=\"1162\">\n<p data-start=\"1069\" data-end=\"1162\">Flexibiln\u00ed \u010dasov\u00e9 rozvr\u017een\u00ed - u\u017eijte si ji jako samostatn\u00e9 dobrodru\u017estv\u00ed nebo ji p\u0159idejte k celodenn\u00edmu v\u00fdletu do Guny.<\/p>\n<\/li>\n<li data-start=\"1163\" data-end=\"1223\">\n<p data-start=\"1165\" data-end=\"1223\">Mo\u017enost zachytit sv\u00e9 okam\u017eiky pomoc\u00ed fotografi\u00ed nebo vide\u00ed \ud83d\udcf8.<\/p>\n<\/li>\n<\/ul>\n<p data-start=\"1225\" data-end=\"1246\"><strong data-start=\"1225\" data-end=\"1244\">\ud83d\udcbc Ide\u00e1ln\u00ed pro:<\/strong><\/p>\n<ul data-start=\"1247\" data-end=\"1394\">\n<li data-start=\"1247\" data-end=\"1298\">\n<p data-start=\"1249\" data-end=\"1298\">Rodiny, kter\u00e9 hledaj\u00ed z\u00e1bavu a akci \ud83d\udc68\u200d\ud83d\udc69\u200d\ud83d\udc67\u200d\ud83d\udc66<\/p>\n<\/li>\n<li data-start=\"1299\" data-end=\"1345\">\n<p data-start=\"1301\" data-end=\"1345\">Skupiny p\u0159\u00e1tel p\u0159ipraven\u00e9 na v\u00fdzvu \ud83c\udf89<\/p>\n<\/li>\n<li data-start=\"1346\" data-end=\"1394\">\n<p data-start=\"1348\" data-end=\"1394\">Firemn\u00ed teambuilding nebo speci\u00e1ln\u00ed akce \ud83c\udfc6<\/p>\n<\/li>\n<\/ul>\n<p data-start=\"1396\" data-end=\"1701\"><strong data-start=\"1396\" data-end=\"1428\">\ud83c\udf1f Pro\u010d si vybrat Gouna Karting?<\/strong><br data-start=\"1428\" data-end=\"1431\" \/>Proto\u017ee to nen\u00ed jen j\u00edzda - je to <strong data-start=\"1470\" data-end=\"1502\">adrenalinov\u00e9 dobrodru\u017estv\u00ed<\/strong>, kombinuj\u00edc\u00ed <strong data-start=\"1514\" data-end=\"1544\">rychlost, zru\u010dnost a \u010dist\u00e1 z\u00e1bava<\/strong>. A\u0165 u\u017e se hon\u00edte za vzru\u0161en\u00edm ze z\u00e1vodu, nebo jen hled\u00e1te jedine\u010dnou aktivitu v El Goun\u011b, tento z\u00e1\u017eitek v\u00e1m zaru\u010d\u00ed. <strong data-start=\"1672\" data-end=\"1699\">nezapomenuteln\u00e9 vzpom\u00ednky!<\/strong><\/p>\n<h5><img decoding=\"async\" class=\"emoji\" role=\"img\" draggable=\"false\" src=\"https:\/\/s.w.org\/images\/core\/emoji\/16.0.1\/svg\/1f4dd.svg\" alt=\"\ud83d\udcdd\" \/>\u00a0Hodnocen\u00ed<\/h5>\n<ul>\n<li>\u0158\u00edzen\u00ed od 16 let<\/li>\n<li>sezen\u00ed v d\u00e9lce 10 nebo 15 minut podle va\u0161eho v\u00fdb\u011bru<\/li>\n<\/ul>\n<p><strong data-start=\"1253\" data-end=\"1276\">\ud83e\udd11 Ceny aktivit:<\/strong><\/p>\n<table style=\"height: 97px;\" width=\"737\">\n<tbody>\n<tr>\n<td width=\"126\"><strong>\u00a0\u20ac\u00a0\u00a0\u00a0 35.00<\/strong><\/td>\n<td width=\"307\"><strong>Elgouna Karting 15 M<\/strong><\/td>\n<\/tr>\n<tr>\n<td><strong>\u00a0\u20ac\u00a0\u00a0\u00a0 30.00<\/strong><\/td>\n<td width=\"307\"><strong>Elgouna Karting 10 M<\/strong><\/td>\n<\/tr>\n<\/tbody>\n<\/table>\n<h3 data-start=\"2198\" data-end=\"2225\"><strong data-start=\"2205\" data-end=\"2223\">Platba v USD ($ \ud83c\uddfa\ud83c\uddf8) m\u00edsto v EUR (\u20ac \ud83c\uddea\ud83c\uddfa) je mo\u017en\u00e1 podle denn\u00edho kurzu banky.<\/strong><\/h3>\n<p><strong>Book Through WhatsApp:<\/strong><\/p>\n<p><a href=\"https:\/\/wa.me\/201021058859\" target=\"_blank\" rel=\"noopener\">\u00a0<img decoding=\"async\" class=\"alignnone wp-image-2058\" src=\"https:\/\/poehalisnamiegypt.com\/wp-content\/uploads\/2024\/02\/pngwing.com_-300x300.png\" sizes=\"auto, (max-width: 35px) 100vw, 35px\" srcset=\"https:\/\/poehalisnamiegypt.com\/wp-content\/uploads\/2024\/02\/pngwing.com_-300x300.png 300w, https:\/\/poehalisnamiegypt.com\/wp-content\/uploads\/2024\/02\/pngwing.com_-150x150.png 150w, https:\/\/poehalisnamiegypt.com\/wp-content\/uploads\/2024\/02\/pngwing.com_.png 584w\" alt=\"\" width=\"53\" height=\"53\" \/><\/a><\/p>\n<p>&nbsp;<\/p>\n<div id=\"gtx-trans\" style=\"position: absolute; left: 158px; top: 1.2px;\">\n<div class=\"gtx-trans-icon\"><\/div>\n<\/div>","protected":false},"excerpt":{"rendered":"<p>\ud83c\udfce\ufe0f Feel the Rush with Gouna Karting \u2013 The Ultimate Racing Experience! Ready to satisfy your need for speed? Gouna Karting offers one of the most thrilling activities in El Gouna, where adventure meets adrenaline! Whether you\u2019re a beginner or a seasoned racer, this experience is designed to bring out the champion in you. \u2728 [&hellip;]<\/p>","protected":false},"featured_media":10103,"comment_status":"open","ping_status":"closed","template":"","meta":{"_monsterinsights_skip_tracking":false,"_monsterinsights_sitenote_active":false,"_monsterinsights_sitenote_note":"","_monsterinsights_sitenote_category":0},"product_brand":[],"product_cat":[64],"product_tag":[],"class_list":{"0":"post-10099","1":"product","2":"type-product","3":"status-publish","4":"has-post-thumbnail","6":"product_cat-entertaining","8":"first","9":"instock","10":"shipping-taxable","11":"purchasable","12":"product-type-ovabrw_car_rental"},"_links":{"self":[{"href":"https:\/\/redsea-dream-tours.com\/cs\/wp-json\/wp\/v2\/product\/10099","targetHints":{"allow":["GET"]}}],"collection":[{"href":"https:\/\/redsea-dream-tours.com\/cs\/wp-json\/wp\/v2\/product"}],"about":[{"href":"https:\/\/redsea-dream-tours.com\/cs\/wp-json\/wp\/v2\/types\/product"}],"replies":[{"embeddable":true,"href":"https:\/\/redsea-dream-tours.com\/cs\/wp-json\/wp\/v2\/comments?post=10099"}],"wp:featuredmedia":[{"embeddable":true,"href":"https:\/\/redsea-dream-tours.com\/cs\/wp-json\/wp\/v2\/media\/10103"}],"wp:attachment":[{"href":"https:\/\/redsea-dream-tours.com\/cs\/wp-json\/wp\/v2\/media?parent=10099"}],"wp:term":[{"taxonomy":"product_brand","embeddable":true,"href":"https:\/\/redsea-dream-tours.com\/cs\/wp-json\/wp\/v2\/product_brand?post=10099"},{"taxonomy":"product_cat","embeddable":true,"href":"https:\/\/redsea-dream-tours.com\/cs\/wp-json\/wp\/v2\/product_cat?post=10099"},{"taxonomy":"product_tag","embeddable":true,"href":"https:\/\/redsea-dream-tours.com\/cs\/wp-json\/wp\/v2\/product_tag?post=10099"}],"curies":[{"name":"wp","href":"https:\/\/api.w.org\/{rel}","templated":true}]}}