{"id":10026,"date":"2025-09-08T09:51:45","date_gmt":"2025-09-08T09:51:45","guid":{"rendered":"https:\/\/redsea-dream-tours.com\/?post_type=product&#038;p=10026"},"modified":"2025-11-28T15:03:58","modified_gmt":"2025-11-28T15:03:58","slug":"parachute-trip","status":"publish","type":"product","link":"https:\/\/redsea-dream-tours.com\/cs\/produkt\/parachute-trip\/","title":{"rendered":"Parasailing Hurghada: L\u00e9tejte vysoko nad Rud\u00fdm mo\u0159em"},"content":{"rendered":"<p data-start=\"78\" data-end=\"148\"><strong data-start=\"78\" data-end=\"146\">\ud83e\ude82 Vzn\u00e1\u0161ejte se nad Rud\u00fdm mo\u0159em - nezapomenuteln\u00e9 dobrodru\u017estv\u00ed p\u0159i parasailingu!<\/strong><\/p>\n<p data-start=\"150\" data-end=\"426\">P\u0159ipravte se na jednu z <strong data-start=\"175\" data-end=\"222\">nejv\u00edce vzru\u0161uj\u00edc\u00ed a dechberouc\u00ed z\u00e1\u017eitky<\/strong> v Hurghad\u011b! <strong data-start=\"236\" data-end=\"251\">Parasailing<\/strong> nab\u00edz\u00ed jedine\u010dnou p\u0159\u00edle\u017eitost <strong data-start=\"278\" data-end=\"320\">l\u00e9tat vysoko nad jisk\u0159iv\u00fdmi vodami \ud83c\udf0a<\/strong>, c\u00edtit sv\u011b\u017e\u00ed mo\u0159sk\u00fd v\u00e1nek \ud83c\udf2c\ufe0f a b\u00fdt sv\u011bdkem toho. <strong data-start=\"365\" data-end=\"405\">panoramatick\u00fd v\u00fdhled na pob\u0159e\u017e\u00ed \ud83c\udfd6\ufe0f<\/strong> jako nikdy p\u0159edt\u00edm.<\/p>\n<p data-start=\"428\" data-end=\"458\"><strong data-start=\"428\" data-end=\"456\">\u2728 Nejd\u016fle\u017eit\u011bj\u0161\u00ed zku\u0161enosti:<\/strong><\/p>\n<ul data-start=\"459\" data-end=\"652\">\n<li data-start=\"459\" data-end=\"520\">\n<p data-start=\"461\" data-end=\"520\"><strong data-start=\"461\" data-end=\"481\">D\u00e9lka letu:<\/strong> 5 minut \u010dist\u00e9ho vzru\u0161en\u00ed! \u23f1\ufe0f<\/p>\n<\/li>\n<li data-start=\"521\" data-end=\"577\">\n<p data-start=\"523\" data-end=\"577\"><strong data-start=\"523\" data-end=\"557\">\u00da\u017easn\u00e9 leteck\u00e9 vyhl\u00eddky \ud83c\udf05<\/strong> nad Rud\u00fdm mo\u0159em.<\/p>\n<\/li>\n<li data-start=\"578\" data-end=\"652\">\n<p data-start=\"580\" data-end=\"652\"><strong data-start=\"580\" data-end=\"607\">Bezpe\u010dn\u00e9 dobrodru\u017estv\u00ed<\/strong> pod veden\u00edm zku\u0161en\u00fdch odborn\u00edk\u016f \ud83d\udc68\u200d\u2708\ufe0f.<\/p>\n<\/li>\n<\/ul>\n<p data-start=\"654\" data-end=\"673\"><strong data-start=\"654\" data-end=\"671\">\ud83d\udd52 Doba j\u00edzdy:<\/strong><\/p>\n<ul data-start=\"674\" data-end=\"740\">\n<li data-start=\"674\" data-end=\"740\">\n<p data-start=\"676\" data-end=\"740\">Denn\u011b od <strong data-start=\"687\" data-end=\"710\">10:00 a\u017e 17:00<\/strong> - vyberte si ide\u00e1ln\u00ed \u010das!<\/p>\n<\/li>\n<\/ul>\n<h5><img decoding=\"async\" class=\"emoji\" role=\"img\" draggable=\"false\" src=\"https:\/\/s.w.org\/images\/core\/emoji\/16.0.1\/svg\/1f4dd.svg\" alt=\"\ud83d\udcdd\" \/>\u00a0Hodnocen\u00ed<\/h5>\n<ul>\n<li><img decoding=\"async\" class=\"emoji\" role=\"img\" draggable=\"false\" src=\"https:\/\/s.w.org\/images\/core\/emoji\/16.0.1\/svg\/26a0.svg\" alt=\"\u26a0\ufe0f\" \/>\u00a0Transfer nen\u00ed v cen\u011b!<\/li>\n<li>Na pad\u00e1k se vejdou 1 a\u017e 2 osoby.<\/li>\n<li>Od 6 let<\/li>\n<\/ul>\n<p data-start=\"836\" data-end=\"987\">A\u0165 u\u017e hled\u00e1te <strong data-start=\"859\" data-end=\"908\">dobrodru\u017estv\u00ed, romantika nebo jen nov\u00e1 perspektiva.<\/strong>, tento z\u00e1\u017eitek z parasailingu v\u00e1m zanech\u00e1 <strong data-start=\"958\" data-end=\"985\">nezapomenuteln\u00e9 vzpom\u00ednky!<\/strong><\/p>\n<article class=\"text-token-text-primary w-full focus:outline-none scroll-mt-[calc(var(--header-height)+min(200px,max(70px,20svh)))]\" dir=\"auto\" tabindex=\"-1\" data-turn-id=\"request-68cf1740-f044-8320-b794-7b729d41709a-24\" data-testid=\"conversation-turn-40\" data-scroll-anchor=\"false\" data-turn=\"assistant\">\n<div class=\"text-base my-auto mx-auto [--thread-content-margin:--spacing(4)] thread-sm:[--thread-content-margin:--spacing(6)] thread-lg:[--thread-content-margin:--spacing(16)] px-(--thread-content-margin)\">\n<div class=\"[--thread-content-max-width:40rem] thread-lg:[--thread-content-max-width:48rem] mx-auto max-w-(--thread-content-max-width) flex-1 group\/turn-messages focus-visible:outline-hidden relative flex w-full min-w-0 flex-col agent-turn\" tabindex=\"-1\">\n<div class=\"flex max-w-full flex-col grow\">\n<div class=\"min-h-8 text-message relative flex w-full flex-col items-end gap-2 text-start break-words whitespace-normal [.text-message+&amp;]:mt-5\" dir=\"auto\" data-message-author-role=\"assistant\" data-message-id=\"50aab9b1-f898-4146-b155-c5fe1ad94cd2\" data-message-model-slug=\"gpt-5-mini\">\n<div class=\"flex w-full flex-col gap-1 empty:hidden first:pt-[3px]\">\n<div class=\"markdown prose dark:prose-invert w-full break-words light markdown-new-styling\">\n<p data-start=\"41\" data-end=\"65\">\ud83e\udd11 <strong data-start=\"44\" data-end=\"63\">Cena aktivity:<\/strong><\/p>\n<ul data-start=\"66\" data-end=\"137\" data-is-only-node=\"\">\n<li data-start=\"66\" data-end=\"81\">\n<p data-start=\"68\" data-end=\"81\">Dosp\u011bl\u00ed: 18 \u20ac<\/p>\n<\/li>\n<li data-start=\"82\" data-end=\"103\">\n<p data-start=\"84\" data-end=\"103\">Od 6 do 11 let: 18 \u20ac<\/p>\n<\/li>\n<li data-start=\"104\" data-end=\"137\">\n<p data-start=\"106\" data-end=\"137\">Do 6 let: Nen\u00ed povoleno \ud83d\udeab<\/p>\n<\/li>\n<\/ul>\n<\/div>\n<\/div>\n<\/div>\n<\/div>\n<\/div>\n<\/div>\n<\/article>\n<h3 data-start=\"2198\" data-end=\"2225\"><strong data-start=\"2205\" data-end=\"2223\">Platba v USD ($ \ud83c\uddfa\ud83c\uddf8) m\u00edsto v EUR (\u20ac \ud83c\uddea\ud83c\uddfa) je mo\u017en\u00e1 podle denn\u00edho kurzu banky.<\/strong><\/h3>\n<p><strong>Book Through WhatsApp:<\/strong><\/p>\n<p><a href=\"https:\/\/wa.me\/201021058859\" target=\"_blank\" rel=\"noopener\">\u00a0<img decoding=\"async\" class=\"alignnone wp-image-2058\" src=\"https:\/\/poehalisnamiegypt.com\/wp-content\/uploads\/2024\/02\/pngwing.com_-300x300.png\" sizes=\"auto, (max-width: 35px) 100vw, 35px\" srcset=\"https:\/\/poehalisnamiegypt.com\/wp-content\/uploads\/2024\/02\/pngwing.com_-300x300.png 300w, https:\/\/poehalisnamiegypt.com\/wp-content\/uploads\/2024\/02\/pngwing.com_-150x150.png 150w, https:\/\/poehalisnamiegypt.com\/wp-content\/uploads\/2024\/02\/pngwing.com_.png 584w\" alt=\"\" width=\"53\" height=\"53\" \/><\/a><\/p>\n<p>&nbsp;<\/p>\n<p data-start=\"836\" data-end=\"987\">\n<div id=\"gtx-trans\" style=\"position: absolute; left: 302px; top: 1.2px;\">\n<div class=\"gtx-trans-icon\"><\/div>\n<\/div>","protected":false},"excerpt":{"rendered":"<p>\ud83e\ude82 Soar Above the Red Sea \u2013 Unforgettable Parasailing Adventure! Get ready for one of the most thrilling and breathtaking experiences in Hurghada! Parasailing offers a unique chance to fly high above the sparkling waters \ud83c\udf0a, feel the fresh sea breeze \ud83c\udf2c\ufe0f, and witness panoramic views of the coastline \ud83c\udfd6\ufe0f like never before. \u2728 Experience [&hellip;]<\/p>","protected":false},"featured_media":10031,"comment_status":"open","ping_status":"closed","template":"","meta":{"_monsterinsights_skip_tracking":false,"_monsterinsights_sitenote_active":false,"_monsterinsights_sitenote_note":"","_monsterinsights_sitenote_category":0},"product_brand":[],"product_cat":[64],"product_tag":[],"class_list":{"0":"post-10026","1":"product","2":"type-product","3":"status-publish","4":"has-post-thumbnail","6":"product_cat-entertaining","8":"first","9":"instock","10":"shipping-taxable","11":"purchasable","12":"product-type-ovabrw_car_rental"},"_links":{"self":[{"href":"https:\/\/redsea-dream-tours.com\/cs\/wp-json\/wp\/v2\/product\/10026","targetHints":{"allow":["GET"]}}],"collection":[{"href":"https:\/\/redsea-dream-tours.com\/cs\/wp-json\/wp\/v2\/product"}],"about":[{"href":"https:\/\/redsea-dream-tours.com\/cs\/wp-json\/wp\/v2\/types\/product"}],"replies":[{"embeddable":true,"href":"https:\/\/redsea-dream-tours.com\/cs\/wp-json\/wp\/v2\/comments?post=10026"}],"wp:featuredmedia":[{"embeddable":true,"href":"https:\/\/redsea-dream-tours.com\/cs\/wp-json\/wp\/v2\/media\/10031"}],"wp:attachment":[{"href":"https:\/\/redsea-dream-tours.com\/cs\/wp-json\/wp\/v2\/media?parent=10026"}],"wp:term":[{"taxonomy":"product_brand","embeddable":true,"href":"https:\/\/redsea-dream-tours.com\/cs\/wp-json\/wp\/v2\/product_brand?post=10026"},{"taxonomy":"product_cat","embeddable":true,"href":"https:\/\/redsea-dream-tours.com\/cs\/wp-json\/wp\/v2\/product_cat?post=10026"},{"taxonomy":"product_tag","embeddable":true,"href":"https:\/\/redsea-dream-tours.com\/cs\/wp-json\/wp\/v2\/product_tag?post=10026"}],"curies":[{"name":"wp","href":"https:\/\/api.w.org\/{rel}","templated":true}]}}