{"id":10395,"date":"2025-09-09T20:44:10","date_gmt":"2025-09-09T20:44:10","guid":{"rendered":"https:\/\/redsea-dream-tours.com\/?page_id=10395"},"modified":"2025-11-05T22:55:48","modified_gmt":"2025-11-05T22:55:48","slug":"cairo","status":"publish","type":"page","link":"https:\/\/redsea-dream-tours.com\/cs\/cairo\/","title":{"rendered":"K\u00e1hira"},"content":{"rendered":"<div data-elementor-type=\"wp-page\" data-elementor-id=\"10395\" class=\"elementor elementor-10395\" data-elementor-post-type=\"page\">\n\t\t\t\t\t\t<section class=\"elementor-section elementor-top-section elementor-element elementor-element-86e2eb1 elementor-section-boxed elementor-section-height-default elementor-section-height-default\" data-id=\"86e2eb1\" data-element_type=\"section\" data-settings=\"{&quot;background_background&quot;:&quot;classic&quot;,&quot;ekit_has_onepagescroll_dot&quot;:&quot;yes&quot;}\">\n\t\t\t\t\t\t<div class=\"elementor-container elementor-column-gap-default\">\n\t\t\t\t\t<div class=\"elementor-column elementor-col-100 elementor-top-column elementor-element elementor-element-6f9c7d6\" data-id=\"6f9c7d6\" data-element_type=\"column\" data-settings=\"{&quot;background_background&quot;:&quot;gradient&quot;}\">\n\t\t\t<div class=\"elementor-widget-wrap elementor-element-populated\">\n\t\t\t\t\t\t<div class=\"elementor-element elementor-element-9ab856e elementor-widget elementor-widget-elementskit-motion-text\" data-id=\"9ab856e\" data-element_type=\"widget\" data-settings=\"{&quot;ekit_we_effect_on&quot;:&quot;none&quot;}\" data-widget_type=\"elementskit-motion-text.default\">\n\t\t\t\t<div class=\"elementor-widget-container\">\n\t\t\t\t\t<div class=\"ekit-wid-con\" >\t\t<div class=\"elementskit_motion_text_wraper\">\n\t\t\t\t\t\t<div class=\"ekit_motion_text_inner_wraper\" >\n\t\t\t<h2 class=\"ekit_motion_text_title ekit_animation ekit_char_based ekit_char_based\" data-ekit-animation-delay-s=\"10\" data-animate-class=\"ekit-oaoRotateXIn\"><span class=\"ekit_motion_text\" data-ekit-animation-delay=\"10\"> Prohl\u00eddky K\u00e1hiry<\/span>\t\t\t\t<\/h2>\t\t\t\t\t\t\t\t\t<\/div>\n\t\t<\/div>\n\n\t\t<\/div>\t\t\t\t<\/div>\n\t\t\t\t<\/div>\n\t\t\t\t<div class=\"elementor-element elementor-element-648ab32 elementor-widget elementor-widget-ovabrw_product_list\" data-id=\"648ab32\" data-element_type=\"widget\" data-settings=\"{&quot;ekit_we_effect_on&quot;:&quot;none&quot;}\" data-widget_type=\"ovabrw_product_list.default\">\n\t\t\t\t<div class=\"elementor-widget-container\">\n\t\t\t\t\t\n\t\t\t\t\t<div class=\"ova-product-list ova-product-list-template1 column3\">\n\t\t\t\t\t\t\t\t\t\n<div class=\"ova-product product type-product post-9819 status-publish first instock product_cat-cairo has-post-thumbnail shipping-taxable purchasable product-type-ovabrw_car_rental\">\n\t\n<div class=\"ova_head_product\">\n\t\t\t\t\t<a href=\"https:\/\/redsea-dream-tours.com\/cs\/produkt\/one-way-cairo-private-trip\/\" class=\"ova-product-thumbnail\">\n\t\t\t<img fetchpriority=\"high\" decoding=\"async\" width=\"636\" height=\"426\" src=\"https:\/\/redsea-dream-tours.com\/wp-content\/uploads\/2025\/09\/6f5ef5cdb9eb8091f6c44edae5f89f75-636x426.jpg\" class=\"attachment-tripgo_product_slider size-tripgo_product_slider\" alt=\"Cairo Private Tour \u2013 Pyramids &amp; Museum\" srcset=\"https:\/\/redsea-dream-tours.com\/wp-content\/uploads\/2025\/09\/6f5ef5cdb9eb8091f6c44edae5f89f75-636x426.jpg 636w, https:\/\/redsea-dream-tours.com\/wp-content\/uploads\/2025\/09\/6f5ef5cdb9eb8091f6c44edae5f89f75-416x280.jpg 416w\" sizes=\"(max-width: 636px) 100vw, 636px\" \/>\t\t<\/a>\n\t<\/div>\n<div class=\"ova_foot_product\">\n\t<div class=\"ova-product-day-title-location\">\n\t\t\t\t<h2 class=\"ova-product-title\">\n\t\t\t<a href=\"https:\/\/redsea-dream-tours.com\/cs\/produkt\/one-way-cairo-private-trip\/\">\n\t\t        Soukrom\u00e1 prohl\u00eddka K\u00e1hiry - pyramidy a muzeum\t\t    <\/a>\n\t\t<\/h2>\n\t\t\t<\/div>\n    <div class=\"ova-product-review-and-price\">\n    \t\t\t<div class=\"ova-product-wrapper-price\">\n\t\t\t<div class=\"ova-product-price\">\n\t\t\t\t\t\t\t\t\t<span class=\"new-product-price\"><span class=\"woocommerce-Price-amount amount\"><bdi><span class=\"woocommerce-Price-currencySymbol\">\u20ac<\/span>300.00<\/bdi><\/span><\/span>\n\t\t\t    \t\t\t<\/div>\n\t\t\t<a href=\"https:\/\/redsea-dream-tours.com\/cs\/produkt\/one-way-cairo-private-trip\/\" class=\"btn product-btn-book-now\">\n\t\t\t\t<span>Prozkoumejte str\u00e1nky<\/span>\n\t\t\t<\/a>\n\t\t<\/div>\n    <\/div>\n<\/div><\/div>\t\t\t\t\t\t\t\t\t\n<div class=\"ova-product product type-product post-9888 status-publish instock product_cat-cairo has-post-thumbnail shipping-taxable purchasable product-type-ovabrw_car_rental\">\n\t\n<div class=\"ova_head_product\">\n\t\t\t\t\t<a href=\"https:\/\/redsea-dream-tours.com\/cs\/produkt\/cairo-bus-trip\/\" class=\"ova-product-thumbnail\">\n\t\t\t<img decoding=\"async\" width=\"636\" height=\"426\" src=\"https:\/\/redsea-dream-tours.com\/wp-content\/uploads\/2025\/09\/\u062a\u0639\u0631\u0641-\u0639\u0644\u0649-\u0623\u0645\u0627\u0643\u0646-\u062a\u0645\u0634\u064a\u0629-\u0641\u064a-\u0627\u0644\u0642\u0627\u0647\u0631\u0629-636x426.jpg\" class=\"attachment-tripgo_product_slider size-tripgo_product_slider\" alt=\"Cairo Bus Tour: Pyramids, Sphinx &amp; Museum Day\" srcset=\"https:\/\/redsea-dream-tours.com\/wp-content\/uploads\/2025\/09\/\u062a\u0639\u0631\u0641-\u0639\u0644\u0649-\u0623\u0645\u0627\u0643\u0646-\u062a\u0645\u0634\u064a\u0629-\u0641\u064a-\u0627\u0644\u0642\u0627\u0647\u0631\u0629-636x426.jpg 636w, https:\/\/redsea-dream-tours.com\/wp-content\/uploads\/2025\/09\/\u062a\u0639\u0631\u0641-\u0639\u0644\u0649-\u0623\u0645\u0627\u0643\u0646-\u062a\u0645\u0634\u064a\u0629-\u0641\u064a-\u0627\u0644\u0642\u0627\u0647\u0631\u0629-416x280.jpg 416w\" sizes=\"(max-width: 636px) 100vw, 636px\" \/>\t\t<\/a>\n\t<\/div>\n<div class=\"ova_foot_product\">\n\t<div class=\"ova-product-day-title-location\">\n\t\t\t\t<h2 class=\"ova-product-title\">\n\t\t\t<a href=\"https:\/\/redsea-dream-tours.com\/cs\/produkt\/cairo-bus-trip\/\">\n\t\t        Autobusov\u00fd z\u00e1jezd do K\u00e1hiry: Pyramidy, Sfinga a den v muzeu\t\t    <\/a>\n\t\t<\/h2>\n\t\t\t<\/div>\n    <div class=\"ova-product-review-and-price\">\n    \t\t\t<div class=\"ova-product-wrapper-price\">\n\t\t\t<div class=\"ova-product-price\">\n\t\t\t\t\t\t\t\t\t<span class=\"new-product-price\"><span class=\"woocommerce-Price-amount amount\"><bdi><span class=\"woocommerce-Price-currencySymbol\">\u20ac<\/span>55.00<\/bdi><\/span><\/span>\n\t\t\t    \t\t\t<\/div>\n\t\t\t<a href=\"https:\/\/redsea-dream-tours.com\/cs\/produkt\/cairo-bus-trip\/\" class=\"btn product-btn-book-now\">\n\t\t\t\t<span>Prozkoumejte str\u00e1nky<\/span>\n\t\t\t<\/a>\n\t\t<\/div>\n    <\/div>\n<\/div><\/div>\t\t\t\t\t\t\t\t\t\n<div class=\"ova-product product type-product post-9895 status-publish instock product_cat-cairo has-post-thumbnail shipping-taxable purchasable product-type-ovabrw_car_rental\">\n\t\n<div class=\"ova_head_product\">\n\t\t\t\t\t<a href=\"https:\/\/redsea-dream-tours.com\/cs\/produkt\/cairo-plane-2-pax-trip\/\" class=\"ova-product-thumbnail\">\n\t\t\t<img decoding=\"async\" width=\"636\" height=\"426\" src=\"https:\/\/redsea-dream-tours.com\/wp-content\/uploads\/2025\/09\/Cairo-Trip-by-Plane-Sharm-El-Sheikh-e1669435434944-636x426.webp\" class=\"attachment-tripgo_product_slider size-tripgo_product_slider\" alt=\"Cairo Plane Tour: Private Luxury for Two\" srcset=\"https:\/\/redsea-dream-tours.com\/wp-content\/uploads\/2025\/09\/Cairo-Trip-by-Plane-Sharm-El-Sheikh-e1669435434944-636x426.webp 636w, https:\/\/redsea-dream-tours.com\/wp-content\/uploads\/2025\/09\/Cairo-Trip-by-Plane-Sharm-El-Sheikh-e1669435434944-416x280.webp 416w\" sizes=\"(max-width: 636px) 100vw, 636px\" \/>\t\t<\/a>\n\t<\/div>\n<div class=\"ova_foot_product\">\n\t<div class=\"ova-product-day-title-location\">\n\t\t\t\t<h2 class=\"ova-product-title\">\n\t\t\t<a href=\"https:\/\/redsea-dream-tours.com\/cs\/produkt\/cairo-plane-2-pax-trip\/\">\n\t\t        Prohl\u00eddka letadla v K\u00e1hi\u0159e: Soukrom\u00fd luxus pro dva\t\t    <\/a>\n\t\t<\/h2>\n\t\t\t<\/div>\n    <div class=\"ova-product-review-and-price\">\n    \t\t\t<div class=\"ova-product-wrapper-price\">\n\t\t\t<div class=\"ova-product-price\">\n\t\t\t\t\t\t\t\t\t<span class=\"new-product-price\"><span class=\"woocommerce-Price-amount amount\"><bdi><span class=\"woocommerce-Price-currencySymbol\">\u20ac<\/span>240.00<\/bdi><\/span><\/span>\n\t\t\t    \t\t\t<\/div>\n\t\t\t<a href=\"https:\/\/redsea-dream-tours.com\/cs\/produkt\/cairo-plane-2-pax-trip\/\" class=\"btn product-btn-book-now\">\n\t\t\t\t<span>Prozkoumejte str\u00e1nky<\/span>\n\t\t\t<\/a>\n\t\t<\/div>\n    <\/div>\n<\/div><\/div>\t\t\t\t\t\t\t\t\t\n<div class=\"ova-product product type-product post-9899 status-publish last instock product_cat-cairo has-post-thumbnail shipping-taxable purchasable product-type-ovabrw_car_rental\">\n\t\n<div class=\"ova_head_product\">\n\t\t\t\t\t<a href=\"https:\/\/redsea-dream-tours.com\/cs\/produkt\/cairo-vip-8-pax-trip\/\" class=\"ova-product-thumbnail\">\n\t\t\t<img loading=\"lazy\" decoding=\"async\" width=\"636\" height=\"426\" src=\"https:\/\/redsea-dream-tours.com\/wp-content\/uploads\/2025\/09\/IMG_1037-636x426.webp\" class=\"attachment-tripgo_product_slider size-tripgo_product_slider\" alt=\"Cairo VIP Tour: Private Luxury for 8 Guests\" srcset=\"https:\/\/redsea-dream-tours.com\/wp-content\/uploads\/2025\/09\/IMG_1037-636x426.webp 636w, https:\/\/redsea-dream-tours.com\/wp-content\/uploads\/2025\/09\/IMG_1037-416x280.webp 416w\" sizes=\"(max-width: 636px) 100vw, 636px\" \/>\t\t<\/a>\n\t<\/div>\n<div class=\"ova_foot_product\">\n\t<div class=\"ova-product-day-title-location\">\n\t\t\t\t<h2 class=\"ova-product-title\">\n\t\t\t<a href=\"https:\/\/redsea-dream-tours.com\/cs\/produkt\/cairo-vip-8-pax-trip\/\">\n\t\t        VIP prohl\u00eddka K\u00e1hiry: Soukrom\u00fd luxus pro 8 host\u016f\t\t    <\/a>\n\t\t<\/h2>\n\t\t\t<\/div>\n    <div class=\"ova-product-review-and-price\">\n    \t\t\t<div class=\"ova-product-wrapper-price\">\n\t\t\t<div class=\"ova-product-price\">\n\t\t\t\t\t\t\t\t\t<span class=\"new-product-price\"><span class=\"woocommerce-Price-amount amount\"><bdi><span class=\"woocommerce-Price-currencySymbol\">\u20ac<\/span>80.00<\/bdi><\/span><\/span>\n\t\t\t    \t\t\t<\/div>\n\t\t\t<a href=\"https:\/\/redsea-dream-tours.com\/cs\/produkt\/cairo-vip-8-pax-trip\/\" class=\"btn product-btn-book-now\">\n\t\t\t\t<span>Prozkoumejte str\u00e1nky<\/span>\n\t\t\t<\/a>\n\t\t<\/div>\n    <\/div>\n<\/div><\/div>\t\t\t\t\t\t\t\t\t\n<div class=\"ova-product product type-product post-9906 status-publish first instock product_cat-cairo has-post-thumbnail shipping-taxable purchasable product-type-ovabrw_car_rental\">\n\t\n<div class=\"ova_head_product\">\n\t\t\t\t\t<a href=\"https:\/\/redsea-dream-tours.com\/cs\/produkt\/cairo-over-night-trip\/\" class=\"ova-product-thumbnail\">\n\t\t\t<img loading=\"lazy\" decoding=\"async\" width=\"500\" height=\"400\" src=\"https:\/\/redsea-dream-tours.com\/wp-content\/uploads\/2025\/09\/caption-2.jpg\" class=\"attachment-tripgo_product_slider size-tripgo_product_slider\" alt=\"Cairo Overnight : Pyramids, Museum &amp; Old Cairo\" srcset=\"https:\/\/redsea-dream-tours.com\/wp-content\/uploads\/2025\/09\/caption-2.jpg 500w, https:\/\/redsea-dream-tours.com\/wp-content\/uploads\/2025\/09\/caption-2-300x240.jpg 300w\" sizes=\"(max-width: 500px) 100vw, 500px\" \/>\t\t<\/a>\n\t<\/div>\n<div class=\"ova_foot_product\">\n\t<div class=\"ova-product-day-title-location\">\n\t\t\t\t<h2 class=\"ova-product-title\">\n\t\t\t<a href=\"https:\/\/redsea-dream-tours.com\/cs\/produkt\/cairo-over-night-trip\/\">\n\t\t        K\u00e1hira p\u0159es noc : Pyramidy, muzeum a star\u00e1 K\u00e1hira\t\t    <\/a>\n\t\t<\/h2>\n\t\t\t<\/div>\n    <div class=\"ova-product-review-and-price\">\n    \t\t\t<div class=\"ova-product-wrapper-price\">\n\t\t\t<div class=\"ova-product-price\">\n\t\t\t\t\t\t\t\t\t<span class=\"new-product-price\"><span class=\"woocommerce-Price-amount amount\"><bdi><span class=\"woocommerce-Price-currencySymbol\">\u20ac<\/span>240.00<\/bdi><\/span><\/span>\n\t\t\t    \t\t\t<\/div>\n\t\t\t<a href=\"https:\/\/redsea-dream-tours.com\/cs\/produkt\/cairo-over-night-trip\/\" class=\"btn product-btn-book-now\">\n\t\t\t\t<span>Prozkoumejte str\u00e1nky<\/span>\n\t\t\t<\/a>\n\t\t<\/div>\n    <\/div>\n<\/div><\/div>\t\t\t\t\t\t\t\t\t\n<div class=\"ova-product product type-product post-11185 status-publish instock product_cat-cairo has-post-thumbnail shipping-taxable purchasable product-type-ovabrw_car_rental\">\n\t\n<div class=\"ova_head_product\">\n\t\t\t\t\t<a href=\"https:\/\/redsea-dream-tours.com\/cs\/produkt\/cairo-van-gem\/\" class=\"ova-product-thumbnail\">\n\t\t\t<img loading=\"lazy\" decoding=\"async\" width=\"550\" height=\"309\" src=\"https:\/\/redsea-dream-tours.com\/wp-content\/uploads\/2025\/11\/9904d6be-f2b3-462d-b501-41f73074bb0b.jpg\" class=\"attachment-tripgo_product_slider size-tripgo_product_slider\" alt=\"Cairo Gem Van: Pyramids, Sphinx &amp; Museum\" srcset=\"https:\/\/redsea-dream-tours.com\/wp-content\/uploads\/2025\/11\/9904d6be-f2b3-462d-b501-41f73074bb0b.jpg 550w, https:\/\/redsea-dream-tours.com\/wp-content\/uploads\/2025\/11\/9904d6be-f2b3-462d-b501-41f73074bb0b-300x169.jpg 300w, https:\/\/redsea-dream-tours.com\/wp-content\/uploads\/2025\/11\/9904d6be-f2b3-462d-b501-41f73074bb0b-18x10.jpg 18w\" sizes=\"(max-width: 550px) 100vw, 550px\" \/>\t\t<\/a>\n\t<\/div>\n<div class=\"ova_foot_product\">\n\t<div class=\"ova-product-day-title-location\">\n\t\t\t\t<h2 class=\"ova-product-title\">\n\t\t\t<a href=\"https:\/\/redsea-dream-tours.com\/cs\/produkt\/cairo-van-gem\/\">\n\t\t        K\u00e1hirsk\u00e1 dod\u00e1vka s drahokamy: Pyramidy, Sfinga a muzeum\t\t    <\/a>\n\t\t<\/h2>\n\t\t\t<\/div>\n    <div class=\"ova-product-review-and-price\">\n    \t\t\t<div class=\"ova-product-wrapper-price\">\n\t\t\t<div class=\"ova-product-price\">\n\t\t\t\t\t\t\t\t\t<span class=\"new-product-price\"><span class=\"woocommerce-Price-amount amount\"><bdi><span class=\"woocommerce-Price-currencySymbol\">\u20ac<\/span>95.00<\/bdi><\/span><\/span>\n\t\t\t    \t\t\t<\/div>\n\t\t\t<a href=\"https:\/\/redsea-dream-tours.com\/cs\/produkt\/cairo-van-gem\/\" class=\"btn product-btn-book-now\">\n\t\t\t\t<span>Prozkoumejte str\u00e1nky<\/span>\n\t\t\t<\/a>\n\t\t<\/div>\n    <\/div>\n<\/div><\/div>\t\t\t\t\t\t\t\t\t\n<div class=\"ova-product product type-product post-11188 status-publish instock product_cat-cairo has-post-thumbnail shipping-taxable purchasable product-type-ovabrw_car_rental\">\n\t\n<div class=\"ova_head_product\">\n\t\t\t\t\t<a href=\"https:\/\/redsea-dream-tours.com\/cs\/produkt\/cairo-bus-gem\/\" class=\"ova-product-thumbnail\">\n\t\t\t<img loading=\"lazy\" decoding=\"async\" width=\"636\" height=\"360\" src=\"https:\/\/redsea-dream-tours.com\/wp-content\/uploads\/2025\/11\/b7f4e4fa-b2a0-4190-8333-0908f73c8ca7-636x360.jpg\" class=\"attachment-tripgo_product_slider size-tripgo_product_slider\" alt=\"Cairo &amp; GEM (Bus) : Pyramids, Sphinx &amp; Museum Tour\" srcset=\"https:\/\/redsea-dream-tours.com\/wp-content\/uploads\/2025\/11\/b7f4e4fa-b2a0-4190-8333-0908f73c8ca7-636x360.jpg 636w, https:\/\/redsea-dream-tours.com\/wp-content\/uploads\/2025\/11\/b7f4e4fa-b2a0-4190-8333-0908f73c8ca7-300x169.jpg 300w, https:\/\/redsea-dream-tours.com\/wp-content\/uploads\/2025\/11\/b7f4e4fa-b2a0-4190-8333-0908f73c8ca7-18x10.jpg 18w\" sizes=\"(max-width: 636px) 100vw, 636px\" \/>\t\t<\/a>\n\t<\/div>\n<div class=\"ova_foot_product\">\n\t<div class=\"ova-product-day-title-location\">\n\t\t\t\t<h2 class=\"ova-product-title\">\n\t\t\t<a href=\"https:\/\/redsea-dream-tours.com\/cs\/produkt\/cairo-bus-gem\/\">\n\t\t        K\u00e1hira a GEM (autobus) : Pyramidy, Sfinga a prohl\u00eddka muzea\t\t    <\/a>\n\t\t<\/h2>\n\t\t\t<\/div>\n    <div class=\"ova-product-review-and-price\">\n    \t\t\t<div class=\"ova-product-wrapper-price\">\n\t\t\t<div class=\"ova-product-price\">\n\t\t\t\t\t\t\t\t\t<span class=\"new-product-price\"><span class=\"woocommerce-Price-amount amount\"><bdi><span class=\"woocommerce-Price-currencySymbol\">\u20ac<\/span>85.00<\/bdi><\/span><\/span>\n\t\t\t    \t\t\t<\/div>\n\t\t\t<a href=\"https:\/\/redsea-dream-tours.com\/cs\/produkt\/cairo-bus-gem\/\" class=\"btn product-btn-book-now\">\n\t\t\t\t<span>Prozkoumejte str\u00e1nky<\/span>\n\t\t\t<\/a>\n\t\t<\/div>\n    <\/div>\n<\/div><\/div>\t\t\t\t\t\t\t<\/div>\n\n\t\t\n\t\t\t\t\t\t<\/div>\n\t\t\t\t<\/div>\n\t\t\t\t\t<\/div>\n\t\t<\/div>\n\t\t\t\t\t<\/div>\n\t\t<\/section>\n\t\t\t\t<\/div>","protected":false},"excerpt":{"rendered":"<p>Cairo Tours One Way Cairo Private Trip &euro;300.00 Explore Cairo Bus trip &euro;55.00 Explore Cairo Plane trip &euro;240.00 Explore Cairo Van &#8211; Vip trip &euro;80.00 Explore Cairo Over night trip &euro;240.00 Explore Cairo VAN &#8211; GEM &euro;100.00 Explore Cairo Bus &#8211; GEM &euro;90.00 Explore<\/p>","protected":false},"author":1,"featured_media":0,"parent":0,"menu_order":0,"comment_status":"closed","ping_status":"closed","template":"elementor_header_footer","meta":{"_monsterinsights_skip_tracking":false,"_monsterinsights_sitenote_active":false,"_monsterinsights_sitenote_note":"","_monsterinsights_sitenote_category":0,"footnotes":""},"class_list":["post-10395","page","type-page","status-publish","hentry"],"_hostinger_reach_plugin_has_subscription_block":false,"_hostinger_reach_plugin_is_elementor":false,"_links":{"self":[{"href":"https:\/\/redsea-dream-tours.com\/cs\/wp-json\/wp\/v2\/pages\/10395","targetHints":{"allow":["GET"]}}],"collection":[{"href":"https:\/\/redsea-dream-tours.com\/cs\/wp-json\/wp\/v2\/pages"}],"about":[{"href":"https:\/\/redsea-dream-tours.com\/cs\/wp-json\/wp\/v2\/types\/page"}],"author":[{"embeddable":true,"href":"https:\/\/redsea-dream-tours.com\/cs\/wp-json\/wp\/v2\/users\/1"}],"replies":[{"embeddable":true,"href":"https:\/\/redsea-dream-tours.com\/cs\/wp-json\/wp\/v2\/comments?post=10395"}],"version-history":[{"count":7,"href":"https:\/\/redsea-dream-tours.com\/cs\/wp-json\/wp\/v2\/pages\/10395\/revisions"}],"predecessor-version":[{"id":11193,"href":"https:\/\/redsea-dream-tours.com\/cs\/wp-json\/wp\/v2\/pages\/10395\/revisions\/11193"}],"wp:attachment":[{"href":"https:\/\/redsea-dream-tours.com\/cs\/wp-json\/wp\/v2\/media?parent=10395"}],"curies":[{"name":"wp","href":"https:\/\/api.w.org\/{rel}","templated":true}]}}